{"id":1305,"date":"2017-06-02T15:09:06","date_gmt":"2017-06-02T13:09:06","guid":{"rendered":"http:\/\/ops.radlin.pl\/ops\/?page_id=1305"},"modified":"2024-01-04T13:46:35","modified_gmt":"2024-01-04T12:46:35","slug":"splata-naleznosci","status":"publish","type":"page","link":"https:\/\/ops.radlin.pl\/ops\/splata-naleznosci\/","title":{"rendered":"Sp\u0142ata nale\u017cno\u015bci"},"content":{"rendered":"\n<h3 class=\"wp-block-heading has-text-align-center\"><strong>Sp\u0142aty nale\u017cno\u015bci wszelkich nienale\u017cnie pobranych \u015bwiadcze\u0144 (odsetek) nale\u017cy dokonywa\u0107:<\/strong><\/h3>\n\n\n\n<div style=\"height:20px\" aria-hidden=\"true\" class=\"wp-block-spacer\"><\/div>\n\n\n\n<ul class=\"wp-block-list\">\n<li>na rachunek bie\u017c\u0105cy O\u015brodka Pomocy Spo\u0142ecznej w Radlinie (<strong>UWAGA: nowy numer konta od dnia 16.01.2020 r.<\/strong>)<\/li>\n<\/ul>\n\n\n\n<div style=\"height:20px\" aria-hidden=\"true\" class=\"wp-block-spacer\"><\/div>\n\n\n\n<h3 class=\"wp-block-heading has-text-align-center\"><span style=\"color: red;\"><strong>26 8436 0003 0000 0026 8046 0001 <\/strong><\/span><\/h3>\n\n\n\n<div style=\"height:36px\" aria-hidden=\"true\" class=\"wp-block-spacer\"><\/div>\n\n\n\n<ul class=\"wp-block-list\">\n<li>w Punkcie Kasowym Miko\u0142owskiego Banku Sp\u00f3\u0142dzielczego \u2013 Filia Radlin<br>ul. Rymera 15 (Urz\u0105d Miasta Radlin, parter) w godzinach pracy banku tj.:<\/li>\n<\/ul>\n\n\n\n<div style=\"height:30px\" aria-hidden=\"true\" class=\"wp-block-spacer\"><\/div>\n\n\n\n\n<table id=\"tablepress-86\" class=\"tablepress tablepress-id-86\">\n<thead>\n<tr class=\"row-1\">\n\t<th class=\"column-1\">Dzie\u0144 tygodnia<\/th><th class=\"column-2\">Godziny otwarcia<\/th>\n<\/tr>\n<\/thead>\n<tbody class=\"row-striping row-hover\">\n<tr class=\"row-2\">\n\t<td class=\"column-1\">Poniedzia\u0142ek<\/td><td class=\"column-2\">7:30 - 15:00<\/td>\n<\/tr>\n<tr class=\"row-3\">\n\t<td class=\"column-1\">Wtorek<\/td><td class=\"column-2\">7:30 - 16:30<\/td>\n<\/tr>\n<tr class=\"row-4\">\n\t<td class=\"column-1\">\u015aroda<\/td><td class=\"column-2\">7:30 - 15:00<\/td>\n<\/tr>\n<tr class=\"row-5\">\n\t<td class=\"column-1\">Czwartek<\/td><td class=\"column-2\">7:30 - 15:00<\/td>\n<\/tr>\n<tr class=\"row-6\">\n\t<td class=\"column-1\">Pi\u0105tek<\/td><td class=\"column-2\">7:30 - 13:30<\/td>\n<\/tr>\n<\/tbody>\n<\/table>\n<!-- #tablepress-86 from cache -->\n","protected":false},"excerpt":{"rendered":"<p>Sp\u0142aty nale\u017cno\u015bci wszelkich nienale\u017cnie pobranych \u015bwiadcze\u0144 (odsetek) nale\u017cy dokonywa\u0107: 26 8436 0003 0000 0026 8046 0001<\/p>\n","protected":false},"author":1,"featured_media":0,"parent":0,"menu_order":0,"comment_status":"closed","ping_status":"closed","template":"","meta":{"footnotes":""},"class_list":["post-1305","page","type-page","status-publish","czr-hentry"],"aioseo_notices":[],"_links":{"self":[{"href":"https:\/\/ops.radlin.pl\/ops\/wp-json\/wp\/v2\/pages\/1305","targetHints":{"allow":["GET"]}}],"collection":[{"href":"https:\/\/ops.radlin.pl\/ops\/wp-json\/wp\/v2\/pages"}],"about":[{"href":"https:\/\/ops.radlin.pl\/ops\/wp-json\/wp\/v2\/types\/page"}],"author":[{"embeddable":true,"href":"https:\/\/ops.radlin.pl\/ops\/wp-json\/wp\/v2\/users\/1"}],"replies":[{"embeddable":true,"href":"https:\/\/ops.radlin.pl\/ops\/wp-json\/wp\/v2\/comments?post=1305"}],"version-history":[{"count":18,"href":"https:\/\/ops.radlin.pl\/ops\/wp-json\/wp\/v2\/pages\/1305\/revisions"}],"predecessor-version":[{"id":6631,"href":"https:\/\/ops.radlin.pl\/ops\/wp-json\/wp\/v2\/pages\/1305\/revisions\/6631"}],"wp:attachment":[{"href":"https:\/\/ops.radlin.pl\/ops\/wp-json\/wp\/v2\/media?parent=1305"}],"curies":[{"name":"wp","href":"https:\/\/api.w.org\/{rel}","templated":true}]}}