{"id":1409,"date":"2017-06-05T14:58:09","date_gmt":"2017-06-05T12:58:09","guid":{"rendered":"http:\/\/ops.radlin.pl\/ops\/?page_id=1409"},"modified":"2017-06-05T14:58:09","modified_gmt":"2017-06-05T12:58:09","slug":"jak-ubiegac-sie-o-swiadczenia-z-pomocy-spolecznej","status":"publish","type":"page","link":"https:\/\/ops.radlin.pl\/ops\/jak-ubiegac-sie-o-swiadczenia-z-pomocy-spolecznej\/","title":{"rendered":"Jak ubiega\u0107 si\u0119 o \u015bwiadczenia z pomocy spo\u0142ecznej?"},"content":{"rendered":"<p>W celu uzyskania pomocy z O\u015brodka Pomocy Spo\u0142ecznej nale\u017cy przede wszystkim nawi\u0105za\u0107 kontakt z pracownikiem socjalnym. Mo\u017ce to zrobi\u0107:<\/p>\n<ul>\n<li>osoba zainteresowana,<\/li>\n<li>jej przedstawiciel ustawowy,<\/li>\n<li>inna osoba, za zgod\u0105 zainteresowanego.<\/li>\n<\/ul>\n<p>Je\u015bli sytuacja osobista czy zdrowotna nie pozwala na bezpo\u015bredni\u0105 wizyt\u0119 w O\u015brodku mo\u017cna nawi\u0105za\u0107 kontakt r\u00f3wnie\u017c w inny spos\u00f3b np. drog\u0105 pocztow\u0105, wys\u0142a\u0107 e-mail czy telefonicznie.<\/p>\n<p>Podstaw\u0105 rozpocz\u0119cia procedury pomocowej jest z\u0142o\u017cenie wniosku o udzielenie pomocy spo\u0142ecznej. Sygna\u0142y o wyst\u0119puj\u0105cych w \u015brodowisku potrzebach zg\u0142aszane s\u0105 tak\u017ce do O\u015brodka Pomocy Spo\u0142ecznej przez pedagog\u00f3w szkolnych, wychowawc\u00f3w, nauczycieli, kurator\u00f3w s\u0105dowych, s\u0142u\u017cb\u0119 zdrowia i mieszka\u0144c\u00f3w naszego miasta. Po ka\u017cdym takim sygnale pracownicy socjalni kontaktuj\u0105 si\u0119 z osob\u0105 zainteresowan\u0105 celem rozeznania potrzeb i ewentualnego podj\u0119cia stosownych dzia\u0142a\u0144. Pomoc spo\u0142eczna mo\u017ce by\u0107 tak\u017ce udzielana z urz\u0119du.<\/p>\n<p>Decyzje administracyjne dotycz\u0105ce pomocy wydawane s\u0105 w formie pisemnej po przeprowadzeniu przez pracownika socjalnego wywiadu \u015brodowiskowego (rodzinnego) w miejscu zamieszkania klienta. Pracownik socjalny ustala termin przeprowadzenia wywiadu \u015brodowiskowego (rodzinnego) w miejscu zamieszkania osoby lub rodziny ubiegaj\u0105cej si\u0119 o pomoc, a w sprawach nie cierpi\u0105cych zw\u0142oki, w miejscu pobytu osoby ubiegaj\u0105cej si\u0119. Celem wywiadu \u015brodowiskowego jest rozeznanie sytuacji materialnej, rodzinnej, zdrowotnej, zawodowej i mieszkaniowej osoby\/rodziny ubiegaj\u0105cej si\u0119 o pomoc. Pracownik socjalny przeprowadza wywiad \u015brodowiskowy w ci\u0105gu 14 dni od daty wszcz\u0119cia post\u0119powania, a w sprawach pilnych w terminie 2 dni. Strona wyst\u0119puj\u0105ca o pomoc powinna zgromadzi\u0107 dokumenty stanowi\u0105ce podstaw\u0119 ustalenia jej danych personalnych, stanu zdrowia, sytuacji rodzinnej i materialnej. W trakcie przeprowadzania wywiadu ustala si\u0119 tak\u017ce dane rodziny zobowi\u0105zanej do alimentacji, celem przeprowadzenia rozeznania mo\u017cliwo\u015bci pomocy rodzinie znajduj\u0105cej si\u0119 w trudnej sytuacji.<\/p>\n<p>Ka\u017cda sprawa rozpatrywana jest indywidualnie. Sytuacje osobist\u0105, rodzinn\u0105, dochodow\u0105 osoby lub rodziny ustala si\u0119 na podstawie nast\u0119puj\u0105cych dokument\u00f3w: &nbsp;<\/p>\n<ul>\n<li>dowodu osobistego lub innego dokumentu stwierdzaj\u0105cego to\u017csamo\u015b\u0107,<\/li>\n<li>skr\u00f3conego odpisu aktu urodzenia dziecka lub ksi\u0105\u017ceczki zdrowia dziecka (do wgl\u0105du),<\/li>\n<li>dokument\u00f3w okre\u015blaj\u0105cych status cudzoziemca w Rzeczypospolitej Polskiej,<\/li>\n<li>decyzji w\u0142a\u015bciwego organu w sprawie renty, emerytury, \u015bwiadczenia przedemerytalnego lub zasi\u0142ku przedemerytalnego,<\/li>\n<li>orzeczenia komisji do spraw inwalidztwa i zatrudnienia wydanego przed dniem 1 wrze\u015bnia 1997 r., orzeczenia lekarza orzecznika o niezdolno\u015bci do pracy, niezdolno\u015bci do samodzielnej egzystencji, orzeczenia komisji lekarskiej,<\/li>\n<li>orzeczenia o niepe\u0142nosprawno\u015bci albo orzeczenia o stopniu niepe\u0142nosprawno\u015bci,<\/li>\n<li>za\u015bwiadczenia albo o\u015bwiadczenia o wysoko\u015bci wynagrodzenia z tytu\u0142u zatrudnienia, zawieraj\u0105cego informacje o wysoko\u015bci potr\u0105conej zaliczki na podatek dochodowy od os\u00f3b fizycznych, sk\u0142adki na ubezpieczenie zdrowotne, sk\u0142adek na ubezpieczenia emerytalne i rentowe w cz\u0119\u015bci finansowanej przez ubezpieczonego oraz sk\u0142adki na ubezpieczenie chorobowe,<\/li>\n<li>za\u015bwiadczenia albo o\u015bwiadczenia o wysoko\u015bci wynagrodzenia uzyskiwanego na podstawie umowy agencyjnej, umowy zlecenia, umowy o dzie\u0142o albo w okresie cz\u0142onkostwa w rolniczej sp\u00f3\u0142dzielni produkcyjnej lub sp\u00f3\u0142dzielni k\u00f3\u0142ek rolniczych (us\u0142ug rolniczych), zawieraj\u0105cego informacje o potr\u0105conej zaliczce na podatek dochodowy od os\u00f3b fizycznych, sk\u0142adki na ubezpieczenie zdrowotne, sk\u0142adek na ubezpieczenia emerytalne i rentowe w cz\u0119\u015bci finansowanej przez ubezpieczonego oraz sk\u0142adki na ubezpieczenie chorobowe,<\/li>\n<li>za\u015bwiadczenia albo o\u015bwiadczenia o okresie zatrudnienia, w tym o okresach, za kt\u00f3re by\u0142y op\u0142acane sk\u0142adki na ubezpieczenia spo\u0142eczne, oraz o okresach niesk\u0142adkowych,<\/li>\n<li>dowodu otrzymania renty lub emerytury, zasi\u0142ku przedemerytalnego lub \u015bwiadczenia przedemerytalnego,<\/li>\n<li>za\u015bwiadczenia urz\u0119du gminy albo o\u015bwiadczenia o powierzchni gospodarstwa rolnego w hektarach przeliczeniowych,<\/li>\n<li>za\u015bwiadczenia albo o\u015bwiadczenia o kontynuowaniu nauki w gimnazjum, szkole ponadgimnazjalnej, szkole ponadpodstawowej lub szkole wy\u017cszej,decyzji starosty o uznaniu lub odmowie uznania za osob\u0119 bezrobotn\u0105, utracie statusu osoby bezrobotnej, o przyznaniu, odmowie przyznania, wstrzymaniu, wznowieniu wyp\u0142aty oraz utracie lub pozbawieniu prawa do zasi\u0142ku dla bezrobotnych, \u015bwiadczenia szkoleniowego, stypendium, dodatku aktywizacyjnego albo o\u015bwiadczenia o pozostawaniu w ewidencji bezrobotnych lub poszukuj\u0105cych pracy,<\/li>\n<li>decyzji Zak\u0142adu Ubezpiecze\u0144 Spo\u0142ecznych o ustaleniu kapita\u0142u pocz\u0105tkowego,<\/li>\n<li>za\u015bwiadczenia albo o\u015bwiadczenia o zobowi\u0105zaniu do op\u0142acania sk\u0142adki na ubezpieczenie spo\u0142eczne rolnik\u00f3w,<\/li>\n<li>za\u015bwiadczenia albo o\u015bwiadczenia o zadeklarowanej podstawie wymiaru sk\u0142adek na ubezpieczenie spo\u0142eczne os\u00f3b prowadz\u0105cych pozarolnicz\u0105 dzia\u0142alno\u015b\u0107 gospodarcz\u0105,<\/li>\n<li>za\u015bwiadczenia albo o\u015bwiadczenia, o kt\u00f3rych mowa w art. 8 ust. 7 i 8,<\/li>\n<li>za\u015bwiadczenia albo o\u015bwiadczenia o uzyskaniu dochodu, o kt\u00f3rym mowa w art. 8 ust. 11 i 12,<\/li>\n<li>decyzji organ\u00f3w przyznaj\u0105cych \u015bwiadczenia pieni\u0119\u017cne,<\/li>\n<li>o\u015bwiadczenia o stanie maj\u0105tkowym,<\/li>\n<li>innych dokument\u00f3w wskazanych przez pracownika socjalnego, niezb\u0119dnych do rozstrzygni\u0119cia sprawy.<\/li>\n<\/ul>\n<p>Powy\u017csze o\u015bwiadczenia sk\u0142adane b\u0119d\u0105 pod rygorem odpowiedzialno\u015bci karnej za sk\u0142adanie fa\u0142szywych zezna\u0144 &#8211; &#8222;Jestem \u015bwiadomy odpowiedzialno\u015bci karnej za z\u0142o\u017cenie fa\u0142szywego o\u015bwiadczenia&#8221;.<\/p>\n<p>W celu przezwyci\u0119\u017cenia trudnej sytuacji \u017cyciowej pracownik socjalny wsp\u00f3lnie z osob\u0105\/rodzin\u0105 ubiegaj\u0105c\u0105 si\u0119 o pomoc opracowuje plan post\u0119powania &#8211; plan pracy socjalnej. Osoba lub rodzina korzystaj\u0105ca z pomocy spo\u0142ecznej zobowi\u0105zana jest do wsp\u00f3\u0142pracy z pracownikiem socjalnym w rozwi\u0105zywaniu swojej trudnej sytuacji \u017cyciowej. Brak takiej wsp\u00f3\u0142pracy b\u0105d\u017a odmowa udzielenia i udokumentowania wywiadu stanowi przes\u0142ank\u0119 do odmowy przyznania pomocy. &nbsp;<\/p>\n<p>Potrzeby os\u00f3b i rodzin korzystaj\u0105cych z pomocy spo\u0142ecznej zostaj\u0105 uwzgl\u0119dnione, je\u017celi odpowiadaj\u0105 celom i mo\u017cliwo\u015bciom finansowym O\u015brodka.<\/p>\n<p>Wszystkie dokonywane uzgodnienia zawierane s\u0105 w formie pisemnej. Z osobami w wieku produkcyjnym zdolnymi do wykonywania pracy oraz w przypadku os\u00f3b, kt\u00f3re powinny podj\u0105\u0107 dzia\u0142ania niezb\u0119dne do poprawy w\u0142asnej sytuacji \u017cyciowej zawiera si\u0119 kontrakty socjalne. Kontrakt socjalny to pisemna umowa zawarta z osob\u0105\/rodzin\u0105 ubiegaj\u0105c\u0105 si\u0119 o pomoc, okre\u015blaj\u0105ca prawa i zobowi\u0105zania obu stron.<\/p>\n<p>Ka\u017cda sprawa rozpatrywana jest indywidualnie z zastosowaniem zasady, \u017ce odmowa nie mo\u017ce mie\u0107 negatywnego wp\u0142ywu na zabezpieczenie potrzeb nieletnich dzieci. Po zako\u0144czeniu post\u0119powania zostaje wydana decyzja administracyjna rozstrzygaj\u0105ca wniosek o pomoc. Od ka\u017cdej decyzji przys\u0142uguje prawo do odwo\u0142ania w trybie wskazanym w pouczeniu decyzji.<\/p>\n<p>\u015awiadczenia z pomocy spo\u0142ecznej realizowane s\u0105 w formie pieni\u0119\u017cnej i niepieni\u0119\u017cnej&nbsp; a uprawnione do ich pobierania s\u0105 osoby sk\u0142adaj\u0105ce wniosek b\u0105d\u017a osoby wskazane przez wnioskodawc\u0119 w formie pe\u0142nomocnictwa.<\/p>\n","protected":false},"excerpt":{"rendered":"<p>W celu uzyskania pomocy z O\u015brodka Pomocy Spo\u0142ecznej nale\u017cy przede wszystkim nawi\u0105za\u0107 kontakt z pracownikiem socjalnym. Mo\u017ce to zrobi\u0107: osoba zainteresowana, jej przedstawiciel ustawowy, inna osoba, za zgod\u0105 zainteresowanego. Je\u015bli sytuacja osobista czy zdrowotna nie pozwala na bezpo\u015bredni\u0105 wizyt\u0119 w O\u015brodku mo\u017cna nawi\u0105za\u0107 kontakt r\u00f3wnie\u017c w inny spos\u00f3b np. drog\u0105 pocztow\u0105, wys\u0142a\u0107 e-mail czy telefonicznie.&hellip; <a class=\"continue\" href=\"https:\/\/ops.radlin.pl\/ops\/jak-ubiegac-sie-o-swiadczenia-z-pomocy-spolecznej\/\"><strong>Czytaj wi\u0119cej:<\/strong><span> Jak ubiega\u0107 si\u0119 o \u015bwiadczenia z pomocy spo\u0142ecznej?<\/span><\/a><\/p>\n","protected":false},"author":1,"featured_media":0,"parent":0,"menu_order":0,"comment_status":"closed","ping_status":"closed","template":"","meta":{"footnotes":""},"class_list":["post-1409","page","type-page","status-publish","czr-hentry"],"aioseo_notices":[],"_links":{"self":[{"href":"https:\/\/ops.radlin.pl\/ops\/wp-json\/wp\/v2\/pages\/1409","targetHints":{"allow":["GET"]}}],"collection":[{"href":"https:\/\/ops.radlin.pl\/ops\/wp-json\/wp\/v2\/pages"}],"about":[{"href":"https:\/\/ops.radlin.pl\/ops\/wp-json\/wp\/v2\/types\/page"}],"author":[{"embeddable":true,"href":"https:\/\/ops.radlin.pl\/ops\/wp-json\/wp\/v2\/users\/1"}],"replies":[{"embeddable":true,"href":"https:\/\/ops.radlin.pl\/ops\/wp-json\/wp\/v2\/comments?post=1409"}],"version-history":[{"count":1,"href":"https:\/\/ops.radlin.pl\/ops\/wp-json\/wp\/v2\/pages\/1409\/revisions"}],"predecessor-version":[{"id":1410,"href":"https:\/\/ops.radlin.pl\/ops\/wp-json\/wp\/v2\/pages\/1409\/revisions\/1410"}],"wp:attachment":[{"href":"https:\/\/ops.radlin.pl\/ops\/wp-json\/wp\/v2\/media?parent=1409"}],"curies":[{"name":"wp","href":"https:\/\/api.w.org\/{rel}","templated":true}]}}