{"id":1444,"date":"2017-06-06T12:35:54","date_gmt":"2017-06-06T10:35:54","guid":{"rendered":"http:\/\/ops.radlin.pl\/ops\/?page_id=1444"},"modified":"2018-07-25T12:54:16","modified_gmt":"2018-07-25T10:54:16","slug":"swiadczenie-rodzicielskie","status":"publish","type":"page","link":"https:\/\/ops.radlin.pl\/ops\/swiadczenie-rodzicielskie\/","title":{"rendered":"\u015awiadczenie rodzicielskie"},"content":{"rendered":"<p style=\"text-align: left;\"><strong>\u015awiadczenie rodzicielskie przys\u0142uguje:<\/strong><\/p>\n<ol>\n<li style=\"text-align: left;\">matce albo ojcu dziecka*;<\/li>\n<li style=\"text-align: left;\">opiekunowi faktycznemu dziecka (tj. osobie faktycznie opiekuj\u0105cej si\u0119 dzieckiem, je\u017celi wyst\u0105pi\u0142a z wnioskiem do s\u0105du rodzinnego o przysposobienie dziecka) w przypadku obj\u0119cia opiek\u0105 dziecka w wieku do uko\u0144czenia 7. roku \u017cycia, a w przypadku dziecka, wobec kt\u00f3rego podj\u0119to decyzj\u0119 o odroczeniu obowi\u0105zku szkolnego &#8211; do uko\u0144czenia 10. roku \u017cycia;<\/li>\n<li style=\"text-align: left;\">rodzinie zast\u0119pczej, z wyj\u0105tkiem rodziny zast\u0119pczej zawodowej, w przypadku obj\u0119cia opiek\u0105 dziecka w wieku do uko\u0144czenia 7. roku \u017cycia, a w przypadku dziecka, wobec kt\u00f3rego podj\u0119to decyzj\u0119 o odroczeniu obowi\u0105zku szkolnego &#8211; do uko\u0144czenia 10. roku \u017cycia;<\/li>\n<li style=\"text-align: left;\">osobie, kt\u00f3ra przysposobi\u0142a dziecko, w przypadku obj\u0119cia opiek\u0105 dziecka w wieku do uko\u0144czenia 7. roku \u017cycia, a w przypadku dziecka, wobec kt\u00f3rego podj\u0119to decyzj\u0119 o odroczeniu obowi\u0105zku szkolnego &#8211; do uko\u0144czenia 10. roku \u017cycia.<\/li>\n<\/ol>\n<p style=\"text-align: left;\"><strong>* \u015awiadczenie rodzicielskie przys\u0142uguje ojcu dziecka w przypadku:<\/strong><\/p>\n<ol>\n<li style=\"text-align: left;\">skr\u00f3cenia okresu pobierania \u015bwiadczenia rodzicielskiego na wniosek matki dziecka po wykorzystaniu przez ni\u0105 tego \u015bwiadczenia za okres co najmniej 14 tygodni od dnia urodzenia dziecka;<\/li>\n<li style=\"text-align: left;\">\u015bmierci matki dziecka;<\/li>\n<li style=\"text-align: left;\">porzucenia dziecka przez matk\u0119.<\/li>\n<\/ol>\n<p style=\"text-align: left;\"><strong>\u015awiadczenie rodzicielskie przys\u0142uguje przez okres:<\/strong><\/p>\n<ol>\n<li style=\"text-align: left;\">52 tygodni &#8211; w przypadku urodzenia jednego dziecka przy jednym porodzie, przysposobienia jednego dziecka lub obj\u0119cia opiek\u0105 jednego dziecka;<\/li>\n<li style=\"text-align: left;\">65 tygodni &#8211; w przypadku urodzenia dwojga dzieci przy jednym porodzie, przysposobienia dwojga dzieci lub obj\u0119cia opiek\u0105 dwojga dzieci;<\/li>\n<li style=\"text-align: left;\">67 tygodni &#8211; w przypadku urodzenia trojga dzieci przy jednym porodzie, przysposobienia trojga dzieci lub obj\u0119cia opiek\u0105 trojga dzieci;<\/li>\n<li style=\"text-align: left;\">69 tygodni &#8211; w przypadku urodzenia czworga dzieci przy jednym porodzie, przysposobienia czworga dzieci lub obj\u0119cia opiek\u0105 czworga dzieci;<\/li>\n<li style=\"text-align: left;\">71 tygodni &#8211; w przypadku urodzenia pi\u0119ciorga i wi\u0119cej dzieci przy jednym porodzie, przysposobienia pi\u0119ciorga i wi\u0119cej dzieci lub obj\u0119cia opiek\u0105 pi\u0119ciorga i wi\u0119cej dzieci.<\/li>\n<\/ol>\n<p style=\"text-align: left;\">Aby obj\u0105\u0107 wsparciem jak najwi\u0119ksz\u0105 grup\u0119 os\u00f3b i zapewni\u0107 rodzicom jak najwi\u0119ksze wsparcie materialne w pierwszym okresie \u017cycia dziecka, \u015bwiadczenie rodzicielskie w wysoko\u015bci <strong>1000 z\u0142<\/strong> miesi\u0119cznie nie jest uzale\u017cnione od kryterium dochodowego(jest to kwota netto, gdy\u017c \u015bwiadczenie rodzicielskie nie podlega opodatkowaniu, ani innym obci\u0105\u017ceniom).<\/p>\n<p style=\"text-align: left;\">Kwot\u0119 \u015bwiadczenia rodzicielskiego przys\u0142uguj\u0105c\u0105 za niepe\u0142ny miesi\u0105c ustala si\u0119, dziel\u0105c kwot\u0119 \u015bwiadczenia przez liczb\u0119 wszystkich dni kalendarzowych w tym miesi\u0105cu, a otrzyman\u0105 kwot\u0119 mno\u017cy si\u0119 przez liczb\u0119 dni kalendarzowych, za kt\u00f3re \u015bwiadczenie przys\u0142uguje. Kwot\u0119 \u015bwiadczenia przys\u0142uguj\u0105c\u0105 za niepe\u0142ny miesi\u0105c zaokr\u0105gla si\u0119 do 10 groszy w g\u00f3r\u0119.<\/p>\n<p style=\"text-align: left;\"><strong>Osobie uprawnionej do \u015bwiadczenia rodzicielskiego przys\u0142uguje:<\/strong><\/p>\n<ol>\n<li style=\"text-align: left;\">w tym samym czasie jedno \u015bwiadczenie rodzicielskie bez wzgl\u0119du na liczb\u0119 wychowywanych dzieci;<\/li>\n<li style=\"text-align: left;\">jedno \u015bwiadczenie rodzicielskie w zwi\u0105zku z wychowywaniem tego samego dziecka.<\/li>\n<\/ol>\n<p style=\"text-align: left;\"><strong>\u015awiadczenie rodzicielskie nie przys\u0142uguje, je\u017celi:<\/strong><\/p>\n<ol>\n<li style=\"text-align: left;\">co najmniej jeden z rodzic\u00f3w dziecka lub opiekun faktyczny dziecka (tj. osoba faktycznie opiekuj\u0105ca si\u0119 dzieckiem, je\u017celi wyst\u0105pi\u0142a z wnioskiem do s\u0105du rodzinnego o przysposobienie dziecka), lub rodzina zast\u0119pcza, z wyj\u0105tkiem rodziny zast\u0119pczej zawodowej, otrzymuj\u0105 zasi\u0142ek macierzy\u0144ski lub uposa\u017cenie za okres ustalony przepisami Kodeksu pracy jako okres urlopu macierzy\u0144skiego, okres urlopu na warunkach urlopu macierzy\u0144skiego lub okres urlopu rodzicielskiego;<\/li>\n<li style=\"text-align: left;\">dziecko zosta\u0142o umieszczone w pieczy zast\u0119pczej &#8211; w przypadku matki lub ojca lub osoby, kt\u00f3ra przysposobi\u0142a dziecko;<\/li>\n<li style=\"text-align: left;\">jeden z rodzic\u00f3w dziecka lub opiekun faktyczny dziecka (tj. osoba faktycznie opiekuj\u0105ca si\u0119 dzieckiem, je\u017celi wyst\u0105pi\u0142a z wnioskiem do s\u0105du rodzinnego o przysposobienie dziecka), lub rodzina zast\u0119pcza, z wyj\u0105tkiem rodziny zast\u0119pczej zawodowej, nie sprawuj\u0105 lub zaprzestali sprawowania osobistej opieki nad dzieckiem, w tym w zwi\u0105zku z zatrudnieniem lub wykonywaniem innej pracy zarobkowej, kt\u00f3re uniemo\u017cliwiaj\u0105 sprawowanie tej opieki;<\/li>\n<li style=\"text-align: left;\">w zwi\u0105zku z wychowywaniem tego samego dziecka lub w zwi\u0105zku z opiek\u0105 nad tym samym dzieckiem jest ju\u017c ustalone prawo do \u015bwiadczenia rodzicielskiego, dodatku do zasi\u0142ku rodzinnego, o kt\u00f3rym mowa w art. 10, \u015bwiadczenia piel\u0119gnacyjnego, specjalnego zasi\u0142ku opieku\u0144czego lub zasi\u0142ku dla opiekuna, o kt\u00f3rym mowa w ustawie z dnia 4 kwietnia 2014 r. o ustaleniu i wyp\u0142acie zasi\u0142k\u00f3w dla opiekun\u00f3w;<\/li>\n<li style=\"text-align: left;\">osobom uprawnionym do \u015bwiadczenia rodzicielskiego przys\u0142uguje za granic\u0105 \u015bwiadczenie o podobnym charakterze do \u015bwiadczenia rodzicielskiego, chyba \u017ce przepisy o koordynacji system\u00f3w zabezpieczenia spo\u0142ecznego lub dwustronne umowy o zabezpieczeniu spo\u0142ecznym stanowi\u0105 inaczej.<\/li>\n<\/ol>\n<p style=\"text-align: left;\"><strong>W przypadku zbiegu uprawnie\u0144 do nast\u0119puj\u0105cych \u015bwiadcze\u0144:<\/strong><\/p>\n<ol>\n<li style=\"text-align: left;\">\u015bwiadczenia rodzicielskiego lub<\/li>\n<li style=\"text-align: left;\">\u015bwiadczenia piel\u0119gnacyjnego, lub<\/li>\n<li style=\"text-align: left;\">specjalnego zasi\u0142ku opieku\u0144czego, lub<\/li>\n<li style=\"text-align: left;\">dodatku do zasi\u0142ku rodzinnego z tytu\u0142u opieki nad dzieckiem w okresie korzystania z urlopu wychowawczego, lub<\/li>\n<li style=\"text-align: left;\">zasi\u0142ku dla opiekuna, o kt\u00f3rym mowa w ustawie z dnia 4 kwietnia 2014 r. o ustaleniu i wyp\u0142acie zasi\u0142k\u00f3w dla opiekun\u00f3w<\/li>\n<\/ol>\n<p style=\"text-align: left;\"><strong>&#8211; przys\u0142uguje jedno z tych \u015bwiadcze\u0144 wybrane przez osob\u0119 uprawnion\u0105.<\/strong><\/p>\n<p style=\"text-align: left;\">Prawo do \u015bwiadczenia rodzicielskiego ustala si\u0119, pocz\u0105wszy od miesi\u0105ca urodzenia lub przysposobienia dziecka, a w przypadku opiekuna faktycznego dziecka i rodziny zast\u0119pczej, z wyj\u0105tkiem rodziny zast\u0119pczej zawodowej, os\u00f3b, od miesi\u0105ca obj\u0119cia dziecka opiek\u0105, je\u017celi wniosek o ustalenie prawa do \u015bwiadczenia rodzicielskiego zosta\u0142 z\u0142o\u017cony w terminie 3 miesi\u0119cy, licz\u0105c od dnia urodzenia lub przysposobienia dziecka, a w przypadku os\u00f3b opiekuna faktycznego dziecka i rodziny zast\u0119pczej, z wyj\u0105tkiem rodziny zast\u0119pczej zawodowej, od dnia obj\u0119cia dziecka opiek\u0105.<\/p>\n<p style=\"text-align: left;\">W przypadku z\u0142o\u017cenia wniosku po terminie, nie p\u00f3\u017aniej jednak ni\u017c w okresie 52 tygodni, w przypadku urodzenia (przysposobienia, obj\u0119cia opiek\u0105) jednego dziecka i odpowiednio d\u0142u\u017cej w przypadku urodzenia (przysposobienia, obj\u0119cia opiek\u0105) wi\u0119cej dzieci, prawo do \u015bwiadczenia rodzicielskiego ustala si\u0119, pocz\u0105wszy od miesi\u0105ca, w kt\u00f3rym wp\u0142yn\u0105\u0142 wniosek.<br \/>\nW przypadku gdy \u015bwiadczenie rodzicielskie przys\u0142uguje ojcu dziecka, termin 3 miesi\u0119cy, jest liczony od dnia skr\u00f3cenia okresu pobierania \u015bwiadczenia rodzicielskiego, \u015bmierci matki dziecka lub porzucenia dziecka przez matk\u0119.<\/p>\n<p style=\"text-align: left;\">Istotne dla os\u00f3b otrzymuj\u0105cych zasi\u0142ek macierzy\u0144ski lub uposa\u017cenie macierzy\u0144skie jest tak\u017ce, i\u017c od 1 stycznia 2016 r. minimalna wysoko\u015b\u0107 netto tych \u015bwiadcze\u0144 nie mo\u017ce by\u0107 ni\u017csza ni\u017c wysoko\u015b\u0107 \u015bwiadczenia rodzicielskiego, tj. 1000 z\u0142 miesi\u0119cznie (zmiana ta wynika z nowelizacji w szczeg\u00f3lno\u015bci przepis\u00f3w ustawy o \u015bwiadczeniach pieni\u0119\u017cnych z ubezpieczenia spo\u0142ecznego w razie choroby i macierzy\u0144stwa.<\/p>\n<p>&nbsp;<\/p>\n<h3 style=\"text-align: center;\"><strong>Pliki do pobrania<\/strong><\/h3>\n<p>&nbsp;<\/p>\n<h4 style=\"text-align: center;\">Druki<\/h4>\n<p>&nbsp;<br \/>\n\n<table id=\"tablepress-59\" class=\"tablepress tablepress-id-59\">\n<thead>\n<tr class=\"row-1\">\n\t<td class=\"column-1\"><\/td><th class=\"column-2\">Opis pliku<\/th><td class=\"column-3\"><\/td>\n<\/tr>\n<\/thead>\n<tbody class=\"row-striping row-hover\">\n<tr class=\"row-2\">\n\t<td class=\"column-1\">1.<\/td><td class=\"column-2\"><a href=\"https:\/\/www.gov.pl\/web\/rodzina\/viii-wiadczenie-rodzicielskie111\" target=\"_blank\" rel=\"noopener noreferrer\">\u015awiadczenie rodzicielskie - wz\u00f3r wniosku<\/a><\/td><td class=\"column-3\"><img loading=\"lazy\" decoding=\"async\" src=\"http:\/\/ops.radlin.pl\/ops\/wp-content\/uploads\/2017\/06\/link.png\" alt=\"\" width=\"32\" height=\"31\" class=\"aligncenter size-full wp-image-1094\" \/><\/td>\n<\/tr>\n<tr class=\"row-3\">\n\t<td class=\"column-1\">2.<\/td><td class=\"column-2\"><a href=\"http:\/\/ops.radlin.pl\/ops\/pliki\/druki\/SRO\/Wniosek_o_przekazywanie_\u015bwiadcze\u0144.pdf\" target=\"_blank\" rel=\"noopener noreferrer\">Wniosek o przekazywanie \u015bwiadcze\u0144<\/a><\/td><td class=\"column-3\"><img loading=\"lazy\" decoding=\"async\" src=\"http:\/\/ops.radlin.pl\/ops\/wp-content\/uploads\/2017\/05\/pdf_ico.png\" alt=\"\" width=\"32\" height=\"32\" class=\"aligncenter size-full wp-image-790\" \/><\/td>\n<\/tr>\n<tr class=\"row-4\">\n\t<td class=\"column-1\">3.<\/td><td class=\"column-2\"><a href=\"http:\/\/ops.radlin.pl\/ops\/pliki\/druki\/oswiadczenie.pdf\" target=\"_blank\" rel=\"noopener noreferrer\">O\u015bwiadczenie pod odpowiedzialno\u015bci\u0105 karn\u0105<\/a><\/td><td class=\"column-3\"><img loading=\"lazy\" decoding=\"async\" src=\"http:\/\/ops.radlin.pl\/ops\/wp-content\/uploads\/2017\/05\/pdf_ico.png\" alt=\"\" width=\"32\" height=\"32\" class=\"aligncenter size-full wp-image-790\" \/><\/td>\n<\/tr>\n<\/tbody>\n<\/table>\n<!-- #tablepress-59 from cache -->\n&nbsp;<\/p>\n","protected":false},"excerpt":{"rendered":"<p>\u015awiadczenie rodzicielskie przys\u0142uguje: matce albo ojcu dziecka*; opiekunowi faktycznemu dziecka (tj. osobie faktycznie opiekuj\u0105cej si\u0119 dzieckiem, je\u017celi wyst\u0105pi\u0142a z wnioskiem do s\u0105du rodzinnego o przysposobienie dziecka) w przypadku obj\u0119cia opiek\u0105 dziecka w wieku do uko\u0144czenia 7. roku \u017cycia, a w przypadku dziecka, wobec kt\u00f3rego podj\u0119to decyzj\u0119 o odroczeniu obowi\u0105zku szkolnego &#8211; do uko\u0144czenia 10. roku&hellip; <a class=\"continue\" href=\"https:\/\/ops.radlin.pl\/ops\/swiadczenie-rodzicielskie\/\"><strong>Czytaj wi\u0119cej:<\/strong><span> \u015awiadczenie rodzicielskie<\/span><\/a><\/p>\n","protected":false},"author":1,"featured_media":0,"parent":0,"menu_order":0,"comment_status":"closed","ping_status":"closed","template":"","meta":{"footnotes":""},"class_list":["post-1444","page","type-page","status-publish","czr-hentry"],"aioseo_notices":[],"_links":{"self":[{"href":"https:\/\/ops.radlin.pl\/ops\/wp-json\/wp\/v2\/pages\/1444","targetHints":{"allow":["GET"]}}],"collection":[{"href":"https:\/\/ops.radlin.pl\/ops\/wp-json\/wp\/v2\/pages"}],"about":[{"href":"https:\/\/ops.radlin.pl\/ops\/wp-json\/wp\/v2\/types\/page"}],"author":[{"embeddable":true,"href":"https:\/\/ops.radlin.pl\/ops\/wp-json\/wp\/v2\/users\/1"}],"replies":[{"embeddable":true,"href":"https:\/\/ops.radlin.pl\/ops\/wp-json\/wp\/v2\/comments?post=1444"}],"version-history":[{"count":13,"href":"https:\/\/ops.radlin.pl\/ops\/wp-json\/wp\/v2\/pages\/1444\/revisions"}],"predecessor-version":[{"id":3078,"href":"https:\/\/ops.radlin.pl\/ops\/wp-json\/wp\/v2\/pages\/1444\/revisions\/3078"}],"wp:attachment":[{"href":"https:\/\/ops.radlin.pl\/ops\/wp-json\/wp\/v2\/media?parent=1444"}],"curies":[{"name":"wp","href":"https:\/\/api.w.org\/{rel}","templated":true}]}}