{"id":1450,"date":"2017-06-06T12:48:21","date_gmt":"2017-06-06T10:48:21","guid":{"rendered":"http:\/\/ops.radlin.pl\/ops\/?page_id=1450"},"modified":"2019-10-24T11:27:12","modified_gmt":"2019-10-24T09:27:12","slug":"specjalny-zasilek-opiekunczy","status":"publish","type":"page","link":"https:\/\/ops.radlin.pl\/ops\/specjalny-zasilek-opiekunczy\/","title":{"rendered":"Specjalny zasi\u0142ek opieku\u0144czy"},"content":{"rendered":"<p style=\"text-align: left;\">Specjalny zasi\u0142ek opieku\u0144czy przys\u0142uguje osobom, na kt\u00f3rych zgodnie z przepisami ustawy\u00a0z dnia 25 lutego 1964 r. &#8211; Kodeks rodzinny i opieku\u0144czy (Dz. U. z 2012 r. poz. 788 i 1529 oraz z 2013 r. poz. 1439) ci\u0105\u017cy obowi\u0105zek alimentacyjny, a tak\u017ce ma\u0142\u017conkom, je\u017celi:<\/p>\n<ul>\n<li style=\"text-align: left;\">nie podejmuj\u0105 zatrudnienia lub innej pracy zarobkowej lub<\/li>\n<li style=\"text-align: left;\">rezygnuj\u0105 z zatrudnienia lub innej pracy zarobkowej<\/li>\n<\/ul>\n<p style=\"text-align: left;\">&#8211;\u00a0w celu sprawowania sta\u0142ej opieki nad osob\u0105 legitymuj\u0105c\u0105 si\u0119 orzeczeniem o znacznym stopniu niepe\u0142nosprawno\u015bci albo orzeczeniem o niepe\u0142nosprawno\u015bci \u0142\u0105cznie ze wskazaniami: konieczno\u015bci sta\u0142ej lub d\u0142ugotrwa\u0142ej opieki lub pomocy innej osoby w zwi\u0105zku ze znacznie ograniczon\u0105 mo\u017cliwo\u015bci\u0105 samodzielnej egzystencji oraz konieczno\u015bci sta\u0142ego wsp\u00f3\u0142udzia\u0142u na co dzie\u0144 opiekuna dziecka w procesie jego leczenia, rehabilitacji i edukacji.<\/p>\n<p style=\"text-align: left;\">Zarejestrowanie w powiatowym urz\u0119dzie pracy jako osoba poszukuj\u0105ca pracy lub posiadanie statusu bezrobotnego nie ma wp\u0142ywu na uprawnienie do specjalnego zasi\u0142ku opieku\u0144czego.<\/p>\n<p style=\"text-align: left;\">Specjalny zasi\u0142ek opieku\u0144czy funkcjonuje od 1 stycznia 2013 r.<\/p>\n<p style=\"text-align: left;\">Specjalny zasi\u0142ek opieku\u0144czy przys\u0142uguje, je\u017celi \u0142\u0105czny doch\u00f3d rodziny osoby sprawuj\u0105cej opiek\u0119 oraz rodziny osoby wymagaj\u0105cej opieki w przeliczeniu na osob\u0119 nie przekracza kwoty kryterium dochodowego wynosz\u0105cego <strong>764 z\u0142<\/strong> netto (na podstawie dochod\u00f3w z roku poprzedzaj\u0105cego okres zasi\u0142kowy z uwzgl\u0119dnieniem utraty i uzyskania dochodu). Specjalny zasi\u0142ek opieku\u0144czy przys\u0142uguje w kwocie <strong>620 z\u0142<\/strong> miesi\u0119cznie.<\/p>\n<p style=\"text-align: left;\">Za doch\u00f3d osoby sprawuj\u0105cej opiek\u0119, zgodnie z art. 3 pkt 16 ustawy o \u015bwiadczeniach rodzinnych, uwa\u017ca si\u0119 doch\u00f3d nast\u0119puj\u0105cych cz\u0142onk\u00f3w rodziny: ma\u0142\u017conk\u00f3w, rodzic\u00f3w dzieci, opiekuna faktycznego dziecka oraz pozostaj\u0105ce na utrzymaniu dzieci w wieku do uko\u0144czenia 25 roku \u017cycia, a tak\u017ce dziecko, kt\u00f3re uko\u0144czy\u0142o 25 rok \u017cycia legitymuj\u0105ce si\u0119 orzeczeniem o znacznym stopniu niepe\u0142nosprawno\u015bci, je\u017celi w zwi\u0105zku z t\u0105 niepe\u0142nosprawno\u015bci\u0105 przys\u0142uguje \u015bwiadczenie piel\u0119gnacyjne lub specjalny zasi\u0142ek opieku\u0144czy; do cz\u0142onk\u00f3w rodziny nie zalicza si\u0119 dziecka pozostaj\u0105cego pod opiek\u0105 opiekuna prawnego, dziecka pozostaj\u0105cego w zwi\u0105zku ma\u0142\u017ce\u0144skim, a tak\u017ce pe\u0142noletniego dziecka posiadaj\u0105cego w\u0142asne dziecko.<\/p>\n<p style=\"text-align: left;\"><strong>Za doch\u00f3d rodziny osoby wymagaj\u0105cej opieki, uwa\u017ca si\u0119 doch\u00f3d nast\u0119puj\u0105cych cz\u0142onk\u00f3w rodziny:<\/strong><\/p>\n<ol>\n<li style=\"text-align: left;\">w przypadku gdy osoba wymagaj\u0105ca opieki jest ma\u0142oletnia:<br \/>\na) osoby wymagaj\u0105cej opieki,<br \/>\nb) rodzic\u00f3w osoby wymagaj\u0105cej opieki,<br \/>\nc) ma\u0142\u017conka rodzica osoby wymagaj\u0105cej opieki,<br \/>\nd) osoby, z kt\u00f3r\u0105 rodzic osoby wymagaj\u0105cej opieki wychowuje wsp\u00f3lne dziecko,<br \/>\ne) pozostaj\u0105cych na utrzymaniu os\u00f3b, o kt\u00f3rych mowa w lit. a-d, dzieci w wieku do uko\u0144czenia 25. roku \u017cycia<br \/>\n&#8211; z tym \u017ce do cz\u0142onk\u00f3w rodziny nie zalicza si\u0119 dziecka pozostaj\u0105cego pod opiek\u0105 opiekuna prawnego, dziecka pozostaj\u0105cego w zwi\u0105zku ma\u0142\u017ce\u0144skim, pe\u0142noletniego dziecka posiadaj\u0105cego w\u0142asne dziecko, a tak\u017ce rodzica osoby wymagaj\u0105cej opieki zobowi\u0105zanego tytu\u0142em wykonawczym pochodz\u0105cym lub zatwierdzonym przez s\u0105d do aliment\u00f3w na jej rzecz.<\/li>\n<li style=\"text-align: left;\">w przypadku gdy osoba wymagaj\u0105ca opieki jest pe\u0142noletnia:<br \/>\na) osoby wymagaj\u0105cej opieki,<br \/>\nb) ma\u0142\u017conka osoby wymagaj\u0105cej opieki,<br \/>\nc) osoby, z kt\u00f3r\u0105 osoba wymagaj\u0105ca opieki wychowuje wsp\u00f3lne dziecko,<br \/>\nd) pozostaj\u0105cych na utrzymaniu os\u00f3b, o kt\u00f3rych mowa w lit. a-c, dzieci w wieku do uko\u0144czenia 25. roku \u017cycia<br \/>\n&#8211; z tym \u017ce do cz\u0142onk\u00f3w rodziny nie zalicza si\u0119 dziecka pozostaj\u0105cego pod opiek\u0105 opiekuna prawnego, dziecka pozostaj\u0105cego w zwi\u0105zku ma\u0142\u017ce\u0144skim, a tak\u017ce pe\u0142noletniego dziecka posiadaj\u0105cego w\u0142asne dziecko.<\/li>\n<\/ol>\n<p style=\"text-align: left;\"><strong>Specjalny zasi\u0142ek opieku\u0144czy nie przys\u0142uguje, je\u017celi:<\/strong><\/p>\n<ol>\n<li style=\"text-align: left;\">osoba sprawuj\u0105ca opiek\u0119:<br \/>\na) ma ustalone prawo do emerytury, renty, renty rodzinnej z tytu\u0142u \u015bmierci ma\u0142\u017conka przyznanej w przypadku zbiegu prawa do renty rodzinnej i innego \u015bwiadczenia emerytalno-rentowego, renty socjalnej, zasi\u0142ku sta\u0142ego, nauczycielskiego \u015bwiadczenia kompensacyjnego, zasi\u0142ku przedemerytalnego lub \u015bwiadczenia przedemerytalnego,<br \/>\nb) (uchylona),<br \/>\nc) ma ustalone prawo do specjalnego zasi\u0142ku opieku\u0144czego, \u015bwiadczenia piel\u0119gnacyjnego lub zasi\u0142ku dla opiekuna, o kt\u00f3rym mowa w ustawie z dnia 4 kwietnia 2014 r. o ustaleniu i wyp\u0142acie zasi\u0142k\u00f3w dla opiekun\u00f3w,<br \/>\nd) legitymuje si\u0119 orzeczeniem o znacznym stopniu niepe\u0142nosprawno\u015bci;<\/li>\n<li style=\"text-align: left;\">osoba wymagaj\u0105ca opieki zosta\u0142a umieszczona w rodzinie zast\u0119pczej, z wyj\u0105tkiem rodziny zast\u0119pczej spokrewnionej, w rodzinnym domu dziecka albo, w zwi\u0105zku z konieczno\u015bci\u0105 kszta\u0142cenia, rewalidacji lub rehabilitacji, w plac\u00f3wce zapewniaj\u0105cej ca\u0142odobow\u0105 opiek\u0119, w tym w specjalnym o\u015brodku szkolno-wychowawczym, z wyj\u0105tkiem podmiotu wykonuj\u0105cego dzia\u0142alno\u015b\u0107 lecznicz\u0105, i korzysta w niej z ca\u0142odobowej opieki przez wi\u0119cej ni\u017c 5 dni w tygodniu;<\/li>\n<li style=\"text-align: left;\">na osob\u0119 wymagaj\u0105c\u0105 opieki inna osoba ma ustalone prawo do wcze\u015bniejszej emerytury;<\/li>\n<li style=\"text-align: left;\">cz\u0142onek rodziny osoby sprawuj\u0105cej opiek\u0119 ma ustalone prawo do dodatku do zasi\u0142ku rodzinnego, o kt\u00f3rym mowa w art. 10, specjalnego zasi\u0142ku opieku\u0144czego, \u015bwiadczenia piel\u0119gnacyjnego lub zasi\u0142ku dla opiekuna, o kt\u00f3rym mowa w ustawie z dnia 4 kwietnia 2014 r. o ustaleniu i wyp\u0142acie zasi\u0142k\u00f3w dla opiekun\u00f3w;<\/li>\n<li style=\"text-align: left;\">na osob\u0119 wymagaj\u0105c\u0105 opieki jest ustalone prawo do dodatku do zasi\u0142ku rodzinnego, o kt\u00f3rym mowa w art. 10, prawo do specjalnego zasi\u0142ku opieku\u0144czego, prawo do \u015bwiadczenia piel\u0119gnacyjnego lub prawo do zasi\u0142ku dla opiekuna, o kt\u00f3rym mowa w ustawie z dnia 4 kwietnia 2014 r. o ustaleniu i wyp\u0142acie zasi\u0142k\u00f3w dla opiekun\u00f3w;<\/li>\n<li style=\"text-align: left;\">na osob\u0119 wymagaj\u0105c\u0105 opieki inna osoba jest uprawniona za granic\u0105 do \u015bwiadczenia na pokrycie wydatk\u00f3w zwi\u0105zanych z opiek\u0105, chyba \u017ce przepisy o koordynacji system\u00f3w zabezpieczenia spo\u0142ecznego lub dwustronne umowy o zabezpieczeniu spo\u0142ecznym stanowi\u0105 inaczej.<\/li>\n<\/ol>\n<p style=\"text-align: left;\"><strong>W przypadku zbiegu uprawnie\u0144 do nast\u0119puj\u0105cych \u015bwiadcze\u0144:<\/strong><\/p>\n<ol>\n<li style=\"text-align: left;\">\u015bwiadczenia rodzicielskiego, lub<\/li>\n<li style=\"text-align: left;\">\u015bwiadczenia piel\u0119gnacyjnego, lub<\/li>\n<li style=\"text-align: left;\">specjalnego zasi\u0142ku opieku\u0144czego, lub<\/li>\n<li style=\"text-align: left;\">dodatku do zasi\u0142ku rodzinnego, o kt\u00f3rym mowa w art. 10, lub<\/li>\n<li style=\"text-align: left;\">zasi\u0142ku dla opiekuna, o kt\u00f3rym mowa w ustawie\u00a0z dnia 4 kwietnia 2014 r. o ustaleniu i wyp\u0142acie zasi\u0142k\u00f3w dla opiekun\u00f3w<\/li>\n<\/ol>\n<p><strong>&#8211;\u00a0 przys\u0142uguje jedno z tych \u015bwiadcze\u0144 wybrane przez osob\u0119 uprawnion\u0105.<\/strong><\/p>\n<p style=\"text-align: left;\">W przypadku, gdy o specjalny zasi\u0142ek opieku\u0144czy ubiegaj\u0105 si\u0119 rolnicy, ma\u0142\u017conkowie rolnik\u00f3w b\u0105d\u017a domownicy, \u015bwiadczenia te przys\u0142uguj\u0105 odpowiednio:<\/p>\n<ol>\n<li style=\"text-align: left;\">rolnikom w przypadku zaprzestania prowadzenia przez nich gospodarstwa rolnego;<\/li>\n<li style=\"text-align: left;\">ma\u0142\u017conkom rolnik\u00f3w lub domownikom w przypadku zaprzestania prowadzenia przez nich gospodarstwa rolnego albo wykonywania przez nich pracy w gospodarstwie rolnym.<\/li>\n<\/ol>\n<p style=\"text-align: left;\">Zaprzestanie prowadzenia gospodarstwa rolnego lub zaprzestanie wykonywania pracy w gospodarstwie rolnym, o kt\u00f3rych mowa w ust. 1, potwierdza si\u0119 stosownym o\u015bwiadczeniem z\u0142o\u017conym pod rygorem odpowiedzialno\u015bci karnej za sk\u0142adanie fa\u0142szywych zezna\u0144. Sk\u0142adaj\u0105cy o\u015bwiadczenie jest obowi\u0105zany do zawarcia w nim klauzuli nast\u0119puj\u0105cej tre\u015bci: &#8222;Jestem \u015bwiadomy odpowiedzialno\u015bci karnej za z\u0142o\u017cenie fa\u0142szywego o\u015bwiadczenia.&#8221;. Klauzula ta zast\u0119puje pouczenie organu o odpowiedzialno\u015bci karnej za sk\u0142adanie fa\u0142szywych zezna\u0144.<\/p>\n<h3 style=\"text-align: center;\"><strong>Pliki do pobrania<\/strong><\/h3>\n<h4 style=\"text-align: center;\">Druki<\/h4>\n\n<table id=\"tablepress-15\" class=\"tablepress tablepress-id-15\">\n<thead>\n<tr class=\"row-1\">\n\t<td class=\"column-1\"><\/td><th class=\"column-2\">Opis pliku<\/th><td class=\"column-3\"><\/td>\n<\/tr>\n<\/thead>\n<tbody class=\"row-striping row-hover\">\n<tr class=\"row-2\">\n\t<td class=\"column-1\">1.<\/td><td class=\"column-2\"><a href=\"https:\/\/www.gov.pl\/web\/rodzina\/specjalny-zasilek-opiekunczy---wzor-wniosku-do-stosowania-na-nowy-okres-20212022\" target=\"_blank\" rel=\"noopener noreferrer\">Specjalny zasi\u0142ek opieku\u0144czy - wz\u00f3r wniosku do stosowania na obecny i kolejny okres 2023\/2024<\/a><\/td><td class=\"column-3\"><img loading=\"lazy\" decoding=\"async\" src=\"http:\/\/ops.radlin.pl\/ops\/wp-content\/uploads\/2017\/06\/link.png\" alt=\"\" width=\"32\" height=\"31\" class=\"aligncenter size-full wp-image-1094\" \/><\/td>\n<\/tr>\n<tr class=\"row-3\">\n\t<td class=\"column-1\">2.<\/td><td class=\"column-2\"><a href=\"http:\/\/ops.radlin.pl\/ops\/pliki\/druki\/SRiA-01 (2) Zaswiadczenie o dochodzie.pdf\" target=\"_blank\" rel=\"noopener noreferrer\">Za\u015bwiadczenie o dochodzie dla os\u00f3b zg\u0142aszaj\u0105cych uzyskanie dochodu [SRiA-01]<\/a><\/td><td class=\"column-3\"><img loading=\"lazy\" decoding=\"async\" src=\"http:\/\/ops.radlin.pl\/ops\/wp-content\/uploads\/2017\/05\/pdf_ico.png\" alt=\"\" width=\"32\" height=\"32\" class=\"aligncenter size-full wp-image-790\" \/><\/td>\n<\/tr>\n<tr class=\"row-4\">\n\t<td class=\"column-1\">3.<\/td><td class=\"column-2\"><a href=\"http:\/\/ops.radlin.pl\/ops\/pliki\/druki\/SRiA-02 (2) Oswiadczenie o dochodzie.pdf\" target=\"_blank\" rel=\"noopener noreferrer\">O\u015bwiadczenie o dochodzie dla os\u00f3b zg\u0142aszaj\u0105cych uzyskanie dochodu [SRiA-02]<\/a><\/td><td class=\"column-3\"><img loading=\"lazy\" decoding=\"async\" src=\"http:\/\/ops.radlin.pl\/ops\/wp-content\/uploads\/2017\/05\/pdf_ico.png\" alt=\"\" width=\"32\" height=\"32\" class=\"aligncenter size-full wp-image-790\" \/><\/td>\n<\/tr>\n<tr class=\"row-5\">\n\t<td class=\"column-1\">4.<\/td><td class=\"column-2\"><a href=\"http:\/\/ops.radlin.pl\/ops\/pliki\/druki\/SZO\/Wniosek_o_przekazywanie_\u015bwiadcze\u0144.pdf\" target=\"_blank\" rel=\"noopener noreferrer\">Wniosek o przekazywanie \u015bwiadcze\u0144<\/a><\/td><td class=\"column-3\"><img loading=\"lazy\" decoding=\"async\" src=\"http:\/\/ops.radlin.pl\/ops\/wp-content\/uploads\/2017\/05\/pdf_ico.png\" alt=\"\" width=\"32\" height=\"32\" class=\"aligncenter size-full wp-image-790\" \/><\/td>\n<\/tr>\n<tr class=\"row-6\">\n\t<td class=\"column-1\">5.<\/td><td class=\"column-2\"><a href=\"http:\/\/ops.radlin.pl\/ops\/pliki\/druki\/oswiadczenie.pdf\" target=\"_blank\" rel=\"noopener noreferrer\">O\u015bwiadczenie pod odpowiedzialno\u015bci\u0105 karn\u0105<\/a><\/td><td class=\"column-3\"><img loading=\"lazy\" decoding=\"async\" src=\"http:\/\/ops.radlin.pl\/ops\/wp-content\/uploads\/2017\/05\/pdf_ico.png\" alt=\"\" width=\"32\" height=\"32\" class=\"aligncenter size-full wp-image-790\" \/><\/td>\n<\/tr>\n<\/tbody>\n<\/table>\n<!-- #tablepress-15 from cache -->\n","protected":false},"excerpt":{"rendered":"<p>Specjalny zasi\u0142ek opieku\u0144czy przys\u0142uguje osobom, na kt\u00f3rych zgodnie z przepisami ustawy\u00a0z dnia 25 lutego 1964 r. &#8211; Kodeks rodzinny i opieku\u0144czy (Dz. U. z 2012 r. poz. 788 i 1529 oraz z 2013 r. poz. 1439) ci\u0105\u017cy obowi\u0105zek alimentacyjny, a tak\u017ce ma\u0142\u017conkom, je\u017celi: nie podejmuj\u0105 zatrudnienia lub innej pracy zarobkowej lub rezygnuj\u0105 z zatrudnienia lub&hellip; <a class=\"continue\" href=\"https:\/\/ops.radlin.pl\/ops\/specjalny-zasilek-opiekunczy\/\"><strong>Czytaj wi\u0119cej:<\/strong><span> Specjalny zasi\u0142ek opieku\u0144czy<\/span><\/a><\/p>\n","protected":false},"author":1,"featured_media":0,"parent":0,"menu_order":0,"comment_status":"closed","ping_status":"closed","template":"","meta":{"footnotes":""},"class_list":["post-1450","page","type-page","status-publish","czr-hentry"],"aioseo_notices":[],"_links":{"self":[{"href":"https:\/\/ops.radlin.pl\/ops\/wp-json\/wp\/v2\/pages\/1450","targetHints":{"allow":["GET"]}}],"collection":[{"href":"https:\/\/ops.radlin.pl\/ops\/wp-json\/wp\/v2\/pages"}],"about":[{"href":"https:\/\/ops.radlin.pl\/ops\/wp-json\/wp\/v2\/types\/page"}],"author":[{"embeddable":true,"href":"https:\/\/ops.radlin.pl\/ops\/wp-json\/wp\/v2\/users\/1"}],"replies":[{"embeddable":true,"href":"https:\/\/ops.radlin.pl\/ops\/wp-json\/wp\/v2\/comments?post=1450"}],"version-history":[{"count":11,"href":"https:\/\/ops.radlin.pl\/ops\/wp-json\/wp\/v2\/pages\/1450\/revisions"}],"predecessor-version":[{"id":4046,"href":"https:\/\/ops.radlin.pl\/ops\/wp-json\/wp\/v2\/pages\/1450\/revisions\/4046"}],"wp:attachment":[{"href":"https:\/\/ops.radlin.pl\/ops\/wp-json\/wp\/v2\/media?parent=1450"}],"curies":[{"name":"wp","href":"https:\/\/api.w.org\/{rel}","templated":true}]}}