{"id":1454,"date":"2017-06-06T13:01:19","date_gmt":"2017-06-06T11:01:19","guid":{"rendered":"http:\/\/ops.radlin.pl\/ops\/?page_id=1454"},"modified":"2018-07-25T12:55:53","modified_gmt":"2018-07-25T10:55:53","slug":"zasilek-rodzinny","status":"publish","type":"page","link":"https:\/\/ops.radlin.pl\/ops\/zasilek-rodzinny\/","title":{"rendered":"Zasi\u0142ek rodzinny"},"content":{"rendered":"<p style=\"text-align: left;\"><strong>Wysoko\u015b\u0107 zasi\u0142ku rodzinnego wynosi miesi\u0119cznie:<\/strong><\/p>\n<ol>\n<li style=\"text-align: left;\"><strong>95,00 z\u0142<\/strong> na dziecko w wieku do uko\u0144czenia 5 roku \u017cycia;<\/li>\n<li style=\"text-align: left;\"><strong>124,00 z\u0142<\/strong> na dziecko w wieku powy\u017cej 5 roku \u017cycia do uko\u0144czenia 18 roku \u017cycia;<\/li>\n<li style=\"text-align: left;\"><strong>135,00 z\u0142<\/strong> na dziecko w wieku powy\u017cej 18 roku \u017cycia do uko\u0144czenia 24 roku \u017cycia.<\/li>\n<\/ol>\n<p style=\"text-align: left;\">Zasi\u0142ek rodzinny ma na celu cz\u0119\u015bciowe pokrycie wydatk\u00f3w na utrzymanie dziecka.<\/p>\n<p style=\"text-align: left;\"><strong>Prawo do zasi\u0142ku rodzinnego i dodatk\u00f3w do tego zasi\u0142ku przys\u0142uguje:<\/strong><\/p>\n<ol>\n<li style=\"text-align: left;\">rodzicom, jednemu z rodzic\u00f3w albo opiekunowi prawnemu dziecka;<\/li>\n<li style=\"text-align: left;\">opiekunowi faktycznemu dziecka (osoba faktycznie opiekuj\u0105c\u0105 si\u0119 dzieckiem, je\u017celi wyst\u0105pi\u0142a z wnioskiem do s\u0105du rodzinnego o przysposobienie dziecka);<\/li>\n<li style=\"text-align: left;\">osobie ucz\u0105cej si\u0119 (osoba pe\u0142noletnia ucz\u0105ca si\u0119, niepozostaj\u0105ca na utrzymaniu rodzic\u00f3w w zwi\u0105zku z ich \u015bmierci\u0105 lub w zwi\u0105zku z ustaleniem wyrokiem s\u0105dowym lub ugod\u0105 s\u0105dow\u0105 prawa do aliment\u00f3w z ich strony).<\/li>\n<\/ol>\n<p style=\"text-align: left;\"><strong>Zasi\u0142ek rodzinny przys\u0142uguje osobom wymienionym w punktach 1 i 2, do uko\u0144czenia przez dziecko:<\/strong><\/p>\n<ul>\n<li style=\"text-align: left;\">18 roku \u017cycia lub<\/li>\n<li style=\"text-align: left;\">nauki w szkole, jednak nie d\u0142u\u017cej ni\u017c do uko\u0144czenia 21 roku \u017cycia, albo<\/li>\n<li style=\"text-align: left;\">24 roku \u017cycia, je\u017celi kontynuuje nauk\u0119 w szkole lub w szkole wy\u017cszej i legitymuje si\u0119 orzeczeniem o umiarkowanym albo znacznym stopniu niepe\u0142nosprawno\u015bci.<br \/>\nOsobie wymienionej w punkcie 3, zasi\u0142ek przys\u0142uguje pod warunkiem kontynuowania nauki w szkole lub w szkole wy\u017cszej, jednak nie d\u0142u\u017cej ni\u017c do uko\u0144czenia 24 roku \u017cycia.<\/li>\n<\/ul>\n<p style=\"text-align: left;\"><strong>Zasi\u0142ek rodzinny nie przys\u0142uguje, je\u017celi:<\/strong><\/p>\n<ol>\n<li style=\"text-align: left;\">dziecko lub osoba ucz\u0105ca si\u0119 pozostaj\u0105 w zwi\u0105zku ma\u0142\u017ce\u0144skim;<\/li>\n<li style=\"text-align: left;\">dziecko zosta\u0142o umieszczone w instytucji zapewniaj\u0105cej ca\u0142odobowe utrzymanie albo w\u00a0pieczy zast\u0119pczej;<\/li>\n<li style=\"text-align: left;\">osoba ucz\u0105ca si\u0119 zosta\u0142a umieszczona w instytucji zapewniaj\u0105cej ca\u0142odobowe utrzymanie;<\/li>\n<li style=\"text-align: left;\">pe\u0142noletnie dziecko lub osoba ucz\u0105ca si\u0119 jest uprawniona do zasi\u0142ku rodzinnego na w\u0142asne dziecko;<\/li>\n<li style=\"text-align: left;\">osobie samotnie wychowuj\u0105cej dziecko nie zosta\u0142o zas\u0105dzone \u015bwiadczenie alimentacyjne na rzecz dziecka od jego rodzica, chyba \u017ce:<br \/>\na)\u00a0rodzice lub jedno z rodzic\u00f3w dziecka nie \u017cyje,<br \/>\nb)\u00a0ojciec dziecka jest nieznany,<br \/>\nc)\u00a0pow\u00f3dztwo o ustalenie \u015bwiadczenia alimentacyjnego od drugiego z rodzic\u00f3w zosta\u0142o oddalone,<br \/>\nd)\u00a0s\u0105d zobowi\u0105za\u0142 jednego z rodzic\u00f3w do ponoszenia ca\u0142kowitych koszt\u00f3w utrzymania dziecka i nie zobowi\u0105za\u0142 drugiego z rodzic\u00f3w do \u015bwiadczenia alimentacyjnego na rzecz tego dziecka;<br \/>\ne) dziecko zgodnie z orzeczeniem s\u0105du, jest pod opiek\u0105 naprzemienn\u0105 obojga rodzic\u00f3w sprawowan\u0105 w por\u00f3wnywalnych i powtarzaj\u0105cych si\u0119 okresach;<\/li>\n<li style=\"text-align: left;\">cz\u0142onkowi rodziny przys\u0142uguje na dziecko zasi\u0142ek rodzinny za granic\u0105, chyba \u017ce przepisy o koordynacji system\u00f3w zabezpieczenia spo\u0142ecznego lub dwustronne umowy o zabezpieczeniu spo\u0142ecznym stanowi\u0105 inaczej.<\/li>\n<\/ol>\n<p style=\"text-align: left;\">Przyznanie prawa do zasi\u0142ku rodzinnego uzale\u017cnione jest m.in. od spe\u0142nienia kryterium dochodowego. Zasi\u0142ek rodzinny przys\u0142uguje, je\u017celi przeci\u0119tny miesi\u0119czny doch\u00f3d rodziny w przeliczeniu na osob\u0119 albo doch\u00f3d osoby ucz\u0105cej si\u0119 nie przekracza kwoty\u00a0674,00 z\u0142. W przypadku gdy cz\u0142onkiem rodziny jest dziecko legitymuj\u0105ce si\u0119 orzeczeniem o niepe\u0142nosprawno\u015bci lub orzeczeniem o umiarkowanym albo o znacznym stopniu niepe\u0142nosprawno\u015bci, zasi\u0142ek rodzinny przys\u0142uguje, je\u017celi przeci\u0119tny miesi\u0119czny doch\u00f3d rodziny w przeliczeniu na osob\u0119 albo doch\u00f3d osoby ucz\u0105cej si\u0119 nie przekracza kwoty\u00a0764,00 z\u0142.<\/p>\n<p style=\"text-align: left;\">Od dnia 1 stycznia 2016 r. obowi\u0105zuje nowe brzmienie art. 5 ust. 3 ustawy o \u015bwiadczeniach rodzinnych, kt\u00f3ry wprowadza nowy spos\u00f3b ustalania wysoko\u015bci przys\u0142uguj\u0105cych zasi\u0142k\u00f3w rodzinnych wraz z dodatkami w przypadku przekroczenia kryterium dochodowego uprawniaj\u0105cego do zasi\u0142ku rodzinnego (tzw. mechanizm z\u0142ot\u00f3wka za z\u0142ot\u00f3wk\u0119). Zgodnie z art. 3 ust. 3 ustawy w przypadku gdy doch\u00f3d rodziny w przeliczeniu na osob\u0119 w rodzinie lub doch\u00f3d osoby ucz\u0105cej si\u0119 przekracza kwot\u0119 uprawniaj\u0105c\u0105 dan\u0105 rodzin\u0119 lub osob\u0119 ucz\u0105c\u0105 si\u0119 do zasi\u0142ku rodzinnego pomno\u017con\u0105 przez liczb\u0119 cz\u0142onk\u00f3w danej rodziny o kwot\u0119 nie wy\u017csz\u0105 ni\u017c \u0142\u0105czna kwota zasi\u0142k\u00f3w rodzinnych wraz z dodatkami przys\u0142uguj\u0105cych danej rodzinie w okresie zasi\u0142kowym, na kt\u00f3ry jest ustalane prawo do tych \u015bwiadcze\u0144, zasi\u0142ek rodzinny wraz z dodatkami przys\u0142uguj\u0105 w wysoko\u015bci r\u00f3\u017cnicy mi\u0119dzy \u0142\u0105czn\u0105 kwot\u0105 zasi\u0142k\u00f3w rodzinnych wraz z dodatkami, a kwot\u0105, o kt\u00f3r\u0105 zosta\u0142 przekroczony doch\u00f3d rodziny. \u0141\u0105czn\u0105 kwot\u0119 zasi\u0142k\u00f3w rodzinnych wraz z dodatkami, o kt\u00f3rej mowa w zdaniu poprzednim, stanowi suma przys\u0142uguj\u0105cych danej rodzinie w danym okresie zasi\u0142kowym:<\/p>\n<ol>\n<li style=\"text-align: left;\">zasi\u0142k\u00f3w rodzinnych podzielonych przez liczb\u0119 miesi\u0119cy, na kt\u00f3re danej rodzinie jest ustalane prawo do tych zasi\u0142k\u00f3w;<\/li>\n<li style=\"text-align: left;\">dodatk\u00f3w do zasi\u0142ku rodzinnego z tytu\u0142u: opieki nad dzieckiem w okresie korzystania z urlopu wychowawczego, samotnego wychowywania dziecka, wychowywania dziecka w rodzinie wielodzietnej, kszta\u0142cenia i rehabilitacji dziecka -podzielonych przez liczb\u0119 miesi\u0119cy, na kt\u00f3re danej rodzinie jest ustalane prawo do tych dodatk\u00f3w;<\/li>\n<li style=\"text-align: left;\">dodatk\u00f3w do zasi\u0142ku rodzinnego z tytu\u0142u: urodzenia dziecka, rozpocz\u0119cia roku szkolnego, podj\u0119cia przez dziecko nauki w szkole poza miejscem zamieszkania &#8211; podzielonych przez 12.<\/li>\n<\/ol>\n<p style=\"text-align: left;\">W przypadku gdy wysoko\u015b\u0107 zasi\u0142k\u00f3w rodzinnych wraz z dodatkami przys\u0142uguj\u0105ca danej rodzinie, ustalona zgodnie z powy\u017cszym mechanizmem, jest ni\u017csza ni\u017c 20,00 z\u0142, \u015bwiadczenia te nie przys\u0142uguj\u0105 (art. 5 ust. 3-3d ustawy).<\/p>\n<p style=\"text-align: left;\"><strong>Osoba maj\u0105ca prawo do zasi\u0142ku rodzinnego mo\u017ce ubiega\u0107 si\u0119 o nast\u0119puj\u0105ce dodatki:<\/strong><\/p>\n<ul>\n<li><a href=\"http:\/\/ops.radlin.pl\/ops\/dodatek-z-tytulu-urodzenia-dziecka\/\">dodatek z tytu\u0142u urodzenia dziecka<\/a><\/li>\n<li><a href=\"http:\/\/ops.radlin.pl\/ops\/dodatek-z-tytulu-opieki-nad-dzieckiem-w-okresie-korzystania-z-urlopu-wychowawczego\/\">dodatek z tytu\u0142u opieki nad dzieckiem w okresie korzystania z urlopu wychowawczego<\/a><\/li>\n<li><a href=\"http:\/\/ops.radlin.pl\/ops\/dodatek-z-tytulu-samotnego-wychowywania-dziecka\/\">dodatek z tytu\u0142u samotnego wychowywania dziecka<\/a><\/li>\n<li><a href=\"http:\/\/ops.radlin.pl\/ops\/dodatek-z-tytulu-wychowywania-dziecka-w-rodzinie-wielodzietnej\/\">dodatek z tytu\u0142u wychowywania dziecka w rodzinie wielodzietnej<\/a><\/li>\n<li><a href=\"http:\/\/ops.radlin.pl\/ops\/dodatek-z-tytulu-ksztalcenia-i-rehabilitacji-dziecka-niepelnosprawnego\/\">dodatek z tytu\u0142u kszta\u0142cenia i rehabilitacji dziecka\u00a0niepe\u0142nosprawnego<\/a><\/li>\n<li><a href=\"http:\/\/ops.radlin.pl\/ops\/dodatek-z-tytulu-podjecia-przez-dziecko-nauki-w-szkole-poza-miejscem-zamieszkania\/\">dodatek z tytu\u0142u podj\u0119cia przez dziecko nauki w szkole poza miejscem zamieszkania<\/a><\/li>\n<li><a href=\"http:\/\/ops.radlin.pl\/ops\/dodatek-z-tytulu-rozpoczecia-roku-szkolnego\/\">dodatek z tytu\u0142u rozpocz\u0119cia roku szkolnego<\/a><\/li>\n<\/ul>\n<p>&nbsp;<\/p>\n<h3 style=\"text-align: center;\"><strong>Pliki do pobrania<\/strong><\/h3>\n<p>&nbsp;<\/p>\n<h4 style=\"text-align: center;\">Druki<\/h4>\n<p>&nbsp;<br \/>\n\n<table id=\"tablepress-16\" class=\"tablepress tablepress-id-16\">\n<thead>\n<tr class=\"row-1\">\n\t<td class=\"column-1\"><\/td><th class=\"column-2\">Opis pliku<\/th><td class=\"column-3\"><\/td>\n<\/tr>\n<\/thead>\n<tbody class=\"row-striping row-hover\">\n<tr class=\"row-2\">\n\t<td class=\"column-1\">1.<\/td><td class=\"column-2\"><a href=\"https:\/\/www.gov.pl\/web\/rodzina\/zasilek-rodzinny-oraz-dodatki---wzor-wniosku-do-stosowania-na-nowy-okres-20212022\" target=\"_blank\" rel=\"noopener noreferrer\">Zasi\u0142ek rodzinny oraz dodatki - wz\u00f3r wniosku do stosowania na na obecny i na kolejny okres 2023\/2024<\/a><\/td><td class=\"column-3\"><img loading=\"lazy\" decoding=\"async\" src=\"http:\/\/ops.radlin.pl\/ops\/wp-content\/uploads\/2017\/06\/link.png\" alt=\"\" width=\"32\" height=\"31\" class=\"aligncenter size-full wp-image-1094\" \/><\/td>\n<\/tr>\n<tr class=\"row-3\">\n\t<td class=\"column-1\">2.<\/td><td class=\"column-2\"><a href=\"http:\/\/ops.radlin.pl\/ops\/pliki\/druki\/SRiA-01 (2) Zaswiadczenie o dochodzie.pdf\" target=\"_blank\" rel=\"noopener noreferrer\">Za\u015bwiadczenie o dochodzie dla os\u00f3b zg\u0142aszaj\u0105cych uzyskanie dochodu [SRiA-01]<\/a><\/td><td class=\"column-3\"><img loading=\"lazy\" decoding=\"async\" src=\"http:\/\/ops.radlin.pl\/ops\/wp-content\/uploads\/2017\/05\/pdf_ico.png\" alt=\"\" width=\"32\" height=\"32\" class=\"aligncenter size-full wp-image-790\" \/><\/td>\n<\/tr>\n<tr class=\"row-4\">\n\t<td class=\"column-1\">3.<\/td><td class=\"column-2\"><a href=\"http:\/\/ops.radlin.pl\/ops\/pliki\/druki\/SRiA-02 (2) Oswiadczenie o dochodzie.pdf\" target=\"_blank\" rel=\"noopener noreferrer\">O\u015bwiadczenie o dochodzie dla os\u00f3b zg\u0142aszaj\u0105cych uzyskanie dochodu [SRiA-02]<\/a><\/td><td class=\"column-3\"><img loading=\"lazy\" decoding=\"async\" src=\"http:\/\/ops.radlin.pl\/ops\/wp-content\/uploads\/2017\/05\/pdf_ico.png\" alt=\"\" width=\"32\" height=\"32\" class=\"aligncenter size-full wp-image-790\" \/><\/td>\n<\/tr>\n<tr class=\"row-5\">\n\t<td class=\"column-1\">4.<\/td><td class=\"column-2\"><a href=\"http:\/\/ops.radlin.pl\/ops\/pliki\/druki\/SR\/Wniosek_o_przekazywanie_\u015bwiadcze\u0144.pdf\" target=\"_blank\" rel=\"noopener noreferrer\">Wniosek o przekazywanie \u015bwiadcze\u0144<\/a><\/td><td class=\"column-3\"><img loading=\"lazy\" decoding=\"async\" src=\"http:\/\/ops.radlin.pl\/ops\/wp-content\/uploads\/2017\/05\/pdf_ico.png\" alt=\"\" width=\"32\" height=\"32\" class=\"aligncenter size-full wp-image-790\" \/><\/td>\n<\/tr>\n<tr class=\"row-6\">\n\t<td class=\"column-1\">5.<\/td><td class=\"column-2\"><a href=\"http:\/\/ops.radlin.pl\/ops\/pliki\/druki\/oswiadczenie.pdf\" target=\"_blank\" rel=\"noopener noreferrer\">O\u015bwiadczenie pod odpowiedzialno\u015bci\u0105 karn\u0105<\/a><\/td><td class=\"column-3\"><img loading=\"lazy\" decoding=\"async\" src=\"http:\/\/ops.radlin.pl\/ops\/wp-content\/uploads\/2017\/05\/pdf_ico.png\" alt=\"\" width=\"32\" height=\"32\" class=\"aligncenter size-full wp-image-790\" \/><\/td>\n<\/tr>\n<tr class=\"row-7\">\n\t<td class=\"column-1\">6.<\/td><td class=\"column-2\"><a href=\"http:\/\/ops.radlin.pl\/ops\/pliki\/druki\/2021\/zaswiadczenie-lekarskie.pdf\" target=\"_blank\" rel=\"noopener noreferrer\">Za\u015bwiadczenie lekarskie\/wystawione przez po\u0142o\u017cn\u0105 potwierdzaj\u0105ce pozostawanie kobiety pod opiek\u0105 medyczn\u0105 nie p\u00f3\u017aniej ni\u017c od 10. tygodnia ci\u0105\u017cy do porodu, uprawniaj\u0105c\u0105 do dodatku z tytu\u0142u urodzenia dziecka<\/a><\/td><td class=\"column-3\"><img loading=\"lazy\" decoding=\"async\" src=\"http:\/\/ops.radlin.pl\/ops\/wp-content\/uploads\/2017\/05\/pdf_ico.png\" alt=\"\" width=\"32\" height=\"32\" class=\"aligncenter size-full wp-image-790\" \/><\/td>\n<\/tr>\n<\/tbody>\n<\/table>\n<!-- #tablepress-16 from cache -->\n&nbsp;<\/p>\n","protected":false},"excerpt":{"rendered":"<p>Wysoko\u015b\u0107 zasi\u0142ku rodzinnego wynosi miesi\u0119cznie: 95,00 z\u0142 na dziecko w wieku do uko\u0144czenia 5 roku \u017cycia; 124,00 z\u0142 na dziecko w wieku powy\u017cej 5 roku \u017cycia do uko\u0144czenia 18 roku \u017cycia; 135,00 z\u0142 na dziecko w wieku powy\u017cej 18 roku \u017cycia do uko\u0144czenia 24 roku \u017cycia. Zasi\u0142ek rodzinny ma na celu cz\u0119\u015bciowe pokrycie wydatk\u00f3w na&hellip; <a class=\"continue\" href=\"https:\/\/ops.radlin.pl\/ops\/zasilek-rodzinny\/\"><strong>Czytaj wi\u0119cej:<\/strong><span> Zasi\u0142ek rodzinny<\/span><\/a><\/p>\n","protected":false},"author":1,"featured_media":0,"parent":0,"menu_order":0,"comment_status":"closed","ping_status":"closed","template":"","meta":{"footnotes":""},"class_list":["post-1454","page","type-page","status-publish","czr-hentry"],"aioseo_notices":[],"_links":{"self":[{"href":"https:\/\/ops.radlin.pl\/ops\/wp-json\/wp\/v2\/pages\/1454","targetHints":{"allow":["GET"]}}],"collection":[{"href":"https:\/\/ops.radlin.pl\/ops\/wp-json\/wp\/v2\/pages"}],"about":[{"href":"https:\/\/ops.radlin.pl\/ops\/wp-json\/wp\/v2\/types\/page"}],"author":[{"embeddable":true,"href":"https:\/\/ops.radlin.pl\/ops\/wp-json\/wp\/v2\/users\/1"}],"replies":[{"embeddable":true,"href":"https:\/\/ops.radlin.pl\/ops\/wp-json\/wp\/v2\/comments?post=1454"}],"version-history":[{"count":21,"href":"https:\/\/ops.radlin.pl\/ops\/wp-json\/wp\/v2\/pages\/1454\/revisions"}],"predecessor-version":[{"id":3080,"href":"https:\/\/ops.radlin.pl\/ops\/wp-json\/wp\/v2\/pages\/1454\/revisions\/3080"}],"wp:attachment":[{"href":"https:\/\/ops.radlin.pl\/ops\/wp-json\/wp\/v2\/media?parent=1454"}],"curies":[{"name":"wp","href":"https:\/\/api.w.org\/{rel}","templated":true}]}}