{"id":1460,"date":"2017-06-06T13:07:19","date_gmt":"2017-06-06T11:07:19","guid":{"rendered":"http:\/\/ops.radlin.pl\/ops\/?page_id=1460"},"modified":"2019-11-05T07:52:11","modified_gmt":"2019-11-05T06:52:11","slug":"zasilek-pielegnacyjny","status":"publish","type":"page","link":"https:\/\/ops.radlin.pl\/ops\/zasilek-pielegnacyjny\/","title":{"rendered":"Zasi\u0142ek piel\u0119gnacyjny"},"content":{"rendered":"<p style=\"text-align: left;\"><strong>Wysoko\u015b\u0107 zasi\u0142ku piel\u0119gnacyjnego wynosi 215,84 z\u0142 miesi\u0119cznie.<\/strong><\/p>\n<p style=\"text-align: left;\">Zasi\u0142ek piel\u0119gnacyjny przyznaje si\u0119 w celu cz\u0119\u015bciowego pokrycia wydatk\u00f3w wynikaj\u0105cych z konieczno\u015bci zapewnienia opieki i pomocy innej osoby w zwi\u0105zku z niezdolno\u015bci\u0105 do samodzielnej egzystencji.<\/p>\n<p style=\"text-align: left;\"><strong>Zasi\u0142ek piel\u0119gnacyjny przys\u0142uguje:<\/strong><\/p>\n<ul>\n<li style=\"text-align: left;\">niepe\u0142nosprawnemu dziecku;<\/li>\n<li style=\"text-align: left;\">osobie niepe\u0142nosprawnej w wieku powy\u017cej 16 roku \u017cycia, je\u017celi legitymuje si\u0119 orzeczeniem o znacznym stopniu niepe\u0142nosprawno\u015bci;<\/li>\n<li style=\"text-align: left;\">osobie niepe\u0142nosprawnej w wieku powy\u017cej 16 roku \u017cycia legitymuj\u0105cej si\u0119 orzeczeniem o umiarkowanym stopniu niepe\u0142nosprawno\u015bci, je\u017celi niepe\u0142nosprawno\u015b\u0107 powsta\u0142a w wieku do uko\u0144czenia 21 roku \u017cycia;<\/li>\n<li style=\"text-align: left;\">osobie, kt\u00f3ra uko\u0144czy\u0142a 75 lat.<\/li>\n<\/ul>\n<p style=\"text-align: left;\"><strong>Zasi\u0142ek piel\u0119gnacyjny nie przys\u0142uguje:<\/strong><\/p>\n<ul>\n<li style=\"text-align: left;\">osobie uprawnionej do dodatku piel\u0119gnacyjnego;<\/li>\n<li style=\"text-align: left;\">osobie umieszczonej w instytucji zapewniaj\u0105cej nieodp\u0142atnie ca\u0142odobowe utrzymanie;<\/li>\n<li style=\"text-align: left;\">je\u017celi cz\u0142onkowi rodziny przys\u0142uguje za granic\u0105 \u015bwiadczenie na pokrycie wydatk\u00f3w zwi\u0105zanych z piel\u0119gnacj\u0105 tej osoby, chyba \u017ce przepisy o koordynacji system\u00f3w zabezpieczenia spo\u0142ecznego lub dwustronne umowy o zabezpieczeniu spo\u0142ecznym stanowi\u0105 inaczej.<\/li>\n<\/ul>\n<h3 style=\"text-align: center;\"><strong>Pliki do pobrania<\/strong><\/h3>\n<h4 style=\"text-align: center;\">Druki<\/h4>\n\n<table id=\"tablepress-18\" class=\"tablepress tablepress-id-18\">\n<thead>\n<tr class=\"row-1\">\n\t<td class=\"column-1\"><\/td><th class=\"column-2\">Opis pliku<\/th><td class=\"column-3\"><\/td>\n<\/tr>\n<\/thead>\n<tbody class=\"row-striping row-hover\">\n<tr class=\"row-2\">\n\t<td class=\"column-1\">1.<\/td><td class=\"column-2\"><a href=\"https:\/\/www.gov.pl\/web\/rodzina\/v-zasilek-pielegnacyjny111\" target=\"_blank\" rel=\"noopener noreferrer\">Zasi\u0142ek piel\u0119gnacyjny - wz\u00f3r wniosku<\/a><\/td><td class=\"column-3\"><img loading=\"lazy\" decoding=\"async\" src=\"http:\/\/ops.radlin.pl\/ops\/wp-content\/uploads\/2017\/06\/link.png\" alt=\"\" width=\"32\" height=\"31\" class=\"aligncenter size-full wp-image-1094\" \/><\/td>\n<\/tr>\n<tr class=\"row-3\">\n\t<td class=\"column-1\">2.<\/td><td class=\"column-2\"><a href=\"http:\/\/ops.radlin.pl\/ops\/pliki\/druki\/ZP\/Wniosek_o_przekazywanie_\u015bwiadcze\u0144.pdf\" target=\"_blank\" rel=\"noopener noreferrer\">Wniosek o przekazywanie \u015bwiadcze\u0144<\/a><\/td><td class=\"column-3\"><img loading=\"lazy\" decoding=\"async\" src=\"http:\/\/ops.radlin.pl\/ops\/wp-content\/uploads\/2017\/05\/pdf_ico.png\" alt=\"\" width=\"32\" height=\"32\" class=\"aligncenter size-full wp-image-790\" \/><\/td>\n<\/tr>\n<tr class=\"row-4\">\n\t<td class=\"column-1\">3.<\/td><td class=\"column-2\"><a href=\"http:\/\/ops.radlin.pl\/ops\/pliki\/druki\/oswiadczenie.pdf\" target=\"_blank\" rel=\"noopener noreferrer\">O\u015bwiadczenie pod odpowiedzialno\u015bci\u0105 karn\u0105<\/a><\/td><td class=\"column-3\"><img loading=\"lazy\" decoding=\"async\" src=\"http:\/\/ops.radlin.pl\/ops\/wp-content\/uploads\/2017\/05\/pdf_ico.png\" alt=\"\" width=\"32\" height=\"32\" class=\"aligncenter size-full wp-image-790\" \/><\/td>\n<\/tr>\n<\/tbody>\n<\/table>\n<!-- #tablepress-18 from cache -->\n","protected":false},"excerpt":{"rendered":"<p>Wysoko\u015b\u0107 zasi\u0142ku piel\u0119gnacyjnego wynosi 215,84 z\u0142 miesi\u0119cznie. Zasi\u0142ek piel\u0119gnacyjny przyznaje si\u0119 w celu cz\u0119\u015bciowego pokrycia wydatk\u00f3w wynikaj\u0105cych z konieczno\u015bci zapewnienia opieki i pomocy innej osoby w zwi\u0105zku z niezdolno\u015bci\u0105 do samodzielnej egzystencji. Zasi\u0142ek piel\u0119gnacyjny przys\u0142uguje: niepe\u0142nosprawnemu dziecku; osobie niepe\u0142nosprawnej w wieku powy\u017cej 16 roku \u017cycia, je\u017celi legitymuje si\u0119 orzeczeniem o znacznym stopniu niepe\u0142nosprawno\u015bci; osobie niepe\u0142nosprawnej&hellip; <a class=\"continue\" href=\"https:\/\/ops.radlin.pl\/ops\/zasilek-pielegnacyjny\/\"><strong>Czytaj wi\u0119cej:<\/strong><span> Zasi\u0142ek piel\u0119gnacyjny<\/span><\/a><\/p>\n","protected":false},"author":1,"featured_media":0,"parent":0,"menu_order":0,"comment_status":"closed","ping_status":"closed","template":"","meta":{"footnotes":""},"class_list":["post-1460","page","type-page","status-publish","czr-hentry"],"aioseo_notices":[],"_links":{"self":[{"href":"https:\/\/ops.radlin.pl\/ops\/wp-json\/wp\/v2\/pages\/1460","targetHints":{"allow":["GET"]}}],"collection":[{"href":"https:\/\/ops.radlin.pl\/ops\/wp-json\/wp\/v2\/pages"}],"about":[{"href":"https:\/\/ops.radlin.pl\/ops\/wp-json\/wp\/v2\/types\/page"}],"author":[{"embeddable":true,"href":"https:\/\/ops.radlin.pl\/ops\/wp-json\/wp\/v2\/users\/1"}],"replies":[{"embeddable":true,"href":"https:\/\/ops.radlin.pl\/ops\/wp-json\/wp\/v2\/comments?post=1460"}],"version-history":[{"count":7,"href":"https:\/\/ops.radlin.pl\/ops\/wp-json\/wp\/v2\/pages\/1460\/revisions"}],"predecessor-version":[{"id":4061,"href":"https:\/\/ops.radlin.pl\/ops\/wp-json\/wp\/v2\/pages\/1460\/revisions\/4061"}],"wp:attachment":[{"href":"https:\/\/ops.radlin.pl\/ops\/wp-json\/wp\/v2\/media?parent=1460"}],"curies":[{"name":"wp","href":"https:\/\/api.w.org\/{rel}","templated":true}]}}