{"id":1463,"date":"2017-06-06T13:12:00","date_gmt":"2017-06-06T11:12:00","guid":{"rendered":"http:\/\/ops.radlin.pl\/ops\/?page_id=1463"},"modified":"2018-07-25T12:53:55","modified_gmt":"2018-07-25T10:53:55","slug":"swiadczenie-pielegnacyjne","status":"publish","type":"page","link":"https:\/\/ops.radlin.pl\/ops\/swiadczenie-pielegnacyjne\/","title":{"rendered":"\u015awiadczenie piel\u0119gnacyjne"},"content":{"rendered":"<p style=\"text-align: left;\"><strong>\u015awiadczenie piel\u0119gnacyjne z tytu\u0142u rezygnacji z zatrudnienia lub innej pracy zarobkowej, przys\u0142uguje:<\/strong><\/p>\n<ol>\n<li style=\"text-align: left;\">matce albo ojcu,<\/li>\n<li style=\"text-align: left;\">opiekunowi faktycznemu dziecka,<\/li>\n<li style=\"text-align: left;\">osobie b\u0119d\u0105cej rodzin\u0105 zast\u0119pcz\u0105 spokrewnion\u0105, w rozumieniu ustawy z dnia 9 czerwca 2011 r. o wspieraniu rodziny i systemie pieczy zast\u0119pczej,<\/li>\n<li style=\"text-align: left;\">innym osobom, na kt\u00f3rych zgodnie z przepisami ustawy z dnia 25 lutego 1964 r. \u2013 Kodeks rodzinny i opieku\u0144czy ci\u0105\u017cy obowi\u0105zek alimentacyjny, z wyj\u0105tkiem os\u00f3b o znacznym stopniu niepe\u0142nosprawno\u015bci<br \/>\n\u2013 je\u017celi nie podejmuj\u0105 lub rezygnuj\u0105 z zatrudnienia lub innej pracy zarobkowej w celu sprawowania opieki nad osob\u0105 legitymuj\u0105c\u0105 si\u0119 orzeczeniem o niepe\u0142nosprawno\u015bci \u0142\u0105cznie ze wskazaniami: konieczno\u015bci sta\u0142ej lub d\u0142ugotrwa\u0142ej opieki lub pomocy innej osoby w zwi\u0105zku ze\u00a0 znacznie ograniczon\u0105 mo\u017cliwo\u015bci\u0105 samodzielnej egzystencji oraz konieczno\u015bci sta\u0142ego wsp\u00f3\u0142udzia\u0142u na co dzie\u0144 opiekuna dziecka w procesie jego leczenia, rehabilitacji i edukacji, albo osob\u0105 legitymuj\u0105c\u0105 si\u0119 orzeczeniem o znacznym stopniu niepe\u0142nosprawno\u015bci.<\/li>\n<\/ol>\n<p style=\"text-align: left;\">Osobom, o kt\u00f3rych mowa w pkt 4, innym ni\u017c spokrewnione w pierwszym stopniu z osob\u0105 wymagaj\u0105c\u0105 opieki, \u015bwiadczenie piel\u0119gnacyjne przys\u0142uguje, w przypadku gdy spe\u0142nione s\u0105 \u0142\u0105cznie nast\u0119puj\u0105ce warunki:<\/p>\n<ol>\n<li style=\"text-align: left;\">rodzice osoby wymagaj\u0105cej opieki nie \u017cyj\u0105, zostali pozbawieni praw rodzicielskich, s\u0105 ma\u0142oletni lub legitymuj\u0105 si\u0119 orzeczeniem o znacznym\u00a0 stopniu niepe\u0142nosprawno\u015bci;<\/li>\n<li style=\"text-align: left;\">nie ma innych os\u00f3b spokrewnionych w pierwszym stopniu, s\u0105 ma\u0142oletnie lub legitymuj\u0105 si\u0119 orzeczeniem o znacznym stopniu niepe\u0142nosprawno\u015bci;<\/li>\n<li style=\"text-align: left;\">nie ma os\u00f3b, o kt\u00f3rych mowa w pkt 2 i 3, lub legitymuj\u0105 si\u0119 orzeczeniem o znacznym stopniu niepe\u0142nosprawno\u015bci.<\/li>\n<\/ol>\n<p style=\"text-align: left;\"><strong>\u015awiadczenie piel\u0119gnacyjne przys\u0142uguje, je\u017celi niepe\u0142nosprawno\u015b\u0107 osoby wymagaj\u0105cej opieki powsta\u0142a:<\/strong><\/p>\n<ol>\n<li style=\"text-align: left;\">nie p\u00f3\u017aniej ni\u017c do uko\u0144czenia 18. roku \u017cycia lub<\/li>\n<li style=\"text-align: left;\">w trakcie nauki w szkole lub w szkole wy\u017cszej, jednak nie p\u00f3\u017aniej ni\u017c do uko\u0144czenia 25. roku \u017cycia.<\/li>\n<\/ol>\n<p style=\"text-align: left;\"><strong>\u015awiadczenie piel\u0119gnacyjne nie przys\u0142uguje, je\u017celi:<\/strong><\/p>\n<ol>\n<li style=\"text-align: left;\">osoba sprawuj\u0105ca opiek\u0119:<br \/>\na) ma ustalone prawo do emerytury, renty, renty rodzinnej z tytu\u0142u \u015bmierci ma\u0142\u017conka przyznanej w przypadku zbiegu prawa do renty rodzinnej i innego \u015bwiadczenia emerytalno-rentowego, renty socjalnej, zasi\u0142ku sta\u0142ego, nauczycielskiego \u015bwiadczenia kompensacyjnego, zasi\u0142ku przedemerytalnego lub \u015bwiadczenia przedemerytalnego,<br \/>\nb) ma ustalone prawo do specjalnego zasi\u0142ku opieku\u0144czego, \u015bwiadczenia piel\u0119gnacyjnego lub zasi\u0142ku dla opiekuna, o kt\u00f3rym mowa w ustawie z dnia 4 kwietnia 2014 r. o ustaleniu i wyp\u0142acie zasi\u0142k\u00f3w dla opiekun\u00f3w;<\/li>\n<li style=\"text-align: left;\">osoba wymagaj\u0105ca opieki:<br \/>\na) pozostaje w zwi\u0105zku ma\u0142\u017ce\u0144skim, chyba \u017ce wsp\u00f3\u0142ma\u0142\u017conek legitymuje si\u0119 orzeczeniem o znacznym stopniu niepe\u0142nosprawno\u015bci,<br \/>\nb) zosta\u0142a umieszczona w rodzinie zast\u0119pczej, z wyj\u0105tkiem rodziny zast\u0119pczej spokrewnionej, rodzinnym domu dziecka albo, w zwi\u0105zku z konieczno\u015bci\u0105 kszta\u0142cenia, rewalidacji lub rehabilitacji, w plac\u00f3wce zapewniaj\u0105cej ca\u0142odobow\u0105 opiek\u0119, w tym w specjalnym o\u015brodku szkolno-wychowawczym, z wyj\u0105tkiem podmiotu wykonuj\u0105cego dzia\u0142alno\u015b\u0107 lecznicz\u0105, i korzysta w niej z ca\u0142odobowej opieki przez wi\u0119cej ni\u017c 5 dni w tygodniu;<\/li>\n<li style=\"text-align: left;\">na osob\u0119 wymagaj\u0105c\u0105 opieki inna osoba ma ustalone prawo do wcze\u015bniejszej emerytury;<\/li>\n<li style=\"text-align: left;\">cz\u0142onek rodziny osoby sprawuj\u0105cej opiek\u0119 ma ustalone prawo do dodatku do zasi\u0142ku rodzinnego, o kt\u00f3rym mowa w art. 10, specjalnego zasi\u0142ku opieku\u0144czego, \u015bwiadczenia piel\u0119gnacyjnego lub zasi\u0142ku dla opiekuna, o kt\u00f3rym mowa w ustawie z dnia 4 kwietnia 2014 r. o ustaleniu i wyp\u0142acie zasi\u0142k\u00f3w dla opiekun\u00f3w;<\/li>\n<li style=\"text-align: left;\">na osob\u0119 wymagaj\u0105c\u0105 opieki jest ustalone prawo do dodatku do zasi\u0142ku rodzinnego, o kt\u00f3rym mowa w art. 10, prawo do specjalnego zasi\u0142ku opieku\u0144czego, prawo do \u015bwiadczenia piel\u0119gnacyjnego lub prawo do zasi\u0142ku dla opiekuna, o kt\u00f3rym mowa w ustawie z dnia 4 kwietnia 2014 r. o ustaleniu i wyp\u0142acie zasi\u0142k\u00f3w dla opiekun\u00f3w;<\/li>\n<li style=\"text-align: left;\">na osob\u0119 wymagaj\u0105c\u0105 opieki inna osoba jest uprawniona za granic\u0105 do \u015bwiadczenia na pokrycie wydatk\u00f3w zwi\u0105zanych z opiek\u0105, chyba \u017ce przepisy o koordynacji system\u00f3w zabezpieczenia spo\u0142ecznego lub dwustronne umowy o zabezpieczeniu spo\u0142ecznym stanowi\u0105 inaczej.<\/li>\n<\/ol>\n<p style=\"text-align: left;\"><strong>W przypadku zbiegu uprawnie\u0144 do nast\u0119puj\u0105cych \u015bwiadcze\u0144:<\/strong><\/p>\n<ol>\n<li style=\"text-align: left;\">\u015bwiadczenia rodzicielskiego, lub<\/li>\n<li style=\"text-align: left;\">\u015bwiadczenia piel\u0119gnacyjnego, lub<\/li>\n<li style=\"text-align: left;\">specjalnego zasi\u0142ku opieku\u0144czego, lub<\/li>\n<li style=\"text-align: left;\">dodatku do zasi\u0142ku rodzinnego z tytu\u0142u opieki nad dzieckiem w okresie korzystania z urlopu wychowawczego, lub<\/li>\n<li style=\"text-align: left;\">zasi\u0142ku dla opiekuna, o kt\u00f3rym mowa w ustawie\u00a0z dnia 4 kwietnia 2014 r. o ustaleniu i wyp\u0142acie zasi\u0142k\u00f3w dla opiekun\u00f3w<\/li>\n<\/ol>\n<p style=\"text-align: left;\"><strong>&#8211; przys\u0142uguje jedno z tych \u015bwiadcze\u0144 wybrane przez osob\u0119 uprawnion\u0105.<\/strong><\/p>\n<p style=\"text-align: left;\">\u015awiadczenie piel\u0119gnacyjne przys\u0142uguj\u0105ce za niepe\u0142ne miesi\u0105ce kalendarzowe wyp\u0142aca si\u0119 w wysoko\u015bci 1\/30 \u015bwiadczenia piel\u0119gnacyjnego za ka\u017cdy dzie\u0144. Nale\u017cn\u0105 kwot\u0119 \u015bwiadczenia zaokr\u0105gla si\u0119 do 10 groszy w g\u00f3r\u0119.<\/p>\n<p style=\"text-align: left;\"><strong>W przypadku, gdy o \u015bwiadczenie piel\u0119gnacyjne ubiegaj\u0105 si\u0119 rolnicy, ma\u0142\u017conkowie rolnik\u00f3w b\u0105d\u017a domownicy, \u015bwiadczenia te przys\u0142uguj\u0105 odpowiednio:<\/strong><\/p>\n<ol>\n<li style=\"text-align: left;\">rolnikom w przypadku zaprzestania prowadzenia przez nich gospodarstwa rolnego;<\/li>\n<li style=\"text-align: left;\">ma\u0142\u017conkom rolnik\u00f3w lub domownikom w przypadku zaprzestania prowadzenia przez nich gospodarstwa rolnego albo wykonywania przez nich pracy w gospodarstwie rolnym.<\/li>\n<\/ol>\n<p style=\"text-align: left;\">Zaprzestanie prowadzenia gospodarstwa rolnego lub zaprzestanie wykonywania pracy w gospodarstwie rolnym, o kt\u00f3rych mowa w ust. 1, potwierdza si\u0119 stosownym o\u015bwiadczeniem z\u0142o\u017conym pod rygorem odpowiedzialno\u015bci karnej za sk\u0142adanie fa\u0142szywych zezna\u0144. Sk\u0142adaj\u0105cy o\u015bwiadczenie jest obowi\u0105zany do zawarcia w nim klauzuli nast\u0119puj\u0105cej tre\u015bci: &#8222;Jestem \u015bwiadomy odpowiedzialno\u015bci karnej za z\u0142o\u017cenie fa\u0142szywego o\u015bwiadczenia.&#8221;. Klauzula ta zast\u0119puje pouczenie organu o odpowiedzialno\u015bci karnej za sk\u0142adanie fa\u0142szywych zezna\u0144&#8230;&#8221;.<\/p>\n<p style=\"text-align: left;\"><strong>Od 1 stycznia 2017 r. \u015bwiadczenie piel\u0119gnacyjne wynosi 1406 z\u0142 w zwi\u0105zku z przeprowadzon\u0105 waloryzacj\u0105.<\/strong><\/p>\n<p>&nbsp;<\/p>\n<h3 style=\"text-align: center;\"><strong>Pliki do pobrania<\/strong><\/h3>\n<p>&nbsp;<\/p>\n<h4 style=\"text-align: center;\">Druki<\/h4>\n<p>&nbsp;<br \/>\n\n<table id=\"tablepress-58\" class=\"tablepress tablepress-id-58\">\n<thead>\n<tr class=\"row-1\">\n\t<td class=\"column-1\"><\/td><th class=\"column-2\">Opis pliku<\/th><td class=\"column-3\"><\/td>\n<\/tr>\n<\/thead>\n<tbody class=\"row-striping row-hover\">\n<tr class=\"row-2\">\n\t<td class=\"column-1\">1.<\/td><td class=\"column-2\"><a href=\"https:\/\/www.gov.pl\/web\/rodzina\/vii-wiadczenie-pielegnacyjne111\" target=\"_blank\" rel=\"noopener noreferrer\">\u015awiadczenie piel\u0119gnacyjne - wz\u00f3r wniosku<\/a><\/td><td class=\"column-3\"><img loading=\"lazy\" decoding=\"async\" src=\"http:\/\/ops.radlin.pl\/ops\/wp-content\/uploads\/2017\/06\/link.png\" alt=\"\" width=\"32\" height=\"31\" class=\"aligncenter size-full wp-image-1094\" \/><\/td>\n<\/tr>\n<tr class=\"row-3\">\n\t<td class=\"column-1\">2.<\/td><td class=\"column-2\"><a href=\"http:\/\/ops.radlin.pl\/ops\/pliki\/druki\/SP\/Wniosek_o_przekazywanie_\u015bwiadcze\u0144.pdf\" target=\"_blank\" rel=\"noopener noreferrer\">Wniosek o przekazywanie \u015bwiadcze\u0144<\/a><\/td><td class=\"column-3\"><img loading=\"lazy\" decoding=\"async\" src=\"http:\/\/ops.radlin.pl\/ops\/wp-content\/uploads\/2017\/05\/pdf_ico.png\" alt=\"\" width=\"32\" height=\"32\" class=\"aligncenter size-full wp-image-790\" \/><\/td>\n<\/tr>\n<tr class=\"row-4\">\n\t<td class=\"column-1\">3.<\/td><td class=\"column-2\"><a href=\"http:\/\/ops.radlin.pl\/ops\/pliki\/druki\/oswiadczenie.pdf\" target=\"_blank\" rel=\"noopener noreferrer\">O\u015bwiadczenie pod odpowiedzialno\u015bci\u0105 karn\u0105<\/a><\/td><td class=\"column-3\"><img loading=\"lazy\" decoding=\"async\" src=\"http:\/\/ops.radlin.pl\/ops\/wp-content\/uploads\/2017\/05\/pdf_ico.png\" alt=\"\" width=\"32\" height=\"32\" class=\"aligncenter size-full wp-image-790\" \/><\/td>\n<\/tr>\n<\/tbody>\n<\/table>\n<!-- #tablepress-58 from cache -->\n&nbsp;<\/p>\n","protected":false},"excerpt":{"rendered":"<p>\u015awiadczenie piel\u0119gnacyjne z tytu\u0142u rezygnacji z zatrudnienia lub innej pracy zarobkowej, przys\u0142uguje: matce albo ojcu, opiekunowi faktycznemu dziecka, osobie b\u0119d\u0105cej rodzin\u0105 zast\u0119pcz\u0105 spokrewnion\u0105, w rozumieniu ustawy z dnia 9 czerwca 2011 r. o wspieraniu rodziny i systemie pieczy zast\u0119pczej, innym osobom, na kt\u00f3rych zgodnie z przepisami ustawy z dnia 25 lutego 1964 r. \u2013 Kodeks&hellip; <a class=\"continue\" href=\"https:\/\/ops.radlin.pl\/ops\/swiadczenie-pielegnacyjne\/\"><strong>Czytaj wi\u0119cej:<\/strong><span> \u015awiadczenie piel\u0119gnacyjne<\/span><\/a><\/p>\n","protected":false},"author":1,"featured_media":0,"parent":0,"menu_order":0,"comment_status":"closed","ping_status":"closed","template":"","meta":{"footnotes":""},"class_list":["post-1463","page","type-page","status-publish","czr-hentry"],"aioseo_notices":[],"_links":{"self":[{"href":"https:\/\/ops.radlin.pl\/ops\/wp-json\/wp\/v2\/pages\/1463","targetHints":{"allow":["GET"]}}],"collection":[{"href":"https:\/\/ops.radlin.pl\/ops\/wp-json\/wp\/v2\/pages"}],"about":[{"href":"https:\/\/ops.radlin.pl\/ops\/wp-json\/wp\/v2\/types\/page"}],"author":[{"embeddable":true,"href":"https:\/\/ops.radlin.pl\/ops\/wp-json\/wp\/v2\/users\/1"}],"replies":[{"embeddable":true,"href":"https:\/\/ops.radlin.pl\/ops\/wp-json\/wp\/v2\/comments?post=1463"}],"version-history":[{"count":10,"href":"https:\/\/ops.radlin.pl\/ops\/wp-json\/wp\/v2\/pages\/1463\/revisions"}],"predecessor-version":[{"id":3077,"href":"https:\/\/ops.radlin.pl\/ops\/wp-json\/wp\/v2\/pages\/1463\/revisions\/3077"}],"wp:attachment":[{"href":"https:\/\/ops.radlin.pl\/ops\/wp-json\/wp\/v2\/media?parent=1463"}],"curies":[{"name":"wp","href":"https:\/\/api.w.org\/{rel}","templated":true}]}}