{"id":1998,"date":"2017-09-18T10:02:40","date_gmt":"2017-09-18T08:02:40","guid":{"rendered":"http:\/\/ops.radlin.pl\/ops\/?page_id=1998"},"modified":"2017-09-18T10:02:40","modified_gmt":"2017-09-18T08:02:40","slug":"dodatek-z-tytulu-urodzenia-dziecka","status":"publish","type":"page","link":"https:\/\/ops.radlin.pl\/ops\/dodatek-z-tytulu-urodzenia-dziecka\/","title":{"rendered":"Dodatek z tytu\u0142u urodzenia dziecka"},"content":{"rendered":"<p style=\"text-align: left;\"><strong>Dodatek do zasi\u0142ku rodzinnego z tytu\u0142u urodzenia dziecka przys\u0142uguje jednorazowo w wysoko\u015bci 1000 z\u0142.<\/strong><\/p>\n<p style=\"text-align: left;\"><strong>Dodatek z tytu\u0142u urodzenia dziecka przys\u0142uguje:<\/strong><\/p>\n<ol>\n<li style=\"text-align: left;\">matce lub ojcu albo opiekunowi prawnemu dziecka;<\/li>\n<li style=\"text-align: left;\">opiekunowi faktycznemu dziecka w wieku do uko\u0144czenia przez dziecko pierwszego roku \u017cycia, je\u017celi nie zosta\u0142 przyznany rodzicom lub opiekunowi prawnemu dziecka.<\/li>\n<\/ol>\n<p style=\"text-align: left;\">W przypadku wyst\u0105pienia o przysposobienie wi\u0119cej ni\u017c jednego dziecka lub urodzenia wi\u0119cej ni\u017c jednego dziecka podczas jednego porodu dodatek przys\u0142uguje na ka\u017cde dziecko.<\/p>\n<p style=\"text-align: left;\">Dodatek z tytu\u0142u urodzenia dziecka przys\u0142uguje, je\u015bli matka dziecka pozostawa\u0142a pod opiek\u0105 medyczn\u0105 nie p\u00f3\u017aniej ni\u017c od 10 tygodnia ci\u0105\u017cy.<\/p>\n<p style=\"text-align: left;\">Za\u015bwiadczenie o pozostawaniu matki dziecka pod opiek\u0105 medyczn\u0105 nie p\u00f3\u017aniej ni\u017c od 10 tygodnia ci\u0105\u017cy do dnia porodu mo\u017ce wystawi\u0107 lekarz lub po\u0142o\u017cna. Warunek udokumentowania pozostawania matki dziecka pod opiek\u0105 medyczn\u0105 nie dotyczy os\u00f3b b\u0119d\u0105cych prawnymi albo faktycznymi opiekunami dziecka, a tak\u017ce os\u00f3b, kt\u00f3re przysposobi\u0142y dziecko.<\/p>\n<p style=\"text-align: left;\">Wniosek o dodatek z tytu\u0142u urodzenia dziecka sk\u0142ada si\u0119 do uko\u0144czenia przez dziecko pierwszego roku \u017cycia.<\/p>\n","protected":false},"excerpt":{"rendered":"<p>Dodatek do zasi\u0142ku rodzinnego z tytu\u0142u urodzenia dziecka przys\u0142uguje jednorazowo w wysoko\u015bci 1000 z\u0142. Dodatek z tytu\u0142u urodzenia dziecka przys\u0142uguje: matce lub ojcu albo opiekunowi prawnemu dziecka; opiekunowi faktycznemu dziecka w wieku do uko\u0144czenia przez dziecko pierwszego roku \u017cycia, je\u017celi nie zosta\u0142 przyznany rodzicom lub opiekunowi prawnemu dziecka. W przypadku wyst\u0105pienia o przysposobienie wi\u0119cej ni\u017c&hellip; <a class=\"continue\" href=\"https:\/\/ops.radlin.pl\/ops\/dodatek-z-tytulu-urodzenia-dziecka\/\"><strong>Czytaj wi\u0119cej:<\/strong><span> Dodatek z tytu\u0142u urodzenia dziecka<\/span><\/a><\/p>\n","protected":false},"author":1,"featured_media":0,"parent":0,"menu_order":0,"comment_status":"closed","ping_status":"closed","template":"","meta":{"footnotes":""},"class_list":["post-1998","page","type-page","status-publish","czr-hentry"],"aioseo_notices":[],"_links":{"self":[{"href":"https:\/\/ops.radlin.pl\/ops\/wp-json\/wp\/v2\/pages\/1998","targetHints":{"allow":["GET"]}}],"collection":[{"href":"https:\/\/ops.radlin.pl\/ops\/wp-json\/wp\/v2\/pages"}],"about":[{"href":"https:\/\/ops.radlin.pl\/ops\/wp-json\/wp\/v2\/types\/page"}],"author":[{"embeddable":true,"href":"https:\/\/ops.radlin.pl\/ops\/wp-json\/wp\/v2\/users\/1"}],"replies":[{"embeddable":true,"href":"https:\/\/ops.radlin.pl\/ops\/wp-json\/wp\/v2\/comments?post=1998"}],"version-history":[{"count":1,"href":"https:\/\/ops.radlin.pl\/ops\/wp-json\/wp\/v2\/pages\/1998\/revisions"}],"predecessor-version":[{"id":1999,"href":"https:\/\/ops.radlin.pl\/ops\/wp-json\/wp\/v2\/pages\/1998\/revisions\/1999"}],"wp:attachment":[{"href":"https:\/\/ops.radlin.pl\/ops\/wp-json\/wp\/v2\/media?parent=1998"}],"curies":[{"name":"wp","href":"https:\/\/api.w.org\/{rel}","templated":true}]}}