{"id":2003,"date":"2017-09-18T10:21:15","date_gmt":"2017-09-18T08:21:15","guid":{"rendered":"http:\/\/ops.radlin.pl\/ops\/?page_id=2003"},"modified":"2017-09-18T10:21:15","modified_gmt":"2017-09-18T08:21:15","slug":"dodatek-z-tytulu-samotnego-wychowywania-dziecka","status":"publish","type":"page","link":"https:\/\/ops.radlin.pl\/ops\/dodatek-z-tytulu-samotnego-wychowywania-dziecka\/","title":{"rendered":"Dodatek z tytu\u0142u samotnego wychowywania dziecka"},"content":{"rendered":"<p style=\"text-align: left;\"><strong>Dodatek do zasi\u0142ku rodzinnego z tytu\u0142u samotnego wychowywania dziecka przys\u0142uguje w wysoko\u015bci 193,00 z\u0142 miesi\u0119cznie na dziecko, nie wi\u0119cej jednak ni\u017c 386,00 z\u0142 na wszystkie dzieci.<\/strong><\/p>\n<p style=\"text-align: left;\">W przypadku dziecka legitymuj\u0105cego si\u0119 orzeczeniem o niepe\u0142nosprawno\u015bci lub orzeczeniem o znacznym stopniu niepe\u0142nosprawno\u015bci kwot\u0119 dodatku zwi\u0119ksza si\u0119 o <strong>80 z\u0142<\/strong> na dziecko, nie wi\u0119cej jednak ni\u017c o <strong>160 z\u0142<\/strong> na wszystkie dzieci.<\/p>\n<p style=\"text-align: left;\">Dodatek z tytu\u0142u samotnego wychowywania dziecka przys\u0142uguje samotnie wychowuj\u0105cym dziecko matce lub ojcu, opiekunowi faktycznemu dziecka albo opiekunowi prawnemu dziecka, je\u017celi nie zosta\u0142o zas\u0105dzone \u015bwiadczenie alimentacyjne na rzecz dziecka od drugiego z rodzic\u00f3w dziecka, poniewa\u017c:<\/p>\n<ul>\n<li>drugi z rodzic\u00f3w dziecka nie \u017cyje;<\/li>\n<li>ojciec dziecka jest nieznany;<\/li>\n<li>pow\u00f3dztwo o ustalenie \u015bwiadczenia alimentacyjnego od drugiego z rodzic\u00f3w zosta\u0142o oddalone.<\/li>\n<\/ul>\n<p style=\"text-align: left;\">Dodatek przys\u0142uguje r\u00f3wnie\u017c pe\u0142noletniej osobie do uko\u0144czenia 24 roku \u017cycia, ucz\u0105cej si\u0119 w szkole lub w szkole wy\u017cszej, je\u017celi oboje rodzice osoby ucz\u0105cej si\u0119 nie \u017cyj\u0105.<\/p>\n","protected":false},"excerpt":{"rendered":"<p>Dodatek do zasi\u0142ku rodzinnego z tytu\u0142u samotnego wychowywania dziecka przys\u0142uguje w wysoko\u015bci 193,00 z\u0142 miesi\u0119cznie na dziecko, nie wi\u0119cej jednak ni\u017c 386,00 z\u0142 na wszystkie dzieci. W przypadku dziecka legitymuj\u0105cego si\u0119 orzeczeniem o niepe\u0142nosprawno\u015bci lub orzeczeniem o znacznym stopniu niepe\u0142nosprawno\u015bci kwot\u0119 dodatku zwi\u0119ksza si\u0119 o 80 z\u0142 na dziecko, nie wi\u0119cej jednak ni\u017c o 160&hellip; <a class=\"continue\" href=\"https:\/\/ops.radlin.pl\/ops\/dodatek-z-tytulu-samotnego-wychowywania-dziecka\/\"><strong>Czytaj wi\u0119cej:<\/strong><span> Dodatek z tytu\u0142u samotnego wychowywania dziecka<\/span><\/a><\/p>\n","protected":false},"author":1,"featured_media":0,"parent":0,"menu_order":0,"comment_status":"closed","ping_status":"closed","template":"","meta":{"footnotes":""},"class_list":["post-2003","page","type-page","status-publish","czr-hentry"],"aioseo_notices":[],"_links":{"self":[{"href":"https:\/\/ops.radlin.pl\/ops\/wp-json\/wp\/v2\/pages\/2003","targetHints":{"allow":["GET"]}}],"collection":[{"href":"https:\/\/ops.radlin.pl\/ops\/wp-json\/wp\/v2\/pages"}],"about":[{"href":"https:\/\/ops.radlin.pl\/ops\/wp-json\/wp\/v2\/types\/page"}],"author":[{"embeddable":true,"href":"https:\/\/ops.radlin.pl\/ops\/wp-json\/wp\/v2\/users\/1"}],"replies":[{"embeddable":true,"href":"https:\/\/ops.radlin.pl\/ops\/wp-json\/wp\/v2\/comments?post=2003"}],"version-history":[{"count":1,"href":"https:\/\/ops.radlin.pl\/ops\/wp-json\/wp\/v2\/pages\/2003\/revisions"}],"predecessor-version":[{"id":2004,"href":"https:\/\/ops.radlin.pl\/ops\/wp-json\/wp\/v2\/pages\/2003\/revisions\/2004"}],"wp:attachment":[{"href":"https:\/\/ops.radlin.pl\/ops\/wp-json\/wp\/v2\/media?parent=2003"}],"curies":[{"name":"wp","href":"https:\/\/api.w.org\/{rel}","templated":true}]}}