{"id":2005,"date":"2017-09-18T10:22:05","date_gmt":"2017-09-18T08:22:05","guid":{"rendered":"http:\/\/ops.radlin.pl\/ops\/?page_id=2005"},"modified":"2017-09-18T10:22:05","modified_gmt":"2017-09-18T08:22:05","slug":"dodatek-z-tytulu-wychowywania-dziecka-w-rodzinie-wielodzietnej","status":"publish","type":"page","link":"https:\/\/ops.radlin.pl\/ops\/dodatek-z-tytulu-wychowywania-dziecka-w-rodzinie-wielodzietnej\/","title":{"rendered":"Dodatek z tytu\u0142u wychowywania dziecka w rodzinie wielodzietnej"},"content":{"rendered":"<p style=\"text-align: left;\"><strong>Wysoko\u015b\u0107 dodatku do zasi\u0142ku rodzinnego z tytu\u0142u wychowywania dziecka w rodzinie wielodzietnej wynosi 95,00 z\u0142 miesi\u0119cznie.<\/strong><\/p>\n<p style=\"text-align: left;\">Dodatek przys\u0142uguje na trzecie i na nast\u0119pne dzieci uprawnione do zasi\u0142ku rodzinnego.<\/p>\n<p style=\"text-align: left;\">Dodatek z tytu\u0142u wychowywania dziecka w rodzinie wielodzietnej przys\u0142uguje matce lub ojcu, opiekunowi faktycznemu dziecka (osoba faktycznie opiekuj\u0105ca si\u0119 dzieckiem, je\u017celi wyst\u0105pi\u0142a z wnioskiem do sadu rodzinnego o przysposobienie dziecka) albo opiekunowi prawnemu dziecka.<\/p>\n","protected":false},"excerpt":{"rendered":"<p>Wysoko\u015b\u0107 dodatku do zasi\u0142ku rodzinnego z tytu\u0142u wychowywania dziecka w rodzinie wielodzietnej wynosi 95,00 z\u0142 miesi\u0119cznie. Dodatek przys\u0142uguje na trzecie i na nast\u0119pne dzieci uprawnione do zasi\u0142ku rodzinnego. Dodatek z tytu\u0142u wychowywania dziecka w rodzinie wielodzietnej przys\u0142uguje matce lub ojcu, opiekunowi faktycznemu dziecka (osoba faktycznie opiekuj\u0105ca si\u0119 dzieckiem, je\u017celi wyst\u0105pi\u0142a z wnioskiem do sadu rodzinnego&hellip; <a class=\"continue\" href=\"https:\/\/ops.radlin.pl\/ops\/dodatek-z-tytulu-wychowywania-dziecka-w-rodzinie-wielodzietnej\/\"><strong>Czytaj wi\u0119cej:<\/strong><span> Dodatek z tytu\u0142u wychowywania dziecka w rodzinie wielodzietnej<\/span><\/a><\/p>\n","protected":false},"author":1,"featured_media":0,"parent":0,"menu_order":0,"comment_status":"closed","ping_status":"closed","template":"","meta":{"footnotes":""},"class_list":["post-2005","page","type-page","status-publish","czr-hentry"],"aioseo_notices":[],"_links":{"self":[{"href":"https:\/\/ops.radlin.pl\/ops\/wp-json\/wp\/v2\/pages\/2005","targetHints":{"allow":["GET"]}}],"collection":[{"href":"https:\/\/ops.radlin.pl\/ops\/wp-json\/wp\/v2\/pages"}],"about":[{"href":"https:\/\/ops.radlin.pl\/ops\/wp-json\/wp\/v2\/types\/page"}],"author":[{"embeddable":true,"href":"https:\/\/ops.radlin.pl\/ops\/wp-json\/wp\/v2\/users\/1"}],"replies":[{"embeddable":true,"href":"https:\/\/ops.radlin.pl\/ops\/wp-json\/wp\/v2\/comments?post=2005"}],"version-history":[{"count":1,"href":"https:\/\/ops.radlin.pl\/ops\/wp-json\/wp\/v2\/pages\/2005\/revisions"}],"predecessor-version":[{"id":2006,"href":"https:\/\/ops.radlin.pl\/ops\/wp-json\/wp\/v2\/pages\/2005\/revisions\/2006"}],"wp:attachment":[{"href":"https:\/\/ops.radlin.pl\/ops\/wp-json\/wp\/v2\/media?parent=2005"}],"curies":[{"name":"wp","href":"https:\/\/api.w.org\/{rel}","templated":true}]}}