{"id":2007,"date":"2017-09-18T10:23:49","date_gmt":"2017-09-18T08:23:49","guid":{"rendered":"http:\/\/ops.radlin.pl\/ops\/?page_id=2007"},"modified":"2017-09-25T09:46:04","modified_gmt":"2017-09-25T07:46:04","slug":"dodatek-z-tytulu-ksztalcenia-i-rehabilitacji-dziecka-niepelnosprawnego","status":"publish","type":"page","link":"https:\/\/ops.radlin.pl\/ops\/dodatek-z-tytulu-ksztalcenia-i-rehabilitacji-dziecka-niepelnosprawnego\/","title":{"rendered":"Dodatek z tytu\u0142u kszta\u0142cenia i rehabilitacji dziecka niepe\u0142nosprawnego"},"content":{"rendered":"<p style=\"text-align: left;\"><strong>Wysoko\u015b\u0107 dodatku do zasi\u0142ku rodzinnego z tytu\u0142u kszta\u0142cenia i rehabilitacji dziecka niepe\u0142nosprawnego wynosi miesi\u0119cznie:<\/strong><\/p>\n<ol>\n<li><strong>90,00 z\u0142<\/strong> na dziecko w wieku do uko\u0144czenia 5 roku \u017cycia;<\/li>\n<li><strong>110,00 z\u0142<\/strong> na dziecko w wieku powy\u017cej 5 roku \u017cycia do uko\u0144czenia 24 roku \u017cycia.<\/li>\n<\/ol>\n<p style=\"text-align: left;\"><strong>Dodatek z tytu\u0142u kszta\u0142cenia i rehabilitacji dziecka przys\u0142uguje:<\/strong><\/p>\n<ul>\n<li>matce lub ojcu dziecka;<\/li>\n<li>opiekunowi faktycznemu dziecka (osoba faktycznie opiekuj\u0105ca si\u0119 dzieckiem, je\u017celi wyst\u0105pi\u0142a z wnioskiem do s\u0105du rodzinnego o przysposobienie dziecka) albo opiekunowi prawnemu dziecka, a tak\u017ce<\/li>\n<li>osobie ucz\u0105cej si\u0119 (osoba pe\u0142noletnia ucz\u0105ca si\u0119, niepozostaj\u0105ca na utrzymaniu rodzic\u00f3w w zwi\u0105zku z ich \u015bmierci\u0105 lub w zwi\u0105zku z ustaleniem wyrokiem s\u0105dowym lub ugod\u0105 s\u0105dow\u0105 prawa do aliment\u00f3w z ich strony)<\/li>\n<\/ul>\n<p style=\"text-align: left;\">na pokrycie zwi\u0119kszonych wydatk\u00f3w zwi\u0105zanych z rehabilitacj\u0105 lub kszta\u0142ceniem dziecka w wieku:<\/p>\n<ol>\n<li>do uko\u0144czenia 16 roku \u017cycia, je\u017celi legitymuje si\u0119 orzeczeniem o niepe\u0142nosprawno\u015bci,<\/li>\n<li>powy\u017cej 16 roku \u017cycia do uko\u0144czenia 24 roku \u017cycia, je\u017celi legitymuje si\u0119 orzeczeniem o umiarkowanym albo o znacznym stopniu niepe\u0142nosprawno\u015bci.<\/li>\n<\/ol>\n","protected":false},"excerpt":{"rendered":"<p>Wysoko\u015b\u0107 dodatku do zasi\u0142ku rodzinnego z tytu\u0142u kszta\u0142cenia i rehabilitacji dziecka niepe\u0142nosprawnego wynosi miesi\u0119cznie: 90,00 z\u0142 na dziecko w wieku do uko\u0144czenia 5 roku \u017cycia; 110,00 z\u0142 na dziecko w wieku powy\u017cej 5 roku \u017cycia do uko\u0144czenia 24 roku \u017cycia. Dodatek z tytu\u0142u kszta\u0142cenia i rehabilitacji dziecka przys\u0142uguje: matce lub ojcu dziecka; opiekunowi faktycznemu dziecka&hellip; <a class=\"continue\" href=\"https:\/\/ops.radlin.pl\/ops\/dodatek-z-tytulu-ksztalcenia-i-rehabilitacji-dziecka-niepelnosprawnego\/\"><strong>Czytaj wi\u0119cej:<\/strong><span> Dodatek z tytu\u0142u kszta\u0142cenia i rehabilitacji dziecka niepe\u0142nosprawnego<\/span><\/a><\/p>\n","protected":false},"author":1,"featured_media":0,"parent":0,"menu_order":0,"comment_status":"closed","ping_status":"closed","template":"","meta":{"footnotes":""},"class_list":["post-2007","page","type-page","status-publish","czr-hentry"],"aioseo_notices":[],"_links":{"self":[{"href":"https:\/\/ops.radlin.pl\/ops\/wp-json\/wp\/v2\/pages\/2007","targetHints":{"allow":["GET"]}}],"collection":[{"href":"https:\/\/ops.radlin.pl\/ops\/wp-json\/wp\/v2\/pages"}],"about":[{"href":"https:\/\/ops.radlin.pl\/ops\/wp-json\/wp\/v2\/types\/page"}],"author":[{"embeddable":true,"href":"https:\/\/ops.radlin.pl\/ops\/wp-json\/wp\/v2\/users\/1"}],"replies":[{"embeddable":true,"href":"https:\/\/ops.radlin.pl\/ops\/wp-json\/wp\/v2\/comments?post=2007"}],"version-history":[{"count":3,"href":"https:\/\/ops.radlin.pl\/ops\/wp-json\/wp\/v2\/pages\/2007\/revisions"}],"predecessor-version":[{"id":2517,"href":"https:\/\/ops.radlin.pl\/ops\/wp-json\/wp\/v2\/pages\/2007\/revisions\/2517"}],"wp:attachment":[{"href":"https:\/\/ops.radlin.pl\/ops\/wp-json\/wp\/v2\/media?parent=2007"}],"curies":[{"name":"wp","href":"https:\/\/api.w.org\/{rel}","templated":true}]}}