{"id":2009,"date":"2017-09-18T10:25:20","date_gmt":"2017-09-18T08:25:20","guid":{"rendered":"http:\/\/ops.radlin.pl\/ops\/?page_id=2009"},"modified":"2017-09-18T10:25:20","modified_gmt":"2017-09-18T08:25:20","slug":"dodatek-z-tytulu-podjecia-przez-dziecko-nauki-w-szkole-poza-miejscem-zamieszkania","status":"publish","type":"page","link":"https:\/\/ops.radlin.pl\/ops\/dodatek-z-tytulu-podjecia-przez-dziecko-nauki-w-szkole-poza-miejscem-zamieszkania\/","title":{"rendered":"Dodatek z tytu\u0142u podj\u0119cia przez dziecko nauki w szkole poza miejscem zamieszkania"},"content":{"rendered":"<p style=\"text-align: left;\"><strong>Dodatek do zasi\u0142ku rodzinnego z tytu\u0142u podj\u0119cia przez dziecko nauki w szkole poza miejscem zamieszkania przys\u0142uguje:<\/strong><\/p>\n<ol>\n<li>w zwi\u0105zku z zamieszkiwaniem w miejscowo\u015bci, w kt\u00f3rej znajduje si\u0119 siedziba szko\u0142y ponadgimnazjalnej lub szko\u0142y artystycznej, w kt\u00f3rej realizowany jest obowi\u0105zek szkolny i obowi\u0105zek nauki, a tak\u017ce szko\u0142y podstawowej lub gimnazjum w przypadku dziecka lub osoby ucz\u0105cej si\u0119, legitymuj\u0105cej si\u0119 orzeczeniem o niepe\u0142nosprawno\u015bci lub o stopniu niepe\u0142nosprawno\u015bci &#8211; w wysoko\u015bci <strong>113,00 z\u0142<\/strong> miesi\u0119cznie na dziecko albo<\/li>\n<li>w zwi\u0105zku z dojazdem z miejsca zamieszkania do miejscowo\u015bci, w kt\u00f3rej znajduje si\u0119 siedziba szko\u0142y, w przypadku dojazdu do szko\u0142y ponadgimnazjalnej, a tak\u017ce szko\u0142y artystycznej, w kt\u00f3rej realizowany jest obowi\u0105zek szkolny i obowi\u0105zek nauki w zakresie odpowiadaj\u0105cym nauce w szkole ponadgimnazjalnej &#8211; w wysoko\u015bci <strong>69,00 z\u0142<\/strong> miesi\u0119cznie na dziecko.<\/li>\n<\/ol>\n<p style=\"text-align: left;\">Dodatek przys\u0142uguje matce lub ojcu dziecka, opiekunowi prawnemu albo opiekunowi faktycznemu dziecka (osoba faktycznie opiekuj\u0105ca si\u0119 dzieckiem, je\u017celi wyst\u0105pi\u0142a z wnioskiem do s\u0105du rodzinnego o przysposobienie dziecka) lub osobie ucz\u0105cej si\u0119 (osoba pe\u0142noletnia ucz\u0105ca si\u0119, niepozostaj\u0105ca na utrzymaniu rodzic\u00f3w w zwi\u0105zku z ich \u015bmierci\u0105 lub w zwi\u0105zku z ustaleniem wyrokiem s\u0105dowym lub ugod\u0105 s\u0105dow\u0105 prawa do aliment\u00f3w z ich strony) przez 10 miesi\u0119cy w roku w okresie pobierania nauki od wrze\u015bnia do czerwca nast\u0119pnego roku kalendarzowego.<\/p>\n","protected":false},"excerpt":{"rendered":"<p>Dodatek do zasi\u0142ku rodzinnego z tytu\u0142u podj\u0119cia przez dziecko nauki w szkole poza miejscem zamieszkania przys\u0142uguje: w zwi\u0105zku z zamieszkiwaniem w miejscowo\u015bci, w kt\u00f3rej znajduje si\u0119 siedziba szko\u0142y ponadgimnazjalnej lub szko\u0142y artystycznej, w kt\u00f3rej realizowany jest obowi\u0105zek szkolny i obowi\u0105zek nauki, a tak\u017ce szko\u0142y podstawowej lub gimnazjum w przypadku dziecka lub osoby ucz\u0105cej si\u0119, legitymuj\u0105cej&hellip; <a class=\"continue\" href=\"https:\/\/ops.radlin.pl\/ops\/dodatek-z-tytulu-podjecia-przez-dziecko-nauki-w-szkole-poza-miejscem-zamieszkania\/\"><strong>Czytaj wi\u0119cej:<\/strong><span> Dodatek z tytu\u0142u podj\u0119cia przez dziecko nauki w szkole poza miejscem zamieszkania<\/span><\/a><\/p>\n","protected":false},"author":1,"featured_media":0,"parent":0,"menu_order":0,"comment_status":"closed","ping_status":"closed","template":"","meta":{"footnotes":""},"class_list":["post-2009","page","type-page","status-publish","czr-hentry"],"aioseo_notices":[],"_links":{"self":[{"href":"https:\/\/ops.radlin.pl\/ops\/wp-json\/wp\/v2\/pages\/2009","targetHints":{"allow":["GET"]}}],"collection":[{"href":"https:\/\/ops.radlin.pl\/ops\/wp-json\/wp\/v2\/pages"}],"about":[{"href":"https:\/\/ops.radlin.pl\/ops\/wp-json\/wp\/v2\/types\/page"}],"author":[{"embeddable":true,"href":"https:\/\/ops.radlin.pl\/ops\/wp-json\/wp\/v2\/users\/1"}],"replies":[{"embeddable":true,"href":"https:\/\/ops.radlin.pl\/ops\/wp-json\/wp\/v2\/comments?post=2009"}],"version-history":[{"count":1,"href":"https:\/\/ops.radlin.pl\/ops\/wp-json\/wp\/v2\/pages\/2009\/revisions"}],"predecessor-version":[{"id":2010,"href":"https:\/\/ops.radlin.pl\/ops\/wp-json\/wp\/v2\/pages\/2009\/revisions\/2010"}],"wp:attachment":[{"href":"https:\/\/ops.radlin.pl\/ops\/wp-json\/wp\/v2\/media?parent=2009"}],"curies":[{"name":"wp","href":"https:\/\/api.w.org\/{rel}","templated":true}]}}