{"id":2011,"date":"2017-09-18T10:26:12","date_gmt":"2017-09-18T08:26:12","guid":{"rendered":"http:\/\/ops.radlin.pl\/ops\/?page_id=2011"},"modified":"2017-09-18T10:26:12","modified_gmt":"2017-09-18T08:26:12","slug":"dodatek-z-tytulu-rozpoczecia-roku-szkolnego","status":"publish","type":"page","link":"https:\/\/ops.radlin.pl\/ops\/dodatek-z-tytulu-rozpoczecia-roku-szkolnego\/","title":{"rendered":"Dodatek z tytu\u0142u rozpocz\u0119cia roku szkolnego"},"content":{"rendered":"<p style=\"text-align: left;\"><strong>Dodatek do zasi\u0142ku rodzinnego z tytu\u0142u rozpocz\u0119cia roku szkolnego przys\u0142uguje raz w roku szkolnym w wysoko\u015bci 100 z\u0142 na dziecko.<\/strong><\/p>\n<p style=\"text-align: left;\">Dodatek z tytu\u0142u rozpocz\u0119cia roku szkolnego przys\u0142uguje matce lub ojcu, opiekunowi faktycznemu dziecka albo opiekunowi prawnemu dziecka, a tak\u017ce osobie ucz\u0105cej si\u0119 na cz\u0119\u015bciowe pokrycie wydatk\u00f3w zwi\u0105zanych z rozpocz\u0119ciem w szkole nowego roku szkolnego albo rocznego przygotowania przedszkolnego.<\/p>\n<p style=\"text-align: left;\">Wniosek o wyp\u0142at\u0119 dodatku sk\u0142ada si\u0119 do dnia zako\u0144czenia okresu zasi\u0142kowego, w kt\u00f3rym rozpocz\u0119to rok szkolny albo roczne przygotowanie przedszkolne. Wniosek z\u0142o\u017cony po terminie organ w\u0142a\u015bciwy pozostawia bez rozpoznania.<\/p>\n","protected":false},"excerpt":{"rendered":"<p>Dodatek do zasi\u0142ku rodzinnego z tytu\u0142u rozpocz\u0119cia roku szkolnego przys\u0142uguje raz w roku szkolnym w wysoko\u015bci 100 z\u0142 na dziecko. Dodatek z tytu\u0142u rozpocz\u0119cia roku szkolnego przys\u0142uguje matce lub ojcu, opiekunowi faktycznemu dziecka albo opiekunowi prawnemu dziecka, a tak\u017ce osobie ucz\u0105cej si\u0119 na cz\u0119\u015bciowe pokrycie wydatk\u00f3w zwi\u0105zanych z rozpocz\u0119ciem w szkole nowego roku szkolnego albo&hellip; <a class=\"continue\" href=\"https:\/\/ops.radlin.pl\/ops\/dodatek-z-tytulu-rozpoczecia-roku-szkolnego\/\"><strong>Czytaj wi\u0119cej:<\/strong><span> Dodatek z tytu\u0142u rozpocz\u0119cia roku szkolnego<\/span><\/a><\/p>\n","protected":false},"author":1,"featured_media":0,"parent":0,"menu_order":0,"comment_status":"closed","ping_status":"closed","template":"","meta":{"footnotes":""},"class_list":["post-2011","page","type-page","status-publish","czr-hentry"],"aioseo_notices":[],"_links":{"self":[{"href":"https:\/\/ops.radlin.pl\/ops\/wp-json\/wp\/v2\/pages\/2011","targetHints":{"allow":["GET"]}}],"collection":[{"href":"https:\/\/ops.radlin.pl\/ops\/wp-json\/wp\/v2\/pages"}],"about":[{"href":"https:\/\/ops.radlin.pl\/ops\/wp-json\/wp\/v2\/types\/page"}],"author":[{"embeddable":true,"href":"https:\/\/ops.radlin.pl\/ops\/wp-json\/wp\/v2\/users\/1"}],"replies":[{"embeddable":true,"href":"https:\/\/ops.radlin.pl\/ops\/wp-json\/wp\/v2\/comments?post=2011"}],"version-history":[{"count":1,"href":"https:\/\/ops.radlin.pl\/ops\/wp-json\/wp\/v2\/pages\/2011\/revisions"}],"predecessor-version":[{"id":2012,"href":"https:\/\/ops.radlin.pl\/ops\/wp-json\/wp\/v2\/pages\/2011\/revisions\/2012"}],"wp:attachment":[{"href":"https:\/\/ops.radlin.pl\/ops\/wp-json\/wp\/v2\/media?parent=2011"}],"curies":[{"name":"wp","href":"https:\/\/api.w.org\/{rel}","templated":true}]}}