{"id":2056,"date":"2017-09-18T11:55:07","date_gmt":"2017-09-18T09:55:07","guid":{"rendered":"http:\/\/ops.radlin.pl\/ops\/?page_id=2056"},"modified":"2017-09-18T11:56:03","modified_gmt":"2017-09-18T09:56:03","slug":"galeria02","status":"publish","type":"page","link":"https:\/\/ops.radlin.pl\/ops\/galeria02\/","title":{"rendered":"Galeria zdj\u0119\u0107 &#8211; Dzie\u0144 Wolontariusza (05.12.2016)"},"content":{"rendered":"<h4 style=\"text-align: center;\"><a href=\"http:\/\/ops.radlin.pl\/ops\/galeria\/\">Powr\u00f3t do listy galerii<\/a><\/h4>\n<p>&nbsp;<\/p>\n\n\t\t<style type=\"text\/css\">\n\t\t\t#gallery-1 {\n\t\t\t\tmargin: auto;\n\t\t\t}\n\t\t\t#gallery-1 .gallery-item {\n\t\t\t\tfloat: left;\n\t\t\t\tmargin-top: 10px;\n\t\t\t\ttext-align: center;\n\t\t\t\twidth: 20%;\n\t\t\t}\n\t\t\t#gallery-1 img {\n\t\t\t\tborder: 2px solid #cfcfcf;\n\t\t\t}\n\t\t\t#gallery-1 .gallery-caption {\n\t\t\t\tmargin-left: 0;\n\t\t\t}\n\t\t\t\/* see gallery_shortcode() in wp-includes\/media.php *\/\n\t\t<\/style>\n\t\t<div id='gallery-1' class='gallery galleryid-2056 gallery-columns-5 gallery-size-thumbnail'><dl class='gallery-item'>\n\t\t\t<dt class='gallery-icon landscape'>\n\t\t\t\t<a class=\"grouped_elements\" rel=\"tc-fancybox-group\" href=\"https:\/\/ops.radlin.pl\/ops\/wp-content\/uploads\/2017\/09\/2016-0-12-05-Dzie\u0144-Wolontariusza-01.jpg\" title=\"2016-0-12-05 Dzie\u0144 Wolontariusza 01\"><img loading=\"lazy\" decoding=\"async\" width=\"150\" height=\"150\" src=\"https:\/\/ops.radlin.pl\/ops\/wp-content\/uploads\/2017\/09\/2016-0-12-05-Dzie\u0144-Wolontariusza-01-150x150.jpg\" class=\"attachment-thumbnail size-thumbnail no-lazy\" alt=\"2016-12-05 Dzie\u0144 Wolontariusza\" \/><\/a>\n\t\t\t<\/dt><\/dl><dl class='gallery-item'>\n\t\t\t<dt class='gallery-icon landscape'>\n\t\t\t\t<a class=\"grouped_elements\" rel=\"tc-fancybox-group\" href=\"https:\/\/ops.radlin.pl\/ops\/wp-content\/uploads\/2017\/09\/2016-0-12-05-Dzie\u0144-Wolontariusza-02.jpg\" title=\"2016-0-12-05 Dzie\u0144 Wolontariusza 02\"><img loading=\"lazy\" decoding=\"async\" width=\"150\" height=\"150\" src=\"https:\/\/ops.radlin.pl\/ops\/wp-content\/uploads\/2017\/09\/2016-0-12-05-Dzie\u0144-Wolontariusza-02-150x150.jpg\" class=\"attachment-thumbnail size-thumbnail no-lazy\" alt=\"2016-12-05 Dzie\u0144 Wolontariusza\" \/><\/a>\n\t\t\t<\/dt><\/dl><dl class='gallery-item'>\n\t\t\t<dt class='gallery-icon landscape'>\n\t\t\t\t<a class=\"grouped_elements\" rel=\"tc-fancybox-group\" href=\"https:\/\/ops.radlin.pl\/ops\/wp-content\/uploads\/2017\/09\/2016-0-12-05-Dzie\u0144-Wolontariusza-03.jpg\" title=\"2016-0-12-05 Dzie\u0144 Wolontariusza 03\"><img loading=\"lazy\" decoding=\"async\" width=\"150\" height=\"150\" src=\"https:\/\/ops.radlin.pl\/ops\/wp-content\/uploads\/2017\/09\/2016-0-12-05-Dzie\u0144-Wolontariusza-03-150x150.jpg\" class=\"attachment-thumbnail size-thumbnail no-lazy\" alt=\"2016-12-05 Dzie\u0144 Wolontariusza\" \/><\/a>\n\t\t\t<\/dt><\/dl><dl class='gallery-item'>\n\t\t\t<dt class='gallery-icon landscape'>\n\t\t\t\t<a class=\"grouped_elements\" rel=\"tc-fancybox-group\" href=\"https:\/\/ops.radlin.pl\/ops\/wp-content\/uploads\/2017\/09\/2016-0-12-05-Dzie\u0144-Wolontariusza-04.jpg\" title=\"2016-0-12-05 Dzie\u0144 Wolontariusza 04\"><img loading=\"lazy\" decoding=\"async\" width=\"150\" height=\"150\" src=\"https:\/\/ops.radlin.pl\/ops\/wp-content\/uploads\/2017\/09\/2016-0-12-05-Dzie\u0144-Wolontariusza-04-150x150.jpg\" class=\"attachment-thumbnail size-thumbnail no-lazy\" alt=\"2016-12-05 Dzie\u0144 Wolontariusza\" \/><\/a>\n\t\t\t<\/dt><\/dl><dl class='gallery-item'>\n\t\t\t<dt class='gallery-icon landscape'>\n\t\t\t\t<a class=\"grouped_elements\" rel=\"tc-fancybox-group\" href=\"https:\/\/ops.radlin.pl\/ops\/wp-content\/uploads\/2017\/09\/2016-0-12-05-Dzie\u0144-Wolontariusza-05.jpg\" title=\"2016-0-12-05 Dzie\u0144 Wolontariusza 05\"><img loading=\"lazy\" decoding=\"async\" width=\"150\" height=\"150\" src=\"https:\/\/ops.radlin.pl\/ops\/wp-content\/uploads\/2017\/09\/2016-0-12-05-Dzie\u0144-Wolontariusza-05-150x150.jpg\" class=\"attachment-thumbnail size-thumbnail no-lazy\" alt=\"2016-12-05 Dzie\u0144 Wolontariusza\" \/><\/a>\n\t\t\t<\/dt><\/dl><br style=\"clear: both\" \/><dl class='gallery-item'>\n\t\t\t<dt class='gallery-icon landscape'>\n\t\t\t\t<a class=\"grouped_elements\" rel=\"tc-fancybox-group\" href=\"https:\/\/ops.radlin.pl\/ops\/wp-content\/uploads\/2017\/09\/2016-0-12-05-Dzie\u0144-Wolontariusza-06.jpg\" title=\"2016-0-12-05 Dzie\u0144 Wolontariusza 06\"><img loading=\"lazy\" decoding=\"async\" width=\"150\" height=\"150\" src=\"https:\/\/ops.radlin.pl\/ops\/wp-content\/uploads\/2017\/09\/2016-0-12-05-Dzie\u0144-Wolontariusza-06-150x150.jpg\" class=\"attachment-thumbnail size-thumbnail no-lazy\" alt=\"2016-12-05 Dzie\u0144 Wolontariusza\" \/><\/a>\n\t\t\t<\/dt><\/dl><dl class='gallery-item'>\n\t\t\t<dt class='gallery-icon landscape'>\n\t\t\t\t<a class=\"grouped_elements\" rel=\"tc-fancybox-group\" href=\"https:\/\/ops.radlin.pl\/ops\/wp-content\/uploads\/2017\/09\/2016-0-12-05-Dzie\u0144-Wolontariusza-07.jpg\" title=\"2016-0-12-05 Dzie\u0144 Wolontariusza 07\"><img loading=\"lazy\" decoding=\"async\" width=\"150\" height=\"150\" src=\"https:\/\/ops.radlin.pl\/ops\/wp-content\/uploads\/2017\/09\/2016-0-12-05-Dzie\u0144-Wolontariusza-07-150x150.jpg\" class=\"attachment-thumbnail size-thumbnail no-lazy\" alt=\"2016-12-05 Dzie\u0144 Wolontariusza\" \/><\/a>\n\t\t\t<\/dt><\/dl><dl class='gallery-item'>\n\t\t\t<dt class='gallery-icon portrait'>\n\t\t\t\t<a class=\"grouped_elements\" rel=\"tc-fancybox-group\" href=\"https:\/\/ops.radlin.pl\/ops\/wp-content\/uploads\/2017\/09\/2016-0-12-05-Dzie\u0144-Wolontariusza-08.jpg\" title=\"2016-0-12-05 Dzie\u0144 Wolontariusza 08\"><img loading=\"lazy\" decoding=\"async\" width=\"150\" height=\"150\" src=\"https:\/\/ops.radlin.pl\/ops\/wp-content\/uploads\/2017\/09\/2016-0-12-05-Dzie\u0144-Wolontariusza-08-150x150.jpg\" class=\"attachment-thumbnail size-thumbnail no-lazy\" alt=\"2016-12-05 Dzie\u0144 Wolontariusza\" \/><\/a>\n\t\t\t<\/dt><\/dl><dl class='gallery-item'>\n\t\t\t<dt class='gallery-icon portrait'>\n\t\t\t\t<a class=\"grouped_elements\" rel=\"tc-fancybox-group\" href=\"https:\/\/ops.radlin.pl\/ops\/wp-content\/uploads\/2017\/09\/2016-0-12-05-Dzie\u0144-Wolontariusza-09.jpg\" title=\"2016-0-12-05 Dzie\u0144 Wolontariusza 09\"><img loading=\"lazy\" decoding=\"async\" width=\"150\" height=\"150\" src=\"https:\/\/ops.radlin.pl\/ops\/wp-content\/uploads\/2017\/09\/2016-0-12-05-Dzie\u0144-Wolontariusza-09-150x150.jpg\" class=\"attachment-thumbnail size-thumbnail no-lazy\" alt=\"2016-12-05 Dzie\u0144 Wolontariusza\" \/><\/a>\n\t\t\t<\/dt><\/dl><dl class='gallery-item'>\n\t\t\t<dt class='gallery-icon landscape'>\n\t\t\t\t<a class=\"grouped_elements\" rel=\"tc-fancybox-group\" href=\"https:\/\/ops.radlin.pl\/ops\/wp-content\/uploads\/2017\/09\/2016-0-12-05-Dzie\u0144-Wolontariusza-10.jpg\" title=\"2016-0-12-05 Dzie\u0144 Wolontariusza 10\"><img loading=\"lazy\" decoding=\"async\" width=\"150\" height=\"150\" src=\"https:\/\/ops.radlin.pl\/ops\/wp-content\/uploads\/2017\/09\/2016-0-12-05-Dzie\u0144-Wolontariusza-10-150x150.jpg\" class=\"attachment-thumbnail size-thumbnail no-lazy\" alt=\"2016-12-05 Dzie\u0144 Wolontariusza\" \/><\/a>\n\t\t\t<\/dt><\/dl><br style=\"clear: both\" \/><dl class='gallery-item'>\n\t\t\t<dt class='gallery-icon landscape'>\n\t\t\t\t<a class=\"grouped_elements\" rel=\"tc-fancybox-group\" href=\"https:\/\/ops.radlin.pl\/ops\/wp-content\/uploads\/2017\/09\/2016-0-12-05-Dzie\u0144-Wolontariusza-11.jpg\" title=\"2016-0-12-05 Dzie\u0144 Wolontariusza 11\"><img loading=\"lazy\" decoding=\"async\" width=\"150\" height=\"150\" src=\"https:\/\/ops.radlin.pl\/ops\/wp-content\/uploads\/2017\/09\/2016-0-12-05-Dzie\u0144-Wolontariusza-11-150x150.jpg\" class=\"attachment-thumbnail size-thumbnail no-lazy\" alt=\"2016-12-05 Dzie\u0144 Wolontariusza\" \/><\/a>\n\t\t\t<\/dt><\/dl><dl class='gallery-item'>\n\t\t\t<dt class='gallery-icon landscape'>\n\t\t\t\t<a class=\"grouped_elements\" rel=\"tc-fancybox-group\" href=\"https:\/\/ops.radlin.pl\/ops\/wp-content\/uploads\/2017\/09\/2016-0-12-05-Dzie\u0144-Wolontariusza-12.jpg\" title=\"2016-0-12-05 Dzie\u0144 Wolontariusza 12\"><img loading=\"lazy\" decoding=\"async\" width=\"150\" height=\"150\" src=\"https:\/\/ops.radlin.pl\/ops\/wp-content\/uploads\/2017\/09\/2016-0-12-05-Dzie\u0144-Wolontariusza-12-150x150.jpg\" class=\"attachment-thumbnail size-thumbnail no-lazy\" alt=\"2016-12-05 Dzie\u0144 Wolontariusza\" \/><\/a>\n\t\t\t<\/dt><\/dl><dl class='gallery-item'>\n\t\t\t<dt class='gallery-icon landscape'>\n\t\t\t\t<a class=\"grouped_elements\" rel=\"tc-fancybox-group\" href=\"https:\/\/ops.radlin.pl\/ops\/wp-content\/uploads\/2017\/09\/2016-0-12-05-Dzie\u0144-Wolontariusza-13.jpg\" title=\"2016-0-12-05 Dzie\u0144 Wolontariusza 13\"><img loading=\"lazy\" decoding=\"async\" width=\"150\" height=\"150\" src=\"https:\/\/ops.radlin.pl\/ops\/wp-content\/uploads\/2017\/09\/2016-0-12-05-Dzie\u0144-Wolontariusza-13-150x150.jpg\" class=\"attachment-thumbnail size-thumbnail no-lazy\" alt=\"2016-12-05 Dzie\u0144 Wolontariusza\" \/><\/a>\n\t\t\t<\/dt><\/dl><dl class='gallery-item'>\n\t\t\t<dt class='gallery-icon portrait'>\n\t\t\t\t<a class=\"grouped_elements\" rel=\"tc-fancybox-group\" href=\"https:\/\/ops.radlin.pl\/ops\/wp-content\/uploads\/2017\/09\/2016-0-12-05-Dzie\u0144-Wolontariusza-14.jpg\" title=\"2016-0-12-05 Dzie\u0144 Wolontariusza 14\"><img loading=\"lazy\" decoding=\"async\" width=\"150\" height=\"150\" src=\"https:\/\/ops.radlin.pl\/ops\/wp-content\/uploads\/2017\/09\/2016-0-12-05-Dzie\u0144-Wolontariusza-14-150x150.jpg\" class=\"attachment-thumbnail size-thumbnail no-lazy\" alt=\"2016-12-05 Dzie\u0144 Wolontariusza\" \/><\/a>\n\t\t\t<\/dt><\/dl><dl class='gallery-item'>\n\t\t\t<dt class='gallery-icon landscape'>\n\t\t\t\t<a class=\"grouped_elements\" rel=\"tc-fancybox-group\" href=\"https:\/\/ops.radlin.pl\/ops\/wp-content\/uploads\/2017\/09\/2016-0-12-05-Dzie\u0144-Wolontariusza-15.jpg\" title=\"2016-0-12-05 Dzie\u0144 Wolontariusza 15\"><img loading=\"lazy\" decoding=\"async\" width=\"150\" height=\"150\" src=\"https:\/\/ops.radlin.pl\/ops\/wp-content\/uploads\/2017\/09\/2016-0-12-05-Dzie\u0144-Wolontariusza-15-150x150.jpg\" class=\"attachment-thumbnail size-thumbnail no-lazy\" alt=\"2016-12-05 Dzie\u0144 Wolontariusza\" \/><\/a>\n\t\t\t<\/dt><\/dl><br style=\"clear: both\" \/><dl class='gallery-item'>\n\t\t\t<dt class='gallery-icon landscape'>\n\t\t\t\t<a class=\"grouped_elements\" rel=\"tc-fancybox-group\" href=\"https:\/\/ops.radlin.pl\/ops\/wp-content\/uploads\/2017\/09\/2016-0-12-05-Dzie\u0144-Wolontariusza-16.jpg\" title=\"2016-0-12-05 Dzie\u0144 Wolontariusza 16\"><img loading=\"lazy\" decoding=\"async\" width=\"150\" height=\"150\" src=\"https:\/\/ops.radlin.pl\/ops\/wp-content\/uploads\/2017\/09\/2016-0-12-05-Dzie\u0144-Wolontariusza-16-150x150.jpg\" class=\"attachment-thumbnail size-thumbnail no-lazy\" alt=\"2016-12-05 Dzie\u0144 Wolontariusza\" \/><\/a>\n\t\t\t<\/dt><\/dl><dl class='gallery-item'>\n\t\t\t<dt class='gallery-icon landscape'>\n\t\t\t\t<a class=\"grouped_elements\" rel=\"tc-fancybox-group\" href=\"https:\/\/ops.radlin.pl\/ops\/wp-content\/uploads\/2017\/09\/2016-0-12-05-Dzie\u0144-Wolontariusza-17.jpg\" title=\"2016-0-12-05 Dzie\u0144 Wolontariusza 17\"><img loading=\"lazy\" decoding=\"async\" width=\"150\" height=\"150\" src=\"https:\/\/ops.radlin.pl\/ops\/wp-content\/uploads\/2017\/09\/2016-0-12-05-Dzie\u0144-Wolontariusza-17-150x150.jpg\" class=\"attachment-thumbnail size-thumbnail no-lazy\" alt=\"2016-12-05 Dzie\u0144 Wolontariusza\" \/><\/a>\n\t\t\t<\/dt><\/dl><dl class='gallery-item'>\n\t\t\t<dt class='gallery-icon landscape'>\n\t\t\t\t<a class=\"grouped_elements\" rel=\"tc-fancybox-group\" href=\"https:\/\/ops.radlin.pl\/ops\/wp-content\/uploads\/2017\/09\/2016-0-12-05-Dzie\u0144-Wolontariusza-18.jpg\" title=\"2016-0-12-05 Dzie\u0144 Wolontariusza 18\"><img loading=\"lazy\" decoding=\"async\" width=\"150\" height=\"150\" src=\"https:\/\/ops.radlin.pl\/ops\/wp-content\/uploads\/2017\/09\/2016-0-12-05-Dzie\u0144-Wolontariusza-18-150x150.jpg\" class=\"attachment-thumbnail size-thumbnail no-lazy\" alt=\"2016-12-05 Dzie\u0144 Wolontariusza\" \/><\/a>\n\t\t\t<\/dt><\/dl><dl class='gallery-item'>\n\t\t\t<dt class='gallery-icon landscape'>\n\t\t\t\t<a class=\"grouped_elements\" rel=\"tc-fancybox-group\" href=\"https:\/\/ops.radlin.pl\/ops\/wp-content\/uploads\/2017\/09\/2016-0-12-05-Dzie\u0144-Wolontariusza-19.jpg\" title=\"2016-0-12-05 Dzie\u0144 Wolontariusza 19\"><img loading=\"lazy\" decoding=\"async\" width=\"150\" height=\"150\" src=\"https:\/\/ops.radlin.pl\/ops\/wp-content\/uploads\/2017\/09\/2016-0-12-05-Dzie\u0144-Wolontariusza-19-150x150.jpg\" class=\"attachment-thumbnail size-thumbnail no-lazy\" alt=\"2016-12-05 Dzie\u0144 Wolontariusza\" \/><\/a>\n\t\t\t<\/dt><\/dl><dl class='gallery-item'>\n\t\t\t<dt class='gallery-icon landscape'>\n\t\t\t\t<a class=\"grouped_elements\" rel=\"tc-fancybox-group\" href=\"https:\/\/ops.radlin.pl\/ops\/wp-content\/uploads\/2017\/09\/2016-0-12-05-Dzie\u0144-Wolontariusza-20.jpg\" title=\"2016-0-12-05 Dzie\u0144 Wolontariusza 20\"><img loading=\"lazy\" decoding=\"async\" width=\"150\" height=\"150\" src=\"https:\/\/ops.radlin.pl\/ops\/wp-content\/uploads\/2017\/09\/2016-0-12-05-Dzie\u0144-Wolontariusza-20-150x150.jpg\" class=\"attachment-thumbnail size-thumbnail no-lazy\" alt=\"2016-12-05 Dzie\u0144 Wolontariusza\" \/><\/a>\n\t\t\t<\/dt><\/dl><br style=\"clear: both\" \/><dl class='gallery-item'>\n\t\t\t<dt class='gallery-icon landscape'>\n\t\t\t\t<a class=\"grouped_elements\" rel=\"tc-fancybox-group\" href=\"https:\/\/ops.radlin.pl\/ops\/wp-content\/uploads\/2017\/09\/2016-0-12-05-Dzie\u0144-Wolontariusza-21.jpg\" title=\"2016-0-12-05 Dzie\u0144 Wolontariusza 21\"><img loading=\"lazy\" decoding=\"async\" width=\"150\" height=\"150\" src=\"https:\/\/ops.radlin.pl\/ops\/wp-content\/uploads\/2017\/09\/2016-0-12-05-Dzie\u0144-Wolontariusza-21-150x150.jpg\" class=\"attachment-thumbnail size-thumbnail no-lazy\" alt=\"2016-12-05 Dzie\u0144 Wolontariusza\" \/><\/a>\n\t\t\t<\/dt><\/dl><dl class='gallery-item'>\n\t\t\t<dt class='gallery-icon landscape'>\n\t\t\t\t<a class=\"grouped_elements\" rel=\"tc-fancybox-group\" href=\"https:\/\/ops.radlin.pl\/ops\/wp-content\/uploads\/2017\/09\/2016-0-12-05-Dzie\u0144-Wolontariusza-22.jpg\" title=\"2016-0-12-05 Dzie\u0144 Wolontariusza 22\"><img loading=\"lazy\" decoding=\"async\" width=\"150\" height=\"150\" src=\"https:\/\/ops.radlin.pl\/ops\/wp-content\/uploads\/2017\/09\/2016-0-12-05-Dzie\u0144-Wolontariusza-22-150x150.jpg\" class=\"attachment-thumbnail size-thumbnail no-lazy\" alt=\"2016-12-05 Dzie\u0144 Wolontariusza\" \/><\/a>\n\t\t\t<\/dt><\/dl><dl class='gallery-item'>\n\t\t\t<dt class='gallery-icon landscape'>\n\t\t\t\t<a class=\"grouped_elements\" rel=\"tc-fancybox-group\" href=\"https:\/\/ops.radlin.pl\/ops\/wp-content\/uploads\/2017\/09\/2016-0-12-05-Dzie\u0144-Wolontariusza-23.jpg\" title=\"2016-0-12-05 Dzie\u0144 Wolontariusza 23\"><img loading=\"lazy\" decoding=\"async\" width=\"150\" height=\"150\" src=\"https:\/\/ops.radlin.pl\/ops\/wp-content\/uploads\/2017\/09\/2016-0-12-05-Dzie\u0144-Wolontariusza-23-150x150.jpg\" class=\"attachment-thumbnail size-thumbnail no-lazy\" alt=\"2016-12-05 Dzie\u0144 Wolontariusza\" \/><\/a>\n\t\t\t<\/dt><\/dl><dl class='gallery-item'>\n\t\t\t<dt class='gallery-icon landscape'>\n\t\t\t\t<a class=\"grouped_elements\" rel=\"tc-fancybox-group\" href=\"https:\/\/ops.radlin.pl\/ops\/wp-content\/uploads\/2017\/09\/2016-0-12-05-Dzie\u0144-Wolontariusza-24.jpg\" title=\"2016-0-12-05 Dzie\u0144 Wolontariusza 24\"><img loading=\"lazy\" decoding=\"async\" width=\"150\" height=\"150\" src=\"https:\/\/ops.radlin.pl\/ops\/wp-content\/uploads\/2017\/09\/2016-0-12-05-Dzie\u0144-Wolontariusza-24-150x150.jpg\" class=\"attachment-thumbnail size-thumbnail no-lazy\" alt=\"2016-12-05 Dzie\u0144 Wolontariusza\" \/><\/a>\n\t\t\t<\/dt><\/dl><dl class='gallery-item'>\n\t\t\t<dt class='gallery-icon landscape'>\n\t\t\t\t<a class=\"grouped_elements\" rel=\"tc-fancybox-group\" href=\"https:\/\/ops.radlin.pl\/ops\/wp-content\/uploads\/2017\/09\/2016-0-12-05-Dzie\u0144-Wolontariusza-25.jpg\" title=\"2016-0-12-05 Dzie\u0144 Wolontariusza 25\"><img loading=\"lazy\" decoding=\"async\" width=\"150\" height=\"150\" src=\"https:\/\/ops.radlin.pl\/ops\/wp-content\/uploads\/2017\/09\/2016-0-12-05-Dzie\u0144-Wolontariusza-25-150x150.jpg\" class=\"attachment-thumbnail size-thumbnail no-lazy\" alt=\"2016-12-05 Dzie\u0144 Wolontariusza\" \/><\/a>\n\t\t\t<\/dt><\/dl><br style=\"clear: both\" \/><dl class='gallery-item'>\n\t\t\t<dt class='gallery-icon landscape'>\n\t\t\t\t<a class=\"grouped_elements\" rel=\"tc-fancybox-group\" href=\"https:\/\/ops.radlin.pl\/ops\/wp-content\/uploads\/2017\/09\/2016-0-12-05-Dzie\u0144-Wolontariusza-26.jpg\" title=\"2016-0-12-05 Dzie\u0144 Wolontariusza 26\"><img loading=\"lazy\" decoding=\"async\" width=\"150\" height=\"150\" src=\"https:\/\/ops.radlin.pl\/ops\/wp-content\/uploads\/2017\/09\/2016-0-12-05-Dzie\u0144-Wolontariusza-26-150x150.jpg\" class=\"attachment-thumbnail size-thumbnail no-lazy\" alt=\"2016-12-05 Dzie\u0144 Wolontariusza\" \/><\/a>\n\t\t\t<\/dt><\/dl><dl class='gallery-item'>\n\t\t\t<dt class='gallery-icon landscape'>\n\t\t\t\t<a class=\"grouped_elements\" rel=\"tc-fancybox-group\" href=\"https:\/\/ops.radlin.pl\/ops\/wp-content\/uploads\/2017\/09\/2016-0-12-05-Dzie\u0144-Wolontariusza-27.jpg\" title=\"2016-0-12-05 Dzie\u0144 Wolontariusza 27\"><img loading=\"lazy\" decoding=\"async\" width=\"150\" height=\"150\" src=\"https:\/\/ops.radlin.pl\/ops\/wp-content\/uploads\/2017\/09\/2016-0-12-05-Dzie\u0144-Wolontariusza-27-150x150.jpg\" class=\"attachment-thumbnail size-thumbnail no-lazy\" alt=\"2016-12-05 Dzie\u0144 Wolontariusza\" \/><\/a>\n\t\t\t<\/dt><\/dl>\n\t\t\t<br style='clear: both' \/>\n\t\t<\/div>\n\n<h4 style=\"text-align: center;\"><a href=\"http:\/\/ops.radlin.pl\/ops\/galeria\/\">Powr\u00f3t do listy galerii<\/a><\/h4>\n<p>&nbsp;<\/p>\n","protected":false},"excerpt":{"rendered":"<p>Powr\u00f3t do listy galerii &nbsp; Powr\u00f3t do listy galerii &nbsp;<\/p>\n","protected":false},"author":1,"featured_media":0,"parent":0,"menu_order":0,"comment_status":"closed","ping_status":"closed","template":"","meta":{"footnotes":""},"class_list":["post-2056","page","type-page","status-publish","czr-hentry"],"aioseo_notices":[],"_links":{"self":[{"href":"https:\/\/ops.radlin.pl\/ops\/wp-json\/wp\/v2\/pages\/2056","targetHints":{"allow":["GET"]}}],"collection":[{"href":"https:\/\/ops.radlin.pl\/ops\/wp-json\/wp\/v2\/pages"}],"about":[{"href":"https:\/\/ops.radlin.pl\/ops\/wp-json\/wp\/v2\/types\/page"}],"author":[{"embeddable":true,"href":"https:\/\/ops.radlin.pl\/ops\/wp-json\/wp\/v2\/users\/1"}],"replies":[{"embeddable":true,"href":"https:\/\/ops.radlin.pl\/ops\/wp-json\/wp\/v2\/comments?post=2056"}],"version-history":[{"count":3,"href":"https:\/\/ops.radlin.pl\/ops\/wp-json\/wp\/v2\/pages\/2056\/revisions"}],"predecessor-version":[{"id":3212,"href":"https:\/\/ops.radlin.pl\/ops\/wp-json\/wp\/v2\/pages\/2056\/revisions\/3212"}],"wp:attachment":[{"href":"https:\/\/ops.radlin.pl\/ops\/wp-json\/wp\/v2\/media?parent=2056"}],"curies":[{"name":"wp","href":"https:\/\/api.w.org\/{rel}","templated":true}]}}