{"id":2275,"date":"2017-09-19T09:44:03","date_gmt":"2017-09-19T07:44:03","guid":{"rendered":"http:\/\/ops.radlin.pl\/ops\/?page_id=2275"},"modified":"2017-09-21T07:37:48","modified_gmt":"2017-09-21T05:37:48","slug":"swiadczenia-rodzinne","status":"publish","type":"page","link":"https:\/\/ops.radlin.pl\/ops\/swiadczenia-rodzinne\/","title":{"rendered":"\u015awiadczenia rodzinne"},"content":{"rendered":"<h3 style=\"text-align: center;\"><strong>\u015awiadczeniami rodzinnymi s\u0105:<\/strong><\/h3>\n<p>&nbsp;<br \/>\n\n<table id=\"tablepress-42\" class=\"tablepress tablepress-id-42\">\n<thead>\n<tr class=\"row-1\">\n\t<th class=\"column-1\">Nazwa \u015bwiadczenia<\/th><th class=\"column-2\">Kryterium dochodowe<\/th>\n<\/tr>\n<\/thead>\n<tbody class=\"row-striping row-hover\">\n<tr class=\"row-2\">\n\t<td class=\"column-1\"><a href=\"http:\/\/ops.radlin.pl\/ops\/zasilek-rodzinny\/\">Zasi\u0142ek rodzinny oraz dodatki do zasi\u0142ku<\/a><\/td><td class=\"column-2\"><strong>674 z\u0142<\/strong> - doch\u00f3d rodziny na osob\u0119<br \/>\n<strong>764 z\u0142<\/strong> - dla rodziny                                     z niepe\u0142nosprawnym dzieckiem<\/td>\n<\/tr>\n<tr class=\"row-3\">\n\t<td class=\"column-1\"><a href=\"http:\/\/ops.radlin.pl\/ops\/jednorazowa-zapomoga-z-tytulu-urodzenia-sie-dziecka\/\">Jednorazowa zapomoga z tyt. urodzenia si\u0119 dziecka<\/a><\/td><td class=\"column-2\"><strong>1922 z\u0142<\/strong> - doch\u00f3d rodziny na osob\u0119<\/td>\n<\/tr>\n<tr class=\"row-4\">\n\t<td class=\"column-1\"><a href=\"http:\/\/ops.radlin.pl\/ops\/zasilek-pielegnacyjny\/\">Zasi\u0142ek piel\u0119gnacyjny<\/a><\/td><td class=\"column-2\">brak kryterium,               <br \/>\nwymagane odpowiednie orzeczenie o niepe\u0142nosprawno\u015bci<\/td>\n<\/tr>\n<tr class=\"row-5\">\n\t<td class=\"column-1\"><a href=\"http:\/\/ops.radlin.pl\/ops\/swiadczenie-pielegnacyjne\/\">\u015awiadczenie piel\u0119gnacyjne<\/a><\/td><td class=\"column-2\">brak kryterium,               <br \/>\nwymagane odpowiednie orzeczenie o niepe\u0142nosprawno\u015bci<\/td>\n<\/tr>\n<tr class=\"row-6\">\n\t<td class=\"column-1\"><a href=\"http:\/\/ops.radlin.pl\/ops\/specjalny-zasilek-opiekunczy\/\">Specjalny zasi\u0142ek opieku\u0144czy<\/a><\/td><td class=\"column-2\"><strong>764 z\u0142<\/strong> - doch\u00f3d rodziny na osob\u0119<br \/>\nwymagane odpowiednie orzeczenie o niepe\u0142nosprawno\u015bci<\/td>\n<\/tr>\n<tr class=\"row-7\">\n\t<td class=\"column-1\"><a href=\"http:\/\/ops.radlin.pl\/ops\/swiadczenie-rodzicielskie\/\">\u015awiadczenie rodzicielskie<\/a><\/td><td class=\"column-2\">brak kryterium<\/td>\n<\/tr>\n<\/tbody>\n<\/table>\n<!-- #tablepress-42 from cache -->\n&nbsp;<\/p>\n<h3 style=\"text-align: center;\"><strong>\u015awiadczenia rodzinne przys\u0142uguj\u0105:<\/strong><\/h3>\n<p>&nbsp;<\/p>\n<ul>\n<li style=\"text-align: left;\">obywatelom polskim;<\/li>\n<li style=\"text-align: left;\">cudzoziemcom:\n<ul>\n<li style=\"text-align: left;\">do kt\u00f3rych stosuje si\u0119 przepisy o koordynacji system\u00f3w zabezpieczenia spo\u0142ecznego,<\/li>\n<li style=\"text-align: left;\">je\u017celi wynika to z wi\u0105\u017c\u0105cych Rzeczpospolit\u0105 Polsk\u0105 um\u00f3w dwustronnych o zabezpieczeniu spo\u0142ecznym,<\/li>\n<li style=\"text-align: left;\">przebywaj\u0105cym na terytorium Rzeczypospolitej Polskiej na podstawie zezwolenia na pobyt sta\u0142y, zezwolenia na pobyt rezydenta d\u0142ugoterminowego Unii Europejskiej, zezwolenia na pobyt czasowy udzielonego w zwi\u0105zku z okoliczno\u015bciami, o kt\u00f3rych mowa w art. 127 lub art. 186 ust. 1 pkt 3 ustawy z dnia 12 grudnia 2013 r. o cudzoziemcach (Dz. U. poz. 1650), lub w zwi\u0105zku z uzyskaniem w Rzeczypospolitej Polskiej statusu uchod\u017acy lub ochrony uzupe\u0142niaj\u0105cej, je\u017celi zamieszkuj\u0105 z cz\u0142onkami rodzin na terytorium Rzeczypospolitej Polskiej,<\/li>\n<li style=\"text-align: left;\">posiadaj\u0105cym kart\u0119 pobytu z adnotacj\u0105 &#8222;dost\u0119p do rynku pracy&#8221;, z wy\u0142\u0105czeniem obywateli pa\u0144stw trzecich, kt\u00f3rzy uzyskali zezwolenie na prac\u0119 na terytorium pa\u0144stwa cz\u0142onkowskiego na okres nieprzekraczaj\u0105cy sze\u015bciu miesi\u0119cy, obywateli pa\u0144stw trzecich przyj\u0119tych w celu podj\u0119cia studi\u00f3w oraz obywateli pa\u0144stw trzecich, kt\u00f3rzy maj\u0105 prawo do wykonywania pracy na podstawie wizy,<\/li>\n<\/ul>\n<\/li>\n<\/ul>\n<p style=\"text-align: left;\">&#8211;\u00a0je\u017celi zamieszkuj\u0105 na terytorium Rzeczypospolitej Polskiej przez okres zasi\u0142kowy, w kt\u00f3rym otrzymuj\u0105 \u015bwiadczenia rodzinne, chyba \u017ce przepisy o koordynacji system\u00f3w zabezpieczenia spo\u0142ecznego lub dwustronne umowy mi\u0119dzynarodowe o zabezpieczeniu spo\u0142ecznym stanowi\u0105 inaczej i spe\u0142niaj\u0105 wszystkie ustawowe warunki, od kt\u00f3rych uzale\u017cnione jest przyznanie prawa do \u015bwiadcze\u0144.<\/p>\n<p>&nbsp;<\/p>\n<h3 style=\"text-align: center;\"><strong>Pliki do pobrania<\/strong><\/h3>\n<p>&nbsp;<\/p>\n<h4 style=\"text-align: center;\">Akty Prawne<\/h4>\n<p>&nbsp;<br \/>\n\n<table id=\"tablepress-9\" class=\"tablepress tablepress-id-9\">\n<thead>\n<tr class=\"row-1\">\n\t<th class=\"column-1\">Nazwa aktu prawnego<\/th><td class=\"column-2\"><\/td>\n<\/tr>\n<\/thead>\n<tbody class=\"row-striping row-hover\">\n<tr class=\"row-2\">\n\t<td class=\"column-1\"><a href=\"http:\/\/ops.radlin.pl\/ops\/pliki\/akty_prawne\/lex-dz-u-2023-390-t-j-swiadczenia-rodzinne.pdf\" target=\"_blank\" rel=\"noopener noreferrer\">Ustawa z dnia 28 listopada 2003 r. o \u015bwiadczeniach rodzinnych<br \/>\n(tekst jednolity Dz.U. 2023 r. poz. 390 z p\u00f3\u017an. zm.)<\/a><\/td><td class=\"column-2\"><img loading=\"lazy\" decoding=\"async\" src=\"http:\/\/ops.radlin.pl\/ops\/wp-content\/uploads\/2017\/05\/pdf_ico.png\" alt=\"\" width=\"32\" height=\"32\" class=\"aligncenter size-full wp-image-790\" \/><\/td>\n<\/tr>\n<tr class=\"row-3\">\n\t<td class=\"column-1\"><a href=\"http:\/\/ops.radlin.pl\/ops\/pliki\/akty_prawne\/lex-dz-u-2023-1340-sposob-i-tryb-postepowania-w.pdf\" target=\"_blank\" rel=\"noopener noreferrer\">Rozporz\u0105dzenie Ministra Rodziny, Pracy i Polityki Spo\u0142ecznej z dnia 27 lipca 2017 r. w sprawie sposobu i trybu post\u0119powania w sprawach o przyznanie \u015bwiadcze\u0144 rodzinnych oraz zakresu informacji, jakie maj\u0105 by\u0107 zawarte we wniosku, za\u015bwiadczeniach i o\u015bwiadczeniach o ustalenie prawa do \u015bwiadcze\u0144 rodzinnych<br \/>\n(Dz.U. 2013 poz. 1340)<\/a><\/td><td class=\"column-2\"><img loading=\"lazy\" decoding=\"async\" src=\"http:\/\/ops.radlin.pl\/ops\/wp-content\/uploads\/2017\/05\/pdf_ico.png\" alt=\"\" width=\"32\" height=\"32\" class=\"aligncenter size-full wp-image-790\" \/><\/td>\n<\/tr>\n<tr class=\"row-4\">\n\t<td class=\"column-1\"><a href=\"http:\/\/ops.radlin.pl\/ops\/pliki\/akty_prawne\/lex-dz-u-2021-1481-wysokosc-dochodu-rodziny-albo.pdf\" target=\"_blank\" rel=\"noopener noreferrer\">Rozporz\u0105dzenie Rady Ministr\u00f3w z dnia 13 sierpnia 2021 r. w sprawie wysoko\u015bci dochodu rodziny albo dochodu osoby ucz\u0105cej si\u0119 stanowi\u0105cych podstaw\u0119 ubiegania si\u0119 o zasi\u0142ek rodzinny i specjalny zasi\u0142ek opieku\u0144czy, wysoko\u015bci \u015bwiadcze\u0144 rodzinnych oraz wysoko\u015bci zasi\u0142ku dla opiekuna<br \/>\n(Dz.U. 2021 poz. 1481)<\/a><\/td><td class=\"column-2\"><img loading=\"lazy\" decoding=\"async\" src=\"http:\/\/ops.radlin.pl\/ops\/wp-content\/uploads\/2017\/05\/pdf_ico.png\" alt=\"\" width=\"32\" height=\"32\" class=\"aligncenter size-full wp-image-790\" \/><\/td>\n<\/tr>\n<\/tbody>\n<\/table>\n<!-- #tablepress-9 from cache -->\n","protected":false},"excerpt":{"rendered":"<p>\u015awiadczeniami rodzinnymi s\u0105: &nbsp; &nbsp; \u015awiadczenia rodzinne przys\u0142uguj\u0105: &nbsp; obywatelom polskim; cudzoziemcom: do kt\u00f3rych stosuje si\u0119 przepisy o koordynacji system\u00f3w zabezpieczenia spo\u0142ecznego, je\u017celi wynika to z wi\u0105\u017c\u0105cych Rzeczpospolit\u0105 Polsk\u0105 um\u00f3w dwustronnych o zabezpieczeniu spo\u0142ecznym, przebywaj\u0105cym na terytorium Rzeczypospolitej Polskiej na podstawie zezwolenia na pobyt sta\u0142y, zezwolenia na pobyt rezydenta d\u0142ugoterminowego Unii Europejskiej, zezwolenia na pobyt&hellip; <a class=\"continue\" href=\"https:\/\/ops.radlin.pl\/ops\/swiadczenia-rodzinne\/\"><strong>Czytaj wi\u0119cej:<\/strong><span> \u015awiadczenia rodzinne<\/span><\/a><\/p>\n","protected":false},"author":1,"featured_media":2417,"parent":0,"menu_order":0,"comment_status":"closed","ping_status":"closed","template":"","meta":{"footnotes":""},"class_list":["post-2275","page","type-page","status-publish","has-post-thumbnail","czr-hentry"],"aioseo_notices":[],"_links":{"self":[{"href":"https:\/\/ops.radlin.pl\/ops\/wp-json\/wp\/v2\/pages\/2275","targetHints":{"allow":["GET"]}}],"collection":[{"href":"https:\/\/ops.radlin.pl\/ops\/wp-json\/wp\/v2\/pages"}],"about":[{"href":"https:\/\/ops.radlin.pl\/ops\/wp-json\/wp\/v2\/types\/page"}],"author":[{"embeddable":true,"href":"https:\/\/ops.radlin.pl\/ops\/wp-json\/wp\/v2\/users\/1"}],"replies":[{"embeddable":true,"href":"https:\/\/ops.radlin.pl\/ops\/wp-json\/wp\/v2\/comments?post=2275"}],"version-history":[{"count":20,"href":"https:\/\/ops.radlin.pl\/ops\/wp-json\/wp\/v2\/pages\/2275\/revisions"}],"predecessor-version":[{"id":2470,"href":"https:\/\/ops.radlin.pl\/ops\/wp-json\/wp\/v2\/pages\/2275\/revisions\/2470"}],"wp:featuredmedia":[{"embeddable":true,"href":"https:\/\/ops.radlin.pl\/ops\/wp-json\/wp\/v2\/media\/2417"}],"wp:attachment":[{"href":"https:\/\/ops.radlin.pl\/ops\/wp-json\/wp\/v2\/media?parent=2275"}],"curies":[{"name":"wp","href":"https:\/\/api.w.org\/{rel}","templated":true}]}}