{"id":2293,"date":"2017-09-19T10:07:20","date_gmt":"2017-09-19T08:07:20","guid":{"rendered":"http:\/\/ops.radlin.pl\/ops\/?page_id=2293"},"modified":"2025-05-16T13:29:36","modified_gmt":"2025-05-16T11:29:36","slug":"wsparcie-psychologiczne","status":"publish","type":"page","link":"https:\/\/ops.radlin.pl\/ops\/wsparcie-psychologiczne\/","title":{"rendered":"Wsparcie psychologiczne i terapeutyczne"},"content":{"rendered":"\n<div style=\"height:20px\" aria-hidden=\"true\" class=\"wp-block-spacer\"><\/div>\n\n\n\n<p>W dzia\u0142aj\u0105cym w O\u015brodku Pomocy Spo\u0142ecznej w Radlinie Punkcie Konsultacyjnym dla rodzin oraz Punkcie Interwencji Kryzysowej mo\u017cna skorzysta\u0107 ze wsparcia psychologicznego oraz us\u0142ug terapeuty ds. uzale\u017cnie\u0144.<\/p>\n\n\n\n<div style=\"height:29px\" aria-hidden=\"true\" class=\"wp-block-spacer\"><\/div>\n\n\n\n<p class=\"has-text-align-left\">Pomoc udzielana jest w <strong>Centrum Us\u0142ug Spo\u0142ecznych<\/strong> przy ul. Korfantego 87.<\/p>\n\n\n\n<div style=\"height:29px\" aria-hidden=\"true\" class=\"wp-block-spacer\"><\/div>\n\n\n\n<p class=\"has-text-align-center has-background\" style=\"background-color:#d3dc6e\"><strong>Prosimy o wcze\u015bniejsze uzgodnienie terminu telefonicznie<\/strong> <strong>pod nr 737 265 292<\/strong><br><strong>w poniedzia\u0142ki, wtorki lub \u015brody w godzinach 9:00-14:00<\/strong><\/p>\n\n\n\n<div style=\"height:20px\" aria-hidden=\"true\" class=\"wp-block-spacer\"><\/div>\n\n\n\n<h3 class=\"wp-block-heading has-text-align-center\"><strong>Kontakt<\/strong><\/h3>\n\n\n\n<div style=\"height:20px\" aria-hidden=\"true\" class=\"wp-block-spacer\"><\/div>\n\n\n\n<p class=\"has-text-align-left\">e-mail: <strong>pomocpsychologiczna.ops@radlin.pl<\/strong><\/p>\n","protected":false},"excerpt":{"rendered":"<p>W dzia\u0142aj\u0105cym w O\u015brodku Pomocy Spo\u0142ecznej w Radlinie Punkcie Konsultacyjnym dla rodzin oraz Punkcie Interwencji Kryzysowej mo\u017cna skorzysta\u0107 ze wsparcia psychologicznego oraz us\u0142ug terapeuty ds. uzale\u017cnie\u0144. Pomoc udzielana jest w Centrum Us\u0142ug Spo\u0142ecznych przy ul. Korfantego 87. Prosimy o wcze\u015bniejsze uzgodnienie terminu telefonicznie pod nr 737 265 292w poniedzia\u0142ki, wtorki lub \u015brody w godzinach 9:00-14:00&hellip; <a class=\"continue\" href=\"https:\/\/ops.radlin.pl\/ops\/wsparcie-psychologiczne\/\"><strong>Czytaj wi\u0119cej:<\/strong><span> Wsparcie psychologiczne i terapeutyczne<\/span><\/a><\/p>\n","protected":false},"author":1,"featured_media":0,"parent":0,"menu_order":0,"comment_status":"closed","ping_status":"closed","template":"","meta":{"footnotes":""},"class_list":["post-2293","page","type-page","status-publish","czr-hentry"],"aioseo_notices":[],"_links":{"self":[{"href":"https:\/\/ops.radlin.pl\/ops\/wp-json\/wp\/v2\/pages\/2293","targetHints":{"allow":["GET"]}}],"collection":[{"href":"https:\/\/ops.radlin.pl\/ops\/wp-json\/wp\/v2\/pages"}],"about":[{"href":"https:\/\/ops.radlin.pl\/ops\/wp-json\/wp\/v2\/types\/page"}],"author":[{"embeddable":true,"href":"https:\/\/ops.radlin.pl\/ops\/wp-json\/wp\/v2\/users\/1"}],"replies":[{"embeddable":true,"href":"https:\/\/ops.radlin.pl\/ops\/wp-json\/wp\/v2\/comments?post=2293"}],"version-history":[{"count":31,"href":"https:\/\/ops.radlin.pl\/ops\/wp-json\/wp\/v2\/pages\/2293\/revisions"}],"predecessor-version":[{"id":8465,"href":"https:\/\/ops.radlin.pl\/ops\/wp-json\/wp\/v2\/pages\/2293\/revisions\/8465"}],"wp:attachment":[{"href":"https:\/\/ops.radlin.pl\/ops\/wp-json\/wp\/v2\/media?parent=2293"}],"curies":[{"name":"wp","href":"https:\/\/api.w.org\/{rel}","templated":true}]}}