{"id":2967,"date":"2018-06-07T11:12:16","date_gmt":"2018-06-07T09:12:16","guid":{"rendered":"http:\/\/ops.radlin.pl\/ops\/?page_id=2967"},"modified":"2021-06-30T14:38:34","modified_gmt":"2021-06-30T12:38:34","slug":"program-dobry-start","status":"publish","type":"page","link":"https:\/\/ops.radlin.pl\/ops\/program-dobry-start\/","title":{"rendered":"Program &#8222;Dobry start&#8221;"},"content":{"rendered":"<p style=\"text-align: left;\"><img loading=\"lazy\" decoding=\"async\" id=\"longdesc-return-2974\" class=\"aligncenter size-full wp-image-2974\" tabindex=\"-1\" src=\"http:\/\/ops.radlin.pl\/ops\/wp-content\/uploads\/2018\/06\/Dobry_start.png\" alt=\"Dobry Start\" width=\"850\" height=\"360\" longdesc=\"http:\/\/ops.radlin.pl\/ops?longdesc=2974&amp;referrer=2967\" srcset=\"https:\/\/ops.radlin.pl\/ops\/wp-content\/uploads\/2018\/06\/Dobry_start.png 850w, https:\/\/ops.radlin.pl\/ops\/wp-content\/uploads\/2018\/06\/Dobry_start-300x127.png 300w, https:\/\/ops.radlin.pl\/ops\/wp-content\/uploads\/2018\/06\/Dobry_start-768x325.png 768w\" sizes=\"auto, (max-width: 850px) 100vw, 850px\" \/><\/p>\n<h3 style=\"text-align: center;\"><strong>Dla kogo wsparcie?<\/strong><\/h3>\n<p style=\"text-align: left;\">\u015awiadczenie &#8222;Dobry Start&#8221; przys\u0142uguje raz w roku na rozpoczynaj\u0105ce rok szkolny dzieci do uko\u0144czenia 20 roku \u017cycia. Dzieci niepe\u0142nosprawne ucz\u0105ce si\u0119 w szkole otrzymaj\u0105 je do uko\u0144czenia przez nie 24 roku \u017cycia. Co wa\u017cne, rodzina b\u0119dzie mog\u0142a liczy\u0107 na wsparcie niezale\u017cnie od posiadanego dochodu.<\/p>\n<h3 style=\"text-align: center;\"><strong>Jak dosta\u0107 \u015bwiadczenie &#8222;Dobry Start&#8221;?<\/strong><\/h3>\n<p style=\"text-align: left;\">Aby otrzyma\u0107 wsparcie, nale\u017cy z\u0142o\u017cy\u0107 wniosek. Mo\u017ce to zrobi\u0107 matka lub ojciec dziecka, opiekun prawny lub opiekun faktyczny dziecka, a w przypadku dzieci przebywaj\u0105cych w pieczy zast\u0119pczej \u2013 rodzic zast\u0119pczy, osoba prowadz\u0105ca rodzinny dom dziecka lub dyrektor plac\u00f3wki opieku\u0144czo-wychowawczej.<\/p>\n<h3 style=\"text-align: center;\"><strong>Gdzie z\u0142o\u017cy\u0107 wniosek?<\/strong><\/h3>\n<p style=\"text-align: left;\">Wnioski o \u015bwiadczenie b\u0119d\u0105 przyjmowane i realizowane przez te same instytucje , kt\u00f3re realizuj\u0105 obecnie \u015bwiadczenie wychowawcze w ramach programu \u201eRodzina 500+&#8221;.<\/p>\n<p style=\"text-align: left;\">W przypadku naszego miasta jest to O\u015brodek Pomocy Spo\u0142ecznej w\u0142a\u015bciwy dla miejsca zamieszkania rodzica ubiegaj\u0105cego si\u0119 o wyprawk\u0119 na dziecko (w przypadku dzieci przebywaj\u0105cych w pieczy zast\u0119pczej \u015bwiadczenia b\u0119d\u0105 realizowane przez powiatowe centra pomocy rodzinie). Warto zauwa\u017cy\u0107, \u017ce gmina b\u0119dzie wykorzystywa\u0107 rozwi\u0105zania organizacyjne i teleinformatyczne, kt\u00f3rymi pos\u0142uguje si\u0119 przy realizacji \u015bwiadczenia wychowawczego 500+.<\/p>\n<h3 style=\"text-align: center;\"><strong>Kiedy z\u0142o\u017cy\u0107 wniosek?<\/strong><\/h3>\n<p style=\"text-align: left;\">Wniosek \u2013 podobnie jak wnioski o \u015bwiadczenie wychowawcze z programu \u201eRodzina 500+&#8221; \u2013 b\u0119dzie mo\u017cna sk\u0142ada\u0107 ju\u017c od 1 lipca online przez stron\u0119 Ministerstwa Rodziny empatia.mrpips.gov.pl oraz przez bankowo\u015b\u0107 elektroniczn\u0105, a od 1 sierpnia droga tradycyjn\u0105 (papierow\u0105).<\/p>\n<p style=\"text-align: left;\"><strong>Wa\u017cne! Wniosek nale\u017cy z\u0142o\u017cy\u0107 do 30 listopada.<\/strong><\/p>\n<h3 style=\"text-align: center;\"><strong>Kiedy rodzina otrzyma pomoc?<\/strong><\/h3>\n<p style=\"text-align: left;\">W przypadku wniosk\u00f3w z\u0142o\u017conych w lipcu i sierpniu, rodziny wyprawk\u0119 otrzymaj\u0105 nie p\u00f3\u017aniej ni\u017c 30 wrze\u015bnia. W przypadku wniosk\u00f3w z\u0142o\u017conych w kolejnych miesi\u0105cach gminy b\u0119d\u0105 mia\u0142y maksymalnie 2 miesi\u0105ce od dnia z\u0142o\u017cenia wniosku na jego rozpatrzenie i wyp\u0142at\u0119 \u015bwiadczenia.<\/p>\n<p style=\"text-align: left;\"><strong>Wa\u017cne! Z\u0142o\u017cenie prawid\u0142owo wype\u0142nionego wniosku o \u015bwiadczenie &#8222;Dobry Start&#8221; w lipcu i sierpniu to gwarancja wyp\u0142aty \u015bwiadczenia nie p\u00f3\u017aniej ni\u017c do 30 wrze\u015bnia.<\/strong><\/p>\n<p style=\"text-align: left;\">\u015awiadczenie &#8222;Dobry Start&#8221; jest zwolnione od podatku. Nie podlega egzekucji ani wliczeniu do dochodu przy ustalaniu prawa do \u015bwiadcze\u0144 z innych system\u00f3w wsparcia.<\/p>\n<p style=\"text-align: left;\">\u015awiadczenie nie przys\u0142uguje na dzieci ucz\u0119szczaj\u0105ce do przedszkola oraz dzieci realizuj\u0105ce roczne przygotowania przedszkolne w tzw. zer\u00f3wce w przedszkolu lub szkole.<\/p>\n<p style=\"text-align: left;\">Szczeg\u00f3\u0142owych informacji udzielaj\u0105 pracownicy Referatu \u015awiadcze\u0144 Rodzinnych i Alimentacyjnych O\u015brodka Pomocy Spo\u0142ecznej w Radlinie, ul.Solskiego 15, tel. 32 4567072.<br \/>\nInformacje w zakresie rz\u0105dowego programu \u201eDobry Start\u201d znajduj\u0105 si\u0119 r\u00f3wnie\u017c na stronie internetowej <a href=\"https:\/\/www.mpips.gov.pl\/\" target=\"_blank\" rel=\"noopener\">Ministerstwa Rodziny, Pracy i Polityki Spo\u0142ecznej <\/a><\/p>\n<h3 style=\"text-align: center;\"><strong>Pliki do pobrania<\/strong><\/h3>\n<h4 style=\"text-align: center;\">Akty Prawne<\/h4>\n\n<table id=\"tablepress-73\" class=\"tablepress tablepress-id-73\">\n<thead>\n<tr class=\"row-1\">\n\t<th class=\"column-1\">Nazwa aktu prawnego<\/th><td class=\"column-2\"><\/td>\n<\/tr>\n<\/thead>\n<tbody class=\"row-striping row-hover\">\n<tr class=\"row-2\">\n\t<td class=\"column-1\"><a href=\"http:\/\/ops.radlin.pl\/ops\/pliki\/akty_prawne\/D2018000106101.pdf\" target=\"_blank\">Rozporz\u0105dzenie Rady Ministr\u00f3w z dnia 30 maja 2018 r. w sprawie szczeg\u00f3\u0142owych warunk\u00f3w realizacji rz\u0105dowego programu \"Dobry start\" (Dz.U. 2018 poz. 1061)<\/a><\/td><td class=\"column-2\"><img loading=\"lazy\" decoding=\"async\" src=\"http:\/\/ops.radlin.pl\/ops\/wp-content\/uploads\/2017\/05\/pdf_ico.png\" alt=\"\" width=\"32\" height=\"32\" class=\"aligncenter size-full wp-image-790\" \/><\/td>\n<\/tr>\n<\/tbody>\n<\/table>\n<!-- #tablepress-73 from cache -->\n","protected":false},"excerpt":{"rendered":"<p>Dla kogo wsparcie? \u015awiadczenie &#8222;Dobry Start&#8221; przys\u0142uguje raz w roku na rozpoczynaj\u0105ce rok szkolny dzieci do uko\u0144czenia 20 roku \u017cycia. Dzieci niepe\u0142nosprawne ucz\u0105ce si\u0119 w szkole otrzymaj\u0105 je do uko\u0144czenia przez nie 24 roku \u017cycia. Co wa\u017cne, rodzina b\u0119dzie mog\u0142a liczy\u0107 na wsparcie niezale\u017cnie od posiadanego dochodu. Jak dosta\u0107 \u015bwiadczenie &#8222;Dobry Start&#8221;? Aby otrzyma\u0107 wsparcie,&hellip; <a class=\"continue\" href=\"https:\/\/ops.radlin.pl\/ops\/program-dobry-start\/\"><strong>Czytaj wi\u0119cej:<\/strong><span> Program &#8222;Dobry start&#8221;<\/span><\/a><\/p>\n","protected":false},"author":1,"featured_media":0,"parent":0,"menu_order":0,"comment_status":"closed","ping_status":"closed","template":"","meta":{"footnotes":""},"class_list":["post-2967","page","type-page","status-publish","czr-hentry"],"aioseo_notices":[],"_links":{"self":[{"href":"https:\/\/ops.radlin.pl\/ops\/wp-json\/wp\/v2\/pages\/2967","targetHints":{"allow":["GET"]}}],"collection":[{"href":"https:\/\/ops.radlin.pl\/ops\/wp-json\/wp\/v2\/pages"}],"about":[{"href":"https:\/\/ops.radlin.pl\/ops\/wp-json\/wp\/v2\/types\/page"}],"author":[{"embeddable":true,"href":"https:\/\/ops.radlin.pl\/ops\/wp-json\/wp\/v2\/users\/1"}],"replies":[{"embeddable":true,"href":"https:\/\/ops.radlin.pl\/ops\/wp-json\/wp\/v2\/comments?post=2967"}],"version-history":[{"count":7,"href":"https:\/\/ops.radlin.pl\/ops\/wp-json\/wp\/v2\/pages\/2967\/revisions"}],"predecessor-version":[{"id":5030,"href":"https:\/\/ops.radlin.pl\/ops\/wp-json\/wp\/v2\/pages\/2967\/revisions\/5030"}],"wp:attachment":[{"href":"https:\/\/ops.radlin.pl\/ops\/wp-json\/wp\/v2\/media?parent=2967"}],"curies":[{"name":"wp","href":"https:\/\/api.w.org\/{rel}","templated":true}]}}