{"id":3252,"date":"2018-11-05T14:52:43","date_gmt":"2018-11-05T13:52:43","guid":{"rendered":"http:\/\/ops.radlin.pl\/ops\/?page_id=3252"},"modified":"2018-11-22T07:47:23","modified_gmt":"2018-11-22T06:47:23","slug":"skrzynka-dobroci","status":"publish","type":"page","link":"https:\/\/ops.radlin.pl\/ops\/skrzynka-dobroci\/","title":{"rendered":"Skrzynka dobroci"},"content":{"rendered":"<h3 style=\"text-align: center;\"><strong>Aktualnie poszukujemy:<\/strong><\/h3>\n<p>&nbsp; <\/p>\n<p style=\"text-align: center;\">&#8211; dw\u00f3ch dzieci\u0119cych \u0142\u00f3\u017cek pi\u0119trowych<\/br><br \/>\n&#8211; pralki automatycznej<\/br><br \/>\n&#8211; lod\u00f3wki z zamra\u017cark\u0105<\/br><br \/>\n&#8211; piekarnika elektrycznego <\/br><br \/>\n&#8211; mebli pokojowych<\/br><br \/>\n&#8211; mebli kuchennych<\/br><br \/>\n&#8211; rozk\u0142adanego tapczanu\n<\/p>\n<p>&nbsp;<br \/>\n<div class=\"su-box su-box-style-default\" id=\"\" style=\"border-color:#a0a93b;border-radius:3px;max-width:none\"><div class=\"su-box-title\" style=\"background-color:#d3dc6e;color:#FFFFFF;border-top-left-radius:1px;border-top-right-radius:1px\">Informacja<\/div><div class=\"su-box-content su-u-clearfix su-u-trim\" style=\"border-bottom-left-radius:1px;border-bottom-right-radius:1px\">\n<p style=\"text-align: center; font-size: 110%;\">W zwi\u0105zku z brakiem miejsca do magazynowania poszukiwanych sprz\u0119t\u00f3w<\/br>prosimy Osoby ch\u0119tne do ich przekazania o wcze\u015bniejszy kontakt telefoniczny<\/br>z tutejszym O\u015brodkiem Pomocy Spo\u0142ecznej pod numerem 32 4567363<\/br>(osoba do kontaktu: Beata Sowa)<\/div><\/div>\n","protected":false},"excerpt":{"rendered":"<p>Aktualnie poszukujemy: &nbsp; &#8211; dw\u00f3ch dzieci\u0119cych \u0142\u00f3\u017cek pi\u0119trowych &#8211; pralki automatycznej &#8211; lod\u00f3wki z zamra\u017cark\u0105 &#8211; piekarnika elektrycznego &#8211; mebli pokojowych &#8211; mebli kuchennych &#8211; rozk\u0142adanego tapczanu &nbsp;<\/p>\n","protected":false},"author":1,"featured_media":0,"parent":0,"menu_order":0,"comment_status":"closed","ping_status":"closed","template":"","meta":{"footnotes":""},"class_list":["post-3252","page","type-page","status-publish","czr-hentry"],"aioseo_notices":[],"_links":{"self":[{"href":"https:\/\/ops.radlin.pl\/ops\/wp-json\/wp\/v2\/pages\/3252","targetHints":{"allow":["GET"]}}],"collection":[{"href":"https:\/\/ops.radlin.pl\/ops\/wp-json\/wp\/v2\/pages"}],"about":[{"href":"https:\/\/ops.radlin.pl\/ops\/wp-json\/wp\/v2\/types\/page"}],"author":[{"embeddable":true,"href":"https:\/\/ops.radlin.pl\/ops\/wp-json\/wp\/v2\/users\/1"}],"replies":[{"embeddable":true,"href":"https:\/\/ops.radlin.pl\/ops\/wp-json\/wp\/v2\/comments?post=3252"}],"version-history":[{"count":22,"href":"https:\/\/ops.radlin.pl\/ops\/wp-json\/wp\/v2\/pages\/3252\/revisions"}],"predecessor-version":[{"id":3294,"href":"https:\/\/ops.radlin.pl\/ops\/wp-json\/wp\/v2\/pages\/3252\/revisions\/3294"}],"wp:attachment":[{"href":"https:\/\/ops.radlin.pl\/ops\/wp-json\/wp\/v2\/media?parent=3252"}],"curies":[{"name":"wp","href":"https:\/\/api.w.org\/{rel}","templated":true}]}}