{"id":4122,"date":"2019-12-12T14:18:54","date_gmt":"2019-12-12T13:18:54","guid":{"rendered":"http:\/\/ops.radlin.pl\/ops\/?page_id=4122"},"modified":"2019-12-12T14:18:55","modified_gmt":"2019-12-12T13:18:55","slug":"galeria09","status":"publish","type":"page","link":"https:\/\/ops.radlin.pl\/ops\/galeria09\/","title":{"rendered":"Galeria zdj\u0119\u0107 &#8211; Dzie\u0144 Wolontariusza (10.12.2019)"},"content":{"rendered":"\n<h4 style=\"text-align: center;\"><a href=\"http:\/\/ops.radlin.pl\/ops\/galeria\/\">Powr\u00f3t do listy galerii<\/a><\/h4>\n<p>&nbsp;<\/p>\n\n\t\t<style type=\"text\/css\">\n\t\t\t#gallery-1 {\n\t\t\t\tmargin: auto;\n\t\t\t}\n\t\t\t#gallery-1 .gallery-item {\n\t\t\t\tfloat: left;\n\t\t\t\tmargin-top: 10px;\n\t\t\t\ttext-align: center;\n\t\t\t\twidth: 20%;\n\t\t\t}\n\t\t\t#gallery-1 img {\n\t\t\t\tborder: 2px solid #cfcfcf;\n\t\t\t}\n\t\t\t#gallery-1 .gallery-caption {\n\t\t\t\tmargin-left: 0;\n\t\t\t}\n\t\t\t\/* see gallery_shortcode() in wp-includes\/media.php *\/\n\t\t<\/style>\n\t\t<div id='gallery-1' class='gallery galleryid-4122 gallery-columns-5 gallery-size-thumbnail'><dl class='gallery-item'>\n\t\t\t<dt class='gallery-icon landscape'>\n\t\t\t\t<a class=\"grouped_elements\" rel=\"tc-fancybox-group\" href=\"https:\/\/ops.radlin.pl\/ops\/wp-content\/uploads\/2019\/07\/dw_2019-01.jpg\" title=\"dw_2019 (01)\"><img loading=\"lazy\" decoding=\"async\" width=\"150\" height=\"150\" src=\"https:\/\/ops.radlin.pl\/ops\/wp-content\/uploads\/2019\/07\/dw_2019-01-150x150.jpg\" class=\"attachment-thumbnail size-thumbnail no-lazy\" alt=\"2019-12-10 Dzien Wolontariusza\" \/><\/a>\n\t\t\t<\/dt><\/dl><dl class='gallery-item'>\n\t\t\t<dt class='gallery-icon landscape'>\n\t\t\t\t<a class=\"grouped_elements\" rel=\"tc-fancybox-group\" href=\"https:\/\/ops.radlin.pl\/ops\/wp-content\/uploads\/2019\/07\/dw_2019-02.jpg\" title=\"dw_2019 (02)\"><img loading=\"lazy\" decoding=\"async\" width=\"150\" height=\"150\" src=\"https:\/\/ops.radlin.pl\/ops\/wp-content\/uploads\/2019\/07\/dw_2019-02-150x150.jpg\" class=\"attachment-thumbnail size-thumbnail no-lazy\" alt=\"2019-12-10 Dzien Wolontariusza\" \/><\/a>\n\t\t\t<\/dt><\/dl><dl class='gallery-item'>\n\t\t\t<dt class='gallery-icon landscape'>\n\t\t\t\t<a class=\"grouped_elements\" rel=\"tc-fancybox-group\" href=\"https:\/\/ops.radlin.pl\/ops\/wp-content\/uploads\/2019\/07\/dw_2019-04.jpg\" title=\"dw_2019 (04)\"><img loading=\"lazy\" decoding=\"async\" width=\"150\" height=\"150\" src=\"https:\/\/ops.radlin.pl\/ops\/wp-content\/uploads\/2019\/07\/dw_2019-04-150x150.jpg\" class=\"attachment-thumbnail size-thumbnail no-lazy\" alt=\"2019-12-10 Dzien Wolontariusza\" \/><\/a>\n\t\t\t<\/dt><\/dl><dl class='gallery-item'>\n\t\t\t<dt class='gallery-icon landscape'>\n\t\t\t\t<a class=\"grouped_elements\" rel=\"tc-fancybox-group\" href=\"https:\/\/ops.radlin.pl\/ops\/wp-content\/uploads\/2019\/07\/dw_2019-05.jpg\" title=\"dw_2019 (05)\"><img loading=\"lazy\" decoding=\"async\" width=\"150\" height=\"150\" src=\"https:\/\/ops.radlin.pl\/ops\/wp-content\/uploads\/2019\/07\/dw_2019-05-150x150.jpg\" class=\"attachment-thumbnail size-thumbnail no-lazy\" alt=\"2019-12-10 Dzien Wolontariusza\" \/><\/a>\n\t\t\t<\/dt><\/dl><dl class='gallery-item'>\n\t\t\t<dt class='gallery-icon landscape'>\n\t\t\t\t<a class=\"grouped_elements\" rel=\"tc-fancybox-group\" href=\"https:\/\/ops.radlin.pl\/ops\/wp-content\/uploads\/2019\/07\/dw_2019-06.jpg\" title=\"dw_2019 (06)\"><img loading=\"lazy\" decoding=\"async\" width=\"150\" height=\"150\" src=\"https:\/\/ops.radlin.pl\/ops\/wp-content\/uploads\/2019\/07\/dw_2019-06-150x150.jpg\" class=\"attachment-thumbnail size-thumbnail no-lazy\" alt=\"2019-12-10 Dzien Wolontariusza\" \/><\/a>\n\t\t\t<\/dt><\/dl><br style=\"clear: both\" \/><dl class='gallery-item'>\n\t\t\t<dt class='gallery-icon landscape'>\n\t\t\t\t<a class=\"grouped_elements\" rel=\"tc-fancybox-group\" href=\"https:\/\/ops.radlin.pl\/ops\/wp-content\/uploads\/2019\/07\/dw_2019-07.jpg\" title=\"dw_2019 (07)\"><img loading=\"lazy\" decoding=\"async\" width=\"150\" height=\"150\" src=\"https:\/\/ops.radlin.pl\/ops\/wp-content\/uploads\/2019\/07\/dw_2019-07-150x150.jpg\" class=\"attachment-thumbnail size-thumbnail no-lazy\" alt=\"2019-12-10 Dzien Wolontariusza\" \/><\/a>\n\t\t\t<\/dt><\/dl><dl class='gallery-item'>\n\t\t\t<dt class='gallery-icon landscape'>\n\t\t\t\t<a class=\"grouped_elements\" rel=\"tc-fancybox-group\" href=\"https:\/\/ops.radlin.pl\/ops\/wp-content\/uploads\/2019\/07\/dw_2019-08.jpg\" title=\"dw_2019 (08)\"><img loading=\"lazy\" decoding=\"async\" width=\"150\" height=\"150\" src=\"https:\/\/ops.radlin.pl\/ops\/wp-content\/uploads\/2019\/07\/dw_2019-08-150x150.jpg\" class=\"attachment-thumbnail size-thumbnail no-lazy\" alt=\"2019-12-10 Dzien Wolontariusza\" \/><\/a>\n\t\t\t<\/dt><\/dl><dl class='gallery-item'>\n\t\t\t<dt class='gallery-icon landscape'>\n\t\t\t\t<a class=\"grouped_elements\" rel=\"tc-fancybox-group\" href=\"https:\/\/ops.radlin.pl\/ops\/wp-content\/uploads\/2019\/07\/dw_2019-09.jpg\" title=\"dw_2019 (09)\"><img loading=\"lazy\" decoding=\"async\" width=\"150\" height=\"150\" src=\"https:\/\/ops.radlin.pl\/ops\/wp-content\/uploads\/2019\/07\/dw_2019-09-150x150.jpg\" class=\"attachment-thumbnail size-thumbnail no-lazy\" alt=\"2019-12-10 Dzien Wolontariusza\" \/><\/a>\n\t\t\t<\/dt><\/dl><dl class='gallery-item'>\n\t\t\t<dt class='gallery-icon landscape'>\n\t\t\t\t<a class=\"grouped_elements\" rel=\"tc-fancybox-group\" href=\"https:\/\/ops.radlin.pl\/ops\/wp-content\/uploads\/2019\/07\/dw_2019-10.jpg\" title=\"dw_2019 (10)\"><img loading=\"lazy\" decoding=\"async\" width=\"150\" height=\"150\" src=\"https:\/\/ops.radlin.pl\/ops\/wp-content\/uploads\/2019\/07\/dw_2019-10-150x150.jpg\" class=\"attachment-thumbnail size-thumbnail no-lazy\" alt=\"2019-12-10 Dzien Wolontariusza\" \/><\/a>\n\t\t\t<\/dt><\/dl><dl class='gallery-item'>\n\t\t\t<dt class='gallery-icon landscape'>\n\t\t\t\t<a class=\"grouped_elements\" rel=\"tc-fancybox-group\" href=\"https:\/\/ops.radlin.pl\/ops\/wp-content\/uploads\/2019\/07\/dw_2019-11.jpg\" title=\"dw_2019 (11)\"><img loading=\"lazy\" decoding=\"async\" width=\"150\" height=\"150\" src=\"https:\/\/ops.radlin.pl\/ops\/wp-content\/uploads\/2019\/07\/dw_2019-11-150x150.jpg\" class=\"attachment-thumbnail size-thumbnail no-lazy\" alt=\"2019-12-10 Dzien Wolontariusza\" \/><\/a>\n\t\t\t<\/dt><\/dl><br style=\"clear: both\" \/><dl class='gallery-item'>\n\t\t\t<dt class='gallery-icon landscape'>\n\t\t\t\t<a class=\"grouped_elements\" rel=\"tc-fancybox-group\" href=\"https:\/\/ops.radlin.pl\/ops\/wp-content\/uploads\/2019\/07\/dw_2019-12.jpg\" title=\"dw_2019 (12)\"><img loading=\"lazy\" decoding=\"async\" width=\"150\" height=\"150\" src=\"https:\/\/ops.radlin.pl\/ops\/wp-content\/uploads\/2019\/07\/dw_2019-12-150x150.jpg\" class=\"attachment-thumbnail size-thumbnail no-lazy\" alt=\"2019-12-10 Dzien Wolontariusza\" \/><\/a>\n\t\t\t<\/dt><\/dl><dl class='gallery-item'>\n\t\t\t<dt class='gallery-icon landscape'>\n\t\t\t\t<a class=\"grouped_elements\" rel=\"tc-fancybox-group\" href=\"https:\/\/ops.radlin.pl\/ops\/wp-content\/uploads\/2019\/07\/dw_2019-13.jpg\" title=\"dw_2019 (13)\"><img loading=\"lazy\" decoding=\"async\" width=\"150\" height=\"150\" src=\"https:\/\/ops.radlin.pl\/ops\/wp-content\/uploads\/2019\/07\/dw_2019-13-150x150.jpg\" class=\"attachment-thumbnail size-thumbnail no-lazy\" alt=\"2019-12-10 Dzien Wolontariusza\" \/><\/a>\n\t\t\t<\/dt><\/dl><dl class='gallery-item'>\n\t\t\t<dt class='gallery-icon landscape'>\n\t\t\t\t<a class=\"grouped_elements\" rel=\"tc-fancybox-group\" href=\"https:\/\/ops.radlin.pl\/ops\/wp-content\/uploads\/2019\/07\/dw_2019-14.jpg\" title=\"dw_2019 (14)\"><img loading=\"lazy\" decoding=\"async\" width=\"150\" height=\"150\" src=\"https:\/\/ops.radlin.pl\/ops\/wp-content\/uploads\/2019\/07\/dw_2019-14-150x150.jpg\" class=\"attachment-thumbnail size-thumbnail no-lazy\" alt=\"2019-12-10 Dzien Wolontariusza\" \/><\/a>\n\t\t\t<\/dt><\/dl><dl class='gallery-item'>\n\t\t\t<dt class='gallery-icon landscape'>\n\t\t\t\t<a class=\"grouped_elements\" rel=\"tc-fancybox-group\" href=\"https:\/\/ops.radlin.pl\/ops\/wp-content\/uploads\/2019\/07\/dw_2019-15.jpg\" title=\"dw_2019 (15)\"><img loading=\"lazy\" decoding=\"async\" width=\"150\" height=\"150\" src=\"https:\/\/ops.radlin.pl\/ops\/wp-content\/uploads\/2019\/07\/dw_2019-15-150x150.jpg\" class=\"attachment-thumbnail size-thumbnail no-lazy\" alt=\"2019-12-10 Dzien Wolontariusza\" \/><\/a>\n\t\t\t<\/dt><\/dl><dl class='gallery-item'>\n\t\t\t<dt class='gallery-icon landscape'>\n\t\t\t\t<a class=\"grouped_elements\" rel=\"tc-fancybox-group\" href=\"https:\/\/ops.radlin.pl\/ops\/wp-content\/uploads\/2019\/07\/dw_2019-16.jpg\" title=\"dw_2019 (16)\"><img loading=\"lazy\" decoding=\"async\" width=\"150\" height=\"150\" src=\"https:\/\/ops.radlin.pl\/ops\/wp-content\/uploads\/2019\/07\/dw_2019-16-150x150.jpg\" class=\"attachment-thumbnail size-thumbnail no-lazy\" alt=\"2019-12-10 Dzien Wolontariusza\" \/><\/a>\n\t\t\t<\/dt><\/dl><br style=\"clear: both\" \/><dl class='gallery-item'>\n\t\t\t<dt class='gallery-icon landscape'>\n\t\t\t\t<a class=\"grouped_elements\" rel=\"tc-fancybox-group\" href=\"https:\/\/ops.radlin.pl\/ops\/wp-content\/uploads\/2019\/07\/dw_2019-17.jpg\" title=\"dw_2019 (17)\"><img loading=\"lazy\" decoding=\"async\" width=\"150\" height=\"150\" src=\"https:\/\/ops.radlin.pl\/ops\/wp-content\/uploads\/2019\/07\/dw_2019-17-150x150.jpg\" class=\"attachment-thumbnail size-thumbnail no-lazy\" alt=\"2019-12-10 Dzien Wolontariusza\" \/><\/a>\n\t\t\t<\/dt><\/dl><dl class='gallery-item'>\n\t\t\t<dt class='gallery-icon landscape'>\n\t\t\t\t<a class=\"grouped_elements\" rel=\"tc-fancybox-group\" href=\"https:\/\/ops.radlin.pl\/ops\/wp-content\/uploads\/2019\/07\/dw_2019-18.jpg\" title=\"dw_2019 (18)\"><img loading=\"lazy\" decoding=\"async\" width=\"150\" height=\"150\" src=\"https:\/\/ops.radlin.pl\/ops\/wp-content\/uploads\/2019\/07\/dw_2019-18-150x150.jpg\" class=\"attachment-thumbnail size-thumbnail no-lazy\" alt=\"2019-12-10 Dzien Wolontariusza\" \/><\/a>\n\t\t\t<\/dt><\/dl><dl class='gallery-item'>\n\t\t\t<dt class='gallery-icon landscape'>\n\t\t\t\t<a class=\"grouped_elements\" rel=\"tc-fancybox-group\" href=\"https:\/\/ops.radlin.pl\/ops\/wp-content\/uploads\/2019\/07\/dw_2019-19.jpg\" title=\"dw_2019 (19)\"><img loading=\"lazy\" decoding=\"async\" width=\"150\" height=\"150\" src=\"https:\/\/ops.radlin.pl\/ops\/wp-content\/uploads\/2019\/07\/dw_2019-19-150x150.jpg\" class=\"attachment-thumbnail size-thumbnail no-lazy\" alt=\"2019-12-10 Dzien Wolontariusza\" \/><\/a>\n\t\t\t<\/dt><\/dl>\n\t\t\t<br style='clear: both' \/>\n\t\t<\/div>\n\n<p>&nbsp;<\/p>\n<h4 style=\"text-align: center;\"><a href=\"http:\/\/ops.radlin.pl\/ops\/galeria\/\">Powr\u00f3t do listy galerii<\/a><\/h4>\n<p>&nbsp;<\/p>\n\n\n\n<p><\/p>\n","protected":false},"excerpt":{"rendered":"<p>Powr\u00f3t do listy galerii &nbsp; &nbsp; Powr\u00f3t do listy galerii &nbsp;<\/p>\n","protected":false},"author":1,"featured_media":0,"parent":0,"menu_order":0,"comment_status":"closed","ping_status":"closed","template":"","meta":{"footnotes":""},"class_list":["post-4122","page","type-page","status-publish","czr-hentry"],"aioseo_notices":[],"_links":{"self":[{"href":"https:\/\/ops.radlin.pl\/ops\/wp-json\/wp\/v2\/pages\/4122","targetHints":{"allow":["GET"]}}],"collection":[{"href":"https:\/\/ops.radlin.pl\/ops\/wp-json\/wp\/v2\/pages"}],"about":[{"href":"https:\/\/ops.radlin.pl\/ops\/wp-json\/wp\/v2\/types\/page"}],"author":[{"embeddable":true,"href":"https:\/\/ops.radlin.pl\/ops\/wp-json\/wp\/v2\/users\/1"}],"replies":[{"embeddable":true,"href":"https:\/\/ops.radlin.pl\/ops\/wp-json\/wp\/v2\/comments?post=4122"}],"version-history":[{"count":3,"href":"https:\/\/ops.radlin.pl\/ops\/wp-json\/wp\/v2\/pages\/4122\/revisions"}],"predecessor-version":[{"id":4126,"href":"https:\/\/ops.radlin.pl\/ops\/wp-json\/wp\/v2\/pages\/4122\/revisions\/4126"}],"wp:attachment":[{"href":"https:\/\/ops.radlin.pl\/ops\/wp-json\/wp\/v2\/media?parent=4122"}],"curies":[{"name":"wp","href":"https:\/\/api.w.org\/{rel}","templated":true}]}}