{"id":4602,"date":"2020-08-18T08:14:03","date_gmt":"2020-08-18T06:14:03","guid":{"rendered":"https:\/\/ops.radlin.pl\/ops\/?page_id=4602"},"modified":"2021-09-09T15:00:39","modified_gmt":"2021-09-09T13:00:39","slug":"program-asystent-osobisty-osoby-niepelnosprawnej-opis","status":"publish","type":"page","link":"https:\/\/ops.radlin.pl\/ops\/program-asystent-osobisty-osoby-niepelnosprawnej-opis\/","title":{"rendered":"Program &#8222;Asystent osobisty osoby niepe\u0142nosprawnej&#8221; &#8211; edycja 2021"},"content":{"rendered":"\n<figure class=\"wp-block-image size-full\"><img loading=\"lazy\" decoding=\"async\" width=\"850\" height=\"150\" src=\"https:\/\/ops.radlin.pl\/ops\/wp-content\/uploads\/2021\/06\/FS2.png\" alt=\"Logo\" class=\"wp-image-5026\" srcset=\"https:\/\/ops.radlin.pl\/ops\/wp-content\/uploads\/2021\/06\/FS2.png 850w, https:\/\/ops.radlin.pl\/ops\/wp-content\/uploads\/2021\/06\/FS2-300x53.png 300w, https:\/\/ops.radlin.pl\/ops\/wp-content\/uploads\/2021\/06\/FS2-768x136.png 768w\" sizes=\"auto, (max-width: 850px) 100vw, 850px\" \/><\/figure>\n\n\n\n<p class=\"has-text-align-left\">O\u015brodek Pomocy Spo\u0142ecznej realizuje Program \u201cAsystent osobisty osoby niepe\u0142nosprawnej\u201d \u2013 edycja 2021. Program finansowany jest ze \u015brodk\u00f3w Ministerstwa Rodziny i Polityki Spo\u0142ecznej.<\/p>\n\n\n\n<p class=\"has-text-align-left\">Program ma na celu:<\/p>\n\n\n\n<ul class=\"wp-block-list\"><li>wprowadzenie us\u0142ugi asystenta jako formy og\u00f3lnodost\u0119pnego wsparcia dla pe\u0142noletnich os\u00f3b niepe\u0142nosprawnych, posiadaj\u0105cych orzeczenie o znacznym lub umiarkowanym stopniu niepe\u0142nosprawno\u015bci, wydawane na podstawie ustawy z dnia 27 sierpnia 1997 r. o rehabilitacji zawodowej i spo\u0142ecznej oraz zatrudnianiu os\u00f3b niepe\u0142nosprawnych (Dz. U. z 2019 r. poz. 1172) albo orzeczenie r\u00f3wnowa\u017cne do wy\u017cej wymienionych;<\/li><li>mo\u017cliwo\u015b\u0107 skorzystania przez osoby niepe\u0142nosprawne z pomocy asystenta przy wykonywaniu codziennych czynno\u015bci oraz funkcjonowaniu w \u017cyciu spo\u0142ecznym;<\/li><li>ograniczenie skutk\u00f3w niepe\u0142nosprawno\u015bci oraz stymulowanie osoby niepe\u0142nosprawnej do podejmowania aktywno\u015bci i umo\u017cliwienie realizowania prawa do niezale\u017cnego \u017cycia;<\/li><li>przeciwdzia\u0142anie dyskryminacji ze wzgl\u0119du na niepe\u0142nosprawno\u015b\u0107 oraz wykluczeniu spo\u0142ecznemu os\u00f3b niepe\u0142nosprawnych, umo\u017cliwienie osobom niepe\u0142nosprawnym uczestnictwo w \u017cyciu lokalnej spo\u0142eczno\u015bci np. poprzez udzia\u0142 w wydarzeniach spo\u0142ecznych, kulturalnych, rozrywkowych czy te\u017c sportowych.<\/li><\/ul>\n\n\n\n<p class=\"has-text-align-left\">Program adresowany jest do:<\/p>\n\n\n\n<ul class=\"wp-block-list\"><li>os\u00f3b niepe\u0142nosprawnych posiadaj\u0105cych orzeczenie o znacznym lub umiarkowanym stopniu niepe\u0142nosprawno\u015bci wydane na podstawie ustawy z dnia 27 sierpnia 1997 r. o rehabilitacji zawodowej i spo\u0142ecznej oraz zatrudnianiu os\u00f3b niepe\u0142nosprawnych albo orzeczenie r\u00f3wnowa\u017cne do wy\u017cej wymienionego;<\/li><li>dzieci do 16 roku \u017cycia z orzeczeniem o niepe\u0142nosprawno\u015bci \u0142\u0105cznie ze wskazaniami: konieczno\u015bci sta\u0142ej lub d\u0142ugotrwa\u0142ej opieki lub pomocy innej osoby w zwi\u0105zku ze znacznie ograniczon\u0105 mo\u017cliwo\u015bci\u0105 samodzielnej egzystencji oraz konieczno\u015bci sta\u0142ego wsp\u00f3\u0142udzia\u0142u na co dzie\u0144 opiekuna dziecka w procesie jego leczenia, rehabilitacji i edukacji.<\/li><\/ul>\n\n\n\n<p>Us\u0142ugi asystenta w szczeg\u00f3lno\u015bci polegaj\u0105 na pomocy asystenta w:<\/p>\n\n\n\n<ul class=\"wp-block-list\"><li>wyj\u015bciu, powrocie oraz\/lub dojazdach w wybrane przez uczestnika Programu miejsce (np. dom, praca, plac\u00f3wki o\u015bwiatowe i szkoleniowe, \u015bwi\u0105tynie, plac\u00f3wki s\u0142u\u017cby zdrowia i rehabilitacyjne, gabinety lekarskie, urz\u0119dy, znajomi, rodzina, instytucje finansowe, wydarzenia kulturalne\/rozrywkowe\/spo\u0142eczne\/ sportowe itp.);<\/li><li>wyj\u015bciu, powrocie oraz\/lub dojazdach na rehabilitacj\u0119 i zaj\u0119cia terapeutyczne;<\/li><li>zakupach, z zastrze\u017ceniem aktywnego udzia\u0142u uczestnika Programu przy ich realizacji;<\/li><li>za\u0142atwieniu spraw urz\u0119dowych;<\/li><li>nawi\u0105zaniu kontaktu\/wsp\u00f3\u0142pracy z r\u00f3\u017cnego rodzaju organizacjami;<\/li><li>korzystaniu z d\u00f3br kultury (tj. muzeum, teatr, kino, galerie sztuki, wystawy itp.);<\/li><li>wykonywaniu czynno\u015bci dnia codziennego \u2013 w tym przez dzieci z orzeczeniem o niepe\u0142nosprawno\u015bci \u2013 tak\u017ce w zaprowadzeniu i przeprowadzeniu ich do lub z plac\u00f3wki o\u015bwiatowej (us\u0142uga asystenta na terenie szko\u0142y mo\u017ce by\u0107 realizowana wy\u0142\u0105cznie w przypadku, gdy szko\u0142a nie zapewnia tej us\u0142ugi).<\/li><\/ul>\n\n\n\n<div style=\"height:40px\" aria-hidden=\"true\" class=\"wp-block-spacer\"><\/div>\n\n\n\n<p>Wi\u0119cej informacji:<br>Centrum Us\u0142ug Spo\u0142ecznych,<br>ul. Korfantego 87, 44-310 Radlin,<br>tel. 737 266 660, mail: ops@radlin.pl<\/p>\n\n\n\n<div style=\"height:40px\" aria-hidden=\"true\" class=\"wp-block-spacer\"><\/div>\n\n\n\n<div class=\"wp-block-image\"><figure class=\"aligncenter size-full\"><img loading=\"lazy\" decoding=\"async\" width=\"763\" height=\"1079\" src=\"https:\/\/ops.radlin.pl\/ops\/wp-content\/uploads\/2021\/09\/AOON-DOF.jpg\" alt=\"Dofinansowanie plakat\" class=\"wp-image-5127\" srcset=\"https:\/\/ops.radlin.pl\/ops\/wp-content\/uploads\/2021\/09\/AOON-DOF.jpg 763w, https:\/\/ops.radlin.pl\/ops\/wp-content\/uploads\/2021\/09\/AOON-DOF-212x300.jpg 212w\" sizes=\"auto, (max-width: 763px) 100vw, 763px\" \/><\/figure><\/div>\n","protected":false},"excerpt":{"rendered":"<p>O\u015brodek Pomocy Spo\u0142ecznej realizuje Program \u201cAsystent osobisty osoby niepe\u0142nosprawnej\u201d \u2013 edycja 2021. Program finansowany jest ze \u015brodk\u00f3w Ministerstwa Rodziny i Polityki Spo\u0142ecznej. Program ma na celu: wprowadzenie us\u0142ugi asystenta jako formy og\u00f3lnodost\u0119pnego wsparcia dla pe\u0142noletnich os\u00f3b niepe\u0142nosprawnych, posiadaj\u0105cych orzeczenie o znacznym lub umiarkowanym stopniu niepe\u0142nosprawno\u015bci, wydawane na podstawie ustawy z dnia 27 sierpnia 1997 r.&hellip; <a class=\"continue\" href=\"https:\/\/ops.radlin.pl\/ops\/program-asystent-osobisty-osoby-niepelnosprawnej-opis\/\"><strong>Czytaj wi\u0119cej:<\/strong><span> Program &#8222;Asystent osobisty osoby niepe\u0142nosprawnej&#8221; &#8211; edycja 2021<\/span><\/a><\/p>\n","protected":false},"author":1,"featured_media":0,"parent":0,"menu_order":0,"comment_status":"closed","ping_status":"closed","template":"","meta":{"footnotes":""},"class_list":["post-4602","page","type-page","status-publish","czr-hentry"],"aioseo_notices":[],"_links":{"self":[{"href":"https:\/\/ops.radlin.pl\/ops\/wp-json\/wp\/v2\/pages\/4602","targetHints":{"allow":["GET"]}}],"collection":[{"href":"https:\/\/ops.radlin.pl\/ops\/wp-json\/wp\/v2\/pages"}],"about":[{"href":"https:\/\/ops.radlin.pl\/ops\/wp-json\/wp\/v2\/types\/page"}],"author":[{"embeddable":true,"href":"https:\/\/ops.radlin.pl\/ops\/wp-json\/wp\/v2\/users\/1"}],"replies":[{"embeddable":true,"href":"https:\/\/ops.radlin.pl\/ops\/wp-json\/wp\/v2\/comments?post=4602"}],"version-history":[{"count":8,"href":"https:\/\/ops.radlin.pl\/ops\/wp-json\/wp\/v2\/pages\/4602\/revisions"}],"predecessor-version":[{"id":5129,"href":"https:\/\/ops.radlin.pl\/ops\/wp-json\/wp\/v2\/pages\/4602\/revisions\/5129"}],"wp:attachment":[{"href":"https:\/\/ops.radlin.pl\/ops\/wp-json\/wp\/v2\/media?parent=4602"}],"curies":[{"name":"wp","href":"https:\/\/api.w.org\/{rel}","templated":true}]}}