{"id":5130,"date":"2021-09-13T14:20:01","date_gmt":"2021-09-13T12:20:01","guid":{"rendered":"https:\/\/ops.radlin.pl\/ops\/?page_id=5130"},"modified":"2026-02-10T13:16:33","modified_gmt":"2026-02-10T12:16:33","slug":"zadania-finansowane-lub-dofinansowane","status":"publish","type":"page","link":"https:\/\/ops.radlin.pl\/ops\/zadania-finansowane-lub-dofinansowane\/","title":{"rendered":"Zadania finansowane lub dofinansowane z bud\u017cetu pa\u0144stwa lub z pa\u0144stwowych funduszy celowych"},"content":{"rendered":"\n<figure class=\"wp-block-image size-full\"><img loading=\"lazy\" decoding=\"async\" width=\"850\" height=\"150\" src=\"https:\/\/ops.radlin.pl\/ops\/wp-content\/uploads\/2021\/06\/FS2.png\" alt=\"Logo\" class=\"wp-image-5026\" srcset=\"https:\/\/ops.radlin.pl\/ops\/wp-content\/uploads\/2021\/06\/FS2.png 850w, https:\/\/ops.radlin.pl\/ops\/wp-content\/uploads\/2021\/06\/FS2-300x53.png 300w, https:\/\/ops.radlin.pl\/ops\/wp-content\/uploads\/2021\/06\/FS2-768x136.png 768w\" sizes=\"auto, (max-width: 850px) 100vw, 850px\" \/><\/figure>\n\n\n\n<div style=\"height:30px\" aria-hidden=\"true\" class=\"wp-block-spacer\"><\/div>\n\n\n\n<h3 class=\"wp-block-heading has-text-align-center\"><strong>2026 r.<\/strong><\/h3>\n\n\n\n\n<table id=\"tablepress-195\" class=\"tablepress tablepress-id-195\">\n<thead>\n<tr class=\"row-1\">\n\t<td class=\"column-1\"><\/td><th class=\"column-2\"><strong>Nazwa<\/strong><\/th>\n<\/tr>\n<\/thead>\n<tbody class=\"row-striping row-hover\">\n<tr class=\"row-2\">\n\t<td class=\"column-1\">1.<\/td><td class=\"column-2\"><\/td>\n<\/tr>\n<tr class=\"row-3\">\n\t<td class=\"column-1\">2.<\/td><td class=\"column-2\"><a href=\"https:\/\/ops.radlin.pl\/ops\/program-asystent-osobisty-osoby-z-niepelnosprawnoscia-dla-jednostek-samorzadu-terytorialnego-edycja-2026\/\">Program \u201eAsystent osobisty osoby z niepe\u0142nosprawno\u015bci\u0105\u201d dla Jednostek Samorz\u0105du Terytorialnego \u2013 edycja 2026<\/a><\/td>\n<\/tr>\n<tr class=\"row-4\">\n\t<td class=\"column-1\">3.<\/td><td class=\"column-2\"><a href=\"https:\/\/ops.radlin.pl\/ops\/program-opieka-wytchnieniowa-dla-jednostek-samorzadu-terytorialnego-edycja-2026\/\">Program \u201eOpieka wytchnieniowa\u201d dla Jednostek Samorz\u0105du Terytorialnego \u2013 edycja 2026<\/a><\/td>\n<\/tr>\n<tr class=\"row-5\">\n\t<td class=\"column-1\">4.<\/td><td class=\"column-2\"><\/td>\n<\/tr>\n<tr class=\"row-6\">\n\t<td class=\"column-1\">5.<\/td><td class=\"column-2\"><\/td>\n<\/tr>\n<tr class=\"row-7\">\n\t<td class=\"column-1\">6.<\/td><td class=\"column-2\"><\/td>\n<\/tr>\n<tr class=\"row-8\">\n\t<td class=\"column-1\">7.<\/td><td class=\"column-2\"><\/td>\n<\/tr>\n<\/tbody>\n<\/table>\n<!-- #tablepress-195 from cache -->\n\n\n\n<div style=\"height:30px\" aria-hidden=\"true\" class=\"wp-block-spacer\"><\/div>\n\n\n\n<h3 class=\"wp-block-heading has-text-align-center\"><strong>2025 r.<\/strong><\/h3>\n\n\n\n\n<table id=\"tablepress-180\" class=\"tablepress tablepress-id-180\">\n<thead>\n<tr class=\"row-1\">\n\t<td class=\"column-1\"><\/td><th class=\"column-2\"><strong>Nazwa<\/strong><\/th>\n<\/tr>\n<\/thead>\n<tbody class=\"row-striping row-hover\">\n<tr class=\"row-2\">\n\t<td class=\"column-1\">1.<\/td><td class=\"column-2\"><a href=\"https:\/\/ops.radlin.pl\/ops\/wieloletni-rzadowy-program-posilek-w-szkole-i-w-domu-na-lata-2024-2028-edycja-2025\/\">Wieloletni rz\u0105dowy program \"Posi\u0142ek w szkole i w domu\" na lata 2024-2028 - edycja 2025<\/a><\/td>\n<\/tr>\n<tr class=\"row-3\">\n\t<td class=\"column-1\">2.<\/td><td class=\"column-2\"><a href=\"https:\/\/ops.radlin.pl\/ops\/program-asystent-osobisty-osoby-z-niepelnosprawnoscia-dla-jednostek-samorzadu-terytorialnego-edycja-2025\/\">Program \u201eAsystent osobisty osoby z niepe\u0142nosprawno\u015bci\u0105\u201d dla Jednostek Samorz\u0105du Terytorialnego \u2013 edycja 2025<\/a><\/td>\n<\/tr>\n<tr class=\"row-4\">\n\t<td class=\"column-1\">3.<\/td><td class=\"column-2\"><a href=\"https:\/\/ops.radlin.pl\/ops\/program-opieka-wytchnieniowa-dla-jednostek-samorzadu-terytorialnego-edycja-2025\/\">Program \u201eOpieka wytchnieniowa\u201d dla Jednostek Samorz\u0105du Terytorialnego \u2013 edycja 2025<\/a><\/td>\n<\/tr>\n<tr class=\"row-5\">\n\t<td class=\"column-1\">4.<\/td><td class=\"column-2\"><a href=\"https:\/\/ops.radlin.pl\/ops\/program-korpus-wsparcia-seniorow-na-rok-2025\/\">Program \u201eKorpus Wsparcia Senior\u00f3w\u201d na rok 2025<\/a><\/td>\n<\/tr>\n<tr class=\"row-6\">\n\t<td class=\"column-1\">5.<\/td><td class=\"column-2\"><a href=\"https:\/\/ops.radlin.pl\/ops\/wsparcie-finansowe-zadan-i-programow-realizacji-zadan-pomocy-spolecznej-2025-r\/\">Wsparcie finansowe zada\u0144 i program\u00f3w realizacji zada\u0144 pomocy spo\u0142ecznej (2025 r.)<\/a><\/td>\n<\/tr>\n<tr class=\"row-7\">\n\t<td class=\"column-1\">6.<\/td><td class=\"column-2\"><a href=\"https:\/\/ops.radlin.pl\/ops\/rzadowy-program-dofinansowanie-wynagrodzen-pracownikow-jednostek-organizacyjnych-pomocy-spolecznej-w-postaci-dodatku-motywacyjnego-na-lata-2024-2027\/\">Rz\u0105dowy Program \u201eDofinansowanie wynagrodze\u0144 pracownik\u00f3w jednostek organizacyjnych pomocy spo\u0142ecznej w postaci dodatku motywacyjnego na lata 2024-2027\u201d (2025 r.)<\/a><\/td>\n<\/tr>\n<tr class=\"row-8\">\n\t<td class=\"column-1\">7.<\/td><td class=\"column-2\"><a href=\"https:\/\/ops.radlin.pl\/ops\/rzadowy-program-dofinansowanie-wynagrodzen-pracownikow-jednostek-wspierania-rodziny-i-systemu-pieczy-zastepczej-na-lata-2024-2027\/\">Rz\u0105dowy Program \u201eDofinansowanie wynagrodze\u0144 pracownik\u00f3w jednostek wspierania rodziny i systemu pieczy zast\u0119pczej na lata 2024\u20132027\u201d (2025 r.)<\/a><\/td>\n<\/tr>\n<\/tbody>\n<\/table>\n<!-- #tablepress-180 from cache -->\n\n\n\n<div style=\"height:30px\" aria-hidden=\"true\" class=\"wp-block-spacer\"><\/div>\n\n\n\n<h3 class=\"wp-block-heading has-text-align-center\"><strong>2024 r.<\/strong><\/h3>\n\n\n\n\n<table id=\"tablepress-166\" class=\"tablepress tablepress-id-166\">\n<thead>\n<tr class=\"row-1\">\n\t<td class=\"column-1\"><\/td><th class=\"column-2\"><strong>Nazwa<\/strong><\/th>\n<\/tr>\n<\/thead>\n<tbody class=\"row-striping row-hover\">\n<tr class=\"row-2\">\n\t<td class=\"column-1\">1.<\/td><td class=\"column-2\"><a href=\"https:\/\/ops.radlin.pl\/ops\/wieloletni-rzadowy-program-posilek-w-szkole-i-w-domu-na-lata-2024-2028-edycja-2024\/\">Wieloletni rz\u0105dowy program \"Posi\u0142ek w szkole i w domu\" na lata 2024-2028 - edycja 2024<\/a><\/td>\n<\/tr>\n<tr class=\"row-3\">\n\t<td class=\"column-1\">2.<\/td><td class=\"column-2\"><a href=\"https:\/\/ops.radlin.pl\/ops\/program-asystent-osobisty-osoby-z-niepelnosprawnoscia-dla-jednostek-samorzadu-terytorialnego-edycja-2024\/\">Program \u201eAsystent osobisty osoby z niepe\u0142nosprawno\u015bci\u0105\u201d dla Jednostek Samorz\u0105du Terytorialnego \u2013 edycja 2024<\/a><\/td>\n<\/tr>\n<tr class=\"row-4\">\n\t<td class=\"column-1\">3.<\/td><td class=\"column-2\"><a href=\"https:\/\/ops.radlin.pl\/ops\/program-opieka-wytchnieniowa-edycja-2024\/\">Program \u201eOpieka wytchnieniowa\u201d dla Jednostek Samorz\u0105du Terytorialnego \u2013 edycja 2024<\/a><\/td>\n<\/tr>\n<tr class=\"row-5\">\n\t<td class=\"column-1\">4.<\/td><td class=\"column-2\"><a href=\"https:\/\/ops.radlin.pl\/ops\/program-korpus-wsparcia-seniorow-na-rok-2024\/\">Program \u201eKorpus Wsparcia Senior\u00f3w\u201d na rok 2024<\/a><\/td>\n<\/tr>\n<tr class=\"row-6\">\n\t<td class=\"column-1\">5.<\/td><td class=\"column-2\"><a href=\"https:\/\/ops.radlin.pl\/ops\/rzadowy-program-wspierania-rodziny-asystent-rodziny-w-2024-r\/\">Program \u201eAsystent Rodziny w 2024 r.\"<\/a><\/td>\n<\/tr>\n<tr class=\"row-7\">\n\t<td class=\"column-1\">6.<\/td><td class=\"column-2\"><a href=\"https:\/\/ops.radlin.pl\/ops\/wsparcie-finansowe-zadan-i-programow-realizacji-zadan-pomocy-spolecznej-2024-r\/\">Wsparcie finansowe zada\u0144 i program\u00f3w realizacji zada\u0144 pomocy spo\u0142ecznej (2024 r.)<\/a><\/td>\n<\/tr>\n<tr class=\"row-8\">\n\t<td class=\"column-1\">7.<\/td><td class=\"column-2\"><a href=\"https:\/\/ops.radlin.pl\/ops\/rzadowy-program-dofinansowanie-wynagrodzen-pracownikow-jednostek-organizacyjnych-pomocy-spolecznej-w-postaci-dodatku-motywacyjnego-na-lata-2024-2027-2024-r\/\">Rz\u0105dowy Program \u201eDofinansowanie wynagrodze\u0144 pracownik\u00f3w jednostek organizacyjnych pomocy spo\u0142ecznej w postaci dodatku motywacyjnego na lata 2024-2027\u201d (2024 r.)<\/a><\/td>\n<\/tr>\n<tr class=\"row-9\">\n\t<td class=\"column-1\">8.<\/td><td class=\"column-2\"><a href=\"https:\/\/ops.radlin.pl\/ops\/rzadowy-program-dofinansowanie-wynagrodzen-pracownikow-jednostek-wspierania-rodziny-i-systemu-pieczy-zastepczej-na-lata-2024-2027-2024-r\/\">Rz\u0105dowy Program \u201eDofinansowanie wynagrodze\u0144 pracownik\u00f3w jednostek wspierania rodziny i systemu pieczy zast\u0119pczej na lata 2024\u20132027\u201d (2024 r.)<\/a><\/td>\n<\/tr>\n<\/tbody>\n<\/table>\n<!-- #tablepress-166 from cache -->\n\n\n\n<div style=\"height:30px\" aria-hidden=\"true\" class=\"wp-block-spacer\"><\/div>\n\n\n\n<h3 class=\"wp-block-heading has-text-align-center\"><strong>2023 r.<\/strong><\/h3>\n\n\n\n\n<table id=\"tablepress-148\" class=\"tablepress tablepress-id-148\">\n<thead>\n<tr class=\"row-1\">\n\t<td class=\"column-1\"><\/td><th class=\"column-2\"><strong>Nazwa<\/strong><\/th>\n<\/tr>\n<\/thead>\n<tbody class=\"row-striping row-hover\">\n<tr class=\"row-2\">\n\t<td class=\"column-1\">1.<\/td><td class=\"column-2\"><a href=\"https:\/\/ops.radlin.pl\/ops\/wieloletni-rzadowy-program-posilek-w-szkole-i-w-domu-na-lata-2019-2023-2023-r\/\">Wieloletni rz\u0105dowy program \"Posi\u0142ek w szkole i w domu\" na lata 2019-2023 (2023 r.)<\/a><\/td>\n<\/tr>\n<tr class=\"row-3\">\n\t<td class=\"column-1\">2.<\/td><td class=\"column-2\"><a href=\"https:\/\/ops.radlin.pl\/ops\/program-asystent-osobisty-osoby-niepelnosprawnej-edycja-2023\/\">Program \"Asystent Osobisty Osoby Niepe\u0142nosprawnej\" - edycja 2023<\/a><\/td>\n<\/tr>\n<tr class=\"row-4\">\n\t<td class=\"column-1\">3.<\/td><td class=\"column-2\"><a href=\"https:\/\/ops.radlin.pl\/ops\/program-opieka-wytchnieniowa-edycja-2023\/\">Program \"Opieka wytchnieniowa\" - edycja 2023<\/a><\/td>\n<\/tr>\n<tr class=\"row-5\">\n\t<td class=\"column-1\">4.<\/td><td class=\"column-2\"><a href=\"https:\/\/ops.radlin.pl\/ops\/wsparcie-finansowe-zadan-i-programow-realizacji-zadan-pomocy-spolecznej-2023-r\/\">Wsparcie finansowe zada\u0144 i program\u00f3w realizacji zada\u0144 pomocy spo\u0142ecznej (2023 r.)<\/a><\/td>\n<\/tr>\n<\/tbody>\n<\/table>\n<!-- #tablepress-148 from cache -->\n\n\n\n<div style=\"height:30px\" aria-hidden=\"true\" class=\"wp-block-spacer\"><\/div>\n\n\n\n<h3 class=\"wp-block-heading has-text-align-center\"><strong>2022 r.<\/strong><\/h3>\n\n\n\n\n<table id=\"tablepress-113\" class=\"tablepress tablepress-id-113\">\n<thead>\n<tr class=\"row-1\">\n\t<td class=\"column-1\"><\/td><th class=\"column-2\"><strong>Nazwa<\/strong><\/th>\n<\/tr>\n<\/thead>\n<tbody class=\"row-striping row-hover\">\n<tr class=\"row-2\">\n\t<td class=\"column-1\">1.<\/td><td class=\"column-2\"><a href=\"https:\/\/ops.radlin.pl\/ops\/wieloletni-rzadowy-program-posilek-w-szkole-i-w-domu-na-lata-2019-2023-2022\/\">Wieloletni rz\u0105dowy program \"Posi\u0142ek w szkole i w domu\" na lata 2019-2023 (2022 r.)<\/a><\/td>\n<\/tr>\n<tr class=\"row-3\">\n\t<td class=\"column-1\">2.<\/td><td class=\"column-2\"><a href=\"https:\/\/ops.radlin.pl\/ops\/program-asystent-osobisty-osoby-niepelnosprawnej-edycja-2022\/\">Program \"Asystent Osobisty Osoby Niepe\u0142nosprawnej\" - edycja 2022<\/a><\/td>\n<\/tr>\n<tr class=\"row-4\">\n\t<td class=\"column-1\">3.<\/td><td class=\"column-2\"><a href=\"https:\/\/ops.radlin.pl\/ops\/wsparcie-finansowe-zadan-i-programow-realizacji-zadan-pomocy-spolecznej-2022-r\/\">Wsparcie finansowe zada\u0144 i program\u00f3w realizacji zada\u0144 pomocy spo\u0142ecznej (2022 r.)<\/a><\/td>\n<\/tr>\n<\/tbody>\n<\/table>\n<!-- #tablepress-113 from cache -->\n\n\n\n<div style=\"height:30px\" aria-hidden=\"true\" class=\"wp-block-spacer\"><\/div>\n\n\n\n<h3 class=\"wp-block-heading has-text-align-center\"><strong>2021 r.<\/strong><\/h3>\n\n\n\n\n<table id=\"tablepress-149\" class=\"tablepress tablepress-id-149\">\n<thead>\n<tr class=\"row-1\">\n\t<td class=\"column-1\"><\/td><th class=\"column-2\"><strong>Nazwa<\/strong><\/th>\n<\/tr>\n<\/thead>\n<tbody class=\"row-striping row-hover\">\n<tr class=\"row-2\">\n\t<td class=\"column-1\">1.<\/td><td class=\"column-2\"><a href=\"https:\/\/ops.radlin.pl\/ops\/wieloletni-rzadowy-program-posilek-w-szkole-i-w-domu-na-lata-2019-2023\">Wieloletni rz\u0105dowy program \"Posi\u0142ek w szkole i w domu\" na lata 2019-2023 (2021 r.)<\/a><\/td>\n<\/tr>\n<tr class=\"row-3\">\n\t<td class=\"column-1\">2.<\/td><td class=\"column-2\"><a href=\"https:\/\/ops.radlin.pl\/ops\/program-asystent-osobisty-osoby-niepelnosprawnej-opis\">Program \"Asystent Osobisty Osoby Niepe\u0142nosprawnej\" - edycja 2021<\/a><\/td>\n<\/tr>\n<tr class=\"row-4\">\n\t<td class=\"column-1\">3.<\/td><td class=\"column-2\"><a href=\"https:\/\/ops.radlin.pl\/ops\/wsparcie-finansowe-zadan-i-programow-realizacji-zadan-pomocy-spolecznej-2021-r\/\">Wsparcie finansowe zada\u0144 i program\u00f3w realizacji zada\u0144 pomocy spo\u0142ecznej (2021 r.)<\/a><\/td>\n<\/tr>\n<\/tbody>\n<\/table>\n<!-- #tablepress-149 from cache -->\n","protected":false},"excerpt":{"rendered":"<p>2026 r. 2025 r. 2024 r. 2023 r. 2022 r. 2021 r.<\/p>\n","protected":false},"author":1,"featured_media":0,"parent":0,"menu_order":0,"comment_status":"closed","ping_status":"closed","template":"","meta":{"footnotes":""},"class_list":["post-5130","page","type-page","status-publish","czr-hentry"],"aioseo_notices":[],"_links":{"self":[{"href":"https:\/\/ops.radlin.pl\/ops\/wp-json\/wp\/v2\/pages\/5130","targetHints":{"allow":["GET"]}}],"collection":[{"href":"https:\/\/ops.radlin.pl\/ops\/wp-json\/wp\/v2\/pages"}],"about":[{"href":"https:\/\/ops.radlin.pl\/ops\/wp-json\/wp\/v2\/types\/page"}],"author":[{"embeddable":true,"href":"https:\/\/ops.radlin.pl\/ops\/wp-json\/wp\/v2\/users\/1"}],"replies":[{"embeddable":true,"href":"https:\/\/ops.radlin.pl\/ops\/wp-json\/wp\/v2\/comments?post=5130"}],"version-history":[{"count":13,"href":"https:\/\/ops.radlin.pl\/ops\/wp-json\/wp\/v2\/pages\/5130\/revisions"}],"predecessor-version":[{"id":8449,"href":"https:\/\/ops.radlin.pl\/ops\/wp-json\/wp\/v2\/pages\/5130\/revisions\/8449"}],"wp:attachment":[{"href":"https:\/\/ops.radlin.pl\/ops\/wp-json\/wp\/v2\/media?parent=5130"}],"curies":[{"name":"wp","href":"https:\/\/api.w.org\/{rel}","templated":true}]}}