{"id":5283,"date":"2021-12-31T13:43:13","date_gmt":"2021-12-31T12:43:13","guid":{"rendered":"https:\/\/ops.radlin.pl\/ops\/?page_id=5283"},"modified":"2025-02-25T13:16:13","modified_gmt":"2025-02-25T12:16:13","slug":"dodatki-mieszkaniowe","status":"publish","type":"page","link":"https:\/\/ops.radlin.pl\/ops\/dodatki-mieszkaniowe\/","title":{"rendered":"Dodatki mieszkaniowe"},"content":{"rendered":"\n<p class=\"has-text-align-left\">Zasady przyznawania dodatk\u00f3w mieszkaniowych reguluje ustawa z dnia 21 czerwca 2001r. o dodatkach mieszkaniowych<\/p>\n\n\n\n<div style=\"height:30px\" aria-hidden=\"true\" class=\"wp-block-spacer\"><\/div>\n\n\n\n<h3 class=\"wp-block-heading has-text-align-center\"><strong>Dodatek mieszkaniowy przys\u0142uguje<\/strong><\/h3>\n\n\n\n<div style=\"height:15px\" aria-hidden=\"true\" class=\"wp-block-spacer\"><\/div>\n\n\n\n<ul class=\"wp-block-list\">\n<li>najemcom albo podnajemcom lokali mieszkalnych, zamieszkuj\u0105cym w tych lokalach,<\/li>\n\n\n\n<li>osobom mieszkaj\u0105cym w lokalach mieszkalnych, do kt\u00f3rych przys\u0142uguje im sp\u00f3\u0142dzielcze prawo do lokalu mieszkalnego,<\/li>\n\n\n\n<li>osobom mieszkaj\u0105cym w lokalach mieszkalnych znajduj\u0105cych si\u0119 w budynkach stanowi\u0105cych ich w\u0142asno\u015b\u0107 i w\u0142a\u015bcicielom samodzielnych lokali mieszkalnych,<\/li>\n\n\n\n<li>innym osobom maj\u0105cym tytu\u0142 prawny do zajmowanego lokalu mieszkalnego i ponosz\u0105cym wydatki zwi\u0105zane z jego zajmowaniem,<\/li>\n\n\n\n<li>osobom zajmuj\u0105cym lokal mieszkalny bez tytu\u0142u prawnego, oczekuj\u0105cym na przys\u0142uguj\u0105cy im lokal zamienny albo najem socjalny lokalu.<\/li>\n<\/ul>\n\n\n\n<div style=\"height:30px\" aria-hidden=\"true\" class=\"wp-block-spacer\"><\/div>\n\n\n\n<h3 class=\"wp-block-heading has-text-align-center\"><strong>Kryteria dochodowe<\/strong><\/h3>\n\n\n\n<div style=\"height:15px\" aria-hidden=\"true\" class=\"wp-block-spacer\"><\/div>\n\n\n\n<p class=\"has-text-align-left\">Za doch\u00f3d uwa\u017ca si\u0119 doch\u00f3d w rozumieniu art. 3 pkt 1 ustawy z dnia 28 listopada 2003 r. o \u015bwiadczeniach rodzinnych<\/p>\n\n\n\n<p class=\"has-text-align-left\">Dodatek mieszkaniowy przys\u0142uguje osobom, je\u017celi w okresie 3 miesi\u0119cy poprzedzaj\u0105cych dat\u0119 z\u0142o\u017cenia wniosku o jego przyznanie \u015bredni miesi\u0119czny doch\u00f3d przypadaj\u0105cy na jednego cz\u0142onka gospodarstwa domowego wnioskodawcy nie przekroczy\u0142 w gospodarstwie:<\/p>\n\n\n\n<ul class=\"wp-block-list\">\n<li>jednoosobowym &#8211; 40% tj. 3272,69 z\u0142<\/li>\n\n\n\n<li>wieloosobowym &#8211; 30% tj. 2454,52 z\u0142<\/li>\n<\/ul>\n\n\n\n<p class=\"has-text-align-left\">&#8211; przeci\u0119tnego wynagrodzenia w gospodarce narodowej, obowi\u0105zuj\u0105cego w dniu z\u0142o\u017cenia wniosku.<\/p>\n\n\n\n<p class=\"has-text-align-left\">Dodatku mieszkaniowego nie przyznaje si\u0119, je\u017celi jego kwota by\u0142aby ni\u017csza ni\u017c 0,5% kwoty przeci\u0119tnego wynagrodzenia w gospodarce narodowej tj. kwota 40,91 z\u0142.<\/p>\n\n\n\n<div style=\"height:30px\" aria-hidden=\"true\" class=\"wp-block-spacer\"><\/div>\n\n\n\n<h3 class=\"wp-block-heading has-text-align-center\"><strong>Kryteria dot. powierzchni lokalu<\/strong><\/h3>\n\n\n\n<div style=\"height:15px\" aria-hidden=\"true\" class=\"wp-block-spacer\"><\/div>\n\n\n\n<p class=\"has-text-align-left\">Normatywna powierzchnia u\u017cytkowa lokalu mieszkalnego lub budynku mieszkalnego w kt\u00f3rym znajduje si\u0119 tylko jeden lokal mieszkalny (dom jednorodzinny), zwana dalej &#8222;normatywn\u0105 powierzchni\u0105&#8221;, w przeliczeniu na liczb\u0119 cz\u0142onk\u00f3w gospodarstwa domowego nie mo\u017ce przekroczy\u0107 dla:<\/p>\n\n\n\n<ul class=\"wp-block-list\">\n<li>1 osoby 35m2+30%=45,5m2<\/li>\n\n\n\n<li>2 os\u00f3b 40m2+30%=52,0m2<\/li>\n\n\n\n<li>3 os\u00f3b 45m2+30%=58,5m2<\/li>\n\n\n\n<li>4 os\u00f3b 55m2+30%=71.5m2<\/li>\n\n\n\n<li>5 os\u00f3b 65m2+30%=84.5m2<\/li>\n\n\n\n<li>6 os\u00f3b 70m2+30%=91,0m2<\/li>\n<\/ul>\n\n\n\n<p class=\"has-text-align-left\">W razie zamieszkiwania w lokalu mieszkalnym wi\u0119kszej liczby os\u00f3b dla ka\u017cdej kolejnej osoby zwi\u0119ksza si\u0119 normatywn\u0105 powierzchni\u0119 tego lokalu o 5m2.<\/p>\n\n\n\n<p class=\"has-text-align-left\">Dodatek mieszkaniowy przys\u0142uguje, gdy powierzchnia u\u017cytkowa lokalu mieszkalnego nie przekracza normatywnej powierzchni o wi\u0119cej ni\u017c: 30% albo 50% pod warunkiem, \u017ce udzia\u0142 powierzchni pokoi i kuchni w powierzchni u\u017cytkowej tego lokalu nie przekracza 60%.<\/p>\n\n\n\n<p class=\"has-text-align-left\">Normatywn\u0105 powierzchni\u0119 powi\u0119ksza si\u0119 o 15 m2 &#8211; je\u017celi w lokalu mieszkalnym zamieszkuje osoba niepe\u0142nosprawna poruszaj\u0105ca si\u0119 na w\u00f3zku lub osoba niepe\u0142nosprawna, kt\u00f3rej niepe\u0142nosprawno\u015b\u0107 wymaga zamieszkiwania w oddzielnym pokoju. O wymogu zamieszkiwania w oddzielnym pokoju orzekaj\u0105 Powiatowe Zespo\u0142y ds Orzekania o Niepe\u0142nosprawno\u015bci, o kt\u00f3rych mowa w ustawie z dnia 27.08.1997r. o rehabilitacji zawodowej i spo\u0142ecznej oraz zatrudnianiu os\u00f3b niepe\u0142nosprawnych.<\/p>\n\n\n\n<p class=\"has-text-align-left\"><strong>Dodatek mieszkaniowy NIE przys\u0142uguje<\/strong> osobom przebywaj\u0105cym w:<\/p>\n\n\n\n<ul class=\"wp-block-list\">\n<li>domu pomocy spo\u0142ecznej, m\u0142odzie\u017cowym o\u015brodku wychowawczym,<\/li>\n\n\n\n<li>schronisku dla nieletnich, zak\u0142adzie poprawczym,<\/li>\n\n\n\n<li>zak\u0142adzie karnym,<\/li>\n\n\n\n<li>szkole, w tym w szkole wojskowej,<\/li>\n<\/ul>\n\n\n\n<p class=\"has-text-align-left\">je\u017celi instytucje te zapewniaj\u0105 nieodp\u0142atnie pe\u0142ne ca\u0142odobowe utrzymanie.<\/p>\n\n\n\n<div style=\"height:20px\" aria-hidden=\"true\" class=\"wp-block-spacer\"><\/div>\n\n\n\n<table id=\"tablepress-115\" class=\"tablepress tablepress-id-115\">\n<thead>\n<tr class=\"row-1\">\n\t<td class=\"column-1\"><\/td><th class=\"column-2\">Opis pliku<\/th><td class=\"column-3\"><\/td>\n<\/tr>\n<\/thead>\n<tbody class=\"row-striping row-hover\">\n<tr class=\"row-2\">\n\t<td class=\"column-1\">1.<\/td><td class=\"column-2\"><a href=\"http:\/\/ops.radlin.pl\/ops\/pliki\/druki\/2022\/1.-Wniosek-o-przyznanie-dodatku-mieszkaniowego.pdf\" target=\"_blank\" rel=\"noopener noreferrer\">Wniosek o przyznanie dodatku mieszkaniowego<\/a><\/td><td class=\"column-3\"><img loading=\"lazy\" decoding=\"async\" src=\"http:\/\/ops.radlin.pl\/ops\/wp-content\/uploads\/2017\/05\/pdf_ico.png\" alt=\"\" width=\"32\" height=\"32\" class=\"aligncenter size-full wp-image-790\" \/><\/td>\n<\/tr>\n<tr class=\"row-3\">\n\t<td class=\"column-1\">2.<\/td><td class=\"column-2\"><a href=\"http:\/\/ops.radlin.pl\/ops\/pliki\/druki\/2022\/2.-Dane-dodatkowe-dotyczace-lokalu.pdf\" target=\"_blank\" rel=\"noopener noreferrer\">Dane dodatkowe dotycz\u0105ce lokalu [Wersja pliku obowi\u0105zuj\u0105ca do 31.03.2026 r.]<\/a><\/td><td class=\"column-3\"><img loading=\"lazy\" decoding=\"async\" src=\"http:\/\/ops.radlin.pl\/ops\/wp-content\/uploads\/2017\/05\/pdf_ico.png\" alt=\"\" width=\"32\" height=\"32\" class=\"aligncenter size-full wp-image-790\" \/><\/td>\n<\/tr>\n<tr class=\"row-4\">\n\t<td class=\"column-1\">2.<\/td><td class=\"column-2\"><a href=\"http:\/\/ops.radlin.pl\/ops\/pliki\/druki\/2022\/2.-Dane_dodatkowe_dotyczace_lokalu_od 04-2026.pdf\" target=\"_blank\" rel=\"noopener noreferrer\">Dane dodatkowe dotycz\u0105ce lokalu [Wersja pliku obowi\u0105zuj\u0105ca do 01.04.2026 r.]<\/a><\/td><td class=\"column-3\"><img loading=\"lazy\" decoding=\"async\" src=\"http:\/\/ops.radlin.pl\/ops\/wp-content\/uploads\/2017\/05\/pdf_ico.png\" alt=\"\" width=\"32\" height=\"32\" class=\"aligncenter size-full wp-image-790\" \/><\/td>\n<\/tr>\n<tr class=\"row-5\">\n\t<td class=\"column-1\">3.<\/td><td class=\"column-2\"><a href=\"http:\/\/ops.radlin.pl\/ops\/pliki\/druki\/2022\/3.-Deklaracja-o-dochodach-gospodarstwa-domowego.pdf\" target=\"_blank\" rel=\"noopener noreferrer\">Deklaracja o dochodach gospodarstwa domowego<\/a><\/td><td class=\"column-3\"><img loading=\"lazy\" decoding=\"async\" src=\"http:\/\/ops.radlin.pl\/ops\/wp-content\/uploads\/2017\/05\/pdf_ico.png\" alt=\"\" width=\"32\" height=\"32\" class=\"aligncenter size-full wp-image-790\" \/><\/td>\n<\/tr>\n<tr class=\"row-6\">\n\t<td class=\"column-1\">4.<\/td><td class=\"column-2\"><a href=\"http:\/\/ops.radlin.pl\/ops\/pliki\/druki\/2022\/4.-Oswiadczenia-i-informacje.pdf\" target=\"_blank\" rel=\"noopener noreferrer\">O\u015bwiadczenia i informacje<\/a><\/td><td class=\"column-3\"><img loading=\"lazy\" decoding=\"async\" src=\"http:\/\/ops.radlin.pl\/ops\/wp-content\/uploads\/2017\/05\/pdf_ico.png\" alt=\"\" width=\"32\" height=\"32\" class=\"aligncenter size-full wp-image-790\" \/><\/td>\n<\/tr>\n<tr class=\"row-7\">\n\t<td class=\"column-1\">5.<\/td><td class=\"column-2\"><a href=\"http:\/\/ops.radlin.pl\/ops\/pliki\/druki\/2022\/5.-Zaswiadczenie-o-dochodzie.pdf\" target=\"_blank\" rel=\"noopener noreferrer\">Za\u015bwiadczenie o dochodzie<\/a><\/td><td class=\"column-3\"><img loading=\"lazy\" decoding=\"async\" src=\"http:\/\/ops.radlin.pl\/ops\/wp-content\/uploads\/2017\/05\/pdf_ico.png\" alt=\"\" width=\"32\" height=\"32\" class=\"aligncenter size-full wp-image-790\" \/><\/td>\n<\/tr>\n<tr class=\"row-8\">\n\t<td class=\"column-1\">6.<\/td><td class=\"column-2\"><a href=\"http:\/\/ops.radlin.pl\/ops\/pliki\/druki\/oswiadczenie.pdf\" target=\"_blank\" rel=\"noopener noreferrer\">O\u015bwiadczenie pod odpowiedzialno\u015bci\u0105 karn\u0105<\/a><\/td><td class=\"column-3\"><img loading=\"lazy\" decoding=\"async\" src=\"http:\/\/ops.radlin.pl\/ops\/wp-content\/uploads\/2017\/05\/pdf_ico.png\" alt=\"\" width=\"32\" height=\"32\" class=\"aligncenter size-full wp-image-790\" \/><\/td>\n<\/tr>\n<tr class=\"row-9\">\n\t<td class=\"column-1\">7.<\/td><td class=\"column-2\"><a href=\"http:\/\/ops.radlin.pl\/ops\/pliki\/druki\/pouczenieDM.pdf\" target=\"_blank\" rel=\"noopener noreferrer\">Pouczenie o dochodach wliczanych do dodatku mieszkaniowego<\/a><\/td><td class=\"column-3\"><img loading=\"lazy\" decoding=\"async\" src=\"http:\/\/ops.radlin.pl\/ops\/wp-content\/uploads\/2017\/05\/pdf_ico.png\" alt=\"\" width=\"32\" height=\"32\" class=\"aligncenter size-full wp-image-790\" \/><\/td>\n<\/tr>\n<\/tbody>\n<\/table>\n<!-- #tablepress-115 from cache -->\n","protected":false},"excerpt":{"rendered":"<p>Zasady przyznawania dodatk\u00f3w mieszkaniowych reguluje ustawa z dnia 21 czerwca 2001r. o dodatkach mieszkaniowych Dodatek mieszkaniowy przys\u0142uguje Kryteria dochodowe Za doch\u00f3d uwa\u017ca si\u0119 doch\u00f3d w rozumieniu art. 3 pkt 1 ustawy z dnia 28 listopada 2003 r. o \u015bwiadczeniach rodzinnych Dodatek mieszkaniowy przys\u0142uguje osobom, je\u017celi w okresie 3 miesi\u0119cy poprzedzaj\u0105cych dat\u0119 z\u0142o\u017cenia wniosku o jego&hellip; <a class=\"continue\" href=\"https:\/\/ops.radlin.pl\/ops\/dodatki-mieszkaniowe\/\"><strong>Czytaj wi\u0119cej:<\/strong><span> Dodatki mieszkaniowe<\/span><\/a><\/p>\n","protected":false},"author":1,"featured_media":0,"parent":0,"menu_order":0,"comment_status":"closed","ping_status":"closed","template":"","meta":{"footnotes":""},"class_list":["post-5283","page","type-page","status-publish","czr-hentry"],"aioseo_notices":[],"_links":{"self":[{"href":"https:\/\/ops.radlin.pl\/ops\/wp-json\/wp\/v2\/pages\/5283","targetHints":{"allow":["GET"]}}],"collection":[{"href":"https:\/\/ops.radlin.pl\/ops\/wp-json\/wp\/v2\/pages"}],"about":[{"href":"https:\/\/ops.radlin.pl\/ops\/wp-json\/wp\/v2\/types\/page"}],"author":[{"embeddable":true,"href":"https:\/\/ops.radlin.pl\/ops\/wp-json\/wp\/v2\/users\/1"}],"replies":[{"embeddable":true,"href":"https:\/\/ops.radlin.pl\/ops\/wp-json\/wp\/v2\/comments?post=5283"}],"version-history":[{"count":5,"href":"https:\/\/ops.radlin.pl\/ops\/wp-json\/wp\/v2\/pages\/5283\/revisions"}],"predecessor-version":[{"id":7805,"href":"https:\/\/ops.radlin.pl\/ops\/wp-json\/wp\/v2\/pages\/5283\/revisions\/7805"}],"wp:attachment":[{"href":"https:\/\/ops.radlin.pl\/ops\/wp-json\/wp\/v2\/media?parent=5283"}],"curies":[{"name":"wp","href":"https:\/\/api.w.org\/{rel}","templated":true}]}}