{"id":5501,"date":"2022-04-04T10:15:20","date_gmt":"2022-04-04T08:15:20","guid":{"rendered":"https:\/\/ops.radlin.pl\/ops\/?page_id=5501"},"modified":"2022-11-16T11:42:34","modified_gmt":"2022-11-16T10:42:34","slug":"wieloletni-rzadowy-program-posilek-w-szkole-i-w-domu-na-lata-2019-2023-2022","status":"publish","type":"page","link":"https:\/\/ops.radlin.pl\/ops\/wieloletni-rzadowy-program-posilek-w-szkole-i-w-domu-na-lata-2019-2023-2022\/","title":{"rendered":"Wieloletni rz\u0105dowy program \u201ePosi\u0142ek w szkole i w domu\u201d na lata 2019-2023 (2022 r.)"},"content":{"rendered":"\n<figure class=\"wp-block-image size-full\"><img loading=\"lazy\" decoding=\"async\" width=\"850\" height=\"150\" src=\"https:\/\/ops.radlin.pl\/ops\/wp-content\/uploads\/2021\/06\/FS2.png\" alt=\"Logo\" class=\"wp-image-5026\" srcset=\"https:\/\/ops.radlin.pl\/ops\/wp-content\/uploads\/2021\/06\/FS2.png 850w, https:\/\/ops.radlin.pl\/ops\/wp-content\/uploads\/2021\/06\/FS2-300x53.png 300w, https:\/\/ops.radlin.pl\/ops\/wp-content\/uploads\/2021\/06\/FS2-768x136.png 768w\" sizes=\"auto, (max-width: 850px) 100vw, 850px\" \/><\/figure>\n\n\n\n<p class=\"has-text-align-left\">Gmina Radlin w 2022 r. otrzyma\u0142a dotacj\u0119 celow\u0105 z bud\u017cetu pa\u0144stwa na dofinansowanie dzia\u0142a\u0144 przewidzianych wieloletnim rz\u0105dowym programem \u201ePosi\u0142ek w szkole i w domu\u201d na lata 2019-2023 w wysoko\u015bci <strong>128 735,00 z\u0142<\/strong> (sto dwadzie\u015bcia osiem tysi\u0119cy siedemset trzydzie\u015bci pi\u0119\u0107 z\u0142otych).<\/p>\n\n\n\n<p class=\"has-text-align-left\"><strong>Warto\u015b\u0107 dofinansowania ze \u015brodk\u00f3w bud\u017cetu pa\u0144stwa w 2022 r.:<\/strong><br>128 735,00 z\u0142 (sto dwadzie\u015bcia osiem tysi\u0119cy siedemset trzydzie\u015bci pi\u0119\u0107 z\u0142otych).<\/p>\n\n\n\n<p class=\"has-text-align-left\"><strong>Ca\u0142kowity koszt realizacji zadania w 2022 r.:<\/strong><br>213 905,00 z\u0142 (dwie\u015bcie trzyna\u015bcie tysi\u0119cy dziewi\u0119\u0107set pi\u0119\u0107 z\u0142otych).<\/p>\n\n\n\n<p class=\"has-text-align-left\">Celem programu jest zapewnienie pomocy w formie posi\u0142ku, \u015bwiadczenia pieni\u0119\u017cnego na zakup posi\u0142ku lub \u017cywno\u015bci albo \u015bwiadczenia rzeczowego w postaci produkt\u00f3w \u017cywno\u015bciowych wszystkim osobom jej potrzebuj\u0105cym, w szczeg\u00f3lno\u015bci:<\/p>\n\n\n\n<ul class=\"wp-block-list\">\n<li>dzieciom do czasu podj\u0119cia nauki w szkole podstawowej,<\/li>\n\n\n\n<li>uczniom do czasu uko\u0144czenia szko\u0142y ponadpodstawowej lub szko\u0142y ponadgimnazjalnej,<\/li>\n\n\n\n<li>osobom i rodzinom znajduj\u0105cym si\u0119 w sytuacjach wymienionych w art. 7 ustawy o pomocy spo\u0142ecznej, w szczeg\u00f3lno\u015bci osobom starszym, chorym i niepe\u0142nosprawnym.<\/li>\n<\/ul>\n\n\n\n<p class=\"has-text-align-left\">W zakresie realizacji powy\u017cszego programu Rada Miejska w Radlinie podj\u0119\u0142a nast\u0119puj\u0105ce uchwa\u0142y:<\/p>\n\n\n\n<ul class=\"wp-block-list\">\n<li><a href=\"https:\/\/www.eurzad.radlin.pl\/#!\/rejestr\/624984\" target=\"_blank\" rel=\"noreferrer noopener\">uchwa\u0142a Nr S.0007.001.2019 Rady Miejskiej w Radlinie z dnia 29 stycznia 2019 r. w sprawie ustanowienia programu os\u0142onowego w zakresie do\u017cywiania \u201ePomoc Radlina w zakresie do\u017cywiania\u201d na lata 2019-2023 z dnia 20 grudnia 2018 r.<\/a><\/li>\n\n\n\n<li><a href=\"https:\/\/www.eurzad.radlin.pl\/#!\/rejestr\/625090\" target=\"_blank\" rel=\"noreferrer noopener\">uchwa\u0142a Nr S.0007.002.2019 Rady Miejskiej w Radlinie z dnia 29 stycznia 2019 r. w sprawie zmiany uchwa\u0142y Nr S.0007.095.2018 Rady Miejskiej w Radlinie z dnia 5 grudnia 2018 r. w sprawie podwy\u017cszenia kryterium dochodowego uprawniaj\u0105cego do udzielenia nieodp\u0142atnego wsparcia w formie \u015bwiadczenia pieni\u0119\u017cnego na zakup posi\u0142ku lub \u017cywno\u015bci dla os\u00f3b obj\u0119tych wieloletnim rz\u0105dowym programem \u201ePosi\u0142ek w szkole i w domu\u201d na lata 2019-2023 (Dz. Urz. Woj. \u015al\u0105skiego z 2019 r. poz. 1452)<\/a><\/li>\n\n\n\n<li><a href=\"https:\/\/www.eurzad.radlin.pl\/#!\/rejestr\/612771\" target=\"_blank\" rel=\"noreferrer noopener\">uchwa\u0142a Nr S.0007.096.2018 Rady Miejskiej w Radlinie z dnia 5 grudnia 2018 r. w sprawie okre\u015blenia zasad zwrotu wydatk\u00f3w w zakresie do\u017cywiania w formie posi\u0142ku albo \u015bwiadczenia rzeczowego w postaci produkt\u00f3w \u017cywno\u015bciowych dla os\u00f3b obj\u0119tych wieloletnim rz\u0105dowym programem &#8222;Posi\u0142ek w szkole i w domu&#8221; na lata 2019-2023<\/a><\/li>\n<\/ul>\n\n\n\n<div style=\"height:40px\" aria-hidden=\"true\" class=\"wp-block-spacer\"><\/div>\n\n\n<div class=\"wp-block-image\">\n<figure class=\"aligncenter size-full\"><img loading=\"lazy\" decoding=\"async\" width=\"762\" height=\"1078\" src=\"https:\/\/ops.radlin.pl\/ops\/wp-content\/uploads\/2022\/11\/PWSiWD-2022-11.jpg\" alt=\"plakat dofinansowanie posi\u0142ek\" class=\"wp-image-5681\" srcset=\"https:\/\/ops.radlin.pl\/ops\/wp-content\/uploads\/2022\/11\/PWSiWD-2022-11.jpg 762w, https:\/\/ops.radlin.pl\/ops\/wp-content\/uploads\/2022\/11\/PWSiWD-2022-11-212x300.jpg 212w\" sizes=\"auto, (max-width: 762px) 100vw, 762px\" \/><\/figure>\n<\/div>\n\n\n<div style=\"height:32px\" aria-hidden=\"true\" class=\"wp-block-spacer\"><\/div>\n","protected":false},"excerpt":{"rendered":"<p>Gmina Radlin w 2022 r. otrzyma\u0142a dotacj\u0119 celow\u0105 z bud\u017cetu pa\u0144stwa na dofinansowanie dzia\u0142a\u0144 przewidzianych wieloletnim rz\u0105dowym programem \u201ePosi\u0142ek w szkole i w domu\u201d na lata 2019-2023 w wysoko\u015bci 128 735,00 z\u0142 (sto dwadzie\u015bcia osiem tysi\u0119cy siedemset trzydzie\u015bci pi\u0119\u0107 z\u0142otych). Warto\u015b\u0107 dofinansowania ze \u015brodk\u00f3w bud\u017cetu pa\u0144stwa w 2022 r.:128 735,00 z\u0142 (sto dwadzie\u015bcia osiem tysi\u0119cy&hellip; <a class=\"continue\" href=\"https:\/\/ops.radlin.pl\/ops\/wieloletni-rzadowy-program-posilek-w-szkole-i-w-domu-na-lata-2019-2023-2022\/\"><strong>Czytaj wi\u0119cej:<\/strong><span> Wieloletni rz\u0105dowy program \u201ePosi\u0142ek w szkole i w domu\u201d na lata 2019-2023 (2022 r.)<\/span><\/a><\/p>\n","protected":false},"author":1,"featured_media":0,"parent":0,"menu_order":0,"comment_status":"closed","ping_status":"closed","template":"","meta":{"footnotes":""},"class_list":["post-5501","page","type-page","status-publish","czr-hentry"],"aioseo_notices":[],"_links":{"self":[{"href":"https:\/\/ops.radlin.pl\/ops\/wp-json\/wp\/v2\/pages\/5501","targetHints":{"allow":["GET"]}}],"collection":[{"href":"https:\/\/ops.radlin.pl\/ops\/wp-json\/wp\/v2\/pages"}],"about":[{"href":"https:\/\/ops.radlin.pl\/ops\/wp-json\/wp\/v2\/types\/page"}],"author":[{"embeddable":true,"href":"https:\/\/ops.radlin.pl\/ops\/wp-json\/wp\/v2\/users\/1"}],"replies":[{"embeddable":true,"href":"https:\/\/ops.radlin.pl\/ops\/wp-json\/wp\/v2\/comments?post=5501"}],"version-history":[{"count":7,"href":"https:\/\/ops.radlin.pl\/ops\/wp-json\/wp\/v2\/pages\/5501\/revisions"}],"predecessor-version":[{"id":5682,"href":"https:\/\/ops.radlin.pl\/ops\/wp-json\/wp\/v2\/pages\/5501\/revisions\/5682"}],"wp:attachment":[{"href":"https:\/\/ops.radlin.pl\/ops\/wp-json\/wp\/v2\/media?parent=5501"}],"curies":[{"name":"wp","href":"https:\/\/api.w.org\/{rel}","templated":true}]}}