{"id":5532,"date":"2022-05-27T10:10:00","date_gmt":"2022-05-27T08:10:00","guid":{"rendered":"https:\/\/ops.radlin.pl\/ops\/?page_id=5532"},"modified":"2022-06-23T10:59:19","modified_gmt":"2022-06-23T08:59:19","slug":"program-korpus-wsparcia-seniorow-na-rok-2022","status":"publish","type":"page","link":"https:\/\/ops.radlin.pl\/ops\/program-korpus-wsparcia-seniorow-na-rok-2022\/","title":{"rendered":"Program \u201eKorpus Wsparcia Senior\u00f3w\u201d na rok 2022"},"content":{"rendered":"\n<figure class=\"wp-block-image size-full\"><img loading=\"lazy\" decoding=\"async\" width=\"850\" height=\"150\" src=\"https:\/\/ops.radlin.pl\/ops\/wp-content\/uploads\/2021\/06\/FS2.png\" alt=\"Logo\" class=\"wp-image-5026\" srcset=\"https:\/\/ops.radlin.pl\/ops\/wp-content\/uploads\/2021\/06\/FS2.png 850w, https:\/\/ops.radlin.pl\/ops\/wp-content\/uploads\/2021\/06\/FS2-300x53.png 300w, https:\/\/ops.radlin.pl\/ops\/wp-content\/uploads\/2021\/06\/FS2-768x136.png 768w\" sizes=\"auto, (max-width: 850px) 100vw, 850px\" \/><\/figure>\n\n\n\n<p class=\"has-text-align-left\">O\u015brodek Pomocy Spo\u0142ecznej realizuje Program \u201eKorpus Wsparcia Senior\u00f3w\u201d <em>na rok 2022.<\/em><br>Program finansowany jest ze \u015brodk\u00f3w z Funduszu Przeciwdzia\u0142ania COVID-19.<\/p>\n\n\n\n<div style=\"height:20px\" aria-hidden=\"true\" class=\"wp-block-spacer\"><\/div>\n\n\n\n<p class=\"has-text-align-left\"><strong><strong>Warto\u015b\u0107 dofinansowania ze \u015brodk\u00f3w z Funduszu Przeciwdzia\u0142ania COVID-19<\/strong><\/strong>:<\/p>\n\n\n\n<p class=\"has-text-align-left\">35 392,00 z\u0142 (trzydzie\u015bci pi\u0119\u0107 tysi\u0119cy trzysta dziewi\u0119\u0107dziesi\u0105t dwa z\u0142ote).<\/p>\n\n\n\n<p class=\"has-text-align-left\"><strong><strong>Ca\u0142kowity koszt realizacji tego zadania wynosi w 2022 r.:<\/strong><\/strong><\/p>\n\n\n\n<p class=\"has-text-align-left\">35 392,00 z\u0142 (trzydzie\u015bci pi\u0119\u0107 tysi\u0119cy trzysta dziewi\u0119\u0107dziesi\u0105t dwa z\u0142ote).<\/p>\n\n\n\n<div style=\"height:20px\" aria-hidden=\"true\" class=\"wp-block-spacer\"><\/div>\n\n\n\n<p class=\"has-text-align-left\">Program b\u0119dzie realizowany w dw\u00f3ch modu\u0142ach:<\/p>\n\n\n\n<div style=\"height:20px\" aria-hidden=\"true\" class=\"wp-block-spacer\"><\/div>\n\n\n\n<p class=\"has-text-align-left\"><strong>Modu\u0142 I<\/strong><\/p>\n\n\n\n<p class=\"has-text-align-left\">Celem modu\u0142u I jest zapewnienie us\u0142ugi wsparcia seniorom w wieku 65 lat i wi\u0119cej przez \u015bwiadczenie us\u0142ug w zakresie okre\u015blonym w programie, wynikaj\u0105cych z rozeznanych potrzeb na terenie gminy Radlin.<\/p>\n\n\n\n<p class=\"has-text-align-left\"><strong>Opis Us\u0142ugi wsparcia:<\/strong><\/p>\n\n\n\n<ul class=\"wp-block-list\"><li>Wsparcie spo\u0142eczne<\/li><li>U\u0142atwienie dost\u0119pno\u015bci do podstawowej oraz specjalistycznej opieki zdrowotnej<\/li><li>Wsparcie psychologiczne<\/li><li>Wsparcie w czynno\u015bciach dnia codziennego<\/li><\/ul>\n\n\n\n<p class=\"has-text-align-left\"><strong>Adresaci modu\u0142u I:<\/strong><\/p>\n\n\n\n<p class=\"has-text-align-left\">Seniorzy w wieku 65 lat i wi\u0119cej, kt\u00f3rzy maj\u0105 problemy z samodzielnym funkcjonowaniem ze wzgl\u0119du na stan zdrowia, prowadz\u0105cy samodzielne gospodarstwa domowe lub mieszkaj\u0105cy z osobami bliskimi, kt\u00f3re nie s\u0105 w stanie zapewni\u0107 im wystarczaj\u0105cego wsparcia.<\/p>\n\n\n\n<div style=\"height:20px\" aria-hidden=\"true\" class=\"wp-block-spacer\"><\/div>\n\n\n\n<p class=\"has-text-align-left\"><strong>Modu\u0142 II<\/strong><\/p>\n\n\n\n<p class=\"has-text-align-left\">Celem Modu\u0142u II jest poprawa bezpiecze\u0144stwa oraz mo\u017cliwo\u015bci samodzielnego funkcjonowania w miejscu zamieszkania dla os\u00f3b starszych przez zwi\u0119kszanie dost\u0119pu do tzw. \u201eopieki na odleg\u0142o\u015b\u0107\u201d.<\/p>\n\n\n\n<p class=\"has-text-align-left\">\u201eOpieka na odleg\u0142o\u015b\u0107\u201d jest nowoczesn\u0105 form\u0105 sprawowania opieki nad osobami starszymi, chorymi, po przebytych zabiegach medycznych, z niepe\u0142nosprawno\u015bciami, kt\u00f3rzy czasowo lub na sta\u0142e wymagaj\u0105 wsparcia w codziennym funkcjonowaniu. To idealne rozwi\u0105zanie, szczeg\u00f3lnie dla os\u00f3b samotnych, zar\u00f3wno tych, kt\u00f3re nie potrzebuj\u0105 us\u0142ug ca\u0142odobowych i nie korzystaj\u0105 na co dzie\u0144 z us\u0142ug opieku\u0144czych czy specjalistycznych us\u0142ug opieku\u0144czych, jak i tych obj\u0119tych wsparciem w postaci us\u0142ug opieku\u0144czych lub specjalistycznych us\u0142ug opieku\u0144czych, u kt\u00f3rych nieprzewidywalno\u015b\u0107 zmiany stanu zdrowia uzasadnia sta\u0142e monitorowanie w celu jak najszybszej reakcji, powiadomienia w\u0142a\u015bciwych s\u0142u\u017cb i udzielenia mo\u017cliwe najszybciej pomocy, w tym pomocy medycznej, w ramach \u015bwiadcze\u0144 opieki zdrowotnej finansowanej ze \u015brodk\u00f3w publicznych.<\/p>\n\n\n\n<p class=\"has-text-align-left\">Rozw\u00f3j wsp\u00f3\u0142czesnego systemu opieki nad osobami starszymi prowadzi do rozwoju nowoczesnych technologii w tym obszarze. \u201eOpieka na odleg\u0142o\u015b\u0107\u201d gwarantuje szeroko poj\u0119ty system bie\u017c\u0105cego monitorowania stanu seniora w miejscu jego zamieszkania oraz pozwala na natychmiastow\u0105 reakcj\u0119 w sytuacji zagro\u017cenia zdrowia lub \u017cycia seniora \u2013 zar\u00f3wno spowodowanego problemami w zachowaniu funkcji \u017cyciowych, jak r\u00f3wnie\u017c w sytuacji wyst\u0105pienia incydent\u00f3w w miejscu zamieszkania.<\/p>\n\n\n\n<p class=\"has-text-align-left\"><strong>Opis us\u0142ugi wsparcia:<\/strong><\/p>\n\n\n\n<p class=\"has-text-align-left\">W ramach programu seniorom w wieku 65 lat i wi\u0119cej zostanie zapewniony dost\u0119p do tzw. \u201eopasek bezpiecze\u0144stwa\u201d wyposa\u017conych w co najmniej trzy z nast\u0119puj\u0105cych funkcji:<\/p>\n\n\n\n<ul class=\"wp-block-list\"><li>przycisk bezpiecze\u0144stwa \u2013 sygna\u0142 SOS,<\/li><li>detektor upadku,<\/li><li>czujnik zdj\u0119cia opaski,<\/li><li>lokalizator GPS,<\/li><li>funkcje umo\u017cliwiaj\u0105ce komunikowanie si\u0119 z centrum obs\u0142ugi i opiekunami,<\/li><li>funkcje monitoruj\u0105ce podstawowe czynno\u015bci \u017cyciowe.<\/li><\/ul>\n\n\n\n<p class=\"has-text-align-left\">Opaska bezpiecze\u0144stwa b\u0119dzie po\u0142\u0105czona z us\u0142ug\u0105 operatora pomocy \u2013 w przypadku trudnej sytuacji lub nag\u0142ego zagro\u017cenia wci\u015bni\u0119cie guzika alarmowego, znajduj\u0105cego si\u0119 na opasce, umo\u017cliwia po\u0142\u0105czenie si\u0119 ze stale gotow\u0105 do interwencji central\u0105.<\/p>\n\n\n\n<p class=\"has-text-align-left\">Opaska pod wzgl\u0119dem funkcjonalno\u015bci oraz dopasowania dla os\u00f3b w wieku 65 lat i wi\u0119cej powinna by\u0107 jak najprostsza w obs\u0142udze, np. posiada\u0107 maksymalnie jeden przycisk.<\/p>\n\n\n\n<p class=\"has-text-align-left\">Po odebraniu zg\u0142oszenia dyspozytor (ratownik medyczny, opiekun medyczny, piel\u0119gniarka) podejmuje decyzj\u0119 o sposobie udzielenia pomocy seniorowi. W zale\u017cno\u015bci od sytuacji mo\u017ce on zapewni\u0107 wsparcie emocjonalne przez telefon, poprosi\u0107 o interwencj\u0119 kogo\u015b z jego najbli\u017cszego otoczenia (rodzin\u0119, s\u0105siad\u00f3w, opiekun\u00f3w), poprosi\u0107 o interwencj\u0119 pracownika o\u015brodka pomocy spo\u0142ecznej<strong>\/<\/strong>centrum us\u0142ug spo\u0142ecznych (np. pracownika socjalnego czy opiekunk\u0119 \u015brodowiskow\u0105) lub wezwa\u0107 s\u0142u\u017cby ratunkowe.<\/p>\n\n\n\n<p class=\"has-text-align-left\"><strong>Adresaci modu\u0142u II:<\/strong><\/p>\n\n\n\n<p class=\"has-text-align-left\">Seniorzy w wieku 65 lat i wi\u0119cej, kt\u00f3rzy maj\u0105 problemy z samodzielnym funkcjonowaniem ze wzgl\u0119du na stan zdrowia, prowadz\u0105cy samodzielne gospodarstwa domowe lub mieszkaj\u0105cy z osobami bliskimi, kt\u00f3re nie s\u0105 w stanie zapewni\u0107 im wystarczaj\u0105cego wsparcia<\/p>\n\n\n\n<div style=\"height:20px\" aria-hidden=\"true\" class=\"wp-block-spacer\"><\/div>\n\n\n\n<p class=\"has-text-align-left\"><strong>Wi\u0119cej informacji:<\/strong><\/p>\n\n\n\n<p class=\"has-text-align-left\">Centrum Us\u0142ug Spo\u0142ecznych,<br>ul. Korfantego 87, 44-310 Radlin,<br>tel. 737 266 660, mail: <a href=\"mailto:ops@radlin.pl\">ops<\/a>@radlin.pl<\/p>\n\n\n\n<p>O\u015brodek Pomocy Spo\u0142ecznej,<br>ul. Solskiego 15, 44-310 Radlin,<br>tel. 32 4567363, mail: <a href=\"mailto:ops@radlin.pl\">ops<\/a>@radlin.pl<\/p>\n\n\n\n<p><a href=\"https:\/\/www.gov.pl\/web\/uw-mazowiecki\/program-korpus-wsparcia-seniorow-na-2022-rok\">https:\/\/www.gov.pl\/web\/uw-mazowiecki\/program-korpus-wsparcia-seniorow-na-2022-rok<\/a><\/p>\n\n\n\n<div style=\"height:50px\" aria-hidden=\"true\" class=\"wp-block-spacer\"><\/div>\n\n\n<div class=\"wp-block-image\">\n<figure class=\"aligncenter size-full\"><img loading=\"lazy\" decoding=\"async\" width=\"1024\" height=\"1449\" src=\"https:\/\/ops.radlin.pl\/ops\/wp-content\/uploads\/2022\/06\/2022-06-Korpus-Wsparcia-Seniorow-plakat.jpg\" alt=\"plakar korpus\" class=\"wp-image-5553\" srcset=\"https:\/\/ops.radlin.pl\/ops\/wp-content\/uploads\/2022\/06\/2022-06-Korpus-Wsparcia-Seniorow-plakat.jpg 1024w, https:\/\/ops.radlin.pl\/ops\/wp-content\/uploads\/2022\/06\/2022-06-Korpus-Wsparcia-Seniorow-plakat-212x300.jpg 212w, https:\/\/ops.radlin.pl\/ops\/wp-content\/uploads\/2022\/06\/2022-06-Korpus-Wsparcia-Seniorow-plakat-768x1087.jpg 768w\" sizes=\"auto, (max-width: 1024px) 100vw, 1024px\" \/><\/figure>\n<\/div>\n\n\n<div style=\"height:20px\" aria-hidden=\"true\" class=\"wp-block-spacer\"><\/div>\n","protected":false},"excerpt":{"rendered":"<p>O\u015brodek Pomocy Spo\u0142ecznej realizuje Program \u201eKorpus Wsparcia Senior\u00f3w\u201d na rok 2022.Program finansowany jest ze \u015brodk\u00f3w z Funduszu Przeciwdzia\u0142ania COVID-19. Warto\u015b\u0107 dofinansowania ze \u015brodk\u00f3w z Funduszu Przeciwdzia\u0142ania COVID-19: 35 392,00 z\u0142 (trzydzie\u015bci pi\u0119\u0107 tysi\u0119cy trzysta dziewi\u0119\u0107dziesi\u0105t dwa z\u0142ote). Ca\u0142kowity koszt realizacji tego zadania wynosi w 2022 r.: 35 392,00 z\u0142 (trzydzie\u015bci pi\u0119\u0107 tysi\u0119cy trzysta dziewi\u0119\u0107dziesi\u0105t dwa&hellip; <a class=\"continue\" href=\"https:\/\/ops.radlin.pl\/ops\/program-korpus-wsparcia-seniorow-na-rok-2022\/\"><strong>Czytaj wi\u0119cej:<\/strong><span> Program \u201eKorpus Wsparcia Senior\u00f3w\u201d na rok 2022<\/span><\/a><\/p>\n","protected":false},"author":1,"featured_media":0,"parent":0,"menu_order":0,"comment_status":"closed","ping_status":"closed","template":"","meta":{"footnotes":""},"class_list":["post-5532","page","type-page","status-publish","czr-hentry"],"aioseo_notices":[],"_links":{"self":[{"href":"https:\/\/ops.radlin.pl\/ops\/wp-json\/wp\/v2\/pages\/5532","targetHints":{"allow":["GET"]}}],"collection":[{"href":"https:\/\/ops.radlin.pl\/ops\/wp-json\/wp\/v2\/pages"}],"about":[{"href":"https:\/\/ops.radlin.pl\/ops\/wp-json\/wp\/v2\/types\/page"}],"author":[{"embeddable":true,"href":"https:\/\/ops.radlin.pl\/ops\/wp-json\/wp\/v2\/users\/1"}],"replies":[{"embeddable":true,"href":"https:\/\/ops.radlin.pl\/ops\/wp-json\/wp\/v2\/comments?post=5532"}],"version-history":[{"count":5,"href":"https:\/\/ops.radlin.pl\/ops\/wp-json\/wp\/v2\/pages\/5532\/revisions"}],"predecessor-version":[{"id":5554,"href":"https:\/\/ops.radlin.pl\/ops\/wp-json\/wp\/v2\/pages\/5532\/revisions\/5554"}],"wp:attachment":[{"href":"https:\/\/ops.radlin.pl\/ops\/wp-json\/wp\/v2\/media?parent=5532"}],"curies":[{"name":"wp","href":"https:\/\/api.w.org\/{rel}","templated":true}]}}