{"id":6082,"date":"2023-09-06T09:37:56","date_gmt":"2023-09-06T07:37:56","guid":{"rendered":"https:\/\/ops.radlin.pl\/ops\/?page_id=6082"},"modified":"2023-09-06T09:37:56","modified_gmt":"2023-09-06T07:37:56","slug":"centrum-uslug-spolecznych","status":"publish","type":"page","link":"https:\/\/ops.radlin.pl\/ops\/centrum-uslug-spolecznych\/","title":{"rendered":"Centrum Us\u0142ug Spo\u0142ecznych"},"content":{"rendered":"<div class=\"wp-block-image\">\n<figure class=\"aligncenter size-full\"><img loading=\"lazy\" decoding=\"async\" width=\"954\" height=\"353\" src=\"https:\/\/ops.radlin.pl\/ops\/wp-content\/uploads\/2023\/09\/fb2.jpg\" alt=\"\" class=\"wp-image-6083\" srcset=\"https:\/\/ops.radlin.pl\/ops\/wp-content\/uploads\/2023\/09\/fb2.jpg 954w, https:\/\/ops.radlin.pl\/ops\/wp-content\/uploads\/2023\/09\/fb2-300x111.jpg 300w, https:\/\/ops.radlin.pl\/ops\/wp-content\/uploads\/2023\/09\/fb2-768x284.jpg 768w\" sizes=\"auto, (max-width: 954px) 100vw, 954px\" \/><\/figure>\n<\/div>\n\n\n<div style=\"height:30px\" aria-hidden=\"true\" class=\"wp-block-spacer\"><\/div>\n\n\n\n<p class=\"has-text-align-left\"><strong>Centrum Us\u0142ug Spo\u0142ecznych (CUS)<\/strong> ma na celu integracj\u0119 mieszka\u0144c\u00f3w Radlina, lokalnych instytucji i organizacji pozarz\u0105dowych. CUS udost\u0119pnia miejsca i w\u0142asn\u0105 infrastruktur\u0119 dla spotka\u0144 r\u00f3\u017cnych grup wiekowych, rekreacji, spotka\u0144 integracyjnych, warsztat\u00f3w, szkole\u0144, prelekcji itp<\/p>\n\n\n\n<p class=\"has-text-align-left\">Radli\u0144ski CUS jest wynikiem realizacji projektu &#8222;Adaptacja budynku przy ul. Wojciecha Korfantego 87 w Radlinie na potrzeby Centrum Us\u0142ug Spo\u0142ecznych&#8221; i nie ma zwi\u0105zku z ustaw\u0105 z dnia 19 lipca 2019 r. o realizowaniu us\u0142ug spo\u0142ecznych przez centrum us\u0142ug spo\u0142ecznych.<\/p>\n\n\n\n<p class=\"has-text-align-left\">Sama idea radli\u0144skiego CUS si\u0119ga znacznie dalej a same przewidywane w nim dzia\u0142ania wynikaj\u0105ce z komplementarnego projektu &#8222;Rewitalizacja g\u00f3rniczego osiedla Emma w Radlinie \u2013 dzia\u0142ania integracyjne, aktywizacja spo\u0142eczna, kulturalna i zawodowa&#8221; realizowane s\u0105 ju\u017c od sierpnia 2018 roku.<\/p>\n\n\n\n<p class=\"has-text-align-left\">Prawnie Centrum Us\u0142ug Spo\u0142ecznych jest w strukturze O\u015brodka Pomocy Spo\u0142ecznej w Radlinie. Obecnie w CUS realizowane s\u0105 cztery programy aktywno\u015bci lokalnej (PAL):<\/p>\n\n\n\n<ul class=\"wp-block-list\">\n<li>dla os\u00f3b starszych,<\/li>\n\n\n\n<li>niepe\u0142nosprawnych,<\/li>\n\n\n\n<li>m\u0142odzie\u017cy,<\/li>\n\n\n\n<li>mieszka\u0144c\u00f3w umownej dzielnicy Radlina Marcel.<\/li>\n<\/ul>\n\n\n\n<p class=\"has-text-align-left\">Od stycznia 2021 r. przeniesiono na teren CUS <a href=\"https:\/\/ops.radlin.pl\/ops\/nieodplatne-poradnictwo-obywatelskie\/\" title=\"Punkt Nieodp\u0142atnej Pomocy Prawnej\">Punkt Nieodp\u0142atnej Pomocy Prawnej<\/a>.<\/p>\n\n\n\n<p class=\"has-text-align-left\">Z za\u0142o\u017cenia CUS jest te\u017c otwarty dla organizacji pozarz\u0105dowych (NGO) i grup nieformalnych.<\/p>\n\n\n\n<div style=\"height:30px\" aria-hidden=\"true\" class=\"wp-block-spacer\"><\/div>\n\n\n\n<p class=\"has-text-align-left\"><strong>Kontakt:<\/strong><\/p>\n\n\n\n<figure class=\"wp-block-image size-full\"><img loading=\"lazy\" decoding=\"async\" width=\"175\" height=\"18\" src=\"https:\/\/ops.radlin.pl\/ops\/wp-content\/uploads\/2023\/09\/cusmail.png\" alt=\"\" class=\"wp-image-6094\"\/><\/figure>\n\n\n\n<div style=\"height:10px\" aria-hidden=\"true\" class=\"wp-block-spacer\"><\/div>\n\n\n\n<p class=\"has-text-align-left\">Telefony:<br><br>Tomasz Sto\u0144ski &#8211; Organizator Pomocy Spo\u0142ecznej &#8211; 737 266 660<br>Jonatan Tomaszewski &#8211; Animator Lokalny &#8211; 609 493 133<\/p>\n","protected":false},"excerpt":{"rendered":"<p>Centrum Us\u0142ug Spo\u0142ecznych (CUS) ma na celu integracj\u0119 mieszka\u0144c\u00f3w Radlina, lokalnych instytucji i organizacji pozarz\u0105dowych. CUS udost\u0119pnia miejsca i w\u0142asn\u0105 infrastruktur\u0119 dla spotka\u0144 r\u00f3\u017cnych grup wiekowych, rekreacji, spotka\u0144 integracyjnych, warsztat\u00f3w, szkole\u0144, prelekcji itp Radli\u0144ski CUS jest wynikiem realizacji projektu &#8222;Adaptacja budynku przy ul. Wojciecha Korfantego 87 w Radlinie na potrzeby Centrum Us\u0142ug Spo\u0142ecznych&#8221; i nie&hellip; <a class=\"continue\" href=\"https:\/\/ops.radlin.pl\/ops\/centrum-uslug-spolecznych\/\"><strong>Czytaj wi\u0119cej:<\/strong><span> Centrum Us\u0142ug Spo\u0142ecznych<\/span><\/a><\/p>\n","protected":false},"author":1,"featured_media":0,"parent":0,"menu_order":0,"comment_status":"closed","ping_status":"closed","template":"","meta":{"footnotes":""},"class_list":["post-6082","page","type-page","status-publish","czr-hentry"],"aioseo_notices":[],"_links":{"self":[{"href":"https:\/\/ops.radlin.pl\/ops\/wp-json\/wp\/v2\/pages\/6082","targetHints":{"allow":["GET"]}}],"collection":[{"href":"https:\/\/ops.radlin.pl\/ops\/wp-json\/wp\/v2\/pages"}],"about":[{"href":"https:\/\/ops.radlin.pl\/ops\/wp-json\/wp\/v2\/types\/page"}],"author":[{"embeddable":true,"href":"https:\/\/ops.radlin.pl\/ops\/wp-json\/wp\/v2\/users\/1"}],"replies":[{"embeddable":true,"href":"https:\/\/ops.radlin.pl\/ops\/wp-json\/wp\/v2\/comments?post=6082"}],"version-history":[{"count":9,"href":"https:\/\/ops.radlin.pl\/ops\/wp-json\/wp\/v2\/pages\/6082\/revisions"}],"predecessor-version":[{"id":6096,"href":"https:\/\/ops.radlin.pl\/ops\/wp-json\/wp\/v2\/pages\/6082\/revisions\/6096"}],"wp:attachment":[{"href":"https:\/\/ops.radlin.pl\/ops\/wp-json\/wp\/v2\/media?parent=6082"}],"curies":[{"name":"wp","href":"https:\/\/api.w.org\/{rel}","templated":true}]}}