{"id":6190,"date":"2023-11-08T14:03:13","date_gmt":"2023-11-08T13:03:13","guid":{"rendered":"https:\/\/ops.radlin.pl\/ops\/?page_id=6190"},"modified":"2025-04-14T11:19:19","modified_gmt":"2025-04-14T09:19:19","slug":"program-fundusze-europejskie-na-pomoc-zywnosciowa-2021-2027-fepz","status":"publish","type":"page","link":"https:\/\/ops.radlin.pl\/ops\/program-fundusze-europejskie-na-pomoc-zywnosciowa-2021-2027-fepz\/","title":{"rendered":"Program Fundusze Europejskie na Pomoc \u017bywno\u015bciow\u0105 2021-2027 (FEP\u017b)"},"content":{"rendered":"<div class=\"wp-block-image\">\n<figure class=\"aligncenter size-full\"><img loading=\"lazy\" decoding=\"async\" width=\"1606\" height=\"169\" src=\"https:\/\/ops.radlin.pl\/ops\/wp-content\/uploads\/2024\/11\/FEPZ.png\" alt=\"Logo FEPZ\" class=\"wp-image-7616\" srcset=\"https:\/\/ops.radlin.pl\/ops\/wp-content\/uploads\/2024\/11\/FEPZ.png 1606w, https:\/\/ops.radlin.pl\/ops\/wp-content\/uploads\/2024\/11\/FEPZ-300x32.png 300w, https:\/\/ops.radlin.pl\/ops\/wp-content\/uploads\/2024\/11\/FEPZ-768x81.png 768w, https:\/\/ops.radlin.pl\/ops\/wp-content\/uploads\/2024\/11\/FEPZ-1536x162.png 1536w\" sizes=\"auto, (max-width: 1606px) 100vw, 1606px\" \/><\/figure>\n<\/div>\n\n\n<div style=\"height:30px\" aria-hidden=\"true\" class=\"wp-block-spacer\"><\/div>\n\n\n\n<p class=\"has-text-align-left\">Uprzejmie informujemy, i\u017c rozpoczyna si\u0119 kolejny program wsparcia \u017cywno\u015bciowego dla os\u00f3b potrzebuj\u0105cych: <strong>Program Fundusze Europejskie na Pomoc \u017bywno\u015bciow\u0105 2021-2027 wsp\u00f3\u0142finasowany z Europejskiego Funduszu Spo\u0142ecznego+<\/strong>.<\/p>\n\n\n\n<p class=\"has-text-align-left\">Program realizowany jest <strong>w okresie 09.2023-11.2024.<\/strong> Dystrybucja artyku\u0142\u00f3w spo\u017cywczych do os\u00f3b potrzebuj\u0105cych planowana jest w okresie <strong>06-11.2024.<\/strong><\/p>\n\n\n\n<div style=\"height:15px\" aria-hidden=\"true\" class=\"wp-block-spacer\"><\/div>\n\n\n\n<h4 class=\"wp-block-heading has-text-align-left\"><strong>Cel programu:<\/strong><\/h4>\n\n\n\n<ul class=\"wp-block-list\">\n<li>przeciwdzia\u0142anie deprywacji materialnej przez udzielanie pomocy \u017cywno\u015bciowej osobom najbardziej potrzebuj\u0105cym oraz zapewnianie \u015brodk\u00f3w towarzysz\u0105cych, wspieraj\u0105cych ich w\u0142\u0105czenie spo\u0142eczne.&nbsp;<\/li>\n<\/ul>\n\n\n\n<div style=\"height:15px\" aria-hidden=\"true\" class=\"wp-block-spacer\"><\/div>\n\n\n\n<h4 class=\"wp-block-heading has-text-align-left\"><strong>Zadania i dzia\u0142ania realizowane w programie:&nbsp;<\/strong><\/h4>\n\n\n\n<ul class=\"wp-block-list\">\n<li>Organizacja i koordynacja sieci dystrybucji pomocy \u017cywno\u015bciowej sk\u0142adaj\u0105cej si\u0119 z organizacji partnerskich regionalnych i lokalnych;&nbsp;<\/li>\n\n\n\n<li>Racjonalne zagospodarowanie artyku\u0142\u00f3w spo\u017cywczych otrzymanych z OPR oraz z innych \u017ar\u00f3de\u0142, na potrzeby udzielania pomocy \u017cywno\u015bciowej osobom najbardziej potrzebuj\u0105cym;&nbsp;<\/li>\n\n\n\n<li>Przekazanie artyku\u0142\u00f3w spo\u017cywczych osobom potrzebuj\u0105cym (ubogim, rodzinom wielodzietnym, osobom w kryzysie bezdomno\u015bci, migrantom \u2013 zgodnie z art. 7 Ustawy i pomocy spo\u0142ecznej), zakwalifikowanym do otrzymania pomocy \u017cywno\u015bciowej przez O\u015brodek Pomocy Spo\u0142ecznej&nbsp;<\/li>\n\n\n\n<li>Prowadzenie dzia\u0142a\u0144 w ramach \u015brodk\u00f3w towarzysz\u0105cych w\u015br\u00f3d os\u00f3b najbardziej potrzebuj\u0105cych, zakwalifikowanych do obj\u0119cia pomoc\u0105 \u017cywno\u015bciow\u0105, maj\u0105cych na celu w\u0142\u0105czenie spo\u0142eczne;&nbsp;<\/li>\n\n\n\n<li>Przeciwdzia\u0142anie marnowaniu \u017cywno\u015bci poprzez udost\u0119pnienie osobom zakwalifikowanym do otrzymania pomocy \u017cywno\u015bciowej zgodnie z&nbsp;zasadami Programu dodatkowej \u017cywno\u015bci pochodz\u0105cej z darowizn.&nbsp;<\/li>\n<\/ul>\n\n\n\n<div style=\"height:15px\" aria-hidden=\"true\" class=\"wp-block-spacer\"><\/div>\n\n\n\n<h4 class=\"wp-block-heading has-text-align-left\"><strong>Grupa docelowa:<\/strong><\/h4>\n\n\n\n<p class=\"has-text-align-left\">Z pomocy \u017cywno\u015bciowej mog\u0105 skorzysta\u0107 osoby i rodziny znajduj\u0105ce si\u0119 w trudnej sytuacji \u017cyciowej, spe\u0142niaj\u0105ce kryteria <strong>okre\u015blone w art. 7 ustawy z dnia 12 marca 2004 r. o pomocy spo\u0142ecznej (Dz. U. z 2023 poz. 901 i 1693) i kt\u00f3rych doch\u00f3d nie przekracza 265% kryterium dochodowego <\/strong>uprawniaj\u0105cego do skorzystania z pomocy spo\u0142ecznej, <strong>tj. 2.056,40 PLN dla osoby samotnie gospodaruj\u0105cej i 1.590,00 PLN dla osoby w rodzinie<\/strong>.<\/p>\n\n\n\n<p class=\"has-text-align-left\">Pomoc mog\u0105 uzyska\u0107 osoby najbardziej potrzebuj\u0105ce, kt\u00f3re otrzyma\u0142y skierowanie z O\u015brodka Pomocy Spo\u0142ecznej.<\/p>\n\n\n\n<div style=\"height:15px\" aria-hidden=\"true\" class=\"wp-block-spacer\"><\/div>\n\n\n\n<h4 class=\"wp-block-heading has-text-align-left\"><strong>Przewidziane efekty i rezultaty:<\/strong><\/h4>\n\n\n\n<p class=\"has-text-align-left\">zmniejszenie deprywacji materialnej os\u00f3b najbardziej potrzebuj\u0105cych oraz ich w\u0142\u0105czenie spo\u0142eczne poprzez realizacj\u0119 wspieraj\u0105cych \u015brodk\u00f3w towarzysz\u0105cych, takich jak: warsztaty edukacyjne oraz doradztwo indywidualne w zakresie dietetyki, prowadzenia gospodarstwa domowego oraz integracji spo\u0142ecznej.<\/p>\n\n\n\n<p class=\"has-text-align-left\">W ramach FEP\u017b 2021-2027 w roku kalendarzowym 2024 Organizacja Partnerska Lokalna (OPL) &#8211; O\u015brodek Pomocy Spo\u0142ecznej w Radlinie wsp\u00f3\u0142pracuj\u0105ca ze Zwi\u0105zkiem Stowarzysze\u0144 \u015al\u0105ski Bank \u017bywno\u015bci w Chorzowie wspiera osoby potrzebuj\u0105ce z wojew\u00f3dztwa \u015bl\u0105skiego, na terenie powiatu wodzis\u0142awskiego w gminie Radlin.<\/p>\n\n\n\n<p class=\"has-text-align-left\">Dodatkowo OPL &#8211; O\u015brodek Pomocy Spo\u0142ecznej w Radlinie wraz z Bankiem \u017bywno\u015bci b\u0119dzie realizowa\u0142 nast\u0119puj\u0105ce, planowane dzia\u0142ania towarzysz\u0105ce w\u015br\u00f3d os\u00f3b potrzebuj\u0105cych, wspieraj\u0105ce ich w\u0142\u0105cznie spo\u0142eczne:<\/p>\n\n\n\n<ul class=\"wp-block-list\">\n<li>Cykle edukacyjne tematyczne: edukacji ekonomicznej, \u017cywieniowo-dietetyczne, kulinarne, dotycz\u0105ce praw konsumenta.<\/li>\n\n\n\n<li>Warsztaty edukacyjne z zakresu: niemarnowania \u017cywno\u015bci, prawid\u0142owej segregacji odpad\u00f3w, kulinarne, psychodietetyczne, gospodarowanie bud\u017cetem domowym.<\/li>\n\n\n\n<li>Dzia\u0142ania o charakterze w\u0142\u0105czeniowo-integracyjnym (cykle).<\/li>\n\n\n\n<li>Dy\u017cury konsultacyjne.<\/li>\n<\/ul>\n\n\n\n<div style=\"height:15px\" aria-hidden=\"true\" class=\"wp-block-spacer\"><\/div>\n\n\n\n<p class=\"has-text-align-left\"><em>Wi\u0119cej informacji o dzia\u0142alno\u015bci&nbsp;Bank\u00f3w \u017bywno\u015bci&nbsp;oraz sposobie realizacji programu na stronie internetowej <\/em><a href=\"https:\/\/www.fepz.bankizywnosci.pl\/\" target=\"_blank\" rel=\"noopener\" title=\"\"><em>www.fepz.bankizywnosci.pl<\/em><\/a>&nbsp;<em>oraz w mediach spo\u0142eczno\u015bciowych na&nbsp;<a href=\"http:\/\/www.facebook.com\/share\/p\/nZjnbr1iRpy97xbS\/\" target=\"_blank\" rel=\"noopener\" title=\"\">www.facebook.com\/share\/p\/nZjnbr1iRpy97xbS\/<\/a><\/em><\/p>\n\n\n\n<div style=\"height:15px\" aria-hidden=\"true\" class=\"wp-block-spacer\"><\/div>\n\n\n\n<p class=\"has-text-align-left\">Osoby, kt\u00f3re chc\u0105 skorzysta\u0107 z pomocy&nbsp;\u017cywno\u015bciowej w ramach realizacji <strong>Programu Fundusze Europejskie na Pomoc \u017bywno\u015bciow\u0105 2021-2027 wsp\u00f3\u0142finasowanego z Europejskiego Funduszu Spo\u0142ecznego+ <\/strong>proszone s\u0105 o kontakt &nbsp;z pracownikami:<\/p>\n\n\n\n<ul class=\"wp-block-list\">\n<li>O\u015brodka Pomocy Spo\u0142ecznej w <strong>Radlinie, ul. Solskiego 15, 44-310 Radlin <\/strong>osobi\u015bcie lub pod nr.<strong> tel. 32 4567231<\/strong><\/li>\n<\/ul>\n\n\n\n<div style=\"height:23px\" aria-hidden=\"true\" class=\"wp-block-spacer\"><\/div>\n\n\n\n<h3 class=\"wp-block-heading has-text-align-center\"><strong>Aktualno\u015bci<\/strong><\/h3>\n\n\n\n<ul class=\"wp-block-list\">\n<li><a href=\"https:\/\/ops.radlin.pl\/ops\/program-fundusze-europejskie-na-pomoc-zywnosciowa-2021-2027-fepz\/\" title=\"\">FEP\u017b &#8211; 2021-2027 (2024)<\/a><\/li>\n\n\n\n<li><a href=\"https:\/\/ops.radlin.pl\/ops\/category\/popz-podprogram-2021-2\/\" title=\"\">POP\u017b &#8211; Podprogram 2021 Plus<\/a><\/li>\n\n\n\n<li><a href=\"https:\/\/ops.radlin.pl\/ops\/category\/popz-podprogram-2021\/\">POP\u017b &#8211; Podprogram 2021<\/a><\/li>\n\n\n\n<li><a href=\"https:\/\/ops.radlin.pl\/ops\/category\/popz-podprogram-2020\/\">POP\u017b &#8211; Podprogram 2020<\/a><\/li>\n\n\n\n<li><a href=\"http:\/\/ops.radlin.pl\/ops\/category\/popz-podprogram-2019\/\">POP\u017b &#8211; Podprogram 2019<\/a><\/li>\n\n\n\n<li><a href=\"http:\/\/ops.radlin.pl\/ops\/category\/popz-podprogram-2018\/\">POP\u017b &#8211; Podprogram 2018<\/a><\/li>\n\n\n\n<li><a href=\"http:\/\/ops.radlin.pl\/ops\/category\/popz-podprogram-2017\/\">POP\u017b &#8211; Podprogram 2017<\/a><\/li>\n\n\n\n<li><a href=\"http:\/\/ops.radlin.pl\/ops\/category\/popz\/\">POP\u017b &#8211; Podprogram 2016<\/a><\/li>\n<\/ul>\n\n\n\n<p><\/p>\n","protected":false},"excerpt":{"rendered":"<p>Uprzejmie informujemy, i\u017c rozpoczyna si\u0119 kolejny program wsparcia \u017cywno\u015bciowego dla os\u00f3b potrzebuj\u0105cych: Program Fundusze Europejskie na Pomoc \u017bywno\u015bciow\u0105 2021-2027 wsp\u00f3\u0142finasowany z Europejskiego Funduszu Spo\u0142ecznego+. Program realizowany jest w okresie 09.2023-11.2024. Dystrybucja artyku\u0142\u00f3w spo\u017cywczych do os\u00f3b potrzebuj\u0105cych planowana jest w okresie 06-11.2024. Cel programu: Zadania i dzia\u0142ania realizowane w programie:&nbsp; Grupa docelowa: Z pomocy \u017cywno\u015bciowej mog\u0105&hellip; <a class=\"continue\" href=\"https:\/\/ops.radlin.pl\/ops\/program-fundusze-europejskie-na-pomoc-zywnosciowa-2021-2027-fepz\/\"><strong>Czytaj wi\u0119cej:<\/strong><span> Program Fundusze Europejskie na Pomoc \u017bywno\u015bciow\u0105 2021-2027 (FEP\u017b)<\/span><\/a><\/p>\n","protected":false},"author":1,"featured_media":0,"parent":0,"menu_order":0,"comment_status":"closed","ping_status":"closed","template":"","meta":{"footnotes":""},"class_list":["post-6190","page","type-page","status-publish","czr-hentry"],"aioseo_notices":[],"_links":{"self":[{"href":"https:\/\/ops.radlin.pl\/ops\/wp-json\/wp\/v2\/pages\/6190","targetHints":{"allow":["GET"]}}],"collection":[{"href":"https:\/\/ops.radlin.pl\/ops\/wp-json\/wp\/v2\/pages"}],"about":[{"href":"https:\/\/ops.radlin.pl\/ops\/wp-json\/wp\/v2\/types\/page"}],"author":[{"embeddable":true,"href":"https:\/\/ops.radlin.pl\/ops\/wp-json\/wp\/v2\/users\/1"}],"replies":[{"embeddable":true,"href":"https:\/\/ops.radlin.pl\/ops\/wp-json\/wp\/v2\/comments?post=6190"}],"version-history":[{"count":6,"href":"https:\/\/ops.radlin.pl\/ops\/wp-json\/wp\/v2\/pages\/6190\/revisions"}],"predecessor-version":[{"id":7887,"href":"https:\/\/ops.radlin.pl\/ops\/wp-json\/wp\/v2\/pages\/6190\/revisions\/7887"}],"wp:attachment":[{"href":"https:\/\/ops.radlin.pl\/ops\/wp-json\/wp\/v2\/media?parent=6190"}],"curies":[{"name":"wp","href":"https:\/\/api.w.org\/{rel}","templated":true}]}}