{"id":6968,"date":"2024-03-21T14:58:26","date_gmt":"2024-03-21T13:58:26","guid":{"rendered":"https:\/\/ops.radlin.pl\/ops\/?page_id=6968"},"modified":"2024-08-27T15:16:24","modified_gmt":"2024-08-27T13:16:24","slug":"wieloletni-rzadowy-program-posilek-w-szkole-i-w-domu-na-lata-2024-2028-edycja-2024","status":"publish","type":"page","link":"https:\/\/ops.radlin.pl\/ops\/wieloletni-rzadowy-program-posilek-w-szkole-i-w-domu-na-lata-2024-2028-edycja-2024\/","title":{"rendered":"Wieloletni rz\u0105dowy program &#8222;Posi\u0142ek w szkole i w domu&#8221; na lata 2024-2028 &#8211; edycja 2024"},"content":{"rendered":"<div class=\"wp-block-image\">\n<figure class=\"aligncenter size-full\"><img loading=\"lazy\" decoding=\"async\" width=\"850\" height=\"150\" src=\"https:\/\/ops.radlin.pl\/ops\/wp-content\/uploads\/2021\/06\/FS2.png\" alt=\"Logo\" class=\"wp-image-5026\" srcset=\"https:\/\/ops.radlin.pl\/ops\/wp-content\/uploads\/2021\/06\/FS2.png 850w, https:\/\/ops.radlin.pl\/ops\/wp-content\/uploads\/2021\/06\/FS2-300x53.png 300w, https:\/\/ops.radlin.pl\/ops\/wp-content\/uploads\/2021\/06\/FS2-768x136.png 768w\" sizes=\"auto, (max-width: 850px) 100vw, 850px\" \/><\/figure>\n<\/div>\n\n\n<div style=\"height:10px\" aria-hidden=\"true\" class=\"wp-block-spacer\"><\/div>\n\n\n\n<p class=\"has-text-align-center\"><strong>O\u015brodek Pomocy Spo\u0142ecznej realizuje wieloletni rz\u0105dowy Program \u201ePosi\u0142ek w szkole i w domu<strong>\u201d<\/strong> na lata 2024-2028 \u2013 edycja 2024.<\/strong><\/p>\n\n\n\n<p class=\"has-text-align-center\"><strong>Program finansowany jest ze \u015brodk\u00f3w bud\u017cetu pa\u0144stwa.<\/strong><\/p>\n\n\n\n<div style=\"height:40px\" aria-hidden=\"true\" class=\"wp-block-spacer\"><\/div>\n\n\n\n<p class=\"has-text-align-left\">Gmina Radlin w 2024 r. otrzyma\u0142a dotacj\u0119 celow\u0105 z bud\u017cetu pa\u0144stwa na dofinansowanie dzia\u0142a\u0144 przewidzianych wieloletnim rz\u0105dowym programem \u201ePosi\u0142ek w szkole i w domu\u201d na lata 2024-2028 w wysoko\u015bci <strong>171 336,00 z\u0142<\/strong> (sto siedemdziesi\u0105t jeden tysi\u0119cy trzysta trzydzie\u015bci sze\u015b\u0107 z\u0142otych).<\/p>\n\n\n\n<div style=\"height:40px\" aria-hidden=\"true\" class=\"wp-block-spacer\"><\/div>\n\n\n\n<p class=\"has-text-align-left\"><strong>Warto\u015b\u0107 dofinansowania ze \u015brodk\u00f3w bud\u017cetu pa\u0144stwa w 2024 r.:<\/strong><\/p>\n\n\n\n<p class=\"has-text-align-left\"><strong>171 336,00 z\u0142<\/strong> (sto siedemdziesi\u0105t jeden tysi\u0119cy trzysta trzydzie\u015bci sze\u015b\u0107 z\u0142otych).<\/p>\n\n\n\n<p class=\"has-text-align-left\"><strong>Ca\u0142kowity koszt realizacji zadania w 2024 r.:<\/strong><\/p>\n\n\n\n<p class=\"has-text-align-left\"><strong>306 461,00 z\u0142<\/strong> (trzysta sze\u015b\u0107 tysi\u0119cy czterysta sze\u015b\u0107dziesi\u0105t jeden z\u0142otych).<\/p>\n\n\n\n<div style=\"height:40px\" aria-hidden=\"true\" class=\"wp-block-spacer\"><\/div>\n\n\n\n<p class=\"has-text-align-left\">Celem programu jest zapewnienie pomocy w formie posi\u0142ku, \u015bwiadczenia pieni\u0119\u017cnego na zakup posi\u0142ku lub \u017cywno\u015bci albo \u015bwiadczenia rzeczowego w postaci produkt\u00f3w \u017cywno\u015bciowych wszystkim osobom jej potrzebuj\u0105cym, w szczeg\u00f3lno\u015bci:<\/p>\n\n\n\n<ul class=\"wp-block-list\">\n<li>dzieciom do czasu podj\u0119cia nauki w szkole podstawowej,<\/li>\n\n\n\n<li>uczniom do czasu uko\u0144czenia szko\u0142y ponadpodstawowej lub szko\u0142y ponadgimnazjalnej,<\/li>\n\n\n\n<li>osobom i rodzinom znajduj\u0105cym si\u0119 w sytuacjach wymienionych w art. 7 ustawy o pomocy spo\u0142ecznej, w szczeg\u00f3lno\u015bci osobom starszym, chorym i niepe\u0142nosprawnym.<\/li>\n<\/ul>\n\n\n\n<p class=\"has-text-align-left\">W zakresie realizacji powy\u017cszego programu Rada Miejska w Radlinie podj\u0119\u0142a nast\u0119puj\u0105ce uchwa\u0142y:<\/p>\n\n\n\n<ul class=\"wp-block-list\">\n<li><a href=\"https:\/\/www.eurzad.radlin.pl\/#!\/rejestry\/S.0007\/10\/1\/default\/%2524SZUKAJ%3DS.0007.084.2023\" target=\"_blank\" rel=\"noopener\" title=\"\">uchwa\u0142a Nr S.0007.084.2023 Rady Miejskiej w Radlinie z dnia 26 wrze\u015bnia 2023 r. w sprawie podwy\u017cszenia kryterium dochodowego uprawniaj\u0105cego do udzielenia nieodp\u0142atnego wsparcia w formie \u015bwiadczenia pieni\u0119\u017cnego na zakup posi\u0142ku lub \u017cywno\u015bci dla os\u00f3b obj\u0119tych wieloletnim rz\u0105dowym programem \u201ePosi\u0142ek w szkole i w domu\u201d na lata 2024-2028 (Dz. Urz. Woj. \u015al\u0105skiego z 2023 r. poz. 7301)<\/a><\/li>\n\n\n\n<li><a href=\"https:\/\/www.eurzad.radlin.pl\/#!\/rejestry\/S.0007\/10\/1\/default\/%2524SZUKAJ%3DS.0007.085.2023\" target=\"_blank\" rel=\"noopener\" title=\"\">uchwa\u0142a Nr S.0007.085.2023 Rady Miejskiej w Radlinie z dnia 26 wrze\u015bnia 2023 r. w sprawie okre\u015blenia zasad zwrotu wydatk\u00f3w w zakresie do\u017cywiania w formie posi\u0142ku albo \u015bwiadczenia rzeczowego w postaci produkt\u00f3w \u017cywno\u015bciowych dla os\u00f3b obj\u0119tych wieloletnim rz\u0105dowym programem &#8222;Posi\u0142ek w szkole i w domu&#8221; na lata 2024-2028 (Dz. Urz. Woj. \u015al\u0105skiego z 2023 r., poz. 7302)<\/a><\/li>\n\n\n\n<li><a href=\"https:\/\/www.eurzad.radlin.pl\/#!\/rejestry\/S.0007\/10\/1\/default\/%2524SZUKAJ%3DS.0007.086.2023\" target=\"_blank\" rel=\"noopener\" title=\"\">uchwa\u0142a Nr S.0007.086.2023 Rady Miejskiej w Radlinie z dnia 26 wrze\u015bnia 2023 r. w sprawie ustanowienia programu os\u0142onowego w zakresie do\u017cywiania \u201ePomoc Radlina w zakresie do\u017cywiania\u201d na lata 2024-2028<\/a><\/li>\n<\/ul>\n\n\n\n<div style=\"height:40px\" aria-hidden=\"true\" class=\"wp-block-spacer\"><\/div>\n\n\n<div class=\"wp-block-image\">\n<figure class=\"aligncenter size-full\"><img loading=\"lazy\" decoding=\"async\" width=\"760\" height=\"1076\" src=\"https:\/\/ops.radlin.pl\/ops\/wp-content\/uploads\/2024\/08\/plakat-Posilek-2024a2.png\" alt=\"plakat dofinansowanie posi\u0142ek\" class=\"wp-image-7450\" srcset=\"https:\/\/ops.radlin.pl\/ops\/wp-content\/uploads\/2024\/08\/plakat-Posilek-2024a2.png 760w, https:\/\/ops.radlin.pl\/ops\/wp-content\/uploads\/2024\/08\/plakat-Posilek-2024a2-212x300.png 212w\" sizes=\"auto, (max-width: 760px) 100vw, 760px\" \/><\/figure>\n<\/div>\n\n\n<div style=\"height:32px\" aria-hidden=\"true\" class=\"wp-block-spacer\"><\/div>\n","protected":false},"excerpt":{"rendered":"<p>O\u015brodek Pomocy Spo\u0142ecznej realizuje wieloletni rz\u0105dowy Program \u201ePosi\u0142ek w szkole i w domu\u201d na lata 2024-2028 \u2013 edycja 2024. Program finansowany jest ze \u015brodk\u00f3w bud\u017cetu pa\u0144stwa. Gmina Radlin w 2024 r. otrzyma\u0142a dotacj\u0119 celow\u0105 z bud\u017cetu pa\u0144stwa na dofinansowanie dzia\u0142a\u0144 przewidzianych wieloletnim rz\u0105dowym programem \u201ePosi\u0142ek w szkole i w domu\u201d na lata 2024-2028 w wysoko\u015bci&hellip; <a class=\"continue\" href=\"https:\/\/ops.radlin.pl\/ops\/wieloletni-rzadowy-program-posilek-w-szkole-i-w-domu-na-lata-2024-2028-edycja-2024\/\"><strong>Czytaj wi\u0119cej:<\/strong><span> Wieloletni rz\u0105dowy program &#8222;Posi\u0142ek w szkole i w domu&#8221; na lata 2024-2028 &#8211; edycja 2024<\/span><\/a><\/p>\n","protected":false},"author":1,"featured_media":0,"parent":0,"menu_order":0,"comment_status":"closed","ping_status":"closed","template":"","meta":{"footnotes":""},"class_list":["post-6968","page","type-page","status-publish","czr-hentry"],"aioseo_notices":[],"_links":{"self":[{"href":"https:\/\/ops.radlin.pl\/ops\/wp-json\/wp\/v2\/pages\/6968","targetHints":{"allow":["GET"]}}],"collection":[{"href":"https:\/\/ops.radlin.pl\/ops\/wp-json\/wp\/v2\/pages"}],"about":[{"href":"https:\/\/ops.radlin.pl\/ops\/wp-json\/wp\/v2\/types\/page"}],"author":[{"embeddable":true,"href":"https:\/\/ops.radlin.pl\/ops\/wp-json\/wp\/v2\/users\/1"}],"replies":[{"embeddable":true,"href":"https:\/\/ops.radlin.pl\/ops\/wp-json\/wp\/v2\/comments?post=6968"}],"version-history":[{"count":6,"href":"https:\/\/ops.radlin.pl\/ops\/wp-json\/wp\/v2\/pages\/6968\/revisions"}],"predecessor-version":[{"id":7451,"href":"https:\/\/ops.radlin.pl\/ops\/wp-json\/wp\/v2\/pages\/6968\/revisions\/7451"}],"wp:attachment":[{"href":"https:\/\/ops.radlin.pl\/ops\/wp-json\/wp\/v2\/media?parent=6968"}],"curies":[{"name":"wp","href":"https:\/\/api.w.org\/{rel}","templated":true}]}}