{"id":7334,"date":"2024-08-07T09:06:02","date_gmt":"2024-08-07T07:06:02","guid":{"rendered":"https:\/\/ops.radlin.pl\/ops\/?page_id=7334"},"modified":"2024-08-07T10:31:25","modified_gmt":"2024-08-07T08:31:25","slug":"ow-ankieta","status":"publish","type":"page","link":"https:\/\/ops.radlin.pl\/ops\/ow-ankieta\/","title":{"rendered":"Ankieta rozeznania potrzeb na us\u0142ugi opieki wytchnieniowej"},"content":{"rendered":"\n<p><br><strong>Szanowni Pa\u0144stwo,<\/strong><\/p>\n\n\n\n<p class=\"has-text-align-left\">O\u015brodek Pomocy Spo\u0142ecznej w Radlinie prowadzi w\u015br\u00f3d Mieszka\u0144c\u00f3w Radlina rozeznanie potrzeb w zakresie zapewnienia opieki wytchnieniowej dla os\u00f3b sprawuj\u0105cych opiek\u0119 nad osobami niepe\u0142nosprawnymi, kt\u00f3re wymagaj\u0105 wsparcia w postaci dora\u017anej, czasowej przerwy w sprawowaniu tej opieki.<\/p>\n\n\n\n<p class=\"has-text-align-left\">Opieka wytchnieniowa skierowana b\u0119dzie do cz\u0142onk\u00f3w rodzin lub opiekun\u00f3w, kt\u00f3rzy zamieszkuj\u0105 we wsp\u00f3lnym gospodarstwie domowym i sprawuj\u0105 bezpo\u015bredni\u0105 opiek\u0119 nad:<\/p>\n\n\n\n<ul class=\"wp-block-list\">\n<li>dzie\u0107mi do uko\u0144czenia 16. roku \u017cycia posiadaj\u0105cymi orzeczenie o niepe\u0142nosprawno\u015bci lub<\/li>\n\n\n\n<li>osobami niepe\u0142nosprawnymi posiadaj\u0105cymi:\n<ul class=\"wp-block-list\">\n<li>orzeczenie o znacznym stopniu niepe\u0142nosprawno\u015bci albo<\/li>\n\n\n\n<li>orzeczenie traktowane na r\u00f3wni z orzeczeniem o znacznym stopniu niepe\u0142nosprawno\u015bci.<\/li>\n<\/ul>\n<\/li>\n<\/ul>\n\n\n\n<p class=\"has-text-align-left\">Us\u0142ugi Opieki wytchnieniowej mog\u0105 by\u0107 realizowane w dw\u00f3ch formach:<\/p>\n\n\n\n<ul class=\"wp-block-list\">\n<li>w formie pobytu dziennego \u2013 maksymalna ilo\u015b\u0107 godzin opieki wytchnieniowej wynosi 240 godzin w ci\u0105gu roku,<\/li>\n\n\n\n<li>w formie pobytu ca\u0142odobowego \u2013 maksymalna ilo\u015b\u0107 dni opieki wytchnieniowej wynosi 14 dni w ci\u0105gu roku.<\/li>\n<\/ul>\n\n\n\n<p class=\"has-text-align-left\">Z uwagi na powy\u017csze, osoby zainteresowane uzyskaniem wy\u017cej opisanego rodzaju wsparcia proszone s\u0105 o wype\u0142nienie ankiety do dnia 30 sierpnia 2024 r.<\/p>\n\n\n\n<p class=\"has-text-align-left\">W przypadku og\u0142oszenia Programu \u201eOpieka wytchnieniowa\u201d \u2013 edycja 2025, zebrane dane b\u0119d\u0105 podstaw\u0105 dla Gminy Radlin do ubiegania si\u0119 o \u015brodki finansowe na realizacj\u0119 us\u0142ug opieki wytchnieniowej w ramach tego Programu.<\/p>\n\n\n\n<p class=\"has-text-align-left\">Ankieta jest anonimowa i nie stanowi karty zg\u0142oszenia do Programu.<\/p>\n\n\n\n<p>Osoba do kontaktu:<br>Beata Sowa \u2013 starszy specjalista<br>tel 32 4407443<\/p>\n\n\n\n<div style=\"height:40px\" aria-hidden=\"true\" class=\"wp-block-spacer\"><\/div>\n\n\n\n<h3 class=\"wp-block-heading has-text-align-center\"><strong>ANKIETA<\/strong><\/h3>\n\n\n\n<div style=\"height:20px\" aria-hidden=\"true\" class=\"wp-block-spacer\"><\/div>\n\n\n<div class=\"wpforms-container wpforms-container-full wpforms-block wpforms-block-10e8f145-2584-45e9-bfd6-eb9a2304c31a\" id=\"wpforms-7331\"><form id=\"wpforms-form-7331\" class=\"wpforms-validate wpforms-form wpforms-ajax-form\" data-formid=\"7331\" method=\"post\" enctype=\"multipart\/form-data\" action=\"\/ops\/wp-json\/wp\/v2\/pages\/7334\" data-token=\"7ee884167ff6762414ff563fe500de55\" data-token-time=\"1776637077\"><noscript class=\"wpforms-error-noscript\">Aby wype\u0142ni\u0107 ten formularz, w\u0142\u0105cz obs\u0142ug\u0119 JavaScript w przegl\u0105darce.<\/noscript><div class=\"wpforms-field-container\"><div id=\"wpforms-7331-field_4-container\" class=\"wpforms-field wpforms-field-radio\" data-field-id=\"4\"><label class=\"wpforms-field-label\">P\u0142e\u0107 <span class=\"wpforms-required-label\">*<\/span><\/label><ul id=\"wpforms-7331-field_4\" class=\"wpforms-field-required\"><li class=\"choice-1 depth-1\"><input type=\"radio\" id=\"wpforms-7331-field_4_1\" name=\"wpforms[fields][4]\" value=\"kobieta\" required ><label class=\"wpforms-field-label-inline\" for=\"wpforms-7331-field_4_1\">kobieta<\/label><\/li><li class=\"choice-2 depth-1\"><input type=\"radio\" id=\"wpforms-7331-field_4_2\" name=\"wpforms[fields][4]\" value=\"m\u0119\u017cczyzna\" required ><label class=\"wpforms-field-label-inline\" for=\"wpforms-7331-field_4_2\">m\u0119\u017cczyzna<\/label><\/li><\/ul><\/div><div id=\"wpforms-7331-field_9-container\" class=\"wpforms-field wpforms-field-radio\" data-field-id=\"9\"><label class=\"wpforms-field-label\">Prosz\u0119 o wskazanie osoby, kt\u00f3r\u0105 opiekuje si\u0119 Pan\/Pani w chwili obecnej: <span class=\"wpforms-required-label\">*<\/span><\/label><ul id=\"wpforms-7331-field_9\" class=\"wpforms-field-required\"><li class=\"choice-1 depth-1\"><input type=\"radio\" id=\"wpforms-7331-field_9_1\" name=\"wpforms[fields][9]\" value=\"dziecko z orzeczeniem o niepe\u0142nosprawno\u015bci,\" required ><label class=\"wpforms-field-label-inline\" for=\"wpforms-7331-field_9_1\">dziecko z orzeczeniem o niepe\u0142nosprawno\u015bci,<\/label><\/li><li class=\"choice-2 depth-1\"><input type=\"radio\" id=\"wpforms-7331-field_9_2\" name=\"wpforms[fields][9]\" value=\"osoba ze znacznym stopniem niepe\u0142nosprawno\u015bci\/ z orzeczeniem traktowanym  na r\u00f3wni z orzeczeniem o znacznym stopniu niepe\u0142nosprawno\u015bci\" required ><label class=\"wpforms-field-label-inline\" for=\"wpforms-7331-field_9_2\">osoba ze znacznym stopniem niepe\u0142nosprawno\u015bci\/ z orzeczeniem traktowanym  na r\u00f3wni z orzeczeniem o znacznym stopniu niepe\u0142nosprawno\u015bci<\/label><\/li><\/ul><\/div><div id=\"wpforms-7331-field_10-container\" class=\"wpforms-field wpforms-field-radio\" data-field-id=\"10\"><label class=\"wpforms-field-label\">Czy wyst\u0119puje niepe\u0142nosprawno\u015b\u0107 sprz\u0119\u017cona <span class=\"wpforms-required-label\">*<\/span><\/label><ul id=\"wpforms-7331-field_10\" class=\"wpforms-field-required\"><li class=\"choice-1 depth-1\"><input type=\"radio\" id=\"wpforms-7331-field_10_1\" name=\"wpforms[fields][10]\" value=\"tak\" required ><label class=\"wpforms-field-label-inline\" for=\"wpforms-7331-field_10_1\">tak<\/label><\/li><li class=\"choice-2 depth-1\"><input type=\"radio\" id=\"wpforms-7331-field_10_2\" name=\"wpforms[fields][10]\" value=\"nie\" required ><label class=\"wpforms-field-label-inline\" for=\"wpforms-7331-field_10_2\">nie<\/label><\/li><\/ul><div class=\"wpforms-field-description\">(Przez niepe\u0142nosprawno\u015b\u0107 sprz\u0119\u017con\u0105 rozumie si\u0119 posiadanie orzeczenia o niepe\u0142nosprawno\u015bci ze wskazaniem co najmniej dw\u00f3ch niepe\u0142nosprawno\u015bci)<\/div><\/div><div id=\"wpforms-7331-field_11-container\" class=\"wpforms-field wpforms-field-radio\" data-field-id=\"11\"><label class=\"wpforms-field-label\">Prosz\u0119 o wskazanie, kt\u00f3r\u0105 form\u0105 wsparcia jest Pan\/Pani zainteresowany\/a: <span class=\"wpforms-required-label\">*<\/span><\/label><ul id=\"wpforms-7331-field_11\" class=\"wpforms-field-required\"><li class=\"choice-2 depth-1\"><input type=\"radio\" id=\"wpforms-7331-field_11_2\" name=\"wpforms[fields][11]\" value=\"forma dzienna w miejscu zamieszkania osoby z niepe\u0142nosprawno\u015bci\u0105 (za uprzedni\u0105 zgod\u0105 gminy)\" required ><label class=\"wpforms-field-label-inline\" for=\"wpforms-7331-field_11_2\">forma dzienna w miejscu zamieszkania osoby z niepe\u0142nosprawno\u015bci\u0105 (za uprzedni\u0105 zgod\u0105 gminy)<\/label><\/li><li class=\"choice-3 depth-1\"><input type=\"radio\" id=\"wpforms-7331-field_11_3\" name=\"wpforms[fields][11]\" value=\"forma dzienna w innym miejscu np. o\u015brodku spe\u0142niaj\u0105cym kryteria  dost\u0119pno\u015bci, kt\u00f3re otrzyma pozytywn\u0105 opini\u0119 gminy\" required ><label class=\"wpforms-field-label-inline\" for=\"wpforms-7331-field_11_3\">forma dzienna w innym miejscu np. o\u015brodku spe\u0142niaj\u0105cym kryteria  dost\u0119pno\u015bci, kt\u00f3re otrzyma pozytywn\u0105 opini\u0119 gminy<\/label><\/li><li class=\"choice-4 depth-1\"><input type=\"radio\" id=\"wpforms-7331-field_11_4\" name=\"wpforms[fields][11]\" value=\"forma ca\u0142odobowa w w miejscu zamieszkania osoby z niepe\u0142nosprawno\u015bci\u0105 (za uprzedni\u0105 zgod\u0105 gminy)\" required ><label class=\"wpforms-field-label-inline\" for=\"wpforms-7331-field_11_4\">forma ca\u0142odobowa w w miejscu zamieszkania osoby z niepe\u0142nosprawno\u015bci\u0105 (za uprzedni\u0105 zgod\u0105 gminy)<\/label><\/li><li class=\"choice-5 depth-1\"><input type=\"radio\" id=\"wpforms-7331-field_11_5\" name=\"wpforms[fields][11]\" value=\"forma ca\u0142odobowa w o\u015brodku\/plac\u00f3wce zapewniaj\u0105cej ca\u0142odobow\u0105 opiek\u0119 osobom niepe\u0142nosprawnym        wpisanym do rejestru w\u0142a\u015bciwego wojewody\" required ><label class=\"wpforms-field-label-inline\" for=\"wpforms-7331-field_11_5\">forma ca\u0142odobowa w o\u015brodku\/plac\u00f3wce zapewniaj\u0105cej ca\u0142odobow\u0105 opiek\u0119 osobom niepe\u0142nosprawnym        wpisanym do rejestru w\u0142a\u015bciwego wojewody<\/label><\/li><\/ul><\/div><div id=\"wpforms-7331-field_15-container\" class=\"wpforms-field wpforms-field-number\" data-field-id=\"15\"><label class=\"wpforms-field-label\" for=\"wpforms-7331-field_15\">W przypadku wyboru formy dziennej prosz\u0119 o wskazanie, jak\u0105 ilo\u015bci\u0105 godzin jest Pan\/Pani zainteresowany\/a  w ramach opieki wytchnieniowej (maksymalnie 240 godzin w roku)<\/label><input type=\"number\" id=\"wpforms-7331-field_15\" class=\"wpforms-field-medium\" name=\"wpforms[fields][15]\" step=\"any\" ><\/div><div id=\"wpforms-7331-field_16-container\" class=\"wpforms-field wpforms-field-number\" data-field-id=\"16\"><label class=\"wpforms-field-label\" for=\"wpforms-7331-field_16\">W przypadku wyboru formy ca\u0142odobowej prosz\u0119 o wskazanie, jak\u0105 ilo\u015bci\u0105 godzin jest Pan\/Pani zainteresowany\/a  w ramach opieki wytchnieniowej (maksymalnie 14 dni w roku)<\/label><input type=\"number\" id=\"wpforms-7331-field_16\" class=\"wpforms-field-medium\" name=\"wpforms[fields][16]\" step=\"any\" ><\/div><div id=\"wpforms-7331-field_12-container\" class=\"wpforms-field wpforms-field-radio\" data-field-id=\"12\"><label class=\"wpforms-field-label\">Czy jest Pan\/Pani aktualnie obj\u0119ty\/a wsparciem w formie us\u0142ug opieku\u0144czych\/specjalistycznych us\u0142ug opieku\u0144czych\/us\u0142ug obejmuj\u0105cych analogiczne wsparcie? <span class=\"wpforms-required-label\">*<\/span><\/label><ul id=\"wpforms-7331-field_12\" class=\"wpforms-field-required\"><li class=\"choice-1 depth-1\"><input type=\"radio\" id=\"wpforms-7331-field_12_1\" name=\"wpforms[fields][12]\" value=\"tak\" required ><label class=\"wpforms-field-label-inline\" for=\"wpforms-7331-field_12_1\">tak<\/label><\/li><li class=\"choice-2 depth-1\"><input type=\"radio\" id=\"wpforms-7331-field_12_2\" name=\"wpforms[fields][12]\" value=\"nie\" required ><label class=\"wpforms-field-label-inline\" for=\"wpforms-7331-field_12_2\">nie<\/label><\/li><\/ul><\/div><\/div><!-- .wpforms-field-container --><div class=\"wpforms-recaptcha-container wpforms-is-recaptcha wpforms-is-recaptcha-type-v2\" ><div class=\"g-recaptcha\" data-sitekey=\"6LfPXCEqAAAAAFUV2rvefekFlHftmU19oHFxqc70\"><\/div><input type=\"text\" name=\"g-recaptcha-hidden\" class=\"wpforms-recaptcha-hidden\" style=\"position:absolute!important;clip:rect(0,0,0,0)!important;height:1px!important;width:1px!important;border:0!important;overflow:hidden!important;padding:0!important;margin:0!important;\" data-rule-recaptcha=\"1\"><\/div><div class=\"wpforms-submit-container\" ><input type=\"hidden\" name=\"wpforms[id]\" value=\"7331\"><input type=\"hidden\" name=\"page_title\" value=\"\"><input type=\"hidden\" name=\"page_url\" value=\"https:\/\/ops.radlin.pl\/ops\/wp-json\/wp\/v2\/pages\/7334\"><input type=\"hidden\" name=\"url_referer\" value=\"\"><button type=\"submit\" name=\"wpforms[submit]\" id=\"wpforms-submit-7331\" class=\"wpforms-submit\" data-alt-text=\"Wysy\u0142anie...\" data-submit-text=\"Wy\u015blij\" aria-live=\"assertive\" value=\"wpforms-submit\">Wy\u015blij<\/button><img loading=\"lazy\" decoding=\"async\" src=\"https:\/\/ops.radlin.pl\/ops\/wp-content\/plugins\/wpforms-lite\/assets\/images\/submit-spin.svg\" class=\"wpforms-submit-spinner\" style=\"display: none;\" width=\"26\" height=\"26\" alt=\"Wczytywanie\"><\/div><\/form><\/div>  <!-- .wpforms-container -->","protected":false},"excerpt":{"rendered":"<p>Szanowni Pa\u0144stwo, O\u015brodek Pomocy Spo\u0142ecznej w Radlinie prowadzi w\u015br\u00f3d Mieszka\u0144c\u00f3w Radlina rozeznanie potrzeb w zakresie zapewnienia opieki wytchnieniowej dla os\u00f3b sprawuj\u0105cych opiek\u0119 nad osobami niepe\u0142nosprawnymi, kt\u00f3re wymagaj\u0105 wsparcia w postaci dora\u017anej, czasowej przerwy w sprawowaniu tej opieki. Opieka wytchnieniowa skierowana b\u0119dzie do cz\u0142onk\u00f3w rodzin lub opiekun\u00f3w, kt\u00f3rzy zamieszkuj\u0105 we wsp\u00f3lnym gospodarstwie domowym i sprawuj\u0105 bezpo\u015bredni\u0105&hellip; <a class=\"continue\" href=\"https:\/\/ops.radlin.pl\/ops\/ow-ankieta\/\"><strong>Czytaj wi\u0119cej:<\/strong><span> Ankieta rozeznania potrzeb na us\u0142ugi opieki wytchnieniowej<\/span><\/a><\/p>\n","protected":false},"author":1,"featured_media":0,"parent":0,"menu_order":0,"comment_status":"closed","ping_status":"closed","template":"","meta":{"footnotes":""},"class_list":["post-7334","page","type-page","status-publish","czr-hentry"],"aioseo_notices":[],"_links":{"self":[{"href":"https:\/\/ops.radlin.pl\/ops\/wp-json\/wp\/v2\/pages\/7334","targetHints":{"allow":["GET"]}}],"collection":[{"href":"https:\/\/ops.radlin.pl\/ops\/wp-json\/wp\/v2\/pages"}],"about":[{"href":"https:\/\/ops.radlin.pl\/ops\/wp-json\/wp\/v2\/types\/page"}],"author":[{"embeddable":true,"href":"https:\/\/ops.radlin.pl\/ops\/wp-json\/wp\/v2\/users\/1"}],"replies":[{"embeddable":true,"href":"https:\/\/ops.radlin.pl\/ops\/wp-json\/wp\/v2\/comments?post=7334"}],"version-history":[{"count":8,"href":"https:\/\/ops.radlin.pl\/ops\/wp-json\/wp\/v2\/pages\/7334\/revisions"}],"predecessor-version":[{"id":8014,"href":"https:\/\/ops.radlin.pl\/ops\/wp-json\/wp\/v2\/pages\/7334\/revisions\/8014"}],"wp:attachment":[{"href":"https:\/\/ops.radlin.pl\/ops\/wp-json\/wp\/v2\/media?parent=7334"}],"curies":[{"name":"wp","href":"https:\/\/api.w.org\/{rel}","templated":true}]}}