{"id":7403,"date":"2024-08-19T12:16:46","date_gmt":"2024-08-19T10:16:46","guid":{"rendered":"https:\/\/ops.radlin.pl\/ops\/?page_id=7403"},"modified":"2024-09-06T09:04:14","modified_gmt":"2024-09-06T07:04:14","slug":"standardy","status":"publish","type":"page","link":"https:\/\/ops.radlin.pl\/ops\/standardy\/","title":{"rendered":"Standardy ochrony ma\u0142oletnich"},"content":{"rendered":"\n<p>Tworzenie przyjaznego i bezpiecznego \u015brodowiska dla dzieci i m\u0142odzie\u017cy to podstawowy cel <strong>Standard\u00f3w ochrony ma\u0142oletnich<\/strong>. To zbi\u00f3r zasad, kt\u00f3re pomagaj\u0105 chroni\u0107 osoby ma\u0142oletnie i minimalizuj\u0105 ryzyko krzywdy. Standardy wskazuj\u0105 tak\u017ce procedury, kt\u00f3re powinny zadzia\u0142a\u0107 w przypadku, kiedy mamy podejrzenie o tym, \u017ce dziecko dozna\u0142o jakiejkolwiek formy przemocy.<\/p>\n\n\n\n<p>W my\u015bl standard\u00f3w w O\u015brodku Pomocy Spo\u0142ecznej w Radlinie:<\/p>\n\n\n\n<ul class=\"wp-block-list\">\n<li>wszyscy pracownicy wiedz\u0105, jak rozpoznawa\u0107 symptomy krzywdzenia dziecka oraz jak podejmowa\u0107 interwencj\u0119 w przypadku podejrzenia, \u017ce dziecko jest ofiar\u0105 przemocy (bez wzgl\u0119du na jej form\u0119 i miejsce);<\/li>\n\n\n\n<li>wszyscy pracownicy s\u0105 w odpowiedni spos\u00f3b weryfikowani, aby nie zagra\u017cali bezpiecze\u0144stwu dziecka;<\/li>\n\n\n\n<li>osoby ma\u0142oletnie oraz ich opiekunowie wiedz\u0105 jak unika\u0107 zagro\u017ce\u0144, gdzie szuka\u0107 pomocy oraz jak reagowa\u0107.<\/li>\n<\/ul>\n\n\n\n<p>Osob\u0105 do kontaktu we wszelkich sprawach zwi\u0105zanych ze standardami i bezpiecze\u0144stwem dzieci i m\u0142odzie\u017cy w O\u015brodku Pomocy Spo\u0142ecznej w Radlinie jest Dawid Brachma\u0144ski (tel. 32 453 73 63, przemoc@radlin.pl).<\/p>\n\n\n\n<div style=\"height:30px\" aria-hidden=\"true\" class=\"wp-block-spacer\"><\/div>\n\n\n\n<p><strong>Pliki do pobrania:<\/strong><\/p>\n\n\n\n<ul class=\"wp-block-list\">\n<li><a href=\"https:\/\/ops.radlin.pl\/ops\/pliki\/inne\/Standardy-ochrony-ma\u0142oletnich-OPS-Radlin.pdf\" target=\"_blank\" rel=\"noopener\" title=\"\">Standardy ochrony ma\u0142oletnich (.pdf)<\/a><\/li>\n<\/ul>\n\n\n<div class=\"wp-block-image\">\n<figure class=\"aligncenter size-large\"><img loading=\"lazy\" decoding=\"async\" width=\"1357\" height=\"1920\" src=\"https:\/\/ops.radlin.pl\/ops\/wp-content\/uploads\/2024\/08\/Standardy-OPSRadlin-plakat-v2-1357x1920.png\" alt=\"Standardy ochrony ma\u0142oletnich - plakat\" class=\"wp-image-7468\" srcset=\"https:\/\/ops.radlin.pl\/ops\/wp-content\/uploads\/2024\/08\/Standardy-OPSRadlin-plakat-v2-1357x1920.png 1357w, https:\/\/ops.radlin.pl\/ops\/wp-content\/uploads\/2024\/08\/Standardy-OPSRadlin-plakat-v2-212x300.png 212w, https:\/\/ops.radlin.pl\/ops\/wp-content\/uploads\/2024\/08\/Standardy-OPSRadlin-plakat-v2-768x1086.png 768w, https:\/\/ops.radlin.pl\/ops\/wp-content\/uploads\/2024\/08\/Standardy-OPSRadlin-plakat-v2-1086x1536.png 1086w, https:\/\/ops.radlin.pl\/ops\/wp-content\/uploads\/2024\/08\/Standardy-OPSRadlin-plakat-v2-1448x2048.png 1448w\" sizes=\"auto, (max-width: 1357px) 100vw, 1357px\" \/><\/figure>\n<\/div>\n\n\n<div style=\"height:30px\" aria-hidden=\"true\" class=\"wp-block-spacer\"><\/div>\n","protected":false},"excerpt":{"rendered":"<p>Tworzenie przyjaznego i bezpiecznego \u015brodowiska dla dzieci i m\u0142odzie\u017cy to podstawowy cel Standard\u00f3w ochrony ma\u0142oletnich. To zbi\u00f3r zasad, kt\u00f3re pomagaj\u0105 chroni\u0107 osoby ma\u0142oletnie i minimalizuj\u0105 ryzyko krzywdy. Standardy wskazuj\u0105 tak\u017ce procedury, kt\u00f3re powinny zadzia\u0142a\u0107 w przypadku, kiedy mamy podejrzenie o tym, \u017ce dziecko dozna\u0142o jakiejkolwiek formy przemocy. W my\u015bl standard\u00f3w w O\u015brodku Pomocy Spo\u0142ecznej w&hellip; <a class=\"continue\" href=\"https:\/\/ops.radlin.pl\/ops\/standardy\/\"><strong>Czytaj wi\u0119cej:<\/strong><span> Standardy ochrony ma\u0142oletnich<\/span><\/a><\/p>\n","protected":false},"author":1,"featured_media":0,"parent":0,"menu_order":0,"comment_status":"closed","ping_status":"closed","template":"","meta":{"footnotes":""},"class_list":["post-7403","page","type-page","status-publish","czr-hentry"],"aioseo_notices":[],"_links":{"self":[{"href":"https:\/\/ops.radlin.pl\/ops\/wp-json\/wp\/v2\/pages\/7403","targetHints":{"allow":["GET"]}}],"collection":[{"href":"https:\/\/ops.radlin.pl\/ops\/wp-json\/wp\/v2\/pages"}],"about":[{"href":"https:\/\/ops.radlin.pl\/ops\/wp-json\/wp\/v2\/types\/page"}],"author":[{"embeddable":true,"href":"https:\/\/ops.radlin.pl\/ops\/wp-json\/wp\/v2\/users\/1"}],"replies":[{"embeddable":true,"href":"https:\/\/ops.radlin.pl\/ops\/wp-json\/wp\/v2\/comments?post=7403"}],"version-history":[{"count":5,"href":"https:\/\/ops.radlin.pl\/ops\/wp-json\/wp\/v2\/pages\/7403\/revisions"}],"predecessor-version":[{"id":7470,"href":"https:\/\/ops.radlin.pl\/ops\/wp-json\/wp\/v2\/pages\/7403\/revisions\/7470"}],"wp:attachment":[{"href":"https:\/\/ops.radlin.pl\/ops\/wp-json\/wp\/v2\/media?parent=7403"}],"curies":[{"name":"wp","href":"https:\/\/api.w.org\/{rel}","templated":true}]}}