{"id":756,"date":"2017-05-29T10:55:48","date_gmt":"2017-05-29T08:55:48","guid":{"rendered":"http:\/\/ops.radlin.pl\/ops\/?page_id=756"},"modified":"2017-09-21T08:05:25","modified_gmt":"2017-09-21T06:05:25","slug":"statystyka","status":"publish","type":"page","link":"https:\/\/ops.radlin.pl\/ops\/statystyka\/","title":{"rendered":"Statystyka"},"content":{"rendered":"<h3 style=\"text-align: center;\"><strong>Roczne sprawozdania z udzielonych \u015bwiadcze\u0144 pomocy spo\u0142ecznej<br \/>\n&#8211; pieni\u0119\u017cnych, w naturze i us\u0142ugach (MPIPS-03-R)<\/strong><\/h3>\n<p>&nbsp;<br \/>\n\n<table id=\"tablepress-11\" class=\"tablepress tablepress-id-11\">\n<thead>\n<tr class=\"row-1\">\n\t<th class=\"column-1\">Opis pliku<\/th><td class=\"column-2\"><\/td>\n<\/tr>\n<\/thead>\n<tbody class=\"row-striping row-hover\">\n<tr class=\"row-2\">\n\t<td class=\"column-1\"><a href=\"http:\/\/ops.radlin.pl\/ops\/pliki\/MRiPS-03-R-2022.pdf\" target=\"_blank\" rel=\"noopener\">MRiPS-03-R 2022<\/a><\/td><td class=\"column-2\"><img loading=\"lazy\" decoding=\"async\" src=\"http:\/\/ops.radlin.pl\/ops\/wp-content\/uploads\/2017\/05\/pdf_ico.png\" alt=\"\" width=\"32\" height=\"32\" class=\"aligncenter size-full wp-image-790\" \/><\/td>\n<\/tr>\n<tr class=\"row-3\">\n\t<td class=\"column-1\"><a href=\"http:\/\/ops.radlin.pl\/ops\/pliki\/MPIPS-03-R 2016.pdf\" target=\"_blank\" rel=\"noopener\">MPIPS-03-R 2016<\/a><\/td><td class=\"column-2\"><img loading=\"lazy\" decoding=\"async\" src=\"http:\/\/ops.radlin.pl\/ops\/wp-content\/uploads\/2017\/05\/pdf_ico.png\" alt=\"\" width=\"32\" height=\"32\" class=\"aligncenter size-full wp-image-790\" \/><\/td>\n<\/tr>\n<tr class=\"row-4\">\n\t<td class=\"column-1\"><a href=\"http:\/\/ops.radlin.pl\/ops\/pliki\/MPIPS-03-R 2015.pdf\" target=\"_blank\" rel=\"noopener\">MPIPS-03-R 2015<\/a><\/td><td class=\"column-2\"><img loading=\"lazy\" decoding=\"async\" src=\"http:\/\/ops.radlin.pl\/ops\/wp-content\/uploads\/2017\/05\/pdf_ico.png\" alt=\"\" width=\"32\" height=\"32\" class=\"aligncenter size-full wp-image-790\" \/><\/td>\n<\/tr>\n<tr class=\"row-5\">\n\t<td class=\"column-1\"><a href=\"http:\/\/ops.radlin.pl\/ops\/pliki\/MPIPS-03-R 2014.pdf\" target=\"_blank\" rel=\"noopener\">MPIPS-03-R 2014<\/a><\/td><td class=\"column-2\"><img loading=\"lazy\" decoding=\"async\" src=\"http:\/\/ops.radlin.pl\/ops\/wp-content\/uploads\/2017\/05\/pdf_ico.png\" alt=\"\" width=\"32\" height=\"32\" class=\"aligncenter size-full wp-image-790\" \/><\/td>\n<\/tr>\n<tr class=\"row-6\">\n\t<td class=\"column-1\"><a href=\"http:\/\/ops.radlin.pl\/ops\/pliki\/MPIPS-03-R 2013.pdf\" target=\"_blank\" rel=\"noopener\">MPIPS-03-R 2013<\/a><\/td><td class=\"column-2\"><img loading=\"lazy\" decoding=\"async\" src=\"http:\/\/ops.radlin.pl\/ops\/wp-content\/uploads\/2017\/05\/pdf_ico.png\" alt=\"\" width=\"32\" height=\"32\" class=\"aligncenter size-full wp-image-790\" \/><\/td>\n<\/tr>\n<tr class=\"row-7\">\n\t<td class=\"column-1\"><a href=\"http:\/\/ops.radlin.pl\/ops\/pliki\/MPIPS-03-R 2012.pdf\" target=\"_blank\" rel=\"noopener\">MPIPS-03-R 2012<\/a><\/td><td class=\"column-2\"><img loading=\"lazy\" decoding=\"async\" src=\"http:\/\/ops.radlin.pl\/ops\/wp-content\/uploads\/2017\/05\/pdf_ico.png\" alt=\"\" width=\"32\" height=\"32\" class=\"aligncenter size-full wp-image-790\" \/><\/td>\n<\/tr>\n<tr class=\"row-8\">\n\t<td class=\"column-1\"><a href=\"http:\/\/ops.radlin.pl\/ops\/pliki\/MPIPS-03-R 2011.pdf\" target=\"_blank\" rel=\"noopener\">MPIPS-03-R 2011<\/a><\/td><td class=\"column-2\"><img loading=\"lazy\" decoding=\"async\" src=\"http:\/\/ops.radlin.pl\/ops\/wp-content\/uploads\/2017\/05\/pdf_ico.png\" alt=\"\" width=\"32\" height=\"32\" class=\"aligncenter size-full wp-image-790\" \/><\/td>\n<\/tr>\n<tr class=\"row-9\">\n\t<td class=\"column-1\"><a href=\"http:\/\/ops.radlin.pl\/ops\/pliki\/MPIPS-03-R 2010.pdf\" target=\"_blank\" rel=\"noopener\">MPIPS-03-R 2010<\/a><\/td><td class=\"column-2\"><img loading=\"lazy\" decoding=\"async\" src=\"http:\/\/ops.radlin.pl\/ops\/wp-content\/uploads\/2017\/05\/pdf_ico.png\" alt=\"\" width=\"32\" height=\"32\" class=\"aligncenter size-full wp-image-790\" \/><\/td>\n<\/tr>\n<tr class=\"row-10\">\n\t<td class=\"column-1\"><a href=\"http:\/\/ops.radlin.pl\/ops\/pliki\/MPIPS-03-R 2009.pdf\" target=\"_blank\" rel=\"noopener\">MPIPS-03-R 2009<\/a><\/td><td class=\"column-2\"><img loading=\"lazy\" decoding=\"async\" src=\"http:\/\/ops.radlin.pl\/ops\/wp-content\/uploads\/2017\/05\/pdf_ico.png\" alt=\"\" width=\"32\" height=\"32\" class=\"aligncenter size-full wp-image-790\" \/><\/td>\n<\/tr>\n<tr class=\"row-11\">\n\t<td class=\"column-1\"><a href=\"http:\/\/ops.radlin.pl\/ops\/pliki\/MPIPS-03-R 2008.pdf\" target=\"_blank\" rel=\"noopener\">MPIPS-03-R 2008<\/a><\/td><td class=\"column-2\"><img loading=\"lazy\" decoding=\"async\" src=\"http:\/\/ops.radlin.pl\/ops\/wp-content\/uploads\/2017\/05\/pdf_ico.png\" alt=\"\" width=\"32\" height=\"32\" class=\"aligncenter size-full wp-image-790\" \/><\/td>\n<\/tr>\n<tr class=\"row-12\">\n\t<td class=\"column-1\"><a href=\"http:\/\/ops.radlin.pl\/ops\/pliki\/MPIPS-03-R 2007.pdf\" target=\"_blank\" rel=\"noopener\">MPIPS-03-R 2007<\/a><\/td><td class=\"column-2\"><img loading=\"lazy\" decoding=\"async\" src=\"http:\/\/ops.radlin.pl\/ops\/wp-content\/uploads\/2017\/05\/pdf_ico.png\" alt=\"\" width=\"32\" height=\"32\" class=\"aligncenter size-full wp-image-790\" \/><\/td>\n<\/tr>\n<\/tbody>\n<\/table>\n<!-- #tablepress-11 from cache -->\n&nbsp;<\/p>\n<h3 style=\"text-align: center;\"><strong>Roczne sprawozdania z realizacji programu<br \/>\n&#8222;Pomoc Pa\u0144stwa w zakresie do\u017cywiania&#8221;<\/strong><\/h3>\n<p>&nbsp;<br \/>\n\n<table id=\"tablepress-12\" class=\"tablepress tablepress-id-12\">\n<thead>\n<tr class=\"row-1\">\n\t<th class=\"column-1\">Opis pliku<\/th><td class=\"column-2\"><\/td>\n<\/tr>\n<\/thead>\n<tbody class=\"row-striping row-hover\">\n<tr class=\"row-2\">\n\t<td class=\"column-1\"><a href=\"http:\/\/ops.radlin.pl\/ops\/pliki\/dozywianie-2016.pdf\" target=\"_blank\">Do\u017cywianie 2016<\/a><\/td><td class=\"column-2\"><img loading=\"lazy\" decoding=\"async\" src=\"http:\/\/ops.radlin.pl\/ops\/wp-content\/uploads\/2017\/05\/pdf_ico.png\" alt=\"\" width=\"32\" height=\"32\" class=\"aligncenter size-full wp-image-790\" \/><\/td>\n<\/tr>\n<tr class=\"row-3\">\n\t<td class=\"column-1\"><a href=\"http:\/\/ops.radlin.pl\/ops\/pliki\/dozywianie-2015.pdf\" target=\"_blank\">Do\u017cywianie 2015<\/a><\/td><td class=\"column-2\"><img loading=\"lazy\" decoding=\"async\" src=\"http:\/\/ops.radlin.pl\/ops\/wp-content\/uploads\/2017\/05\/pdf_ico.png\" alt=\"\" width=\"32\" height=\"32\" class=\"aligncenter size-full wp-image-790\" \/><\/td>\n<\/tr>\n<tr class=\"row-4\">\n\t<td class=\"column-1\"><a href=\"http:\/\/ops.radlin.pl\/ops\/pliki\/dozywianie-2014.pdf\" target=\"_blank\">Do\u017cywianie 2014<\/a><\/td><td class=\"column-2\"><img loading=\"lazy\" decoding=\"async\" src=\"http:\/\/ops.radlin.pl\/ops\/wp-content\/uploads\/2017\/05\/pdf_ico.png\" alt=\"\" width=\"32\" height=\"32\" class=\"aligncenter size-full wp-image-790\" \/><\/td>\n<\/tr>\n<tr class=\"row-5\">\n\t<td class=\"column-1\"><a href=\"http:\/\/ops.radlin.pl\/ops\/pliki\/dozywianie-2013.pdf\" target=\"_blank\">Do\u017cywianie 2013<\/a><\/td><td class=\"column-2\"><img loading=\"lazy\" decoding=\"async\" src=\"http:\/\/ops.radlin.pl\/ops\/wp-content\/uploads\/2017\/05\/pdf_ico.png\" alt=\"\" width=\"32\" height=\"32\" class=\"aligncenter size-full wp-image-790\" \/><\/td>\n<\/tr>\n<tr class=\"row-6\">\n\t<td class=\"column-1\"><a href=\"http:\/\/ops.radlin.pl\/ops\/pliki\/dozywianie-2012.pdf\" target=\"_blank\">Do\u017cywianie 2012<\/a><\/td><td class=\"column-2\"><img loading=\"lazy\" decoding=\"async\" src=\"http:\/\/ops.radlin.pl\/ops\/wp-content\/uploads\/2017\/05\/pdf_ico.png\" alt=\"\" width=\"32\" height=\"32\" class=\"aligncenter size-full wp-image-790\" \/><\/td>\n<\/tr>\n<tr class=\"row-7\">\n\t<td class=\"column-1\"><a href=\"http:\/\/ops.radlin.pl\/ops\/pliki\/dozywianie-2011.pdf\" target=\"_blank\">Do\u017cywianie 2011<\/a><\/td><td class=\"column-2\"><img loading=\"lazy\" decoding=\"async\" src=\"http:\/\/ops.radlin.pl\/ops\/wp-content\/uploads\/2017\/05\/pdf_ico.png\" alt=\"\" width=\"32\" height=\"32\" class=\"aligncenter size-full wp-image-790\" \/><\/td>\n<\/tr>\n<tr class=\"row-8\">\n\t<td class=\"column-1\"><a href=\"http:\/\/ops.radlin.pl\/ops\/pliki\/dozywianie-2010.pdf\" target=\"_blank\">Do\u017cywianie 2010<\/a><\/td><td class=\"column-2\"><img loading=\"lazy\" decoding=\"async\" src=\"http:\/\/ops.radlin.pl\/ops\/wp-content\/uploads\/2017\/05\/pdf_ico.png\" alt=\"\" width=\"32\" height=\"32\" class=\"aligncenter size-full wp-image-790\" \/><\/td>\n<\/tr>\n<tr class=\"row-9\">\n\t<td class=\"column-1\"><a href=\"http:\/\/ops.radlin.pl\/ops\/pliki\/dozywianie-2009.pdf\" target=\"_blank\">Do\u017cywianie 2009<\/a><\/td><td class=\"column-2\"><img loading=\"lazy\" decoding=\"async\" src=\"http:\/\/ops.radlin.pl\/ops\/wp-content\/uploads\/2017\/05\/pdf_ico.png\" alt=\"\" width=\"32\" height=\"32\" class=\"aligncenter size-full wp-image-790\" \/><\/td>\n<\/tr>\n<tr class=\"row-10\">\n\t<td class=\"column-1\"><a href=\"http:\/\/ops.radlin.pl\/ops\/pliki\/dozywianie-2008.pdf\" target=\"_blank\">Do\u017cywianie 2008<\/a><\/td><td class=\"column-2\"><img loading=\"lazy\" decoding=\"async\" src=\"http:\/\/ops.radlin.pl\/ops\/wp-content\/uploads\/2017\/05\/pdf_ico.png\" alt=\"\" width=\"32\" height=\"32\" class=\"aligncenter size-full wp-image-790\" \/><\/td>\n<\/tr>\n<tr class=\"row-11\">\n\t<td class=\"column-1\"><a href=\"http:\/\/ops.radlin.pl\/ops\/pliki\/dozywianie-2007.pdf\" target=\"_blank\">Do\u017cywianie 2007<\/a><\/td><td class=\"column-2\"><img loading=\"lazy\" decoding=\"async\" src=\"http:\/\/ops.radlin.pl\/ops\/wp-content\/uploads\/2017\/05\/pdf_ico.png\" alt=\"\" width=\"32\" height=\"32\" class=\"aligncenter size-full wp-image-790\" \/><\/td>\n<\/tr>\n<\/tbody>\n<\/table>\n<!-- #tablepress-12 from cache -->\n&nbsp;<\/p>\n<h3 style=\"text-align: center;\"><strong>Roczne sprawozdania rzeczowo-finansowe z wykonywania zada\u0144<br \/>\nz zakresu \u015bwiadcze\u0144 rodzinnych<\/strong><\/h3>\n<p>&nbsp;<br \/>\n\n<table id=\"tablepress-13\" class=\"tablepress tablepress-id-13\">\n<thead>\n<tr class=\"row-1\">\n\t<th class=\"column-1\">Opis pliku<\/th><td class=\"column-2\"><\/td>\n<\/tr>\n<\/thead>\n<tbody class=\"row-striping row-hover\">\n<tr class=\"row-2\">\n\t<td class=\"column-1\"><a href=\"http:\/\/ops.radlin.pl\/ops\/pliki\/SR-2016.pdf\" target=\"_blank\">\u015awiadczenia Rodzinne 2016<\/a><\/td><td class=\"column-2\"><img loading=\"lazy\" decoding=\"async\" src=\"http:\/\/ops.radlin.pl\/ops\/wp-content\/uploads\/2017\/05\/pdf_ico.png\" alt=\"\" width=\"32\" height=\"32\" class=\"aligncenter size-full wp-image-790\" \/><\/td>\n<\/tr>\n<tr class=\"row-3\">\n\t<td class=\"column-1\"><a href=\"http:\/\/ops.radlin.pl\/ops\/pliki\/SR-2015.pdf\" target=\"_blank\">\u015awiadczenia Rodzinne 2015<\/a><\/td><td class=\"column-2\"><img loading=\"lazy\" decoding=\"async\" src=\"http:\/\/ops.radlin.pl\/ops\/wp-content\/uploads\/2017\/05\/pdf_ico.png\" alt=\"\" width=\"32\" height=\"32\" class=\"aligncenter size-full wp-image-790\" \/><\/td>\n<\/tr>\n<tr class=\"row-4\">\n\t<td class=\"column-1\"><a href=\"http:\/\/ops.radlin.pl\/ops\/pliki\/SR-2014.pdf\" target=\"_blank\">\u015awiadczenia Rodzinne 2014<\/a><\/td><td class=\"column-2\"><img loading=\"lazy\" decoding=\"async\" src=\"http:\/\/ops.radlin.pl\/ops\/wp-content\/uploads\/2017\/05\/pdf_ico.png\" alt=\"\" width=\"32\" height=\"32\" class=\"aligncenter size-full wp-image-790\" \/><\/td>\n<\/tr>\n<tr class=\"row-5\">\n\t<td class=\"column-1\"><a href=\"http:\/\/ops.radlin.pl\/ops\/pliki\/SR-2013.pdf\" target=\"_blank\">\u015awiadczenia Rodzinne 2013<\/a><\/td><td class=\"column-2\"><img loading=\"lazy\" decoding=\"async\" src=\"http:\/\/ops.radlin.pl\/ops\/wp-content\/uploads\/2017\/05\/pdf_ico.png\" alt=\"\" width=\"32\" height=\"32\" class=\"aligncenter size-full wp-image-790\" \/><\/td>\n<\/tr>\n<tr class=\"row-6\">\n\t<td class=\"column-1\"><a href=\"http:\/\/ops.radlin.pl\/ops\/pliki\/SR-2012.pdf\" target=\"_blank\">\u015awiadczenia Rodzinne 2012<\/a><\/td><td class=\"column-2\"><img loading=\"lazy\" decoding=\"async\" src=\"http:\/\/ops.radlin.pl\/ops\/wp-content\/uploads\/2017\/05\/pdf_ico.png\" alt=\"\" width=\"32\" height=\"32\" class=\"aligncenter size-full wp-image-790\" \/><\/td>\n<\/tr>\n<tr class=\"row-7\">\n\t<td class=\"column-1\"><a href=\"http:\/\/ops.radlin.pl\/ops\/pliki\/SR-2011.pdf\" target=\"_blank\">\u015awiadczenia Rodzinne 2011<\/a><\/td><td class=\"column-2\"><img loading=\"lazy\" decoding=\"async\" src=\"http:\/\/ops.radlin.pl\/ops\/wp-content\/uploads\/2017\/05\/pdf_ico.png\" alt=\"\" width=\"32\" height=\"32\" class=\"aligncenter size-full wp-image-790\" \/><\/td>\n<\/tr>\n<tr class=\"row-8\">\n\t<td class=\"column-1\"><a href=\"http:\/\/ops.radlin.pl\/ops\/pliki\/SR-2010.pdf\" target=\"_blank\">\u015awiadczenia Rodzinne 2010<\/a><\/td><td class=\"column-2\"><img loading=\"lazy\" decoding=\"async\" src=\"http:\/\/ops.radlin.pl\/ops\/wp-content\/uploads\/2017\/05\/pdf_ico.png\" alt=\"\" width=\"32\" height=\"32\" class=\"aligncenter size-full wp-image-790\" \/><\/td>\n<\/tr>\n<tr class=\"row-9\">\n\t<td class=\"column-1\"><a href=\"http:\/\/ops.radlin.pl\/ops\/pliki\/SR-2009.pdf\" target=\"_blank\">\u015awiadczenia Rodzinne 2009<\/a><\/td><td class=\"column-2\"><img loading=\"lazy\" decoding=\"async\" src=\"http:\/\/ops.radlin.pl\/ops\/wp-content\/uploads\/2017\/05\/pdf_ico.png\" alt=\"\" width=\"32\" height=\"32\" class=\"aligncenter size-full wp-image-790\" \/><\/td>\n<\/tr>\n<tr class=\"row-10\">\n\t<td class=\"column-1\"><a href=\"http:\/\/ops.radlin.pl\/ops\/pliki\/SR-2008.pdf\" target=\"_blank\">\u015awiadczenia Rodzinne 2008<\/a><\/td><td class=\"column-2\"><img loading=\"lazy\" decoding=\"async\" src=\"http:\/\/ops.radlin.pl\/ops\/wp-content\/uploads\/2017\/05\/pdf_ico.png\" alt=\"\" width=\"32\" height=\"32\" class=\"aligncenter size-full wp-image-790\" \/><\/td>\n<\/tr>\n<tr class=\"row-11\">\n\t<td class=\"column-1\"><a href=\"http:\/\/ops.radlin.pl\/ops\/pliki\/SR-2007.pdf\" target=\"_blank\">\u015awiadczenia Rodzinne 2007<\/a><\/td><td class=\"column-2\"><img loading=\"lazy\" decoding=\"async\" src=\"http:\/\/ops.radlin.pl\/ops\/wp-content\/uploads\/2017\/05\/pdf_ico.png\" alt=\"\" width=\"32\" height=\"32\" class=\"aligncenter size-full wp-image-790\" \/><\/td>\n<\/tr>\n<\/tbody>\n<\/table>\n<!-- #tablepress-13 from cache -->\n&nbsp;<\/p>\n","protected":false},"excerpt":{"rendered":"<p>Roczne sprawozdania z udzielonych \u015bwiadcze\u0144 pomocy spo\u0142ecznej &#8211; pieni\u0119\u017cnych, w naturze i us\u0142ugach (MPIPS-03-R) &nbsp; &nbsp; Roczne sprawozdania z realizacji programu &#8222;Pomoc Pa\u0144stwa w zakresie do\u017cywiania&#8221; &nbsp; &nbsp; Roczne sprawozdania rzeczowo-finansowe z wykonywania zada\u0144 z zakresu \u015bwiadcze\u0144 rodzinnych &nbsp; &nbsp;<\/p>\n","protected":false},"author":1,"featured_media":0,"parent":0,"menu_order":0,"comment_status":"closed","ping_status":"closed","template":"","meta":{"footnotes":""},"class_list":["post-756","page","type-page","status-publish","czr-hentry"],"aioseo_notices":[],"_links":{"self":[{"href":"https:\/\/ops.radlin.pl\/ops\/wp-json\/wp\/v2\/pages\/756","targetHints":{"allow":["GET"]}}],"collection":[{"href":"https:\/\/ops.radlin.pl\/ops\/wp-json\/wp\/v2\/pages"}],"about":[{"href":"https:\/\/ops.radlin.pl\/ops\/wp-json\/wp\/v2\/types\/page"}],"author":[{"embeddable":true,"href":"https:\/\/ops.radlin.pl\/ops\/wp-json\/wp\/v2\/users\/1"}],"replies":[{"embeddable":true,"href":"https:\/\/ops.radlin.pl\/ops\/wp-json\/wp\/v2\/comments?post=756"}],"version-history":[{"count":12,"href":"https:\/\/ops.radlin.pl\/ops\/wp-json\/wp\/v2\/pages\/756\/revisions"}],"predecessor-version":[{"id":2487,"href":"https:\/\/ops.radlin.pl\/ops\/wp-json\/wp\/v2\/pages\/756\/revisions\/2487"}],"wp:attachment":[{"href":"https:\/\/ops.radlin.pl\/ops\/wp-json\/wp\/v2\/media?parent=756"}],"curies":[{"name":"wp","href":"https:\/\/api.w.org\/{rel}","templated":true}]}}