{"id":7688,"date":"2024-12-30T10:50:00","date_gmt":"2024-12-30T09:50:00","guid":{"rendered":"https:\/\/ops.radlin.pl\/ops\/?page_id=7688"},"modified":"2025-01-14T16:31:26","modified_gmt":"2025-01-14T15:31:26","slug":"rzadowy-program-wspierania-rodziny-asystent-rodziny-w-2024-r","status":"publish","type":"page","link":"https:\/\/ops.radlin.pl\/ops\/rzadowy-program-wspierania-rodziny-asystent-rodziny-w-2024-r\/","title":{"rendered":"Rz\u0105dowy Program wspierania rodziny \u201eAsystent Rodziny w 2024 r.\u201d"},"content":{"rendered":"<div class=\"wp-block-image\">\n<figure class=\"aligncenter size-full\"><img loading=\"lazy\" decoding=\"async\" width=\"850\" height=\"150\" src=\"https:\/\/ops.radlin.pl\/ops\/wp-content\/uploads\/2021\/06\/FS2.png\" alt=\"Logo\" class=\"wp-image-5026\" srcset=\"https:\/\/ops.radlin.pl\/ops\/wp-content\/uploads\/2021\/06\/FS2.png 850w, https:\/\/ops.radlin.pl\/ops\/wp-content\/uploads\/2021\/06\/FS2-300x53.png 300w, https:\/\/ops.radlin.pl\/ops\/wp-content\/uploads\/2021\/06\/FS2-768x136.png 768w\" sizes=\"auto, (max-width: 850px) 100vw, 850px\" \/><\/figure>\n<\/div>\n\n\n<div style=\"height:10px\" aria-hidden=\"true\" class=\"wp-block-spacer\"><\/div>\n\n\n\n<p class=\"has-text-align-center\"><strong>Rz\u0105dowy Program wspierania rodziny \u201eAsystent Rodziny w 2024 r.\u201d<\/strong><\/p>\n\n\n\n<p class=\"has-text-align-center\"><strong>Program finansowany jest ze \u015brodk\u00f3w Funduszu Pracy.<\/strong><\/p>\n\n\n\n<div style=\"height:40px\" aria-hidden=\"true\" class=\"wp-block-spacer\"><\/div>\n\n\n\n<p class=\"has-text-align-left\"><strong>Warto\u015b\u0107 dofinansowania ze \u015brodk\u00f3w Funduszu Pracy w 2024 r. dla Gminy Radlin na finansowanie zadania:<\/strong><\/p>\n\n\n\n<p class=\"has-text-align-left\">72 053,56 z\u0142 (siedemdziesi\u0105t dwa tysi\u0105ce pi\u0119\u0107dziesi\u0105t trzy z\u0142ote z\u0142ote pi\u0119\u0107dziesi\u0105t sze\u015b\u0107 groszy).<\/p>\n\n\n\n<p class=\"has-text-align-left\"><strong><strong>Ca\u0142kowity koszt realizacji tego zadania wynosi w 2024 r.:<\/strong><\/strong><\/p>\n\n\n\n<p class=\"has-text-align-left\">223 111,99 z\u0142 (dwie\u015bcie dwadzie\u015bcia trzy tysi\u0105ce sto jedena\u015bcie z\u0142otych dziewi\u0119\u0107dziesi\u0105t dziewi\u0119\u0107 groszy).<\/p>\n\n\n\n<div style=\"height:40px\" aria-hidden=\"true\" class=\"wp-block-spacer\"><\/div>\n\n\n\n<p class=\"has-text-align-left\"><strong>Celem Programu<\/strong> jest pomoc w realizacji zada\u0144 wykonywanych przez asystent\u00f3w rodziny, w tym r\u00f3wnie\u017c zada\u0144 o kt\u00f3rych mowa w art. 8 ust. 2 i 3 ustawy z dnia 4 listopada 2016 r. o wsparciu kobiet w ci\u0105\u017cy i rodzin \u201eZa \u017cyciem\u201d.<\/p>\n\n\n\n<p class=\"has-text-align-left\">W ramach programu dofinansowane b\u0119d\u0105:<\/p>\n\n\n\n<ul class=\"wp-block-list\">\n<li>dodatki do wynagrodzenia asystent\u00f3w rodziny przez przyznanie asystentowi dodatku do wynagrodzenia<br>w wysoko\u015bci do 2 400 z\u0142, podzielonego na 12 cz\u0119\u015bci odpowiadaj\u0105cych miesi\u0105com zatrudnienia, w wysoko\u015bci do 200 z\u0142 za ka\u017cdy przepracowany miesi\u0105c, proporcjonalnie do wymiaru etatu,<\/li>\n\n\n\n<li>koszty zatrudnienia asystent\u00f3w rodziny \u2013 w wysoko\u015bci nieprzekraczaj\u0105cej 30% ponoszone w 2024 r.<\/li>\n<\/ul>\n\n\n\n<p class=\"has-text-align-left\"><strong>Adresatami Programu<\/strong> s\u0105 gminy, kt\u00f3re realizuj\u0105 zadania z obszaru wspierania rodziny, w tym r\u00f3wnie\u017c wynikaj\u0105ce z ustawy z dnia 4 listopada 2016 r. o wsparciu kobiet w ci\u0105\u017cy i rodzin \u201eZa \u017cyciem\u201d<br>W ramach Programu ze \u015brodk\u00f3w finansowych mog\u0105 korzysta\u0107 za po\u015brednictwem gmin r\u00f3wnie\u017c podmioty niepubliczne, kt\u00f3re zgodnie z art. 190 ustawy z dnia 9 czerwca 2011 r. o wspieraniu rodziny i systemie pieczy zast\u0119pczej realizuj\u0105 zadanie pracy z rodzin\u0105 na zlecenie samorz\u0105du.<\/p>\n\n\n\n<p class=\"has-text-align-left\">\u015arodki finansowe z Funduszu Pracy na dofinansowanie dodatk\u00f3w do wynagrodzenia i koszt\u00f3w zatrudnienia asystent\u00f3w rodziny w ramach rz\u0105dowego programu \u201eAsystent Rodziny w 2024 r.\u201d otrzymane przez Gmin\u0119 Radlin: 72 053,56 z\u0142, w tym:<\/p>\n\n\n\n<ul class=\"wp-block-list\">\n<li>dofinansowanie do dodatk\u00f3w do wynagrodzenia asystent\u00f3w rodziny \u2013 7 200,00 z\u0142<\/li>\n\n\n\n<li>dofinansowanie koszt\u00f3w zatrudnienia asystent\u00f3w rodziny \u2013 64 853,56 z\u0142<\/li>\n<\/ul>\n\n\n\n<div style=\"height:50px\" aria-hidden=\"true\" class=\"wp-block-spacer\"><\/div>\n\n\n<div class=\"wp-block-image\">\n<figure class=\"aligncenter size-full\"><img loading=\"lazy\" decoding=\"async\" width=\"759\" height=\"1071\" src=\"https:\/\/ops.radlin.pl\/ops\/wp-content\/uploads\/2025\/01\/plakat-AR-2024.png\" alt=\"plakat dofinansowanie asystent rodziny\" class=\"wp-image-7732\" srcset=\"https:\/\/ops.radlin.pl\/ops\/wp-content\/uploads\/2025\/01\/plakat-AR-2024.png 759w, https:\/\/ops.radlin.pl\/ops\/wp-content\/uploads\/2025\/01\/plakat-AR-2024-213x300.png 213w\" sizes=\"auto, (max-width: 759px) 100vw, 759px\" \/><\/figure>\n<\/div>","protected":false},"excerpt":{"rendered":"<p>Rz\u0105dowy Program wspierania rodziny \u201eAsystent Rodziny w 2024 r.\u201d Program finansowany jest ze \u015brodk\u00f3w Funduszu Pracy. Warto\u015b\u0107 dofinansowania ze \u015brodk\u00f3w Funduszu Pracy w 2024 r. dla Gminy Radlin na finansowanie zadania: 72 053,56 z\u0142 (siedemdziesi\u0105t dwa tysi\u0105ce pi\u0119\u0107dziesi\u0105t trzy z\u0142ote z\u0142ote pi\u0119\u0107dziesi\u0105t sze\u015b\u0107 groszy). Ca\u0142kowity koszt realizacji tego zadania wynosi w 2024 r.: 223 111,99&hellip; <a class=\"continue\" href=\"https:\/\/ops.radlin.pl\/ops\/rzadowy-program-wspierania-rodziny-asystent-rodziny-w-2024-r\/\"><strong>Czytaj wi\u0119cej:<\/strong><span> Rz\u0105dowy Program wspierania rodziny \u201eAsystent Rodziny w 2024 r.\u201d<\/span><\/a><\/p>\n","protected":false},"author":1,"featured_media":0,"parent":0,"menu_order":0,"comment_status":"closed","ping_status":"closed","template":"","meta":{"footnotes":""},"class_list":["post-7688","page","type-page","status-publish","czr-hentry"],"aioseo_notices":[],"_links":{"self":[{"href":"https:\/\/ops.radlin.pl\/ops\/wp-json\/wp\/v2\/pages\/7688","targetHints":{"allow":["GET"]}}],"collection":[{"href":"https:\/\/ops.radlin.pl\/ops\/wp-json\/wp\/v2\/pages"}],"about":[{"href":"https:\/\/ops.radlin.pl\/ops\/wp-json\/wp\/v2\/types\/page"}],"author":[{"embeddable":true,"href":"https:\/\/ops.radlin.pl\/ops\/wp-json\/wp\/v2\/users\/1"}],"replies":[{"embeddable":true,"href":"https:\/\/ops.radlin.pl\/ops\/wp-json\/wp\/v2\/comments?post=7688"}],"version-history":[{"count":3,"href":"https:\/\/ops.radlin.pl\/ops\/wp-json\/wp\/v2\/pages\/7688\/revisions"}],"predecessor-version":[{"id":7734,"href":"https:\/\/ops.radlin.pl\/ops\/wp-json\/wp\/v2\/pages\/7688\/revisions\/7734"}],"wp:attachment":[{"href":"https:\/\/ops.radlin.pl\/ops\/wp-json\/wp\/v2\/media?parent=7688"}],"curies":[{"name":"wp","href":"https:\/\/api.w.org\/{rel}","templated":true}]}}