{"id":7700,"date":"2025-01-13T15:12:16","date_gmt":"2025-01-13T14:12:16","guid":{"rendered":"https:\/\/ops.radlin.pl\/ops\/?page_id=7700"},"modified":"2025-01-13T15:12:16","modified_gmt":"2025-01-13T14:12:16","slug":"harmonogram-wyplat-gotowkowych-w-2025-r","status":"publish","type":"page","link":"https:\/\/ops.radlin.pl\/ops\/harmonogram-wyplat-gotowkowych-w-2025-r\/","title":{"rendered":"Harmonogram wyp\u0142at got\u00f3wkowych w 2025 r."},"content":{"rendered":"\n<h4 class=\"wp-block-heading has-text-align-center has-vivid-red-color has-text-color\">Harmonogram dotyczy jedynie wyp\u0142at w formie got\u00f3wki &#8211; nie dotyczy przelew\u00f3w!<\/h4>\n\n\n\n<div style=\"height:31px\" aria-hidden=\"true\" class=\"wp-block-spacer\"><\/div>\n\n\n\n<p class=\"has-text-align-center\"><strong>Miejsce wyp\u0142aty:<\/strong><\/p>\n\n\n\n<p class=\"has-text-align-center\">Miko\u0142owski Bank Sp\u00f3\u0142dzielczy &#8211; Filia Radlin<br>ul. Rymera 15 (Urz\u0105d Miasta Radlin, parter)<br>w godzinach pracy banku tj.:<\/p>\n\n\n\n<div style=\"height:20px\" aria-hidden=\"true\" class=\"wp-block-spacer\"><\/div>\n\n\n\n\n<table id=\"tablepress-86\" class=\"tablepress tablepress-id-86\">\n<thead>\n<tr class=\"row-1\">\n\t<th class=\"column-1\">Dzie\u0144 tygodnia<\/th><th class=\"column-2\">Godziny otwarcia<\/th>\n<\/tr>\n<\/thead>\n<tbody class=\"row-striping row-hover\">\n<tr class=\"row-2\">\n\t<td class=\"column-1\">Poniedzia\u0142ek<\/td><td class=\"column-2\">7:30 - 15:00<\/td>\n<\/tr>\n<tr class=\"row-3\">\n\t<td class=\"column-1\">Wtorek<\/td><td class=\"column-2\">7:30 - 16:30<\/td>\n<\/tr>\n<tr class=\"row-4\">\n\t<td class=\"column-1\">\u015aroda<\/td><td class=\"column-2\">7:30 - 15:00<\/td>\n<\/tr>\n<tr class=\"row-5\">\n\t<td class=\"column-1\">Czwartek<\/td><td class=\"column-2\">7:30 - 15:00<\/td>\n<\/tr>\n<tr class=\"row-6\">\n\t<td class=\"column-1\">Pi\u0105tek<\/td><td class=\"column-2\">7:30 - 13:30<\/td>\n<\/tr>\n<\/tbody>\n<\/table>\n<!-- #tablepress-86 from cache -->\n\n\n\n<div style=\"height:20px\" aria-hidden=\"true\" class=\"wp-block-spacer\"><\/div>\n\n\n\n<h3 class=\"wp-block-heading has-text-align-center\"><strong>Harmonogram na miesi\u0105c stycze\u0144 2025 r.<\/strong><\/h3>\n\n\n\n<div style=\"height:20px\" aria-hidden=\"true\" class=\"wp-block-spacer\"><\/div>\n\n\n\n\n<table id=\"tablepress-168\" class=\"tablepress tablepress-id-168\">\n<thead>\n<tr class=\"row-1\">\n\t<th class=\"column-1\">Data wyp\u0142aty<\/th><th class=\"column-2\">Rodzaj \u015bwiadczenia<\/th>\n<\/tr>\n<\/thead>\n<tbody class=\"row-striping row-hover\">\n<tr class=\"row-2\">\n\t<td class=\"column-1\">10.01.2025 (pi\u0105tek)<\/td><td class=\"column-2\">Zasi\u0142ki okresowe<\/td>\n<\/tr>\n<tr class=\"row-3\">\n\t<td class=\"column-1\">27.01.2025 (poniedzia\u0142ek)<\/td><td class=\"column-2\">Zasi\u0142ki celowe<br \/>\nZasi\u0142ki sta\u0142e<br \/>\n\u015awiadczenie pieni\u0119\u017cne<\/td>\n<\/tr>\n<tr class=\"row-4\">\n\t<td class=\"column-1\">24.01.2025 (pi\u0105tek)<\/td><td class=\"column-2\">\u015awiadczenia rodzinne<br \/>\n\u015awiadczenia rodzicielskie<br \/>\n\u015awiadczenie piel\u0119gnacyjne<br \/>\nZasi\u0142ek piel\u0119gnacyjny<br \/>\nJednorazowa zapomoga z tytu\u0142u urodzenia si\u0119 dziecka (becikowe)<br \/>\nFundusz alimentacyjny<\/td>\n<\/tr>\n<\/tbody>\n<\/table>\n<!-- #tablepress-168 from cache -->\n\n\n\n<div style=\"height:20px\" aria-hidden=\"true\" class=\"wp-block-spacer\"><\/div>\n\n\n\n<h3 class=\"wp-block-heading has-text-align-center\"><strong>Harmonogram na miesi\u0105c luty 2025 r.<\/strong><\/h3>\n\n\n\n<div style=\"height:20px\" aria-hidden=\"true\" class=\"wp-block-spacer\"><\/div>\n\n\n\n\n<table id=\"tablepress-169\" class=\"tablepress tablepress-id-169\">\n<thead>\n<tr class=\"row-1\">\n\t<th class=\"column-1\">Data wyp\u0142aty<\/th><th class=\"column-2\">Rodzaj \u015bwiadczenia<\/th>\n<\/tr>\n<\/thead>\n<tbody class=\"row-striping row-hover\">\n<tr class=\"row-2\">\n\t<td class=\"column-1\">10.02.2025 (poniedzia\u0142ek)<\/td><td class=\"column-2\">Zasi\u0142ki okresowe<\/td>\n<\/tr>\n<tr class=\"row-3\">\n\t<td class=\"column-1\">25.02.2025 (wtorek)<\/td><td class=\"column-2\">Zasi\u0142ki celowe<br \/>\nZasi\u0142ki sta\u0142e<br \/>\n\u015awiadczenie pieni\u0119\u017cne<\/td>\n<\/tr>\n<tr class=\"row-4\">\n\t<td class=\"column-1\">24.02.2025 (poniedzia\u0142ek)<\/td><td class=\"column-2\">\u015awiadczenia rodzinne<br \/>\n\u015awiadczenia rodzicielskie<br \/>\n\u015awiadczenie piel\u0119gnacyjne<br \/>\nZasi\u0142ek piel\u0119gnacyjny<br \/>\nJednorazowa zapomoga z tytu\u0142u urodzenia si\u0119 dziecka (becikowe)<br \/>\nFundusz alimentacyjny<\/td>\n<\/tr>\n<\/tbody>\n<\/table>\n<!-- #tablepress-169 from cache -->\n\n\n\n<div style=\"height:20px\" aria-hidden=\"true\" class=\"wp-block-spacer\"><\/div>\n\n\n\n<h3 class=\"wp-block-heading has-text-align-center\"><strong>Harmonogram na miesi\u0105c marzec 2025 r.<\/strong><\/h3>\n\n\n\n<div style=\"height:20px\" aria-hidden=\"true\" class=\"wp-block-spacer\"><\/div>\n\n\n\n\n<table id=\"tablepress-170\" class=\"tablepress tablepress-id-170\">\n<thead>\n<tr class=\"row-1\">\n\t<th class=\"column-1\">Data wyp\u0142aty<\/th><th class=\"column-2\">Rodzaj \u015bwiadczenia<\/th>\n<\/tr>\n<\/thead>\n<tbody class=\"row-striping row-hover\">\n<tr class=\"row-2\">\n\t<td class=\"column-1\">10.03.2025 (poniedzia\u0142ek)<\/td><td class=\"column-2\">Zasi\u0142ki okresowe<\/td>\n<\/tr>\n<tr class=\"row-3\">\n\t<td class=\"column-1\">25.03.2025 (wtorek)<\/td><td class=\"column-2\">Zasi\u0142ki celowe<br \/>\nZasi\u0142ki sta\u0142e<br \/>\n\u015awiadczenie pieni\u0119\u017cne<\/td>\n<\/tr>\n<tr class=\"row-4\">\n\t<td class=\"column-1\">25.03.2025 (wtorek)<\/td><td class=\"column-2\">\u015awiadczenia rodzinne<br \/>\n\u015awiadczenia rodzicielskie<br \/>\n\u015awiadczenie piel\u0119gnacyjne<br \/>\nZasi\u0142ek piel\u0119gnacyjny<br \/>\nJednorazowa zapomoga z tytu\u0142u urodzenia si\u0119 dziecka (becikowe)<br \/>\nFundusz alimentacyjny<\/td>\n<\/tr>\n<\/tbody>\n<\/table>\n<!-- #tablepress-170 from cache -->\n\n\n\n<div style=\"height:20px\" aria-hidden=\"true\" class=\"wp-block-spacer\"><\/div>\n\n\n\n<h3 class=\"wp-block-heading has-text-align-center\"><strong>Harmonogram na miesi\u0105c kwiecie\u0144 2025 r.<\/strong><\/h3>\n\n\n\n<div style=\"height:20px\" aria-hidden=\"true\" class=\"wp-block-spacer\"><\/div>\n\n\n\n\n<table id=\"tablepress-171\" class=\"tablepress tablepress-id-171\">\n<thead>\n<tr class=\"row-1\">\n\t<th class=\"column-1\">Data wyp\u0142aty<\/th><th class=\"column-2\">Rodzaj \u015bwiadczenia<\/th>\n<\/tr>\n<\/thead>\n<tbody class=\"row-striping row-hover\">\n<tr class=\"row-2\">\n\t<td class=\"column-1\">10.04.2025 (czwartek)<\/td><td class=\"column-2\">Zasi\u0142ki okresowe<\/td>\n<\/tr>\n<tr class=\"row-3\">\n\t<td class=\"column-1\">25.04.2025 (pi\u0105tek)<\/td><td class=\"column-2\">Zasi\u0142ki celowe<br \/>\nZasi\u0142ki sta\u0142e<br \/>\n\u015awiadczenie pieni\u0119\u017cne<\/td>\n<\/tr>\n<tr class=\"row-4\">\n\t<td class=\"column-1\">24.04.2025 (czwartek)<\/td><td class=\"column-2\">\u015awiadczenia rodzinne<br \/>\n\u015awiadczenia rodzicielskie<br \/>\n\u015awiadczenie piel\u0119gnacyjne<br \/>\nZasi\u0142ek piel\u0119gnacyjny<br \/>\nJednorazowa zapomoga z tytu\u0142u urodzenia si\u0119 dziecka (becikowe)<br \/>\nFundusz alimentacyjny<\/td>\n<\/tr>\n<\/tbody>\n<\/table>\n<!-- #tablepress-171 from cache -->\n\n\n\n<div style=\"height:20px\" aria-hidden=\"true\" class=\"wp-block-spacer\"><\/div>\n\n\n\n<h3 class=\"wp-block-heading has-text-align-center\"><strong>Harmonogram na miesi\u0105c maj 2025 r.<\/strong><\/h3>\n\n\n\n<div style=\"height:20px\" aria-hidden=\"true\" class=\"wp-block-spacer\"><\/div>\n\n\n\n\n<table id=\"tablepress-172\" class=\"tablepress tablepress-id-172\">\n<thead>\n<tr class=\"row-1\">\n\t<th class=\"column-1\">Data wyp\u0142aty<\/th><th class=\"column-2\">Rodzaj \u015bwiadczenia<\/th>\n<\/tr>\n<\/thead>\n<tbody class=\"row-striping row-hover\">\n<tr class=\"row-2\">\n\t<td class=\"column-1\">09.05.2025 (pi\u0105tek)<\/td><td class=\"column-2\">Zasi\u0142ki okresowe<\/td>\n<\/tr>\n<tr class=\"row-3\">\n\t<td class=\"column-1\">26.05.2025 (poniedzia\u0142ek)<\/td><td class=\"column-2\">Zasi\u0142ki celowe<br \/>\nZasi\u0142ki sta\u0142e<br \/>\n\u015awiadczenie pieni\u0119\u017cne<\/td>\n<\/tr>\n<tr class=\"row-4\">\n\t<td class=\"column-1\">26.05.2025 (poniedzia\u0142ek)<\/td><td class=\"column-2\">\u015awiadczenia rodzinne<br \/>\n\u015awiadczenia rodzicielskie<br \/>\n\u015awiadczenie piel\u0119gnacyjne<br \/>\nZasi\u0142ek piel\u0119gnacyjny<br \/>\nJednorazowa zapomoga z tytu\u0142u urodzenia si\u0119 dziecka (becikowe)<br \/>\nFundusz alimentacyjny<\/td>\n<\/tr>\n<\/tbody>\n<\/table>\n<!-- #tablepress-172 from cache -->\n\n\n\n<div style=\"height:20px\" aria-hidden=\"true\" class=\"wp-block-spacer\"><\/div>\n\n\n\n<h3 class=\"wp-block-heading has-text-align-center\"><strong>Harmonogram na miesi\u0105c czerwiec 2025 r.<\/strong><\/h3>\n\n\n\n<div style=\"height:20px\" aria-hidden=\"true\" class=\"wp-block-spacer\"><\/div>\n\n\n\n\n<table id=\"tablepress-173\" class=\"tablepress tablepress-id-173\">\n<thead>\n<tr class=\"row-1\">\n\t<th class=\"column-1\">Data wyp\u0142aty<\/th><th class=\"column-2\">Rodzaj \u015bwiadczenia<\/th>\n<\/tr>\n<\/thead>\n<tbody class=\"row-striping row-hover\">\n<tr class=\"row-2\">\n\t<td class=\"column-1\">10.06.2025 (wtorek)<\/td><td class=\"column-2\">Zasi\u0142ki okresowe<\/td>\n<\/tr>\n<tr class=\"row-3\">\n\t<td class=\"column-1\">25.06.2025 (\u015broda)<\/td><td class=\"column-2\">Zasi\u0142ki celowe<br \/>\nZasi\u0142ki sta\u0142e<br \/>\n\u015awiadczenie pieni\u0119\u017cne<\/td>\n<\/tr>\n<tr class=\"row-4\">\n\t<td class=\"column-1\">24.06.2025 (wtorek)<\/td><td class=\"column-2\">\u015awiadczenia rodzinne<br \/>\n\u015awiadczenia rodzicielskie<br \/>\n\u015awiadczenie piel\u0119gnacyjne<br \/>\nZasi\u0142ek piel\u0119gnacyjny<br \/>\nJednorazowa zapomoga z tytu\u0142u urodzenia si\u0119 dziecka (becikowe)<br \/>\nFundusz alimentacyjny<\/td>\n<\/tr>\n<\/tbody>\n<\/table>\n<!-- #tablepress-173 from cache -->\n\n\n\n<div style=\"height:20px\" aria-hidden=\"true\" class=\"wp-block-spacer\"><\/div>\n\n\n\n<h3 class=\"wp-block-heading has-text-align-center\"><strong>Harmonogram na miesi\u0105c lipiec 2025 r.<\/strong><\/h3>\n\n\n\n<div style=\"height:20px\" aria-hidden=\"true\" class=\"wp-block-spacer\"><\/div>\n\n\n\n\n<table id=\"tablepress-174\" class=\"tablepress tablepress-id-174\">\n<thead>\n<tr class=\"row-1\">\n\t<th class=\"column-1\">Data wyp\u0142aty<\/th><th class=\"column-2\">Rodzaj \u015bwiadczenia<\/th>\n<\/tr>\n<\/thead>\n<tbody class=\"row-striping row-hover\">\n<tr class=\"row-2\">\n\t<td class=\"column-1\">10.07.2025 (czwartek)<\/td><td class=\"column-2\">Zasi\u0142ki okresowe<\/td>\n<\/tr>\n<tr class=\"row-3\">\n\t<td class=\"column-1\">25.07.2025 (pi\u0105tek)<\/td><td class=\"column-2\">Zasi\u0142ki celowe<br \/>\nZasi\u0142ki sta\u0142e<br \/>\n\u015awiadczenie pieni\u0119\u017cne<\/td>\n<\/tr>\n<tr class=\"row-4\">\n\t<td class=\"column-1\">24.07.2025 (czwartek)<\/td><td class=\"column-2\">\u015awiadczenia rodzinne<br \/>\n\u015awiadczenia rodzicielskie<br \/>\n\u015awiadczenie piel\u0119gnacyjne<br \/>\nZasi\u0142ek piel\u0119gnacyjny<br \/>\nJednorazowa zapomoga z tytu\u0142u urodzenia si\u0119 dziecka (becikowe)<br \/>\nFundusz alimentacyjny<\/td>\n<\/tr>\n<\/tbody>\n<\/table>\n<!-- #tablepress-174 from cache -->\n\n\n\n<div style=\"height:20px\" aria-hidden=\"true\" class=\"wp-block-spacer\"><\/div>\n\n\n\n<h3 class=\"wp-block-heading has-text-align-center\"><strong>Harmonogram na miesi\u0105c sierpie\u0144 2025 r.<\/strong><\/h3>\n\n\n\n<div style=\"height:20px\" aria-hidden=\"true\" class=\"wp-block-spacer\"><\/div>\n\n\n\n\n<table id=\"tablepress-175\" class=\"tablepress tablepress-id-175\">\n<thead>\n<tr class=\"row-1\">\n\t<th class=\"column-1\">Data wyp\u0142aty<\/th><th class=\"column-2\">Rodzaj \u015bwiadczenia<\/th>\n<\/tr>\n<\/thead>\n<tbody class=\"row-striping row-hover\">\n<tr class=\"row-2\">\n\t<td class=\"column-1\">11.08.2025 (poniedzia\u0142ek)<\/td><td class=\"column-2\">Zasi\u0142ki okresowe<\/td>\n<\/tr>\n<tr class=\"row-3\">\n\t<td class=\"column-1\">25.08.2025 (poniedzia\u0142ek)<\/td><td class=\"column-2\">Zasi\u0142ki celowe<br \/>\nZasi\u0142ki sta\u0142e<br \/>\n\u015awiadczenie pieni\u0119\u017cne<\/td>\n<\/tr>\n<tr class=\"row-4\">\n\t<td class=\"column-1\">25.08.2025 (poniedzia\u0142ek)<\/td><td class=\"column-2\">\u015awiadczenia rodzinne<br \/>\n\u015awiadczenia rodzicielskie<br \/>\n\u015awiadczenie piel\u0119gnacyjne<br \/>\nZasi\u0142ek piel\u0119gnacyjny<br \/>\nJednorazowa zapomoga z tytu\u0142u urodzenia si\u0119 dziecka (becikowe)<br \/>\nFundusz alimentacyjny<\/td>\n<\/tr>\n<\/tbody>\n<\/table>\n<!-- #tablepress-175 from cache -->\n\n\n\n<div style=\"height:20px\" aria-hidden=\"true\" class=\"wp-block-spacer\"><\/div>\n\n\n\n<h3 class=\"wp-block-heading has-text-align-center\"><strong>Harmonogram na miesi\u0105c wrzesie\u0144 2025 r.<\/strong><\/h3>\n\n\n\n<div style=\"height:20px\" aria-hidden=\"true\" class=\"wp-block-spacer\"><\/div>\n\n\n\n\n<table id=\"tablepress-176\" class=\"tablepress tablepress-id-176\">\n<thead>\n<tr class=\"row-1\">\n\t<th class=\"column-1\">Data wyp\u0142aty<\/th><th class=\"column-2\">Rodzaj \u015bwiadczenia<\/th>\n<\/tr>\n<\/thead>\n<tbody class=\"row-striping row-hover\">\n<tr class=\"row-2\">\n\t<td class=\"column-1\">10.09.2025 (\u015broda)<\/td><td class=\"column-2\">Zasi\u0142ki okresowe<\/td>\n<\/tr>\n<tr class=\"row-3\">\n\t<td class=\"column-1\">25.09.2025 (czwartek)<\/td><td class=\"column-2\">Zasi\u0142ki celowe<br \/>\nZasi\u0142ki sta\u0142e<br \/>\n\u015awiadczenie pieni\u0119\u017cne<\/td>\n<\/tr>\n<tr class=\"row-4\">\n\t<td class=\"column-1\">25.09.2025 (czwartek)<\/td><td class=\"column-2\">\u015awiadczenia rodzinne<br \/>\n\u015awiadczenia rodzicielskie<br \/>\n\u015awiadczenie piel\u0119gnacyjne<br \/>\nZasi\u0142ek piel\u0119gnacyjny<br \/>\nJednorazowa zapomoga z tytu\u0142u urodzenia si\u0119 dziecka (becikowe)<br \/>\nFundusz alimentacyjny<\/td>\n<\/tr>\n<\/tbody>\n<\/table>\n<!-- #tablepress-176 from cache -->\n\n\n\n<div style=\"height:20px\" aria-hidden=\"true\" class=\"wp-block-spacer\"><\/div>\n\n\n\n<h3 class=\"wp-block-heading has-text-align-center\"><strong>Harmonogram na miesi\u0105c pa\u017adziernik 2025 r.<\/strong><\/h3>\n\n\n\n<div style=\"height:20px\" aria-hidden=\"true\" class=\"wp-block-spacer\"><\/div>\n\n\n\n\n<table id=\"tablepress-177\" class=\"tablepress tablepress-id-177\">\n<thead>\n<tr class=\"row-1\">\n\t<th class=\"column-1\">Data wyp\u0142aty<\/th><th class=\"column-2\">Rodzaj \u015bwiadczenia<\/th>\n<\/tr>\n<\/thead>\n<tbody class=\"row-striping row-hover\">\n<tr class=\"row-2\">\n\t<td class=\"column-1\">10.10.2025 (pi\u0105tek)<\/td><td class=\"column-2\">Zasi\u0142ki okresowe<\/td>\n<\/tr>\n<tr class=\"row-3\">\n\t<td class=\"column-1\">24.10.2025 (pi\u0105tek)<\/td><td class=\"column-2\">Zasi\u0142ki celowe<br \/>\nZasi\u0142ki sta\u0142e<br \/>\n\u015awiadczenie pieni\u0119\u017cne<\/td>\n<\/tr>\n<tr class=\"row-4\">\n\t<td class=\"column-1\">24.10.2025 (pi\u0105tek)<\/td><td class=\"column-2\">\u015awiadczenia rodzinne<br \/>\n\u015awiadczenia rodzicielskie<br \/>\n\u015awiadczenie piel\u0119gnacyjne<br \/>\nZasi\u0142ek piel\u0119gnacyjny<br \/>\nJednorazowa zapomoga z tytu\u0142u urodzenia si\u0119 dziecka (becikowe)<br \/>\nFundusz alimentacyjny<\/td>\n<\/tr>\n<\/tbody>\n<\/table>\n<!-- #tablepress-177 from cache -->\n\n\n\n<div style=\"height:20px\" aria-hidden=\"true\" class=\"wp-block-spacer\"><\/div>\n\n\n\n<h3 class=\"wp-block-heading has-text-align-center\"><strong>Harmonogram na miesi\u0105c listopad 2025 r.<\/strong><\/h3>\n\n\n\n<div style=\"height:20px\" aria-hidden=\"true\" class=\"wp-block-spacer\"><\/div>\n\n\n\n\n<table id=\"tablepress-178\" class=\"tablepress tablepress-id-178\">\n<thead>\n<tr class=\"row-1\">\n\t<th class=\"column-1\">Data wyp\u0142aty<\/th><th class=\"column-2\">Rodzaj \u015bwiadczenia<\/th>\n<\/tr>\n<\/thead>\n<tbody class=\"row-striping row-hover\">\n<tr class=\"row-2\">\n\t<td class=\"column-1\">10.11.2025 (poniedzia\u0142ek)<\/td><td class=\"column-2\">Zasi\u0142ki okresowe<\/td>\n<\/tr>\n<tr class=\"row-3\">\n\t<td class=\"column-1\">25.11.2025 (wtorek)<\/td><td class=\"column-2\">Zasi\u0142ki celowe<br \/>\nZasi\u0142ki sta\u0142e<br \/>\n\u015awiadczenie pieni\u0119\u017cne<\/td>\n<\/tr>\n<tr class=\"row-4\">\n\t<td class=\"column-1\">24.11.2025 (poniedzia\u0142ek)<\/td><td class=\"column-2\">\u015awiadczenia rodzinne<br \/>\n\u015awiadczenia rodzicielskie<br \/>\n\u015awiadczenie piel\u0119gnacyjne<br \/>\nZasi\u0142ek piel\u0119gnacyjny<br \/>\nJednorazowa zapomoga z tytu\u0142u urodzenia si\u0119 dziecka (becikowe)<br \/>\nFundusz alimentacyjny<\/td>\n<\/tr>\n<\/tbody>\n<\/table>\n<!-- #tablepress-178 from cache -->\n\n\n\n<div style=\"height:20px\" aria-hidden=\"true\" class=\"wp-block-spacer\"><\/div>\n\n\n\n<h3 class=\"wp-block-heading has-text-align-center\"><strong>Harmonogram na miesi\u0105c grudzie\u0144 2025 r.<\/strong><\/h3>\n\n\n\n<div style=\"height:20px\" aria-hidden=\"true\" class=\"wp-block-spacer\"><\/div>\n\n\n\n\n<table id=\"tablepress-179\" class=\"tablepress tablepress-id-179\">\n<thead>\n<tr class=\"row-1\">\n\t<th class=\"column-1\">Data wyp\u0142aty<\/th><th class=\"column-2\">Rodzaj \u015bwiadczenia<\/th>\n<\/tr>\n<\/thead>\n<tbody class=\"row-striping row-hover\">\n<tr class=\"row-2\">\n\t<td class=\"column-1\">10.12.2025 (\u015broda)<\/td><td class=\"column-2\">Zasi\u0142ki okresowe<\/td>\n<\/tr>\n<tr class=\"row-3\">\n\t<td class=\"column-1\">19.12.2025 (pi\u0105tek)<\/td><td class=\"column-2\">Zasi\u0142ki celowe<br \/>\nZasi\u0142ki sta\u0142e<br \/>\n\u015awiadczenie pieni\u0119\u017cne<\/td>\n<\/tr>\n<tr class=\"row-4\">\n\t<td class=\"column-1\">18.12.2025 (czwartek)<\/td><td class=\"column-2\">\u015awiadczenia rodzinne<br \/>\n\u015awiadczenia rodzicielskie<br \/>\n\u015awiadczenie piel\u0119gnacyjne<br \/>\nZasi\u0142ek piel\u0119gnacyjny<br \/>\nJednorazowa zapomoga z tytu\u0142u urodzenia si\u0119 dziecka (becikowe)<br \/>\nFundusz alimentacyjny<\/td>\n<\/tr>\n<\/tbody>\n<\/table>\n<!-- #tablepress-179 from cache -->\n\n\n\n<div style=\"height:20px\" aria-hidden=\"true\" class=\"wp-block-spacer\"><\/div>\n\n\n\n<p><\/p>\n","protected":false},"excerpt":{"rendered":"<p>Harmonogram dotyczy jedynie wyp\u0142at w formie got\u00f3wki &#8211; nie dotyczy przelew\u00f3w! Miejsce wyp\u0142aty: Miko\u0142owski Bank Sp\u00f3\u0142dzielczy &#8211; Filia Radlinul. Rymera 15 (Urz\u0105d Miasta Radlin, parter)w godzinach pracy banku tj.: Harmonogram na miesi\u0105c stycze\u0144 2025 r. Harmonogram na miesi\u0105c luty 2025 r. Harmonogram na miesi\u0105c marzec 2025 r. Harmonogram na miesi\u0105c kwiecie\u0144 2025 r. Harmonogram na&hellip; <a class=\"continue\" href=\"https:\/\/ops.radlin.pl\/ops\/harmonogram-wyplat-gotowkowych-w-2025-r\/\"><strong>Czytaj wi\u0119cej:<\/strong><span> Harmonogram wyp\u0142at got\u00f3wkowych w 2025 r.<\/span><\/a><\/p>\n","protected":false},"author":1,"featured_media":0,"parent":0,"menu_order":0,"comment_status":"closed","ping_status":"closed","template":"","meta":{"footnotes":""},"class_list":["post-7700","page","type-page","status-publish","czr-hentry"],"aioseo_notices":[],"_links":{"self":[{"href":"https:\/\/ops.radlin.pl\/ops\/wp-json\/wp\/v2\/pages\/7700","targetHints":{"allow":["GET"]}}],"collection":[{"href":"https:\/\/ops.radlin.pl\/ops\/wp-json\/wp\/v2\/pages"}],"about":[{"href":"https:\/\/ops.radlin.pl\/ops\/wp-json\/wp\/v2\/types\/page"}],"author":[{"embeddable":true,"href":"https:\/\/ops.radlin.pl\/ops\/wp-json\/wp\/v2\/users\/1"}],"replies":[{"embeddable":true,"href":"https:\/\/ops.radlin.pl\/ops\/wp-json\/wp\/v2\/comments?post=7700"}],"version-history":[{"count":1,"href":"https:\/\/ops.radlin.pl\/ops\/wp-json\/wp\/v2\/pages\/7700\/revisions"}],"predecessor-version":[{"id":7725,"href":"https:\/\/ops.radlin.pl\/ops\/wp-json\/wp\/v2\/pages\/7700\/revisions\/7725"}],"wp:attachment":[{"href":"https:\/\/ops.radlin.pl\/ops\/wp-json\/wp\/v2\/media?parent=7700"}],"curies":[{"name":"wp","href":"https:\/\/api.w.org\/{rel}","templated":true}]}}