{"id":7853,"date":"2025-04-03T11:07:53","date_gmt":"2025-04-03T09:07:53","guid":{"rendered":"https:\/\/ops.radlin.pl\/ops\/?page_id=7853"},"modified":"2025-04-07T08:42:10","modified_gmt":"2025-04-07T06:42:10","slug":"rzadowy-program-dofinansowanie-wynagrodzen-pracownikow-jednostek-organizacyjnych-pomocy-spolecznej-w-postaci-dodatku-motywacyjnego-na-lata-2024-2027","status":"publish","type":"page","link":"https:\/\/ops.radlin.pl\/ops\/rzadowy-program-dofinansowanie-wynagrodzen-pracownikow-jednostek-organizacyjnych-pomocy-spolecznej-w-postaci-dodatku-motywacyjnego-na-lata-2024-2027\/","title":{"rendered":"Rz\u0105dowy Program \u201eDofinansowanie wynagrodze\u0144 pracownik\u00f3w jednostek organizacyjnych pomocy spo\u0142ecznej w postaci dodatku motywacyjnego na lata 2024-2027\u201d (2025 r.)"},"content":{"rendered":"<div class=\"wp-block-image\">\n<figure class=\"aligncenter size-full\"><img loading=\"lazy\" decoding=\"async\" width=\"850\" height=\"150\" src=\"https:\/\/ops.radlin.pl\/ops\/wp-content\/uploads\/2021\/06\/FS2.png\" alt=\"Logo\" class=\"wp-image-5026\" srcset=\"https:\/\/ops.radlin.pl\/ops\/wp-content\/uploads\/2021\/06\/FS2.png 850w, https:\/\/ops.radlin.pl\/ops\/wp-content\/uploads\/2021\/06\/FS2-300x53.png 300w, https:\/\/ops.radlin.pl\/ops\/wp-content\/uploads\/2021\/06\/FS2-768x136.png 768w\" sizes=\"auto, (max-width: 850px) 100vw, 850px\" \/><\/figure>\n<\/div>\n\n\n<div style=\"height:35px\" aria-hidden=\"true\" class=\"wp-block-spacer\"><\/div>\n\n\n\n<p class=\"has-text-align-center\"><strong>Rz\u0105dowy Program \u201eDofinansowanie wynagrodze\u0144 pracownik\u00f3w jednostek organizacyjnych pomocy spo\u0142ecznej w postaci dodatku motywacyjnego na lata 2024-2027\u201d<\/strong><br>(2025 r.)<\/p>\n\n\n\n<div style=\"height:30px\" aria-hidden=\"true\" class=\"wp-block-spacer\"><\/div>\n\n\n\n<p class=\"has-text-align-center\"><strong>Program finansowany jest z&nbsp;dotacji celowej z&nbsp;bud\u017cetu pa\u0144stwa<\/strong>.<\/p>\n\n\n\n<div style=\"height:15px\" aria-hidden=\"true\" class=\"wp-block-spacer\"><\/div>\n\n\n\n<p class=\"has-text-align-left\"><strong>Warto\u015b\u0107 dofinansowania ze \u015brodk\u00f3w bud\u017cetu pa\u0144stwa w 2025 r.:<\/strong><\/p>\n\n\n\n<p class=\"has-text-align-left\">341 743,50 z\u0142 (trzysta czterdzie\u015bci jeden tysi\u0119cy siedemset czterdzie\u015bci trzy z\u0142ote 50\/100).<\/p>\n\n\n\n<p class=\"has-text-align-left\"><strong>Ca\u0142kowity koszt realizacji tego zadania wynosi w 2025 r.:<\/strong><\/p>\n\n\n\n<p class=\"has-text-align-left\">341 743,50 z\u0142 (trzysta czterdzie\u015bci jeden tysi\u0119cy siedemset czterdzie\u015bci trzy z\u0142ote 50\/100).<\/p>\n\n\n\n<div style=\"height:40px\" aria-hidden=\"true\" class=\"wp-block-spacer\"><\/div>\n\n\n\n<p class=\"has-text-align-left\">Program zosta\u0142 wprowadzony uchwa\u0142\u0105 Nr 62 Rady Ministr\u00f3w z dnia 19 czerwca 2024 r. w sprawie ustanowienia rz\u0105dowego programu \u201eDofinansowanie wynagrodze\u0144 pracownik\u00f3w jednostek organizacyjnych pomocy spo\u0142ecznej w postaci dodatku motywacyjnego na lata 2024\u20132027\u201d.<\/p>\n\n\n\n<p class=\"has-text-align-left\">Celem Programu jest dofinansowanie wynagrodze\u0144 dla pracownik\u00f3w zatrudnionych w jednostkach organizacyjnych pomocy spo\u0142ecznej realizuj\u0105cych zadania z zakresu pomocy spo\u0142ecznej, w postaci dodatku motywacyjnego.<\/p>\n\n\n\n<p class=\"has-text-align-left\">W ramach realizacji przewiduje si\u0119 wyp\u0142at\u0119 dodatk\u00f3w motywacyjnych w wysoko\u015bci 1000,00 z\u0142 brutto miesi\u0119cznie dla pracownik\u00f3w okre\u015blonych w ww. uchwale oraz pokrycie koszt\u00f3w sk\u0142adek od tego dodatku pracownikom zatrudnionym na umow\u0119 o prac\u0119.<\/p>\n\n\n\n<div style=\"height:40px\" aria-hidden=\"true\" class=\"wp-block-spacer\"><\/div>\n\n\n<div class=\"wp-block-image\">\n<figure class=\"aligncenter size-full\"><img loading=\"lazy\" decoding=\"async\" width=\"758\" height=\"1074\" src=\"https:\/\/ops.radlin.pl\/ops\/wp-content\/uploads\/2025\/04\/plakat-dodatek-motywacyjny-PS-2025.png\" alt=\"Plakat dofinansowanie dodatek motywacyjny\" class=\"wp-image-7855\" srcset=\"https:\/\/ops.radlin.pl\/ops\/wp-content\/uploads\/2025\/04\/plakat-dodatek-motywacyjny-PS-2025.png 758w, https:\/\/ops.radlin.pl\/ops\/wp-content\/uploads\/2025\/04\/plakat-dodatek-motywacyjny-PS-2025-212x300.png 212w\" sizes=\"auto, (max-width: 758px) 100vw, 758px\" \/><\/figure>\n<\/div>\n\n\n<div style=\"height:30px\" aria-hidden=\"true\" class=\"wp-block-spacer\"><\/div>\n","protected":false},"excerpt":{"rendered":"<p>Rz\u0105dowy Program \u201eDofinansowanie wynagrodze\u0144 pracownik\u00f3w jednostek organizacyjnych pomocy spo\u0142ecznej w postaci dodatku motywacyjnego na lata 2024-2027\u201d(2025 r.) Program finansowany jest z&nbsp;dotacji celowej z&nbsp;bud\u017cetu pa\u0144stwa. Warto\u015b\u0107 dofinansowania ze \u015brodk\u00f3w bud\u017cetu pa\u0144stwa w 2025 r.: 341 743,50 z\u0142 (trzysta czterdzie\u015bci jeden tysi\u0119cy siedemset czterdzie\u015bci trzy z\u0142ote 50\/100). Ca\u0142kowity koszt realizacji tego zadania wynosi w 2025 r.: 341&hellip; <a class=\"continue\" href=\"https:\/\/ops.radlin.pl\/ops\/rzadowy-program-dofinansowanie-wynagrodzen-pracownikow-jednostek-organizacyjnych-pomocy-spolecznej-w-postaci-dodatku-motywacyjnego-na-lata-2024-2027\/\"><strong>Czytaj wi\u0119cej:<\/strong><span> Rz\u0105dowy Program \u201eDofinansowanie wynagrodze\u0144 pracownik\u00f3w jednostek organizacyjnych pomocy spo\u0142ecznej w postaci dodatku motywacyjnego na lata 2024-2027\u201d (2025 r.)<\/span><\/a><\/p>\n","protected":false},"author":1,"featured_media":0,"parent":0,"menu_order":0,"comment_status":"closed","ping_status":"closed","template":"","meta":{"footnotes":""},"class_list":["post-7853","page","type-page","status-publish","czr-hentry"],"aioseo_notices":[],"_links":{"self":[{"href":"https:\/\/ops.radlin.pl\/ops\/wp-json\/wp\/v2\/pages\/7853","targetHints":{"allow":["GET"]}}],"collection":[{"href":"https:\/\/ops.radlin.pl\/ops\/wp-json\/wp\/v2\/pages"}],"about":[{"href":"https:\/\/ops.radlin.pl\/ops\/wp-json\/wp\/v2\/types\/page"}],"author":[{"embeddable":true,"href":"https:\/\/ops.radlin.pl\/ops\/wp-json\/wp\/v2\/users\/1"}],"replies":[{"embeddable":true,"href":"https:\/\/ops.radlin.pl\/ops\/wp-json\/wp\/v2\/comments?post=7853"}],"version-history":[{"count":4,"href":"https:\/\/ops.radlin.pl\/ops\/wp-json\/wp\/v2\/pages\/7853\/revisions"}],"predecessor-version":[{"id":7866,"href":"https:\/\/ops.radlin.pl\/ops\/wp-json\/wp\/v2\/pages\/7853\/revisions\/7866"}],"wp:attachment":[{"href":"https:\/\/ops.radlin.pl\/ops\/wp-json\/wp\/v2\/media?parent=7853"}],"curies":[{"name":"wp","href":"https:\/\/api.w.org\/{rel}","templated":true}]}}