{"id":7874,"date":"2024-09-23T08:50:21","date_gmt":"2024-09-23T06:50:21","guid":{"rendered":"https:\/\/ops.radlin.pl\/ops\/?page_id=7874"},"modified":"2025-04-07T08:55:58","modified_gmt":"2025-04-07T06:55:58","slug":"rzadowy-program-dofinansowanie-wynagrodzen-pracownikow-jednostek-wspierania-rodziny-i-systemu-pieczy-zastepczej-na-lata-2024-2027-2024-r","status":"publish","type":"page","link":"https:\/\/ops.radlin.pl\/ops\/rzadowy-program-dofinansowanie-wynagrodzen-pracownikow-jednostek-wspierania-rodziny-i-systemu-pieczy-zastepczej-na-lata-2024-2027-2024-r\/","title":{"rendered":"Rz\u0105dowy Program \u201eDofinansowanie wynagrodze\u0144 pracownik\u00f3w jednostek wspierania rodziny i systemu pieczy zast\u0119pczej na lata 2024\u20132027\u201d (2024 r.)"},"content":{"rendered":"<div class=\"wp-block-image\">\n<figure class=\"aligncenter size-full\"><img loading=\"lazy\" decoding=\"async\" width=\"850\" height=\"150\" src=\"https:\/\/ops.radlin.pl\/ops\/wp-content\/uploads\/2021\/06\/FS2.png\" alt=\"Logo\" class=\"wp-image-5026\" srcset=\"https:\/\/ops.radlin.pl\/ops\/wp-content\/uploads\/2021\/06\/FS2.png 850w, https:\/\/ops.radlin.pl\/ops\/wp-content\/uploads\/2021\/06\/FS2-300x53.png 300w, https:\/\/ops.radlin.pl\/ops\/wp-content\/uploads\/2021\/06\/FS2-768x136.png 768w\" sizes=\"auto, (max-width: 850px) 100vw, 850px\" \/><\/figure>\n<\/div>\n\n\n<div style=\"height:35px\" aria-hidden=\"true\" class=\"wp-block-spacer\"><\/div>\n\n\n\n<p class=\"has-text-align-center\"><strong>Rz\u0105dowy Program \u201eDofinansowanie wynagrodze\u0144 pracownik\u00f3w jednostek wspierania rodziny i systemu pieczy zast\u0119pczej na lata 2024\u20132027\u201d<\/strong><br>(2024 r.)<\/p>\n\n\n\n<div style=\"height:30px\" aria-hidden=\"true\" class=\"wp-block-spacer\"><\/div>\n\n\n\n<p class=\"has-text-align-center\"><strong>Program finansowany jest z&nbsp;dotacji celowej z&nbsp;bud\u017cetu pa\u0144stwa<\/strong>.<\/p>\n\n\n\n<div style=\"height:15px\" aria-hidden=\"true\" class=\"wp-block-spacer\"><\/div>\n\n\n\n<p class=\"has-text-align-left\"><strong>Warto\u015b\u0107 dofinansowania ze \u015brodk\u00f3w bud\u017cetu pa\u0144stwa w 2024 r.:<\/strong><\/p>\n\n\n\n<p class=\"has-text-align-left\">54 761,40 z\u0142 (pi\u0119\u0107dziesi\u0105t cztery tysi\u0105ce siedemset sze\u015b\u0107dziesi\u0105t jeden z\u0142otych 40\/100)<\/p>\n\n\n\n<p class=\"has-text-align-left\">w tym OPS Radlin:<\/p>\n\n\n\n<p class=\"has-text-align-left\">21 526,80 z\u0142 (dwadzie\u015bcia jeden tysi\u0119cy pi\u0119\u0107set dwadzie\u015bcia sze\u015b\u0107 z\u0142otych 80\/100)<\/p>\n\n\n\n<p class=\"has-text-align-left\"><strong>Ca\u0142kowity koszt realizacji tego zadania wynosi w 2024 r.:<\/strong><\/p>\n\n\n\n<p class=\"has-text-align-left\">54 761,40 z\u0142 (pi\u0119\u0107dziesi\u0105t cztery tysi\u0105ce siedemset sze\u015b\u0107dziesi\u0105t jeden z\u0142otych 40\/100)<\/p>\n\n\n\n<p class=\"has-text-align-left\">w tym OPS Radlin:<\/p>\n\n\n\n<p class=\"has-text-align-left\">21 526,80 z\u0142 (dwadzie\u015bcia jeden tysi\u0119cy pi\u0119\u0107set dwadzie\u015bcia sze\u015b\u0107 z\u0142otych 80\/100)<\/p>\n\n\n\n<div style=\"height:40px\" aria-hidden=\"true\" class=\"wp-block-spacer\"><\/div>\n\n\n\n<p class=\"has-text-align-left\">Program rz\u0105dowy zosta\u0142 wprowadzony uchwa\u0142\u0105 Nr 63 Rady Ministr\u00f3w z dnia 19 czerwca 2024 r. w sprawie ustanowienia rz\u0105dowego programu \u201eDofinansowanie wynagrodze\u0144 pracownik\u00f3w jednostek wspierania rodziny i systemu pieczy zast\u0119pczej na lata 2024\u20132027\u201d.<\/p>\n\n\n\n<p class=\"has-text-align-left\">Celem Programu jest dofinansowanie wynagrodze\u0144 dla pracownik\u00f3w wspierania rodziny i systemu pieczy zast\u0119pczej zatrudnionych na podstawie stosunku pracy przez jednostki organizacyjne wspierania rodziny i systemu pieczy zast\u0119pczej prowadzone przez jednostki samorz\u0105du terytorialnego lub przez podmioty wykonuj\u0105ce zadania publiczne na ich zlecenie.<\/p>\n\n\n\n<p class=\"has-text-align-left\">W ramach realizacji przewiduje si\u0119 wyp\u0142at\u0119 dodatk\u00f3w motywacyjnych w wysoko\u015bci 1000,00 z\u0142 brutto miesi\u0119cznie dla pracownik\u00f3w okre\u015blonych w ww. uchwale oraz pokrycie koszt\u00f3w sk\u0142adek od tego dodatku pracownikom zatrudnionym na umow\u0119 o prac\u0119.<\/p>\n\n\n\n<div style=\"height:40px\" aria-hidden=\"true\" class=\"wp-block-spacer\"><\/div>\n\n\n<div class=\"wp-block-image\">\n<figure class=\"aligncenter size-full\"><img loading=\"lazy\" decoding=\"async\" width=\"758\" height=\"1073\" src=\"https:\/\/ops.radlin.pl\/ops\/wp-content\/uploads\/2025\/04\/plakat-dodatek-motywacyjny-WRiPZ-2024.png\" alt=\"Plakat dofinansowanie dodatek motywacyjny piecza 2024 r.\" class=\"wp-image-7875\" srcset=\"https:\/\/ops.radlin.pl\/ops\/wp-content\/uploads\/2025\/04\/plakat-dodatek-motywacyjny-WRiPZ-2024.png 758w, https:\/\/ops.radlin.pl\/ops\/wp-content\/uploads\/2025\/04\/plakat-dodatek-motywacyjny-WRiPZ-2024-212x300.png 212w\" sizes=\"auto, (max-width: 758px) 100vw, 758px\" \/><\/figure>\n<\/div>\n\n\n<div style=\"height:30px\" aria-hidden=\"true\" class=\"wp-block-spacer\"><\/div>\n","protected":false},"excerpt":{"rendered":"<p>Rz\u0105dowy Program \u201eDofinansowanie wynagrodze\u0144 pracownik\u00f3w jednostek wspierania rodziny i systemu pieczy zast\u0119pczej na lata 2024\u20132027\u201d(2024 r.) Program finansowany jest z&nbsp;dotacji celowej z&nbsp;bud\u017cetu pa\u0144stwa. Warto\u015b\u0107 dofinansowania ze \u015brodk\u00f3w bud\u017cetu pa\u0144stwa w 2024 r.: 54 761,40 z\u0142 (pi\u0119\u0107dziesi\u0105t cztery tysi\u0105ce siedemset sze\u015b\u0107dziesi\u0105t jeden z\u0142otych 40\/100) w tym OPS Radlin: 21 526,80 z\u0142 (dwadzie\u015bcia jeden tysi\u0119cy pi\u0119\u0107set dwadzie\u015bcia&hellip; <a class=\"continue\" href=\"https:\/\/ops.radlin.pl\/ops\/rzadowy-program-dofinansowanie-wynagrodzen-pracownikow-jednostek-wspierania-rodziny-i-systemu-pieczy-zastepczej-na-lata-2024-2027-2024-r\/\"><strong>Czytaj wi\u0119cej:<\/strong><span> Rz\u0105dowy Program \u201eDofinansowanie wynagrodze\u0144 pracownik\u00f3w jednostek wspierania rodziny i systemu pieczy zast\u0119pczej na lata 2024\u20132027\u201d (2024 r.)<\/span><\/a><\/p>\n","protected":false},"author":1,"featured_media":0,"parent":0,"menu_order":0,"comment_status":"closed","ping_status":"closed","template":"","meta":{"footnotes":""},"class_list":["post-7874","page","type-page","status-publish","czr-hentry"],"aioseo_notices":[],"_links":{"self":[{"href":"https:\/\/ops.radlin.pl\/ops\/wp-json\/wp\/v2\/pages\/7874","targetHints":{"allow":["GET"]}}],"collection":[{"href":"https:\/\/ops.radlin.pl\/ops\/wp-json\/wp\/v2\/pages"}],"about":[{"href":"https:\/\/ops.radlin.pl\/ops\/wp-json\/wp\/v2\/types\/page"}],"author":[{"embeddable":true,"href":"https:\/\/ops.radlin.pl\/ops\/wp-json\/wp\/v2\/users\/1"}],"replies":[{"embeddable":true,"href":"https:\/\/ops.radlin.pl\/ops\/wp-json\/wp\/v2\/comments?post=7874"}],"version-history":[{"count":1,"href":"https:\/\/ops.radlin.pl\/ops\/wp-json\/wp\/v2\/pages\/7874\/revisions"}],"predecessor-version":[{"id":7876,"href":"https:\/\/ops.radlin.pl\/ops\/wp-json\/wp\/v2\/pages\/7874\/revisions\/7876"}],"wp:attachment":[{"href":"https:\/\/ops.radlin.pl\/ops\/wp-json\/wp\/v2\/media?parent=7874"}],"curies":[{"name":"wp","href":"https:\/\/api.w.org\/{rel}","templated":true}]}}