{"id":7902,"date":"2024-01-09T09:27:00","date_gmt":"2024-01-09T08:27:00","guid":{"rendered":"https:\/\/ops.radlin.pl\/ops\/?page_id=7902"},"modified":"2025-04-16T09:30:08","modified_gmt":"2025-04-16T07:30:08","slug":"wsparcie-finansowe-zadan-i-programow-realizacji-zadan-pomocy-spolecznej-2024-r","status":"publish","type":"page","link":"https:\/\/ops.radlin.pl\/ops\/wsparcie-finansowe-zadan-i-programow-realizacji-zadan-pomocy-spolecznej-2024-r\/","title":{"rendered":"Wsparcie finansowe zada\u0144 i program\u00f3w realizacji zada\u0144 pomocy spo\u0142ecznej (2024 r.)"},"content":{"rendered":"<div class=\"wp-block-image\">\n<figure class=\"aligncenter size-full\"><img loading=\"lazy\" decoding=\"async\" width=\"850\" height=\"150\" src=\"https:\/\/ops.radlin.pl\/ops\/wp-content\/uploads\/2021\/06\/FS2.png\" alt=\"Logo\" class=\"wp-image-5026\" srcset=\"https:\/\/ops.radlin.pl\/ops\/wp-content\/uploads\/2021\/06\/FS2.png 850w, https:\/\/ops.radlin.pl\/ops\/wp-content\/uploads\/2021\/06\/FS2-300x53.png 300w, https:\/\/ops.radlin.pl\/ops\/wp-content\/uploads\/2021\/06\/FS2-768x136.png 768w\" sizes=\"auto, (max-width: 850px) 100vw, 850px\" \/><\/figure>\n<\/div>\n\n\n<div style=\"height:35px\" aria-hidden=\"true\" class=\"wp-block-spacer\"><\/div>\n\n\n\n<p class=\"has-text-align-center\"><strong>Wsparcie finansowe zada\u0144 i program\u00f3w realizacji zada\u0144 pomocy spo\u0142ecznej<\/strong><br>(2024 r.)<\/p>\n\n\n\n<div style=\"height:30px\" aria-hidden=\"true\" class=\"wp-block-spacer\"><\/div>\n\n\n\n<p class=\"has-text-align-center\"><strong>Program finansowany jest z&nbsp;dotacji celowej z&nbsp;bud\u017cetu pa\u0144stwa<\/strong>.<\/p>\n\n\n\n<div style=\"height:15px\" aria-hidden=\"true\" class=\"wp-block-spacer\"><\/div>\n\n\n\n<p class=\"has-text-align-left\"><strong>Warto\u015b\u0107 dofinansowania ze \u015brodk\u00f3w bud\u017cetu pa\u0144stwa w 2024 r.:<\/strong><\/p>\n\n\n\n<p class=\"has-text-align-left\">195 141,00 z\u0142 (sto dziewi\u0119\u0107dziesi\u0105t pi\u0119\u0107 tysi\u0119cy sto czterdzie\u015bci jeden z\u0142otych 00\/100).<\/p>\n\n\n\n<div style=\"height:40px\" aria-hidden=\"true\" class=\"wp-block-spacer\"><\/div>\n\n\n\n<p class=\"has-text-align-left\">Dotacja jest przeznaczona na dofinansowanie zadania w\u0142asnego beneficjenta dotacji polegaj\u0105cego na utrzymaniu o\u015brodka pomocy spo\u0142ecznej, o kt\u00f3rym mowa w art. 17 ust. 1 pkt 18 ustawy o pomocy spo\u0142ecznej.<\/p>\n\n\n\n<p>Celem dotacji jest zapewnienie obs\u0142ugi realizacji zada\u0144 wynikaj\u0105cych z ustawy o pomocy spo\u0142ecznej.<\/p>\n\n\n\n<div style=\"height:30px\" aria-hidden=\"true\" class=\"wp-block-spacer\"><\/div>\n","protected":false},"excerpt":{"rendered":"<p>Wsparcie finansowe zada\u0144 i program\u00f3w realizacji zada\u0144 pomocy spo\u0142ecznej(2024 r.) Program finansowany jest z&nbsp;dotacji celowej z&nbsp;bud\u017cetu pa\u0144stwa. Warto\u015b\u0107 dofinansowania ze \u015brodk\u00f3w bud\u017cetu pa\u0144stwa w 2024 r.: 195 141,00 z\u0142 (sto dziewi\u0119\u0107dziesi\u0105t pi\u0119\u0107 tysi\u0119cy sto czterdzie\u015bci jeden z\u0142otych 00\/100). Dotacja jest przeznaczona na dofinansowanie zadania w\u0142asnego beneficjenta dotacji polegaj\u0105cego na utrzymaniu o\u015brodka pomocy spo\u0142ecznej, o kt\u00f3rym&hellip; <a class=\"continue\" href=\"https:\/\/ops.radlin.pl\/ops\/wsparcie-finansowe-zadan-i-programow-realizacji-zadan-pomocy-spolecznej-2024-r\/\"><strong>Czytaj wi\u0119cej:<\/strong><span> Wsparcie finansowe zada\u0144 i program\u00f3w realizacji zada\u0144 pomocy spo\u0142ecznej (2024 r.)<\/span><\/a><\/p>\n","protected":false},"author":1,"featured_media":0,"parent":0,"menu_order":0,"comment_status":"closed","ping_status":"closed","template":"","meta":{"footnotes":""},"class_list":["post-7902","page","type-page","status-publish","czr-hentry"],"aioseo_notices":[],"_links":{"self":[{"href":"https:\/\/ops.radlin.pl\/ops\/wp-json\/wp\/v2\/pages\/7902","targetHints":{"allow":["GET"]}}],"collection":[{"href":"https:\/\/ops.radlin.pl\/ops\/wp-json\/wp\/v2\/pages"}],"about":[{"href":"https:\/\/ops.radlin.pl\/ops\/wp-json\/wp\/v2\/types\/page"}],"author":[{"embeddable":true,"href":"https:\/\/ops.radlin.pl\/ops\/wp-json\/wp\/v2\/users\/1"}],"replies":[{"embeddable":true,"href":"https:\/\/ops.radlin.pl\/ops\/wp-json\/wp\/v2\/comments?post=7902"}],"version-history":[{"count":1,"href":"https:\/\/ops.radlin.pl\/ops\/wp-json\/wp\/v2\/pages\/7902\/revisions"}],"predecessor-version":[{"id":7903,"href":"https:\/\/ops.radlin.pl\/ops\/wp-json\/wp\/v2\/pages\/7902\/revisions\/7903"}],"wp:attachment":[{"href":"https:\/\/ops.radlin.pl\/ops\/wp-json\/wp\/v2\/media?parent=7902"}],"curies":[{"name":"wp","href":"https:\/\/api.w.org\/{rel}","templated":true}]}}