{"id":8010,"date":"2025-07-31T09:18:11","date_gmt":"2025-07-31T07:18:11","guid":{"rendered":"https:\/\/ops.radlin.pl\/ops\/?page_id=8010"},"modified":"2025-10-21T14:03:08","modified_gmt":"2025-10-21T12:03:08","slug":"ankieta-rozeznania-potrzeb-na-uslugi-opieki-wytchnieniowej-2026-r","status":"publish","type":"page","link":"https:\/\/ops.radlin.pl\/ops\/ankieta-rozeznania-potrzeb-na-uslugi-opieki-wytchnieniowej-2026-r\/","title":{"rendered":"Ankieta rozeznania potrzeb na us\u0142ugi opieki wytchnieniowej (2026 r.)"},"content":{"rendered":"\n<p><br><strong>Szanowni Pa\u0144stwo,<\/strong><\/p>\n\n\n\n<div style=\"height:15px\" aria-hidden=\"true\" class=\"wp-block-spacer\"><\/div>\n\n\n\n<p class=\"has-text-align-left\">O\u015brodek Pomocy Spo\u0142ecznej w Radlinie prowadzi w\u015br\u00f3d Mieszka\u0144c\u00f3w Radlina rozeznanie potrzeb w zakresie zapewnienia opieki wytchnieniowej dla os\u00f3b sprawuj\u0105cych opiek\u0119 nad osobami niepe\u0142nosprawnymi, kt\u00f3re wymagaj\u0105 wsparcia w postaci dora\u017anej, czasowej przerwy w sprawowaniu tej opieki.<\/p>\n\n\n\n<div style=\"height:15px\" aria-hidden=\"true\" class=\"wp-block-spacer\"><\/div>\n\n\n\n<p class=\"has-text-align-left\">Opieka wytchnieniowa skierowana b\u0119dzie do cz\u0142onk\u00f3w rodzin lub opiekun\u00f3w, kt\u00f3rzy zamieszkuj\u0105 we wsp\u00f3lnym gospodarstwie domowym i sprawuj\u0105 bezpo\u015bredni\u0105 opiek\u0119 nad:<\/p>\n\n\n\n<ul class=\"wp-block-list\">\n<li>dzie\u0107mi od uko\u0144czenia 2. roku \u017cycia do uko\u0144czenia 16. roku \u017cycia posiadaj\u0105cymi orzeczenie o niepe\u0142nosprawno\u015bci lub<\/li>\n\n\n\n<li>osobami niepe\u0142nosprawnymi posiadaj\u0105cymi:\n<ul class=\"wp-block-list\">\n<li>orzeczenie o znacznym stopniu niepe\u0142nosprawno\u015bci albo<\/li>\n\n\n\n<li>orzeczenie traktowane na r\u00f3wni z orzeczeniem o znacznym stopniu niepe\u0142nosprawno\u015bci.<\/li>\n<\/ul>\n<\/li>\n<\/ul>\n\n\n\n<div style=\"height:15px\" aria-hidden=\"true\" class=\"wp-block-spacer\"><\/div>\n\n\n\n<p class=\"has-text-align-left\">Us\u0142ugi Opieki wytchnieniowej mog\u0105 by\u0107 realizowane w dw\u00f3ch formach:<\/p>\n\n\n\n<ul class=\"wp-block-list\">\n<li>w formie pobytu dziennego \u2013 maksymalna ilo\u015b\u0107 godzin opieki wytchnieniowej wynosi 240 godzin w ci\u0105gu roku,<\/li>\n\n\n\n<li>w formie pobytu ca\u0142odobowego \u2013 maksymalna ilo\u015b\u0107 dni opieki wytchnieniowej wynosi 14 dni w ci\u0105gu roku.<\/li>\n<\/ul>\n\n\n\n<div style=\"height:15px\" aria-hidden=\"true\" class=\"wp-block-spacer\"><\/div>\n\n\n\n<p class=\"has-text-align-left\">Z uwagi na powy\u017csze, osoby zainteresowane uzyskaniem wy\u017cej opisanego rodzaju wsparcia proszone s\u0105 o wype\u0142nienie i przekazanie w formie elektronicznej ankiety <strong>do dnia 31 sierpnia 2025 r.<\/strong><\/p>\n\n\n\n<div style=\"height:15px\" aria-hidden=\"true\" class=\"wp-block-spacer\"><\/div>\n\n\n\n<p class=\"has-text-align-left\"><strong>W przypadku og\u0142oszenia Programu \u201eOpieka wytchnieniowa\u201d dla Jednostek Samorz\u0105du Terytorialnego \u2013 edycja 2026, zebrane dane b\u0119d\u0105 podstaw\u0105 do ubiegania si\u0119 o \u015brodki finansowe na realizacj\u0119 us\u0142ug opieki wytchnieniowej w ramach tego Programu.<\/strong><\/p>\n\n\n\n<div style=\"height:40px\" aria-hidden=\"true\" class=\"wp-block-spacer\"><\/div>\n\n\n\n<p>Osoba do kontaktu:<br>Beata Sowa \u2013 starszy specjalista<br>tel 32 4407443<\/p>\n\n\n\n<div style=\"height:40px\" aria-hidden=\"true\" class=\"wp-block-spacer\"><\/div>\n\n\n\n<h3 class=\"wp-block-heading has-text-align-center\"><strong>ANKIETA<\/strong><\/h3>\n\n\n\n<p class=\"has-text-align-center\"><br><em>Ankieta nie stanowi karty zg\u0142oszenia do Programu<\/em><\/p>\n\n\n\n<p class=\"has-text-align-center\">Wype\u0142niaj\u0105c ankiet\u0119 wyra\u017ca Pan\/Pani zgod\u0119 na przetwarzanie danych osobowych.<\/p>\n\n\n\n<p class=\"has-text-align-center\"><a href=\"https:\/\/ops.radlin.pl\/ops\/pliki\/inne\/RODO_OW.pdf\" target=\"_blank\" rel=\"noopener\" title=\"\">Prosimy o zapoznanie si\u0119 z informacj\u0105 dotycz\u0105c\u0105 przetwarzania danych osobowych [plik PDF]<\/a><\/p>\n\n\n\n<div style=\"height:20px\" aria-hidden=\"true\" class=\"wp-block-spacer\"><\/div>\n\n\n\n<p>Termin sk\u0142adania ankiet up\u0142yn\u0105\u0142.<\/p>\n","protected":false},"excerpt":{"rendered":"<p>Szanowni Pa\u0144stwo, O\u015brodek Pomocy Spo\u0142ecznej w Radlinie prowadzi w\u015br\u00f3d Mieszka\u0144c\u00f3w Radlina rozeznanie potrzeb w zakresie zapewnienia opieki wytchnieniowej dla os\u00f3b sprawuj\u0105cych opiek\u0119 nad osobami niepe\u0142nosprawnymi, kt\u00f3re wymagaj\u0105 wsparcia w postaci dora\u017anej, czasowej przerwy w sprawowaniu tej opieki. Opieka wytchnieniowa skierowana b\u0119dzie do cz\u0142onk\u00f3w rodzin lub opiekun\u00f3w, kt\u00f3rzy zamieszkuj\u0105 we wsp\u00f3lnym gospodarstwie domowym i sprawuj\u0105 bezpo\u015bredni\u0105&hellip; <a class=\"continue\" href=\"https:\/\/ops.radlin.pl\/ops\/ankieta-rozeznania-potrzeb-na-uslugi-opieki-wytchnieniowej-2026-r\/\"><strong>Czytaj wi\u0119cej:<\/strong><span> Ankieta rozeznania potrzeb na us\u0142ugi opieki wytchnieniowej (2026 r.)<\/span><\/a><\/p>\n","protected":false},"author":1,"featured_media":0,"parent":0,"menu_order":0,"comment_status":"closed","ping_status":"closed","template":"","meta":{"footnotes":""},"class_list":["post-8010","page","type-page","status-publish","czr-hentry"],"aioseo_notices":[],"_links":{"self":[{"href":"https:\/\/ops.radlin.pl\/ops\/wp-json\/wp\/v2\/pages\/8010","targetHints":{"allow":["GET"]}}],"collection":[{"href":"https:\/\/ops.radlin.pl\/ops\/wp-json\/wp\/v2\/pages"}],"about":[{"href":"https:\/\/ops.radlin.pl\/ops\/wp-json\/wp\/v2\/types\/page"}],"author":[{"embeddable":true,"href":"https:\/\/ops.radlin.pl\/ops\/wp-json\/wp\/v2\/users\/1"}],"replies":[{"embeddable":true,"href":"https:\/\/ops.radlin.pl\/ops\/wp-json\/wp\/v2\/comments?post=8010"}],"version-history":[{"count":9,"href":"https:\/\/ops.radlin.pl\/ops\/wp-json\/wp\/v2\/pages\/8010\/revisions"}],"predecessor-version":[{"id":8141,"href":"https:\/\/ops.radlin.pl\/ops\/wp-json\/wp\/v2\/pages\/8010\/revisions\/8141"}],"wp:attachment":[{"href":"https:\/\/ops.radlin.pl\/ops\/wp-json\/wp\/v2\/media?parent=8010"}],"curies":[{"name":"wp","href":"https:\/\/api.w.org\/{rel}","templated":true}]}}