{"id":8040,"date":"2025-08-25T13:48:47","date_gmt":"2025-08-25T11:48:47","guid":{"rendered":"https:\/\/ops.radlin.pl\/ops\/?page_id=8040"},"modified":"2025-09-02T15:03:13","modified_gmt":"2025-09-02T13:03:13","slug":"ankieta-rozeznania-potrzeb-na-uslugi-w-ramach-programu-asystent-osobisty-osoby-z-niepelnosprawnoscia","status":"publish","type":"page","link":"https:\/\/ops.radlin.pl\/ops\/ankieta-rozeznania-potrzeb-na-uslugi-w-ramach-programu-asystent-osobisty-osoby-z-niepelnosprawnoscia\/","title":{"rendered":"Ankieta rozeznania potrzeb na us\u0142ugi w ramach programu \u201eAsystent osobisty osoby z niepe\u0142nosprawno\u015bci\u0105\u201d"},"content":{"rendered":"\n<p><br><strong>Szanowni Pa\u0144stwo,<\/strong><\/p>\n\n\n\n<div style=\"height:15px\" aria-hidden=\"true\" class=\"wp-block-spacer\"><\/div>\n\n\n\n<p class=\"has-text-align-left\">O\u015brodek Pomocy Spo\u0142ecznej w Radlinie prowadzi w\u015br\u00f3d mieszka\u0144c\u00f3w Radlina rozeznanie potrzeb w zakresie zapewnienia us\u0142ug asystenta osobistego dla os\u00f3b z niepe\u0142nosprawno\u015bciami.<\/p>\n\n\n\n<div style=\"height:15px\" aria-hidden=\"true\" class=\"wp-block-spacer\"><\/div>\n\n\n\n<p class=\"has-text-align-left\">G\u0142\u00f3wnym celem Programu jest wprowadzenie us\u0142ug asystenta jako formy og\u00f3lnodost\u0119pnego wsparcia w wykonywaniu codziennych czynno\u015bci oraz funkcjonowaniu w \u017cyciu spo\u0142ecznym, kt\u00f3rej adresatami s\u0105:<\/p>\n\n\n\n<ul class=\"wp-block-list\">\n<li>dzieci od uko\u0144czenia 2. roku \u017cycia do uko\u0144czenia 16 roku \u017cycia posiadaj\u0105ce orzeczenie o niepe\u0142nosprawno\u015bci \u0142\u0105cznie ze wskazaniami w pkt 7 i 8 w orzeczeniu o niepe\u0142nosprawno\u015bci \u2013 konieczno\u015bci sta\u0142ej lub d\u0142ugotrwa\u0142ej opieki lub &nbsp;pomocy innej osoby w zwi\u0105zku ze znacznie ograniczon\u0105 mo\u017cliwo\u015bci\u0105 samodzielnej egzystencji oraz konieczno\u015bci sta\u0142ego wsp\u00f3\u0142udzia\u0142u na co dzie\u0144 opiekuna dziecka w procesie jego leczenia, rehabilitacji i edukacji oraz<\/li>\n\n\n\n<li>osoby z niepe\u0142nosprawno\u015bciami posiadaj\u0105ce orzeczenie: o znacznym stopniu niepe\u0142nosprawno\u015bci albo o umiarkowanym stopniu niepe\u0142nosprawno\u015bci albo<\/li>\n\n\n\n<li>traktowane na r\u00f3wni z orzeczeniami wymienionymi w lit. a i b, zgodnie z art. 5 i art. 62 ustawy z dnia 27 sierpnia 1997 r. o rehabilitacji zawodowej i spo\u0142ecznej oraz zatrudnianiu os\u00f3b niepe\u0142nosprawnych.<\/li>\n<\/ul>\n\n\n\n<div style=\"height:15px\" aria-hidden=\"true\" class=\"wp-block-spacer\"><\/div>\n\n\n\n<p class=\"has-text-align-left\">Z uwagi na powy\u017csze, osoby zainteresowane uzyskaniem wy\u017cej opisanego rodzaju wsparcia proszone s\u0105 o wype\u0142nienie i przekazanie w formie elektronicznej ankiety <strong>do dnia 1 wrze\u015bnia 2025 r.<\/strong><\/p>\n\n\n\n<p class=\"has-text-align-left\"><strong>Zebrane dane przys\u0142u\u017c\u0105 si\u0119 do ubiegania si\u0119 o \u015brodki finansowe na realizacj\u0119 programu \u201eAsystent osobisty osoby z niepe\u0142nosprawno\u015bci\u0105\u201d dla Jednostek Samorz\u0105du Terytorialnego \u2013 edycja 2026.<\/strong><\/p>\n\n\n\n<div style=\"height:15px\" aria-hidden=\"true\" class=\"wp-block-spacer\"><\/div>\n\n\n\n<p>Osoba do kontaktu:<br><br>Tomasz Sto\u0144ski \u2013 organizator pomocy spo\u0142ecznej<br>tel 737&nbsp;266&nbsp;660<\/p>\n\n\n\n<div style=\"height:40px\" aria-hidden=\"true\" class=\"wp-block-spacer\"><\/div>\n\n\n\n<h3 class=\"wp-block-heading has-text-align-center\"><strong>ANKIETA<\/strong><\/h3>\n\n\n\n<p class=\"has-text-align-center\"><br><em>Ankieta nie stanowi karty zg\u0142oszenia do Programu<\/em><\/p>\n\n\n\n<p class=\"has-text-align-center\">Wype\u0142niaj\u0105c ankiet\u0119 wyra\u017ca Pan\/Pani zgod\u0119 na przetwarzanie danych osobowych.<\/p>\n\n\n\n<p class=\"has-text-align-center\"><a href=\"https:\/\/ops.radlin.pl\/ops\/pliki\/inne\/RODO_AOON.pdf\" target=\"_blank\" rel=\"noopener\" title=\"\">Prosimy o zapoznanie si\u0119 z informacj\u0105 dotycz\u0105c\u0105 przetwarzania danych osobowych<\/a><a href=\"https:\/\/ops.radlin.pl\/ops\/pliki\/inne\/RODO_OW.pdf\" target=\"_blank\" rel=\"noopener\" title=\"\"> [plik PDF]<\/a><\/p>\n\n\n\n<div style=\"height:20px\" aria-hidden=\"true\" class=\"wp-block-spacer\"><\/div>\n\n\n\n<p>Termin sk\u0142adania ankiet up\u0142yn\u0105\u0142 01.09.2025 r.<\/p>\n","protected":false},"excerpt":{"rendered":"<p>Szanowni Pa\u0144stwo, O\u015brodek Pomocy Spo\u0142ecznej w Radlinie prowadzi w\u015br\u00f3d mieszka\u0144c\u00f3w Radlina rozeznanie potrzeb w zakresie zapewnienia us\u0142ug asystenta osobistego dla os\u00f3b z niepe\u0142nosprawno\u015bciami. G\u0142\u00f3wnym celem Programu jest wprowadzenie us\u0142ug asystenta jako formy og\u00f3lnodost\u0119pnego wsparcia w wykonywaniu codziennych czynno\u015bci oraz funkcjonowaniu w \u017cyciu spo\u0142ecznym, kt\u00f3rej adresatami s\u0105: Z uwagi na powy\u017csze, osoby zainteresowane uzyskaniem wy\u017cej opisanego&hellip; <a class=\"continue\" href=\"https:\/\/ops.radlin.pl\/ops\/ankieta-rozeznania-potrzeb-na-uslugi-w-ramach-programu-asystent-osobisty-osoby-z-niepelnosprawnoscia\/\"><strong>Czytaj wi\u0119cej:<\/strong><span> Ankieta rozeznania potrzeb na us\u0142ugi w ramach programu \u201eAsystent osobisty osoby z niepe\u0142nosprawno\u015bci\u0105\u201d<\/span><\/a><\/p>\n","protected":false},"author":1,"featured_media":0,"parent":0,"menu_order":0,"comment_status":"closed","ping_status":"closed","template":"","meta":{"footnotes":""},"class_list":["post-8040","page","type-page","status-publish","czr-hentry"],"aioseo_notices":[],"_links":{"self":[{"href":"https:\/\/ops.radlin.pl\/ops\/wp-json\/wp\/v2\/pages\/8040","targetHints":{"allow":["GET"]}}],"collection":[{"href":"https:\/\/ops.radlin.pl\/ops\/wp-json\/wp\/v2\/pages"}],"about":[{"href":"https:\/\/ops.radlin.pl\/ops\/wp-json\/wp\/v2\/types\/page"}],"author":[{"embeddable":true,"href":"https:\/\/ops.radlin.pl\/ops\/wp-json\/wp\/v2\/users\/1"}],"replies":[{"embeddable":true,"href":"https:\/\/ops.radlin.pl\/ops\/wp-json\/wp\/v2\/comments?post=8040"}],"version-history":[{"count":4,"href":"https:\/\/ops.radlin.pl\/ops\/wp-json\/wp\/v2\/pages\/8040\/revisions"}],"predecessor-version":[{"id":8056,"href":"https:\/\/ops.radlin.pl\/ops\/wp-json\/wp\/v2\/pages\/8040\/revisions\/8056"}],"wp:attachment":[{"href":"https:\/\/ops.radlin.pl\/ops\/wp-json\/wp\/v2\/media?parent=8040"}],"curies":[{"name":"wp","href":"https:\/\/api.w.org\/{rel}","templated":true}]}}