{"id":8387,"date":"2026-01-22T08:09:09","date_gmt":"2026-01-22T07:09:09","guid":{"rendered":"https:\/\/ops.radlin.pl\/ops\/?page_id=8387"},"modified":"2026-01-22T08:09:10","modified_gmt":"2026-01-22T07:09:10","slug":"harmonogram-wyplat-gotowkowych-w-2026-r","status":"publish","type":"page","link":"https:\/\/ops.radlin.pl\/ops\/harmonogram-wyplat-gotowkowych-w-2026-r\/","title":{"rendered":"Harmonogram wyp\u0142at got\u00f3wkowych w 2026 r."},"content":{"rendered":"\n<h4 class=\"wp-block-heading has-text-align-center has-vivid-red-color has-text-color\">Harmonogram dotyczy jedynie wyp\u0142at w formie got\u00f3wki &#8211; nie dotyczy przelew\u00f3w!<\/h4>\n\n\n\n<div style=\"height:31px\" aria-hidden=\"true\" class=\"wp-block-spacer\"><\/div>\n\n\n\n<p class=\"has-text-align-center\"><strong>Miejsce wyp\u0142aty:<\/strong><\/p>\n\n\n\n<p class=\"has-text-align-center\">Miko\u0142owski Bank Sp\u00f3\u0142dzielczy &#8211; Filia Radlin<br>ul. Rymera 15 (Urz\u0105d Miasta Radlin, parter)<br>w godzinach pracy banku tj.:<\/p>\n\n\n\n<div style=\"height:20px\" aria-hidden=\"true\" class=\"wp-block-spacer\"><\/div>\n\n\n\n\n<table id=\"tablepress-86\" class=\"tablepress tablepress-id-86\">\n<thead>\n<tr class=\"row-1\">\n\t<th class=\"column-1\">Dzie\u0144 tygodnia<\/th><th class=\"column-2\">Godziny otwarcia<\/th>\n<\/tr>\n<\/thead>\n<tbody class=\"row-striping row-hover\">\n<tr class=\"row-2\">\n\t<td class=\"column-1\">Poniedzia\u0142ek<\/td><td class=\"column-2\">7:30 - 15:00<\/td>\n<\/tr>\n<tr class=\"row-3\">\n\t<td class=\"column-1\">Wtorek<\/td><td class=\"column-2\">7:30 - 16:30<\/td>\n<\/tr>\n<tr class=\"row-4\">\n\t<td class=\"column-1\">\u015aroda<\/td><td class=\"column-2\">7:30 - 15:00<\/td>\n<\/tr>\n<tr class=\"row-5\">\n\t<td class=\"column-1\">Czwartek<\/td><td class=\"column-2\">7:30 - 15:00<\/td>\n<\/tr>\n<tr class=\"row-6\">\n\t<td class=\"column-1\">Pi\u0105tek<\/td><td class=\"column-2\">7:30 - 13:30<\/td>\n<\/tr>\n<\/tbody>\n<\/table>\n<!-- #tablepress-86 from cache -->\n\n\n\n<div style=\"height:20px\" aria-hidden=\"true\" class=\"wp-block-spacer\"><\/div>\n\n\n\n<h3 class=\"wp-block-heading has-text-align-center\"><strong>Harmonogram na miesi\u0105c stycze\u0144 2026 r.<\/strong><\/h3>\n\n\n\n<div style=\"height:20px\" aria-hidden=\"true\" class=\"wp-block-spacer\"><\/div>\n\n\n\n\n<table id=\"tablepress-183\" class=\"tablepress tablepress-id-183\">\n<thead>\n<tr class=\"row-1\">\n\t<th class=\"column-1\">Data wyp\u0142aty<\/th><th class=\"column-2\">Rodzaj \u015bwiadczenia<\/th>\n<\/tr>\n<\/thead>\n<tbody class=\"row-striping row-hover\">\n<tr class=\"row-2\">\n\t<td class=\"column-1\">12.01.2026 (poniedzia\u0142ek)<\/td><td class=\"column-2\">Zasi\u0142ki okresowe<\/td>\n<\/tr>\n<tr class=\"row-3\">\n\t<td class=\"column-1\">26.01.2026 (poniedzia\u0142ek)<\/td><td class=\"column-2\">Zasi\u0142ki celowe<br \/>\nZasi\u0142ki sta\u0142e<br \/>\n\u015awiadczenie pieni\u0119\u017cne<\/td>\n<\/tr>\n<tr class=\"row-4\">\n\t<td class=\"column-1\">26.01.2026 (poniedzia\u0142ek)<\/td><td class=\"column-2\">\u015awiadczenia rodzinne<br \/>\n\u015awiadczenia rodzicielskie<br \/>\n\u015awiadczenie piel\u0119gnacyjne<br \/>\nZasi\u0142ek piel\u0119gnacyjny<br \/>\nJednorazowa zapomoga z tytu\u0142u urodzenia si\u0119 dziecka (becikowe)<br \/>\nFundusz alimentacyjny<\/td>\n<\/tr>\n<\/tbody>\n<\/table>\n<!-- #tablepress-183 from cache -->\n\n\n\n<div style=\"height:20px\" aria-hidden=\"true\" class=\"wp-block-spacer\"><\/div>\n\n\n\n<h3 class=\"wp-block-heading has-text-align-center\"><strong>Harmonogram na miesi\u0105c luty 2026 r.<\/strong><\/h3>\n\n\n\n<div style=\"height:20px\" aria-hidden=\"true\" class=\"wp-block-spacer\"><\/div>\n\n\n\n\n<table id=\"tablepress-184\" class=\"tablepress tablepress-id-184\">\n<thead>\n<tr class=\"row-1\">\n\t<th class=\"column-1\">Data wyp\u0142aty<\/th><th class=\"column-2\">Rodzaj \u015bwiadczenia<\/th>\n<\/tr>\n<\/thead>\n<tbody class=\"row-striping row-hover\">\n<tr class=\"row-2\">\n\t<td class=\"column-1\">10.02.2026 (wtorek)<\/td><td class=\"column-2\">Zasi\u0142ki okresowe<\/td>\n<\/tr>\n<tr class=\"row-3\">\n\t<td class=\"column-1\">23.02.2026 (poniedzia\u0142ek)<\/td><td class=\"column-2\">Zasi\u0142ki celowe<br \/>\nZasi\u0142ki sta\u0142e<br \/>\n\u015awiadczenie pieni\u0119\u017cne<\/td>\n<\/tr>\n<tr class=\"row-4\">\n\t<td class=\"column-1\">23.02.2026 (poniedzia\u0142ek)<\/td><td class=\"column-2\">\u015awiadczenia rodzinne<br \/>\n\u015awiadczenia rodzicielskie<br \/>\n\u015awiadczenie piel\u0119gnacyjne<br \/>\nZasi\u0142ek piel\u0119gnacyjny<br \/>\nJednorazowa zapomoga z tytu\u0142u urodzenia si\u0119 dziecka (becikowe)<br \/>\nFundusz alimentacyjny<\/td>\n<\/tr>\n<\/tbody>\n<\/table>\n<!-- #tablepress-184 from cache -->\n\n\n\n<div style=\"height:20px\" aria-hidden=\"true\" class=\"wp-block-spacer\"><\/div>\n\n\n\n<h3 class=\"wp-block-heading has-text-align-center\"><strong>Harmonogram na miesi\u0105c marzec 2026 r.<\/strong><\/h3>\n\n\n\n<div style=\"height:20px\" aria-hidden=\"true\" class=\"wp-block-spacer\"><\/div>\n\n\n\n\n<table id=\"tablepress-185\" class=\"tablepress tablepress-id-185\">\n<thead>\n<tr class=\"row-1\">\n\t<th class=\"column-1\">Data wyp\u0142aty<\/th><th class=\"column-2\">Rodzaj \u015bwiadczenia<\/th>\n<\/tr>\n<\/thead>\n<tbody class=\"row-striping row-hover\">\n<tr class=\"row-2\">\n\t<td class=\"column-1\">10.03.2026 (wtorek)<\/td><td class=\"column-2\">Zasi\u0142ki okresowe<\/td>\n<\/tr>\n<tr class=\"row-3\">\n\t<td class=\"column-1\">25.03.2026 (\u015broda)<\/td><td class=\"column-2\">Zasi\u0142ki celowe<br \/>\nZasi\u0142ki sta\u0142e<br \/>\n\u015awiadczenie pieni\u0119\u017cne<\/td>\n<\/tr>\n<tr class=\"row-4\">\n\t<td class=\"column-1\">25.03.2026 (\u015broda)<\/td><td class=\"column-2\">\u015awiadczenia rodzinne<br \/>\n\u015awiadczenia rodzicielskie<br \/>\n\u015awiadczenie piel\u0119gnacyjne<br \/>\nZasi\u0142ek piel\u0119gnacyjny<br \/>\nJednorazowa zapomoga z tytu\u0142u urodzenia si\u0119 dziecka (becikowe)<br \/>\nFundusz alimentacyjny<\/td>\n<\/tr>\n<\/tbody>\n<\/table>\n<!-- #tablepress-185 from cache -->\n\n\n\n<div style=\"height:20px\" aria-hidden=\"true\" class=\"wp-block-spacer\"><\/div>\n\n\n\n<h3 class=\"wp-block-heading has-text-align-center\"><strong>Harmonogram na miesi\u0105c kwiecie\u0144 2026 r.<\/strong><\/h3>\n\n\n\n<div style=\"height:20px\" aria-hidden=\"true\" class=\"wp-block-spacer\"><\/div>\n\n\n\n\n<table id=\"tablepress-186\" class=\"tablepress tablepress-id-186\">\n<thead>\n<tr class=\"row-1\">\n\t<th class=\"column-1\">Data wyp\u0142aty<\/th><th class=\"column-2\">Rodzaj \u015bwiadczenia<\/th>\n<\/tr>\n<\/thead>\n<tbody class=\"row-striping row-hover\">\n<tr class=\"row-2\">\n\t<td class=\"column-1\">10.04.2026 (pi\u0105tek)<\/td><td class=\"column-2\">Zasi\u0142ki okresowe<\/td>\n<\/tr>\n<tr class=\"row-3\">\n\t<td class=\"column-1\">24.04.2026 (pi\u0105tek)<\/td><td class=\"column-2\">Zasi\u0142ki celowe<br \/>\nZasi\u0142ki sta\u0142e<br \/>\n\u015awiadczenie pieni\u0119\u017cne<\/td>\n<\/tr>\n<tr class=\"row-4\">\n\t<td class=\"column-1\">24.04.2026 (pi\u0105tek)<\/td><td class=\"column-2\">\u015awiadczenia rodzinne<br \/>\n\u015awiadczenia rodzicielskie<br \/>\n\u015awiadczenie piel\u0119gnacyjne<br \/>\nZasi\u0142ek piel\u0119gnacyjny<br \/>\nJednorazowa zapomoga z tytu\u0142u urodzenia si\u0119 dziecka (becikowe)<br \/>\nFundusz alimentacyjny<\/td>\n<\/tr>\n<\/tbody>\n<\/table>\n<!-- #tablepress-186 from cache -->\n\n\n\n<div style=\"height:20px\" aria-hidden=\"true\" class=\"wp-block-spacer\"><\/div>\n\n\n\n<h3 class=\"wp-block-heading has-text-align-center\"><strong>Harmonogram na miesi\u0105c maj 2026 r.<\/strong><\/h3>\n\n\n\n<div style=\"height:20px\" aria-hidden=\"true\" class=\"wp-block-spacer\"><\/div>\n\n\n\n\n<table id=\"tablepress-187\" class=\"tablepress tablepress-id-187\">\n<thead>\n<tr class=\"row-1\">\n\t<th class=\"column-1\">Data wyp\u0142aty<\/th><th class=\"column-2\">Rodzaj \u015bwiadczenia<\/th>\n<\/tr>\n<\/thead>\n<tbody class=\"row-striping row-hover\">\n<tr class=\"row-2\">\n\t<td class=\"column-1\">11.05.2026 (poniedzia\u0142ek)<\/td><td class=\"column-2\">Zasi\u0142ki okresowe<\/td>\n<\/tr>\n<tr class=\"row-3\">\n\t<td class=\"column-1\">25.05.2026 (poniedzia\u0142ek)<\/td><td class=\"column-2\">Zasi\u0142ki celowe<br \/>\nZasi\u0142ki sta\u0142e<br \/>\n\u015awiadczenie pieni\u0119\u017cne<\/td>\n<\/tr>\n<tr class=\"row-4\">\n\t<td class=\"column-1\">25.05.2026 (poniedzia\u0142ek)<\/td><td class=\"column-2\">\u015awiadczenia rodzinne<br \/>\n\u015awiadczenia rodzicielskie<br \/>\n\u015awiadczenie piel\u0119gnacyjne<br \/>\nZasi\u0142ek piel\u0119gnacyjny<br \/>\nJednorazowa zapomoga z tytu\u0142u urodzenia si\u0119 dziecka (becikowe)<br \/>\nFundusz alimentacyjny<\/td>\n<\/tr>\n<\/tbody>\n<\/table>\n<!-- #tablepress-187 from cache -->\n\n\n\n<div style=\"height:20px\" aria-hidden=\"true\" class=\"wp-block-spacer\"><\/div>\n\n\n\n<h3 class=\"wp-block-heading has-text-align-center\"><strong>Harmonogram na miesi\u0105c czerwiec 2026 r.<\/strong><\/h3>\n\n\n\n<div style=\"height:20px\" aria-hidden=\"true\" class=\"wp-block-spacer\"><\/div>\n\n\n\n\n<table id=\"tablepress-188\" class=\"tablepress tablepress-id-188\">\n<thead>\n<tr class=\"row-1\">\n\t<th class=\"column-1\">Data wyp\u0142aty<\/th><th class=\"column-2\">Rodzaj \u015bwiadczenia<\/th>\n<\/tr>\n<\/thead>\n<tbody class=\"row-striping row-hover\">\n<tr class=\"row-2\">\n\t<td class=\"column-1\">10.06.2026 (\u015broda)<\/td><td class=\"column-2\">Zasi\u0142ki okresowe<\/td>\n<\/tr>\n<tr class=\"row-3\">\n\t<td class=\"column-1\">24.06.2026 (\u015broda)<\/td><td class=\"column-2\">Zasi\u0142ki celowe<br \/>\nZasi\u0142ki sta\u0142e<br \/>\n\u015awiadczenie pieni\u0119\u017cne<\/td>\n<\/tr>\n<tr class=\"row-4\">\n\t<td class=\"column-1\">24.06.2026 (\u015broda)<\/td><td class=\"column-2\">\u015awiadczenia rodzinne<br \/>\n\u015awiadczenia rodzicielskie<br \/>\n\u015awiadczenie piel\u0119gnacyjne<br \/>\nZasi\u0142ek piel\u0119gnacyjny<br \/>\nJednorazowa zapomoga z tytu\u0142u urodzenia si\u0119 dziecka (becikowe)<br \/>\nFundusz alimentacyjny<\/td>\n<\/tr>\n<\/tbody>\n<\/table>\n<!-- #tablepress-188 from cache -->\n\n\n\n<div style=\"height:20px\" aria-hidden=\"true\" class=\"wp-block-spacer\"><\/div>\n\n\n\n<h3 class=\"wp-block-heading has-text-align-center\"><strong>Harmonogram na miesi\u0105c lipiec 2026 r.<\/strong><\/h3>\n\n\n\n<div style=\"height:20px\" aria-hidden=\"true\" class=\"wp-block-spacer\"><\/div>\n\n\n\n\n<table id=\"tablepress-189\" class=\"tablepress tablepress-id-189\">\n<thead>\n<tr class=\"row-1\">\n\t<th class=\"column-1\">Data wyp\u0142aty<\/th><th class=\"column-2\">Rodzaj \u015bwiadczenia<\/th>\n<\/tr>\n<\/thead>\n<tbody class=\"row-striping row-hover\">\n<tr class=\"row-2\">\n\t<td class=\"column-1\">10.07.2026 (pi\u0105tek)<\/td><td class=\"column-2\">Zasi\u0142ki okresowe<\/td>\n<\/tr>\n<tr class=\"row-3\">\n\t<td class=\"column-1\">24.07.2026 (pi\u0105tek)<\/td><td class=\"column-2\">Zasi\u0142ki celowe<br \/>\nZasi\u0142ki sta\u0142e<br \/>\n\u015awiadczenie pieni\u0119\u017cne<\/td>\n<\/tr>\n<tr class=\"row-4\">\n\t<td class=\"column-1\">24.07.2026 (pi\u0105tek)<\/td><td class=\"column-2\">\u015awiadczenia rodzinne<br \/>\n\u015awiadczenia rodzicielskie<br \/>\n\u015awiadczenie piel\u0119gnacyjne<br \/>\nZasi\u0142ek piel\u0119gnacyjny<br \/>\nJednorazowa zapomoga z tytu\u0142u urodzenia si\u0119 dziecka (becikowe)<br \/>\nFundusz alimentacyjny<\/td>\n<\/tr>\n<\/tbody>\n<\/table>\n<!-- #tablepress-189 from cache -->\n\n\n\n<div style=\"height:20px\" aria-hidden=\"true\" class=\"wp-block-spacer\"><\/div>\n\n\n\n<h3 class=\"wp-block-heading has-text-align-center\"><strong>Harmonogram na miesi\u0105c sierpie\u0144 2026 r.<\/strong><\/h3>\n\n\n\n<div style=\"height:20px\" aria-hidden=\"true\" class=\"wp-block-spacer\"><\/div>\n\n\n\n\n<table id=\"tablepress-190\" class=\"tablepress tablepress-id-190\">\n<thead>\n<tr class=\"row-1\">\n\t<th class=\"column-1\">Data wyp\u0142aty<\/th><th class=\"column-2\">Rodzaj \u015bwiadczenia<\/th>\n<\/tr>\n<\/thead>\n<tbody class=\"row-striping row-hover\">\n<tr class=\"row-2\">\n\t<td class=\"column-1\">10.08.2026 (poniedzia\u0142ek)<\/td><td class=\"column-2\">Zasi\u0142ki okresowe<\/td>\n<\/tr>\n<tr class=\"row-3\">\n\t<td class=\"column-1\">25.08.2026 (wtorek)<\/td><td class=\"column-2\">Zasi\u0142ki celowe<br \/>\nZasi\u0142ki sta\u0142e<br \/>\n\u015awiadczenie pieni\u0119\u017cne<\/td>\n<\/tr>\n<tr class=\"row-4\">\n\t<td class=\"column-1\">25.08.2026 (wtorek)<\/td><td class=\"column-2\">\u015awiadczenia rodzinne<br \/>\n\u015awiadczenia rodzicielskie<br \/>\n\u015awiadczenie piel\u0119gnacyjne<br \/>\nZasi\u0142ek piel\u0119gnacyjny<br \/>\nJednorazowa zapomoga z tytu\u0142u urodzenia si\u0119 dziecka (becikowe)<br \/>\nFundusz alimentacyjny<\/td>\n<\/tr>\n<\/tbody>\n<\/table>\n<!-- #tablepress-190 from cache -->\n\n\n\n<div style=\"height:20px\" aria-hidden=\"true\" class=\"wp-block-spacer\"><\/div>\n\n\n\n<h3 class=\"wp-block-heading has-text-align-center\"><strong>Harmonogram na miesi\u0105c wrzesie\u0144 2026 r.<\/strong><\/h3>\n\n\n\n<div style=\"height:20px\" aria-hidden=\"true\" class=\"wp-block-spacer\"><\/div>\n\n\n\n\n<table id=\"tablepress-191\" class=\"tablepress tablepress-id-191\">\n<thead>\n<tr class=\"row-1\">\n\t<th class=\"column-1\">Data wyp\u0142aty<\/th><th class=\"column-2\">Rodzaj \u015bwiadczenia<\/th>\n<\/tr>\n<\/thead>\n<tbody class=\"row-striping row-hover\">\n<tr class=\"row-2\">\n\t<td class=\"column-1\">10.09.2026 (czwartek)<\/td><td class=\"column-2\">Zasi\u0142ki okresowe<\/td>\n<\/tr>\n<tr class=\"row-3\">\n\t<td class=\"column-1\">25.09.2026 (pi\u0105tek)<\/td><td class=\"column-2\">Zasi\u0142ki celowe<br \/>\nZasi\u0142ki sta\u0142e<br \/>\n\u015awiadczenie pieni\u0119\u017cne<\/td>\n<\/tr>\n<tr class=\"row-4\">\n\t<td class=\"column-1\">25.09.2026 (pi\u0105tek)<\/td><td class=\"column-2\">\u015awiadczenia rodzinne<br \/>\n\u015awiadczenia rodzicielskie<br \/>\n\u015awiadczenie piel\u0119gnacyjne<br \/>\nZasi\u0142ek piel\u0119gnacyjny<br \/>\nJednorazowa zapomoga z tytu\u0142u urodzenia si\u0119 dziecka (becikowe)<br \/>\nFundusz alimentacyjny<\/td>\n<\/tr>\n<\/tbody>\n<\/table>\n<!-- #tablepress-191 from cache -->\n\n\n\n<div style=\"height:20px\" aria-hidden=\"true\" class=\"wp-block-spacer\"><\/div>\n\n\n\n<h3 class=\"wp-block-heading has-text-align-center\"><strong>Harmonogram na miesi\u0105c pa\u017adziernik 2026 r.<\/strong><\/h3>\n\n\n\n<div style=\"height:20px\" aria-hidden=\"true\" class=\"wp-block-spacer\"><\/div>\n\n\n\n\n<table id=\"tablepress-192\" class=\"tablepress tablepress-id-192\">\n<thead>\n<tr class=\"row-1\">\n\t<th class=\"column-1\">Data wyp\u0142aty<\/th><th class=\"column-2\">Rodzaj \u015bwiadczenia<\/th>\n<\/tr>\n<\/thead>\n<tbody class=\"row-striping row-hover\">\n<tr class=\"row-2\">\n\t<td class=\"column-1\">12.10.2026 (poniedzia\u0142ek)<\/td><td class=\"column-2\">Zasi\u0142ki okresowe<\/td>\n<\/tr>\n<tr class=\"row-3\">\n\t<td class=\"column-1\">26.10.2026 (poniedzia\u0142ek)<\/td><td class=\"column-2\">Zasi\u0142ki celowe<br \/>\nZasi\u0142ki sta\u0142e<br \/>\n\u015awiadczenie pieni\u0119\u017cne<\/td>\n<\/tr>\n<tr class=\"row-4\">\n\t<td class=\"column-1\">26.10.2026 (poniedzia\u0142ek)<\/td><td class=\"column-2\">\u015awiadczenia rodzinne<br \/>\n\u015awiadczenia rodzicielskie<br \/>\n\u015awiadczenie piel\u0119gnacyjne<br \/>\nZasi\u0142ek piel\u0119gnacyjny<br \/>\nJednorazowa zapomoga z tytu\u0142u urodzenia si\u0119 dziecka (becikowe)<br \/>\nFundusz alimentacyjny<\/td>\n<\/tr>\n<\/tbody>\n<\/table>\n<!-- #tablepress-192 from cache -->\n\n\n\n<div style=\"height:20px\" aria-hidden=\"true\" class=\"wp-block-spacer\"><\/div>\n\n\n\n<h3 class=\"wp-block-heading has-text-align-center\"><strong>Harmonogram na miesi\u0105c listopad 2026 r.<\/strong><\/h3>\n\n\n\n<div style=\"height:20px\" aria-hidden=\"true\" class=\"wp-block-spacer\"><\/div>\n\n\n\n\n<table id=\"tablepress-193\" class=\"tablepress tablepress-id-193\">\n<thead>\n<tr class=\"row-1\">\n\t<th class=\"column-1\">Data wyp\u0142aty<\/th><th class=\"column-2\">Rodzaj \u015bwiadczenia<\/th>\n<\/tr>\n<\/thead>\n<tbody class=\"row-striping row-hover\">\n<tr class=\"row-2\">\n\t<td class=\"column-1\">10.11.2026 (wtorek)<\/td><td class=\"column-2\">Zasi\u0142ki okresowe<\/td>\n<\/tr>\n<tr class=\"row-3\">\n\t<td class=\"column-1\">25.11.2026 (\u015broda)<\/td><td class=\"column-2\">Zasi\u0142ki celowe<br \/>\nZasi\u0142ki sta\u0142e<br \/>\n\u015awiadczenie pieni\u0119\u017cne<\/td>\n<\/tr>\n<tr class=\"row-4\">\n\t<td class=\"column-1\">25.11.2026 (\u015broda)<\/td><td class=\"column-2\">\u015awiadczenia rodzinne<br \/>\n\u015awiadczenia rodzicielskie<br \/>\n\u015awiadczenie piel\u0119gnacyjne<br \/>\nZasi\u0142ek piel\u0119gnacyjny<br \/>\nJednorazowa zapomoga z tytu\u0142u urodzenia si\u0119 dziecka (becikowe)<br \/>\nFundusz alimentacyjny<\/td>\n<\/tr>\n<\/tbody>\n<\/table>\n<!-- #tablepress-193 from cache -->\n\n\n\n<div style=\"height:20px\" aria-hidden=\"true\" class=\"wp-block-spacer\"><\/div>\n\n\n\n<h3 class=\"wp-block-heading has-text-align-center\"><strong>Harmonogram na miesi\u0105c grudzie\u0144 2026 r.<\/strong><\/h3>\n\n\n\n<div style=\"height:20px\" aria-hidden=\"true\" class=\"wp-block-spacer\"><\/div>\n\n\n\n\n<table id=\"tablepress-194\" class=\"tablepress tablepress-id-194\">\n<thead>\n<tr class=\"row-1\">\n\t<th class=\"column-1\">Data wyp\u0142aty<\/th><th class=\"column-2\">Rodzaj \u015bwiadczenia<\/th>\n<\/tr>\n<\/thead>\n<tbody class=\"row-striping row-hover\">\n<tr class=\"row-2\">\n\t<td class=\"column-1\">10.12.2026 (czwartek)<\/td><td class=\"column-2\">Zasi\u0142ki okresowe<\/td>\n<\/tr>\n<tr class=\"row-3\">\n\t<td class=\"column-1\">18.12.2026 (pi\u0105tek)<\/td><td class=\"column-2\">Zasi\u0142ki celowe<br \/>\nZasi\u0142ki sta\u0142e<br \/>\n\u015awiadczenie pieni\u0119\u017cne<\/td>\n<\/tr>\n<tr class=\"row-4\">\n\t<td class=\"column-1\">18.12.2026 (pi\u0105tek)<\/td><td class=\"column-2\">\u015awiadczenia rodzinne<br \/>\n\u015awiadczenia rodzicielskie<br \/>\n\u015awiadczenie piel\u0119gnacyjne<br \/>\nZasi\u0142ek piel\u0119gnacyjny<br \/>\nJednorazowa zapomoga z tytu\u0142u urodzenia si\u0119 dziecka (becikowe)<br \/>\nFundusz alimentacyjny<\/td>\n<\/tr>\n<\/tbody>\n<\/table>\n<!-- #tablepress-194 from cache -->\n\n\n\n<div style=\"height:20px\" aria-hidden=\"true\" class=\"wp-block-spacer\"><\/div>\n\n\n\n<p><\/p>\n","protected":false},"excerpt":{"rendered":"<p>Harmonogram dotyczy jedynie wyp\u0142at w formie got\u00f3wki &#8211; nie dotyczy przelew\u00f3w! Miejsce wyp\u0142aty: Miko\u0142owski Bank Sp\u00f3\u0142dzielczy &#8211; Filia Radlinul. Rymera 15 (Urz\u0105d Miasta Radlin, parter)w godzinach pracy banku tj.: Harmonogram na miesi\u0105c stycze\u0144 2026 r. Harmonogram na miesi\u0105c luty 2026 r. Harmonogram na miesi\u0105c marzec 2026 r. Harmonogram na miesi\u0105c kwiecie\u0144 2026 r. Harmonogram na&hellip; <a class=\"continue\" href=\"https:\/\/ops.radlin.pl\/ops\/harmonogram-wyplat-gotowkowych-w-2026-r\/\"><strong>Czytaj wi\u0119cej:<\/strong><span> Harmonogram wyp\u0142at got\u00f3wkowych w 2026 r.<\/span><\/a><\/p>\n","protected":false},"author":1,"featured_media":0,"parent":0,"menu_order":0,"comment_status":"closed","ping_status":"closed","template":"","meta":{"footnotes":""},"class_list":["post-8387","page","type-page","status-publish","czr-hentry"],"aioseo_notices":[],"_links":{"self":[{"href":"https:\/\/ops.radlin.pl\/ops\/wp-json\/wp\/v2\/pages\/8387","targetHints":{"allow":["GET"]}}],"collection":[{"href":"https:\/\/ops.radlin.pl\/ops\/wp-json\/wp\/v2\/pages"}],"about":[{"href":"https:\/\/ops.radlin.pl\/ops\/wp-json\/wp\/v2\/types\/page"}],"author":[{"embeddable":true,"href":"https:\/\/ops.radlin.pl\/ops\/wp-json\/wp\/v2\/users\/1"}],"replies":[{"embeddable":true,"href":"https:\/\/ops.radlin.pl\/ops\/wp-json\/wp\/v2\/comments?post=8387"}],"version-history":[{"count":1,"href":"https:\/\/ops.radlin.pl\/ops\/wp-json\/wp\/v2\/pages\/8387\/revisions"}],"predecessor-version":[{"id":8413,"href":"https:\/\/ops.radlin.pl\/ops\/wp-json\/wp\/v2\/pages\/8387\/revisions\/8413"}],"wp:attachment":[{"href":"https:\/\/ops.radlin.pl\/ops\/wp-json\/wp\/v2\/media?parent=8387"}],"curies":[{"name":"wp","href":"https:\/\/api.w.org\/{rel}","templated":true}]}}