{"id":8453,"date":"2026-03-02T15:07:48","date_gmt":"2026-03-02T14:07:48","guid":{"rendered":"https:\/\/ops.radlin.pl\/ops\/?page_id=8453"},"modified":"2026-03-05T11:40:15","modified_gmt":"2026-03-05T10:40:15","slug":"program-opieka-wytchnieniowa-dla-jednostek-samorzadu-terytorialnego-edycja-2026","status":"publish","type":"page","link":"https:\/\/ops.radlin.pl\/ops\/program-opieka-wytchnieniowa-dla-jednostek-samorzadu-terytorialnego-edycja-2026\/","title":{"rendered":"Program \u201eOpieka wytchnieniowa\u201d dla Jednostek Samorz\u0105du Terytorialnego \u2013 edycja 2026"},"content":{"rendered":"<div class=\"wp-block-image\">\n<figure class=\"aligncenter size-full\"><img loading=\"lazy\" decoding=\"async\" width=\"850\" height=\"150\" src=\"https:\/\/ops.radlin.pl\/ops\/wp-content\/uploads\/2021\/06\/FS2.png\" alt=\"Logo\" class=\"wp-image-5026\" srcset=\"https:\/\/ops.radlin.pl\/ops\/wp-content\/uploads\/2021\/06\/FS2.png 850w, https:\/\/ops.radlin.pl\/ops\/wp-content\/uploads\/2021\/06\/FS2-300x53.png 300w, https:\/\/ops.radlin.pl\/ops\/wp-content\/uploads\/2021\/06\/FS2-768x136.png 768w\" sizes=\"auto, (max-width: 850px) 100vw, 850px\" \/><\/figure>\n<\/div>\n\n\n<div style=\"height:35px\" aria-hidden=\"true\" class=\"wp-block-spacer\"><\/div>\n\n\n\n<p class=\"has-text-align-center\"><strong>O\u015brodek Pomocy Spo\u0142ecznej w Radlinie realizuje<\/strong><br><strong>Program &#8222;Opieka wytchnieniowa&#8221;<br>dla Jednostek Samorz\u0105du Terytorialnego \u2013 edycja 2026.<\/strong><\/p>\n\n\n\n<div style=\"height:30px\" aria-hidden=\"true\" class=\"wp-block-spacer\"><\/div>\n\n\n\n<p class=\"has-text-align-center\"><strong>Program finansowany jest ze \u015brodk\u00f3w pa\u0144stwowego funduszu celowego zwanego Funduszem Solidarno\u015bciowym.<\/strong><\/p>\n\n\n<div class=\"wp-block-image\">\n<figure class=\"aligncenter size-full\"><img loading=\"lazy\" decoding=\"async\" width=\"750\" height=\"219\" src=\"https:\/\/ops.radlin.pl\/ops\/wp-content\/uploads\/2023\/10\/mprips.png\" alt=\"\" class=\"wp-image-6809\" srcset=\"https:\/\/ops.radlin.pl\/ops\/wp-content\/uploads\/2023\/10\/mprips.png 750w, https:\/\/ops.radlin.pl\/ops\/wp-content\/uploads\/2023\/10\/mprips-300x88.png 300w\" sizes=\"auto, (max-width: 750px) 100vw, 750px\" \/><\/figure>\n<\/div>\n\n\n<div style=\"height:15px\" aria-hidden=\"true\" class=\"wp-block-spacer\"><\/div>\n\n\n\n<p class=\"has-text-align-left\"><strong>Warto\u015b\u0107 dofinansowania ze \u015brodk\u00f3w Funduszu Solidarno\u015bciowego w 2026 r.:<\/strong><\/p>\n\n\n\n<p>168 300,00 z\u0142 (sto sze\u015b\u0107dziesi\u0105t osiem tysi\u0119cy trzysta z\u0142otych).<\/p>\n\n\n\n<p class=\"has-text-align-left\"><strong>Ca\u0142kowity koszt realizacji tego zadania wynosi w 2026 r.:<\/strong><\/p>\n\n\n\n<p>168 300,00 z\u0142 (sto sze\u015b\u0107dziesi\u0105t osiem tysi\u0119cy trzysta z\u0142otych).<\/p>\n\n\n\n<div style=\"height:40px\" aria-hidden=\"true\" class=\"wp-block-spacer\"><\/div>\n\n\n\n<p class=\"has-text-align-left\">G\u0142\u00f3wnym celem Programu jest wsparcie cz\u0142onk\u00f3w rodzin lub opiekun\u00f3w sprawuj\u0105cych bezpo\u015bredni\u0105 opiek\u0119 nad:<\/p>\n\n\n\n<ul class=\"wp-block-list\">\n<li>dzieci od uko\u0144czenia 2. roku \u017cycia do uko\u0144czenia 16. roku \u017cycia posiadaj\u0105cymi orzeczenie o niepe\u0142nosprawno\u015bci,<\/li>\n\n\n\n<li>osobami niepe\u0142nosprawnymi posiadaj\u0105cymi orzeczenie o znacznym stopniu niepe\u0142nosprawno\u015bci albo orzeczenie traktowane na r\u00f3wni z orzeczeniem o znacznym stopniu niepe\u0142nosprawno\u015bci, zgodnie z art. 5 i art. 62 ustawy z dnia 27 sierpnia 1997 r. o rehabilitacji zawodowej i spo\u0142ecznej oraz zatrudnianiu os\u00f3b niepe\u0142nosprawnych (Dz. U. z 2025 r. poz. 913 z p\u00f3\u017an. zm.), poprzez mo\u017cliwo\u015b\u0107 uzyskania dora\u017anej, czasowej pomocy w formie us\u0142ugi opieki wytchnieniowej.<\/li>\n<\/ul>\n\n\n\n<p class=\"has-text-align-left\">Us\u0142ugi opieki wytchnieniowej przys\u0142uguj\u0105 w przypadku zamieszkiwania cz\u0142onka rodziny lub opiekuna we wsp\u00f3lnym gospodarstwie domowym z osob\u0105 z niepe\u0142nosprawno\u015bci\u0105 i sprawowania bezpo\u015bredniej opieki nad t\u0105 osob\u0105.<\/p>\n\n\n\n<p class=\"has-text-align-left\">Uczestnik nie ponosi odp\u0142atno\u015bci za us\u0142ugi \u015bwiadczone w ramach Programu.<\/p>\n\n\n\n<p class=\"has-text-align-left\">Us\u0142ugi opieki wytchnieniowej w ramach pobytu dziennego w miejscu zamieszkania osoby niepe\u0142nosprawnej przyznawane s\u0105 w wymiarze nie wi\u0119cej ni\u017c 240 godzin w danym roku kalendarzowym. Us\u0142uga opieki wytchnieniowej w ramach pobytu dziennego w miejscu zamieszkania osoby niepe\u0142nosprawnej mo\u017ce by\u0107 \u015bwiadczona w godzinach od 6.00 do 22.00 przez 7 dni w tygodniu, przy czym maksymalnie do 12 godzin na dob\u0119.<\/p>\n\n\n\n<div style=\"height:40px\" aria-hidden=\"true\" class=\"wp-block-spacer\"><\/div>\n\n\n\n<p class=\"has-text-align-left\"><strong>Szczeg\u00f3\u0142owych informacji mo\u017cna r\u00f3wnie\u017c uzyska\u0107 na stronie internetowej:<\/strong><\/p>\n\n\n\n<ul class=\"wp-block-list\">\n<li><a href=\"https:\/\/niepelnosprawni.gov.pl\/program-fs\/nabor-wnioskow-w-ramach-resortowego-programu-ministra-rodziny-pracy-i-polityki-spolecznej-opieka-wytchnieniowa-dla-jednostek-samorzadu-terytorialnego-edycja-2026\" target=\"_blank\" rel=\"noopener\" title=\"\">https:\/\/niepelnosprawni.gov.pl\/program-fs\/nabor-wnioskow-w-ramach-resortowego-programu-ministra-rodziny-pracy-i-polityki-spolecznej-opieka-wytchnieniowa-dla-jednostek-samorzadu-terytorialnego-edycja-2026<\/a><\/li>\n<\/ul>\n\n\n\n<p class=\"has-text-align-left\"><strong>a tak\u017ce w:<\/strong><\/p>\n\n\n\n<p class=\"has-text-align-left\">O\u015brodku Pomocy Spo\u0142ecznej,<br>ul. Solskiego 15, 44-310 Radlin,<br>tel. 32 440 74 43, mail: ops[ma\u0142pa]radlin.pl<\/p>\n\n\n\n<p>Zamiast [ma\u0142pa] prosimy o zastosowanie znaku @<\/p>\n\n\n\n<div style=\"height:40px\" aria-hidden=\"true\" class=\"wp-block-spacer\"><\/div>\n\n\n<div class=\"wp-block-image\">\n<figure class=\"aligncenter size-full\"><img loading=\"lazy\" decoding=\"async\" width=\"758\" height=\"1073\" src=\"https:\/\/ops.radlin.pl\/ops\/wp-content\/uploads\/2026\/03\/plakat-OW-2026.png\" alt=\"Plakat dofinansowanie OW 2026\" class=\"wp-image-8454\" srcset=\"https:\/\/ops.radlin.pl\/ops\/wp-content\/uploads\/2026\/03\/plakat-OW-2026.png 758w, https:\/\/ops.radlin.pl\/ops\/wp-content\/uploads\/2026\/03\/plakat-OW-2026-212x300.png 212w\" sizes=\"auto, (max-width: 758px) 100vw, 758px\" \/><\/figure>\n<\/div>\n\n\n<div style=\"height:30px\" aria-hidden=\"true\" class=\"wp-block-spacer\"><\/div>\n","protected":false},"excerpt":{"rendered":"<p>O\u015brodek Pomocy Spo\u0142ecznej w Radlinie realizujeProgram &#8222;Opieka wytchnieniowa&#8221;dla Jednostek Samorz\u0105du Terytorialnego \u2013 edycja 2026. Program finansowany jest ze \u015brodk\u00f3w pa\u0144stwowego funduszu celowego zwanego Funduszem Solidarno\u015bciowym. Warto\u015b\u0107 dofinansowania ze \u015brodk\u00f3w Funduszu Solidarno\u015bciowego w 2026 r.: 168 300,00 z\u0142 (sto sze\u015b\u0107dziesi\u0105t osiem tysi\u0119cy trzysta z\u0142otych). Ca\u0142kowity koszt realizacji tego zadania wynosi w 2026 r.: 168 300,00 z\u0142&hellip; <a class=\"continue\" href=\"https:\/\/ops.radlin.pl\/ops\/program-opieka-wytchnieniowa-dla-jednostek-samorzadu-terytorialnego-edycja-2026\/\"><strong>Czytaj wi\u0119cej:<\/strong><span> Program \u201eOpieka wytchnieniowa\u201d dla Jednostek Samorz\u0105du Terytorialnego \u2013 edycja 2026<\/span><\/a><\/p>\n","protected":false},"author":1,"featured_media":0,"parent":0,"menu_order":0,"comment_status":"closed","ping_status":"closed","template":"","meta":{"footnotes":""},"class_list":["post-8453","page","type-page","status-publish","czr-hentry"],"aioseo_notices":[],"_links":{"self":[{"href":"https:\/\/ops.radlin.pl\/ops\/wp-json\/wp\/v2\/pages\/8453","targetHints":{"allow":["GET"]}}],"collection":[{"href":"https:\/\/ops.radlin.pl\/ops\/wp-json\/wp\/v2\/pages"}],"about":[{"href":"https:\/\/ops.radlin.pl\/ops\/wp-json\/wp\/v2\/types\/page"}],"author":[{"embeddable":true,"href":"https:\/\/ops.radlin.pl\/ops\/wp-json\/wp\/v2\/users\/1"}],"replies":[{"embeddable":true,"href":"https:\/\/ops.radlin.pl\/ops\/wp-json\/wp\/v2\/comments?post=8453"}],"version-history":[{"count":2,"href":"https:\/\/ops.radlin.pl\/ops\/wp-json\/wp\/v2\/pages\/8453\/revisions"}],"predecessor-version":[{"id":8468,"href":"https:\/\/ops.radlin.pl\/ops\/wp-json\/wp\/v2\/pages\/8453\/revisions\/8468"}],"wp:attachment":[{"href":"https:\/\/ops.radlin.pl\/ops\/wp-json\/wp\/v2\/media?parent=8453"}],"curies":[{"name":"wp","href":"https:\/\/api.w.org\/{rel}","templated":true}]}}