{"id":8498,"date":"2026-05-08T12:56:58","date_gmt":"2026-05-08T10:56:58","guid":{"rendered":"https:\/\/ops.radlin.pl\/ops\/?page_id=8498"},"modified":"2026-05-08T12:59:07","modified_gmt":"2026-05-08T10:59:07","slug":"program-fundusze-europejskie-na-pomoc-zywnosciowa-2021-2027-podprogram-2025","status":"publish","type":"page","link":"https:\/\/ops.radlin.pl\/ops\/program-fundusze-europejskie-na-pomoc-zywnosciowa-2021-2027-podprogram-2025\/","title":{"rendered":"Program Fundusze Europejskie na Pomoc \u017bywno\u015bciow\u0105 2021-2027 Podprogram 2025"},"content":{"rendered":"<div class=\"wp-block-image\">\n<figure class=\"aligncenter size-full\"><img loading=\"lazy\" decoding=\"async\" width=\"689\" height=\"196\" src=\"https:\/\/ops.radlin.pl\/ops\/wp-content\/uploads\/2026\/05\/Logotyp-fepz1.png\" alt=\"Logotyp\" class=\"wp-image-8501\" srcset=\"https:\/\/ops.radlin.pl\/ops\/wp-content\/uploads\/2026\/05\/Logotyp-fepz1.png 689w, https:\/\/ops.radlin.pl\/ops\/wp-content\/uploads\/2026\/05\/Logotyp-fepz1-300x85.png 300w\" sizes=\"auto, (max-width: 689px) 100vw, 689px\" \/><\/figure>\n<\/div>\n\n\n<div style=\"height:35px\" aria-hidden=\"true\" class=\"wp-block-spacer\"><\/div>\n\n\n<div class=\"wp-block-image\">\n<figure class=\"aligncenter size-full\"><img loading=\"lazy\" decoding=\"async\" width=\"1000\" height=\"99\" src=\"https:\/\/ops.radlin.pl\/ops\/wp-content\/uploads\/2026\/05\/Logotyp-fepz2.png\" alt=\"Logotyp\" class=\"wp-image-8502\" srcset=\"https:\/\/ops.radlin.pl\/ops\/wp-content\/uploads\/2026\/05\/Logotyp-fepz2.png 1000w, https:\/\/ops.radlin.pl\/ops\/wp-content\/uploads\/2026\/05\/Logotyp-fepz2-300x30.png 300w, https:\/\/ops.radlin.pl\/ops\/wp-content\/uploads\/2026\/05\/Logotyp-fepz2-768x76.png 768w\" sizes=\"auto, (max-width: 1000px) 100vw, 1000px\" \/><\/figure>\n<\/div>\n\n\n<div style=\"height:35px\" aria-hidden=\"true\" class=\"wp-block-spacer\"><\/div>\n\n\n\n<p class=\"has-text-align-left\">Szanowni Pa\u0144stwo,<\/p>\n\n\n\n<p class=\"has-text-align-left\">uprzejmie informujemy, i\u017c rozpoczyna si\u0119 kolejny program wsparcia \u017cywno\u015bciowego dla os\u00f3b potrzebuj\u0105cych: <strong>Program Fundusze Europejskie na Pomoc \u017bywno\u015bciow\u0105 2021-2027<\/strong> <strong>Podprogram 2025, wsp\u00f3\u0142finasowany z Europejskiego Funduszu Spo\u0142ecznego+<\/strong><\/p>\n\n\n\n<p class=\"has-text-align-left\"><br>Program realizowany jest <strong>w okresie 01.2026 &#8211; 09.2026.<\/strong><br>Dystrybucja artyku\u0142\u00f3w spo\u017cywczych do os\u00f3b potrzebuj\u0105cych planowana jest w okresie <strong>04-09.2026.<\/strong><\/p>\n\n\n\n<div style=\"height:25px\" aria-hidden=\"true\" class=\"wp-block-spacer\"><\/div>\n\n\n\n<h4 class=\"wp-block-heading has-text-align-left\"><strong>Cel programu:<\/strong><\/h4>\n\n\n\n<ul class=\"wp-block-list\">\n<li>przeciwdzia\u0142anie deprywacji materialnej przez udzielanie pomocy \u017cywno\u015bciowej osobom najbardziej potrzebuj\u0105cym oraz zapewnianie \u015brodk\u00f3w towarzysz\u0105cych, wspieraj\u0105cych ich w\u0142\u0105czenie spo\u0142eczne.<\/li>\n<\/ul>\n\n\n\n<div style=\"height:25px\" aria-hidden=\"true\" class=\"wp-block-spacer\"><\/div>\n\n\n\n<h4 class=\"wp-block-heading has-text-align-left\">Zadania i dzia\u0142ania realizowane w programie:<\/h4>\n\n\n\n<ul class=\"wp-block-list\">\n<li>Organizacja i koordynacja sieci dystrybucji pomocy \u017cywno\u015bciowej sk\u0142adaj\u0105cej si\u0119 z organizacji partnerskich regionalnych i lokalnych;<\/li>\n\n\n\n<li>Racjonalne zagospodarowanie artyku\u0142\u00f3w spo\u017cywczych otrzymanych z OPR oraz z innych \u017ar\u00f3de\u0142, na potrzeby udzielania pomocy \u017cywno\u015bciowej osobom najbardziej potrzebuj\u0105cym;<\/li>\n\n\n\n<li>Przekazanie artyku\u0142\u00f3w spo\u017cywczych osobom potrzebuj\u0105cym (ubogim, rodzinom wielodzietnym, osobom w kryzysie bezdomno\u015bci, migrantom \u2013 zgodnie z art. 7 Ustawy i pomocy spo\u0142ecznej), zakwalifikowanym do otrzymania pomocy \u017cywno\u015bciowej przez O\u015brodek Pomocy Spo\u0142ecznej;<\/li>\n\n\n\n<li>Prowadzenie dzia\u0142a\u0144 w ramach \u015brodk\u00f3w towarzysz\u0105cych w\u015br\u00f3d os\u00f3b najbardziej potrzebuj\u0105cych, zakwalifikowanych do obj\u0119cia pomoc\u0105 \u017cywno\u015bciow\u0105, maj\u0105cych na celu w\u0142\u0105czenie spo\u0142eczne;<\/li>\n\n\n\n<li>Przeciwdzia\u0142anie marnowaniu \u017cywno\u015bci poprzez udost\u0119pnienie osobom zakwalifikowanym do otrzymania pomocy \u017cywno\u015bciowej zgodnie z\u202fzasadami Programu dodatkowej \u017cywno\u015bci pochodz\u0105cej z darowizn.<\/li>\n<\/ul>\n\n\n\n<div style=\"height:25px\" aria-hidden=\"true\" class=\"wp-block-spacer\"><\/div>\n\n\n\n<h4 class=\"wp-block-heading has-text-align-left\">Grupa docelowa:<\/h4>\n\n\n\n<p>Pomoc\u0105 \u017cywno\u015bciow\u0105 w Programie mog\u0105 by\u0107 obj\u0119te osoby i rodziny znajduj\u0105ce si\u0119 w trudnej sytuacji \u017cyciowej, spe\u0142niaj\u0105ce kryteria okre\u015blone w art. 7 ustawy z dnia 12 marca 2004 r. o pomocy spo\u0142ecznej i kt\u00f3rych <strong>doch\u00f3d nie przekracza 265% kryterium dochodowego<\/strong> uprawniaj\u0105cego do skorzystania z pomocy spo\u0142ecznej, tj. <strong>2 676,50 PLN<\/strong> dla osoby samotnie gospodaruj\u0105cej i <strong>2 180,95 PLN<\/strong> dla osoby w rodzinie. Pomoc mog\u0105 uzyska\u0107 osoby najbardziej potrzebuj\u0105ce, kt\u00f3re otrzyma\u0142y skierowanie z O\u015brodka Pomocy Spo\u0142ecznej.<\/p>\n\n\n\n<div style=\"height:25px\" aria-hidden=\"true\" class=\"wp-block-spacer\"><\/div>\n\n\n\n<h4 class=\"wp-block-heading has-text-align-left\">Przewidziane efekty i rezultaty:<\/h4>\n\n\n\n<p>zmniejszenie deprywacji materialnej os\u00f3b najbardziej potrzebuj\u0105cych oraz ich w\u0142\u0105czenie spo\u0142eczne poprzez realizacj\u0119 wspieraj\u0105cych \u015brodk\u00f3w towarzysz\u0105cych, takich jak: warsztaty edukacyjne oraz doradztwo indywidualne w zakresie dietetyki, prowadzenia gospodarstwa domowego oraz integracji spo\u0142ecznej.&nbsp;<\/p>\n\n\n\n<div style=\"height:25px\" aria-hidden=\"true\" class=\"wp-block-spacer\"><\/div>\n\n\n\n<h4 class=\"wp-block-heading has-text-align-left\">Lista artyku\u0142\u00f3w spo\u017cywczych dystrybuowanych w ramach Programu FEP\u017b 2021-2027 Podprogram 2025:<\/h4>\n\n\n\n<div style=\"height:15px\" aria-hidden=\"true\" class=\"wp-block-spacer\"><\/div>\n\n\n\n<figure class=\"wp-block-table\"><table class=\"has-fixed-layout\"><thead><tr><th>Nazwa artyku\u0142u spo\u017cywczego FEP\u017b<\/th><th>Waga w kg \/ 1 osoba<\/th><th>Ilo\u015b\u0107 sztuk \/ 1 osoba<\/th><\/tr><\/thead><tbody><tr><td>Groszek zielony<\/td><td>0,8<\/td><td>2<\/td><\/tr><tr><td>Fasola bia\u0142a<\/td><td>0,8<\/td><td>2<\/td><\/tr><tr><td>Passata pomidorowa<\/td><td>2<\/td><td>4<\/td><\/tr><tr><td>D\u017cem truskawkowy<\/td><td>1,2<\/td><td>4<\/td><\/tr><tr><td>Sok jab\u0142kowy<\/td><td>3<\/td><td>3<\/td><\/tr><tr><td>Sos warzywny s\u0142odko-kwa\u015bny<\/td><td>1<\/td><td>2<\/td><\/tr><tr><td>Makaron 4-jajeczny wst\u0105\u017cki<\/td><td>3,5<\/td><td>7<\/td><\/tr><tr><td>M\u0105ka pszenna<\/td><td>4<\/td><td>4<\/td><\/tr><tr><td>Kasza gryczana<\/td><td>1,5<\/td><td>3<\/td><\/tr><tr><td>P\u0142atki owsiane<\/td><td>1<\/td><td>2<\/td><\/tr><tr><td>Herbatniki ma\u015blane<\/td><td>0,8<\/td><td>4<\/td><\/tr><tr><td>Kawa zbo\u017cowa rozpuszczalna<\/td><td>0,4<\/td><td>2<\/td><\/tr><tr><td>Mleko UHT<\/td><td>8<\/td><td>8<\/td><\/tr><tr><td>Ser podpuszczkowy dojrzewaj\u0105cy<\/td><td>1,6<\/td><td>4<\/td><\/tr><tr><td>Szynka wieprzowa<\/td><td>1,2<\/td><td>4<\/td><\/tr><tr><td>Szynka drobiowa<\/td><td>1,5<\/td><td>5<\/td><\/tr><tr><td>Gulasz angielski<\/td><td>1,2<\/td><td>4<\/td><\/tr><tr><td>Filet z makreli w sosie pomidorowym<\/td><td>0,68<\/td><td>4<\/td><\/tr><tr><td>Kie\u0142basa podsuszana<\/td><td>0,75<\/td><td>3<\/td><\/tr><tr><td>Cukier bia\u0142y<\/td><td>4<\/td><td>4<\/td><\/tr><tr><td>Mi\u00f3d nektarowy wielokwiatowy<\/td><td>0,8<\/td><td>2<\/td><\/tr><tr><td>Olej rzepakowy<\/td><td>4<\/td><td>4<\/td><\/tr><tr><td>Fasolka po breto\u0144sku<\/td><td>3<\/td><td>6<\/td><\/tr><tr><td>Klopsiki w sosie koperkowym<\/td><td>2<\/td><td>4<\/td><\/tr><\/tbody><\/table><\/figure>\n\n\n\n<div style=\"height:15px\" aria-hidden=\"true\" class=\"wp-block-spacer\"><\/div>\n\n\n\n<p>W ramach FEP\u017b 2021-2027 w roku kalendarzowym 2026 OPL O\u015brodek Pomocy Spo\u0142ecznej w Radlinie wsp\u00f3\u0142pracuj\u0105ca z Zwi\u0105zkiem Stowarzysze\u0144 \u015al\u0105ski Bank \u017bywno\u015bci w Chorzowie wspiera osoby potrzebuj\u0105ce z wojew\u00f3dztwa \u015bl\u0105skiego, na terenie powiatu wodzis\u0142awskiego w gminie Radlin.&nbsp;<br>Dodatkowo OPL O\u015brodek Pomocy Spo\u0142ecznej w Radlinie wraz z Bankiem \u017bywno\u015bci b\u0119dzie realizowa\u0142 nast\u0119puj\u0105ce, planowane dzia\u0142ania towarzysz\u0105ce w\u015br\u00f3d os\u00f3b potrzebuj\u0105cych, wspieraj\u0105ce ich w\u0142\u0105czenie spo\u0142eczne:<\/p>\n\n\n\n<ul class=\"wp-block-list\">\n<li>Cykle edukacyjne tematyczne: edukacji ekonomicznej, \u017cywieniowo-dietetyczne, kulinarne, dotycz\u0105ce praw konsumenta.<\/li>\n\n\n\n<li>Warsztaty edukacyjne z zakresu: niemarnowania \u017cywno\u015bci, prawid\u0142owej segregacji odpad\u00f3w, kulinarne, psychodietetyczne, gospodarowanie bud\u017cetem domowym.<\/li>\n\n\n\n<li>Dzia\u0142ania o charakterze w\u0142\u0105czeniowo-integracyjnym (cykle).<\/li>\n\n\n\n<li>Dy\u017cury konsultacyjne.<\/li>\n<\/ul>\n\n\n\n<div style=\"height:20px\" aria-hidden=\"true\" class=\"wp-block-spacer\"><\/div>\n\n\n\n<p><em>Wi\u0119cej informacji o dzia\u0142alno\u015bci\u202fBank\u00f3w \u017bywno\u015bci\u202foraz sposobie realizacji programu na stronie internetowej <\/em><a href=\"http:\/\/www.fepz.bankizywnosci.pl\/\" target=\"_blank\" rel=\"noopener\" title=\"\"><em>www.fepz.bankizywnosci.pl<\/em><\/a><em><u>.<\/u><\/em>\u202f<\/p>\n\n\n\n<div style=\"height:20px\" aria-hidden=\"true\" class=\"wp-block-spacer\"><\/div>\n\n\n\n<p>Osoby, kt\u00f3re chc\u0105 skorzysta\u0107 z pomocy\u202f \u017cywno\u015bciowej w ramach realizacji <strong>Programu Fundusze Europejskie na Pomoc \u017bywno\u015bciow\u0105 2021-2027 wsp\u00f3\u0142finasowanego z Europejskiego Funduszu Spo\u0142ecznego+ <\/strong>proszone s\u0105 o kontakt \u202fz pracownikami:&nbsp;<\/p>\n\n\n\n<ul class=\"wp-block-list\">\n<li><strong>O\u015brodka Pomocy Spo\u0142ecznej w<\/strong> <strong>Radlinie ul. Solskiego 15, 44-310 Radlin osobi\u015bcie lub pod<\/strong> <strong>nr. tel. 32-4567231 oraz adresem email ops[ma\u0142pa]radlin.pl<\/strong><\/li>\n<\/ul>\n\n\n\n<div style=\"height:25px\" aria-hidden=\"true\" class=\"wp-block-spacer\"><\/div>\n\n\n\n<h4 class=\"wp-block-heading\"><strong>Aktualno\u015bci<\/strong><\/h4>\n\n\n\n<ul class=\"wp-block-list\">\n<li><a href=\"https:\/\/ops.radlin.pl\/ops\/program-fundusze-europejskie-na-pomoc-zywnosciowa-2021-2027-2025-r\/\" title=\"\">FEP\u017b \u2013 2021-2027 (2025)<\/a><\/li>\n\n\n\n<li><a href=\"https:\/\/ops.radlin.pl\/ops\/program-fundusze-europejskie-na-pomoc-zywnosciowa-2021-2027-fepz\/\">FEP\u017b \u2013 2021-2027 (2024)<\/a><\/li>\n\n\n\n<li><a href=\"https:\/\/ops.radlin.pl\/ops\/category\/popz-podprogram-2021-2\/\">POP\u017b \u2013 Podprogram 2021 Plus<\/a><\/li>\n\n\n\n<li><a href=\"https:\/\/ops.radlin.pl\/ops\/category\/popz-podprogram-2021\/\">POP\u017b \u2013 Podprogram 2021<\/a><\/li>\n\n\n\n<li><a href=\"https:\/\/ops.radlin.pl\/ops\/category\/popz-podprogram-2020\/\">POP\u017b \u2013 Podprogram 2020<\/a><\/li>\n\n\n\n<li><a href=\"https:\/\/ops.radlin.pl\/ops\/category\/popz-podprogram-2019\/\">POP\u017b \u2013 Podprogram 2019<\/a><\/li>\n\n\n\n<li><a href=\"https:\/\/ops.radlin.pl\/ops\/category\/popz-podprogram-2018\/\">POP\u017b \u2013 Podprogram 2018<\/a><\/li>\n\n\n\n<li><a href=\"https:\/\/ops.radlin.pl\/ops\/category\/popz-podprogram-2017\/\">POP\u017b \u2013 Podprogram 2017<\/a><\/li>\n\n\n\n<li><a href=\"https:\/\/ops.radlin.pl\/ops\/category\/popz\/\">POP\u017b \u2013 Podprogram 2016<\/a><\/li>\n<\/ul>\n\n\n\n<div style=\"height:25px\" aria-hidden=\"true\" class=\"wp-block-spacer\"><\/div>\n\n\n\n<figure class=\"wp-block-image size-full\"><img loading=\"lazy\" decoding=\"async\" width=\"1385\" height=\"145\" src=\"https:\/\/ops.radlin.pl\/ops\/wp-content\/uploads\/2026\/05\/Logotyp-fepz3.png\" alt=\"Logotyp\" class=\"wp-image-8508\" srcset=\"https:\/\/ops.radlin.pl\/ops\/wp-content\/uploads\/2026\/05\/Logotyp-fepz3.png 1385w, https:\/\/ops.radlin.pl\/ops\/wp-content\/uploads\/2026\/05\/Logotyp-fepz3-300x31.png 300w, https:\/\/ops.radlin.pl\/ops\/wp-content\/uploads\/2026\/05\/Logotyp-fepz3-768x80.png 768w\" sizes=\"auto, (max-width: 1385px) 100vw, 1385px\" \/><\/figure>\n","protected":false},"excerpt":{"rendered":"<p>Szanowni Pa\u0144stwo, uprzejmie informujemy, i\u017c rozpoczyna si\u0119 kolejny program wsparcia \u017cywno\u015bciowego dla os\u00f3b potrzebuj\u0105cych: Program Fundusze Europejskie na Pomoc \u017bywno\u015bciow\u0105 2021-2027 Podprogram 2025, wsp\u00f3\u0142finasowany z Europejskiego Funduszu Spo\u0142ecznego+ Program realizowany jest w okresie 01.2026 &#8211; 09.2026.Dystrybucja artyku\u0142\u00f3w spo\u017cywczych do os\u00f3b potrzebuj\u0105cych planowana jest w okresie 04-09.2026. Cel programu: Zadania i dzia\u0142ania realizowane w programie: Grupa&hellip; <a class=\"continue\" href=\"https:\/\/ops.radlin.pl\/ops\/program-fundusze-europejskie-na-pomoc-zywnosciowa-2021-2027-podprogram-2025\/\"><strong>Czytaj wi\u0119cej:<\/strong><span> Program Fundusze Europejskie na Pomoc \u017bywno\u015bciow\u0105 2021-2027 Podprogram 2025<\/span><\/a><\/p>\n","protected":false},"author":1,"featured_media":0,"parent":0,"menu_order":0,"comment_status":"closed","ping_status":"closed","template":"","meta":{"footnotes":""},"class_list":["post-8498","page","type-page","status-publish","czr-hentry"],"aioseo_notices":[],"_links":{"self":[{"href":"https:\/\/ops.radlin.pl\/ops\/wp-json\/wp\/v2\/pages\/8498","targetHints":{"allow":["GET"]}}],"collection":[{"href":"https:\/\/ops.radlin.pl\/ops\/wp-json\/wp\/v2\/pages"}],"about":[{"href":"https:\/\/ops.radlin.pl\/ops\/wp-json\/wp\/v2\/types\/page"}],"author":[{"embeddable":true,"href":"https:\/\/ops.radlin.pl\/ops\/wp-json\/wp\/v2\/users\/1"}],"replies":[{"embeddable":true,"href":"https:\/\/ops.radlin.pl\/ops\/wp-json\/wp\/v2\/comments?post=8498"}],"version-history":[{"count":5,"href":"https:\/\/ops.radlin.pl\/ops\/wp-json\/wp\/v2\/pages\/8498\/revisions"}],"predecessor-version":[{"id":8509,"href":"https:\/\/ops.radlin.pl\/ops\/wp-json\/wp\/v2\/pages\/8498\/revisions\/8509"}],"wp:attachment":[{"href":"https:\/\/ops.radlin.pl\/ops\/wp-json\/wp\/v2\/media?parent=8498"}],"curies":[{"name":"wp","href":"https:\/\/api.w.org\/{rel}","templated":true}]}}