{"id":944,"date":"2017-05-31T13:42:40","date_gmt":"2017-05-31T11:42:40","guid":{"rendered":"http:\/\/ops.radlin.pl\/ops\/?page_id=944"},"modified":"2019-03-27T09:15:51","modified_gmt":"2019-03-27T08:15:51","slug":"program-za-zyciem","status":"publish","type":"page","link":"https:\/\/ops.radlin.pl\/ops\/program-za-zyciem\/","title":{"rendered":"Program &#8222;Za \u017cyciem&#8221;"},"content":{"rendered":"\n<p style=\"text-align: left;\"><img loading=\"lazy\" decoding=\"async\" id=\"longdesc-return-2200\" class=\"aligncenter size-full wp-image-2200\" tabindex=\"-1\" src=\"http:\/\/ops.radlin.pl\/ops\/wp-content\/uploads\/2017\/01\/za_zyciem.png\" alt=\"\" longdesc=\"http:\/\/ops.radlin.pl\/ops?longdesc=2200\" width=\"850\" height=\"250\" srcset=\"https:\/\/ops.radlin.pl\/ops\/wp-content\/uploads\/2017\/01\/za_zyciem.png 850w, https:\/\/ops.radlin.pl\/ops\/wp-content\/uploads\/2017\/01\/za_zyciem-300x88.png 300w, https:\/\/ops.radlin.pl\/ops\/wp-content\/uploads\/2017\/01\/za_zyciem-768x226.png 768w\" sizes=\"auto, (max-width: 850px) 100vw, 850px\" \/><\/p>\n\n\n\n<p style=\"text-align:left\">Zgodnie z ustaw\u0105 wsparcie ma by\u0107 realizowane przez:<\/p>\n\n\n\n<ul class=\"wp-block-list\"><li>zapewnienie dost\u0119pu do informacji w zakresie rozwi\u0105za\u0144 wspieraj\u0105cych rodziny oraz kobiety w ci\u0105\u017cy,<\/li><li>zapewnienie kobietom w ci\u0105\u017cy dost\u0119pu do diagnostyki prenatalnej,<\/li><li>zapewnienie odpowiednich \u015bwiadcze\u0144 opieki zdrowotnej dla kobiety w okresie ci\u0105\u017cy, porodu i po\u0142ogu, ze szczeg\u00f3lnym uwzgl\u0119dnieniem kobiet w ci\u0105\u017cy powik\u0142anej oraz w sytuacji niepowodze\u0144 po\u0142o\u017cniczych \u2013 na zasadach okre\u015blonych w przepisach odr\u0119bnych,<\/li><li>zapewnienie dost\u0119pu do poradnictwa w zakresie rozwi\u0105za\u0144 wspieraj\u0105cych rodzin\u0119,<\/li><li>zapewnienie mo\u017cliwo\u015bci przeprowadzenia porodu w szpitalu III stopnia referencyjno\u015bci,<\/li><li>zapewnienie innych \u015bwiadcze\u0144, w tym w zakresie wspierania rodziny i pieczy zast\u0119pczej,<\/li><\/ul>\n\n\n\n<p style=\"text-align:left\">Ponadto w przypadku stwierdzenia (za\u015bwiadczenie) przez lekarza ubezpieczenia zdrowotnego, w rozumieniu ustawy z dnia 27 sierpnia 2004 r. o \u015bwiadczeniach opieki zdrowotnej finansowanych ze \u015brodk\u00f3w publicznych, posiadaj\u0105cy specjalizacj\u0119 II stopnia lub tytu\u0142 specjalisty w dziedzinie: po\u0142o\u017cnictwa i ginekologii, perinatologii lub neonatologii, neurologii dzieci\u0119cej, kardiologii dzieci\u0119cej lub chirurgii dzieci\u0119cej ci\u0119\u017ckiego i nieodwracalnego upo\u015bledzenia albo nieuleczalnej choroby zagra\u017caj\u0105cej \u017cyciu, kt\u00f3re powsta\u0142y w prenatalnym okresie rozwoju dziecka lub w czasie porodu przys\u0142uguje wsparcie w postaci:<\/p>\n\n\n\n<ul class=\"wp-block-list\"><li>zapewnienia jednorazowego \u015bwiadczenia z tytu\u0142u urodzenia dziecka, u kt\u00f3rego zdiagnozowano ci\u0119\u017ckie i nieodwracalne upo\u015bledzenie albo nieuleczaln\u0105 chorob\u0119 zagra\u017caj\u0105c\u0105 jego \u017cyciu, kt\u00f3re powsta\u0142y w prenatalnym okresie rozwoju dziecka lub w czasie porodu,<\/li><li>zapewnienia odpowiednich \u015bwiadcze\u0144 opieki zdrowotnej dla dziecka, ze szczeg\u00f3lnym uwzgl\u0119dnieniem dziecka, u kt\u00f3rego zdiagnozowano ci\u0119\u017ckie i nieodwracalne upo\u015bledzenie albo nieuleczaln\u0105 chorob\u0119 zagra\u017caj\u0105c\u0105 jego \u017cyciu, kt\u00f3re powsta\u0142y w prenatalnym okresie rozwoju dziecka lub w czasie porodu,<\/li><li>zapewnienia dost\u0119pu do us\u0142ug koordynacyjno-opieku\u0144czo-rehabilitacyjnych, ze szczeg\u00f3lnym uwzgl\u0119dnieniem dziecka, u kt\u00f3rego zdiagnozowano ci\u0119\u017ckie i nieodwracalne upo\u015bledzenie albo nieuleczaln\u0105 chorob\u0119 zagra\u017caj\u0105c\u0105 jego \u017cyciu, kt\u00f3re powsta\u0142y w prenatalnym okresie rozwoju dziecka lub w czasie porodu.<\/li><\/ul>\n\n\n\n<p style=\"text-align:left\">Kobiety posiadaj\u0105ce dokument potwierdzaj\u0105cy ci\u0105\u017c\u0119, ich rodziny i rodziny z dzieckiem posiadaj\u0105ce za\u015bwiadczenie stwierdzaj\u0105ce przez lekarza ubezpieczenia zdrowotnego, w rozumieniu ustawy z dnia 27 sierpnia 2004 r. o \u015bwiadczeniach opieki zdrowotnej finansowanych ze \u015brodk\u00f3w publicznych, posiadaj\u0105cy specjalizacj\u0119 II stopnia lub tytu\u0142 specjalisty w dziedzinie: po\u0142o\u017cnictwa i ginekologii, perinatologii lub neonatologii, ci\u0119\u017ckie i nieodwracalne upo\u015bledzenia albo nieuleczaln\u0105 chorob\u0119 zagra\u017caj\u0105c\u0105 \u017cyciu, kt\u00f3re powsta\u0142y w prenatalnym okresie rozwoju dziecka lub w czasie porodu, kt\u00f3rzy wymagaj\u0105:<\/p>\n\n\n\n<ul class=\"wp-block-list\"><li>zapewnienia odpowiednich \u015bwiadcze\u0144 opieki zdrowotnej dla kobiety w okresie ci\u0105\u017cy, porodu i po\u0142ogu, ze szczeg\u00f3lnym uwzgl\u0119dnieniem kobiet w ci\u0105\u017cy powik\u0142anej oraz w sytuacji niepowodze\u0144 po\u0142o\u017cniczych \u2013 na zasadach okre\u015blonych w przepisach odr\u0119bnych,<\/li><li>zapewnienia jednorazowego \u015bwiadczenia z tytu\u0142u urodzenia dziecka, u kt\u00f3rego zdiagnozowano ci\u0119\u017ckie i nieodwracalne upo\u015bledzenie albo nieuleczaln\u0105 chorob\u0119 zagra\u017caj\u0105c\u0105 jego \u017cyciu, kt\u00f3re powsta\u0142y w prenatalnym okresie rozwoju dziecka lub w czasie porodu,<\/li><li>zapewnienia odpowiednich \u015bwiadcze\u0144 opieki zdrowotnej dla dziecka, ze szczeg\u00f3lnym uwzgl\u0119dnieniem dziecka, u kt\u00f3rego zdiagnozowano ci\u0119\u017ckie i nieodwracalne upo\u015bledzenie albo nieuleczaln\u0105 chorob\u0119 zagra\u017caj\u0105c\u0105 jego \u017cyciu, kt\u00f3re powsta\u0142y w prenatalnym okresie rozwoju dziecka lub w czasie porodu,<\/li><li>zapewnienia dost\u0119pu do us\u0142ug koordynacyjno-opieku\u0144czo-rehabilitacyjnych, ze szczeg\u00f3lnym uwzgl\u0119dnieniem dziecka, u kt\u00f3rego zdiagnozowano ci\u0119\u017ckie i nieodwracalne upo\u015bledzenie albo nieuleczaln\u0105 chorob\u0119 zagra\u017caj\u0105c\u0105 jego \u017cyciu, kt\u00f3re powsta\u0142y w prenatalnym okresie rozwoju dziecka lub w czasie porodu,<\/li><\/ul>\n\n\n\n<p style=\"text-align:left\">Uprawnieni s\u0105 do poradnictwa, w zakresie:<\/p>\n\n\n\n<ul class=\"wp-block-list\"><li>przezwyci\u0119\u017cenia trudno\u015bci w piel\u0119gnacji i wychowaniu dziecka,<\/li><li>wsparcia psychologicznego,<\/li><li>pomocy prawnej, w szczeg\u00f3lno\u015bci w zakresie praw rodzicielskich i uprawnie\u0144 pracowniczych,<\/li><li>dost\u0119pu do rehabilitacji spo\u0142ecznej i zawodowej oraz \u015bwiadcze\u0144 opieki zdrowotnej.<\/li><\/ul>\n\n\n\n<p style=\"text-align:left\">Poradnictwo to jest koordynowane przez asystenta rodziny na wniosek w\/w os\u00f3b z\u0142o\u017cony do w\u0142a\u015bciwego ze wzgl\u0119du na miejsce zamieszkania wnioskodawcy kierownika o\u015brodka pomocy spo\u0142ecznej.<br>Koordynacja polega na:<\/p>\n\n\n\n<ul class=\"wp-block-list\"><li>opracowaniu wsp\u00f3lnie z osobami uprawnionymi katalogu mo\u017cliwego do uzyskania wsparcia,<\/li><li>wyst\u0119powaniu przez asystenta rodziny w imieniu os\u00f3b uprawnionych, na ich \u017c\u0105danie, do okre\u015blonych podmiot\u00f3w w celu umo\u017cliwienia im skorzystania ze wsparcia.<\/li><\/ul>\n\n\n\n<p style=\"text-align:left\">Ustawa zak\u0142ada przyznanie jednorazowego \u015bwiadczenia z tytu\u0142u urodzenia si\u0119 \u017cywego dziecka posiadaj\u0105cego w\/w za\u015bwiadczenie, w wysoko\u015bci <strong>4000 z\u0142<\/strong>. Wniosek mo\u017ce z\u0142o\u017cy\u0107 matka, ojciec dziecka, opiekun prawny albo faktyczny dziecka, bez wzgl\u0119du na doch\u00f3d. Wniosek o jego wyp\u0142at\u0119 mo\u017ce by\u0107 z\u0142o\u017cony w terminie 12 miesi\u0119cy od dnia narodzin dziecka. Wniosek z\u0142o\u017cony po w\/w terminie pozostawia si\u0119 bez rozpoznania. Przedmiotowe \u015bwiadczenie przys\u0142uguje, je\u017celi kobieta pozostawa\u0142a pod opiek\u0105 medyczn\u0105 nie p\u00f3\u017aniej ni\u017c od 10 tygodnia ci\u0105\u017cy do porodu. Pozostawanie pod opiek\u0105 medyczn\u0105 potwierdza si\u0119 za\u015bwiadczeniem lekarskim lub za\u015bwiadczeniem wystawionym przez po\u0142o\u017cn\u0105 (nie stosuje si\u0119 do opiekuna prawnego albo faktycznego dziecka, a tak\u017ce do os\u00f3b kt\u00f3re przysposobi\u0142y dziecko).<\/p>\n\n\n\n<div style=\"height:20px\" aria-hidden=\"true\" class=\"wp-block-spacer\"><\/div>\n\n\n\n<h3 class=\"wp-block-heading\" style=\"text-align:center\"><strong>Pliki do pobrania<\/strong><\/h3>\n\n\n\n<div style=\"height:20px\" aria-hidden=\"true\" class=\"wp-block-spacer\"><\/div>\n\n\n\n<h4 class=\"wp-block-heading\" style=\"text-align:center\">Akty Prawne<\/h4>\n\n\n\n<div style=\"height:20px\" aria-hidden=\"true\" class=\"wp-block-spacer\"><\/div>\n\n\n\n\n<table id=\"tablepress-53\" class=\"tablepress tablepress-id-53\">\n<thead>\n<tr class=\"row-1\">\n\t<th class=\"column-1\">Nazwa aktu prawnego<\/th><td class=\"column-2\"><\/td>\n<\/tr>\n<\/thead>\n<tbody class=\"row-striping row-hover\">\n<tr class=\"row-2\">\n\t<td class=\"column-1\"><a href=\"http:\/\/ops.radlin.pl\/ops\/pliki\/akty_prawne\/lex-dz-u-2023-1923-t-j-wsparcie-kobiet-w-ciazy-i.pdf\" target=\"_blank\" rel=\"noopener noreferrer\">Ustawa z dnia 4 listopada 2016 r. o wsparciu kobiet w ci\u0105\u017cy i rodzin \u201eZa \u017cyciem\u201d (Dz.U. 2023 poz. 1923)<\/a><\/td><td class=\"column-2\"><img loading=\"lazy\" decoding=\"async\" src=\"http:\/\/ops.radlin.pl\/ops\/wp-content\/uploads\/2017\/05\/pdf_ico.png\" alt=\"\" width=\"32\" height=\"32\" class=\"aligncenter size-full wp-image-790\" \/><\/td>\n<\/tr>\n<\/tbody>\n<\/table>\n<!-- #tablepress-53 from cache -->\n\n\n\n<div style=\"height:20px\" aria-hidden=\"true\" class=\"wp-block-spacer\"><\/div>\n\n\n\n<h4 class=\"wp-block-heading\" style=\"text-align:center\">Druki<\/h4>\n\n\n\n<div style=\"height:20px\" aria-hidden=\"true\" class=\"wp-block-spacer\"><\/div>\n\n\n\n\n<table id=\"tablepress-21\" class=\"tablepress tablepress-id-21\">\n<thead>\n<tr class=\"row-1\">\n\t<td class=\"column-1\"><\/td><th class=\"column-2\">Opis pliku<\/th><td class=\"column-3\"><\/td>\n<\/tr>\n<\/thead>\n<tbody class=\"row-striping row-hover\">\n<tr class=\"row-2\">\n\t<td class=\"column-1\">1.<\/td><td class=\"column-2\"><a href=\"https:\/\/www.gov.pl\/web\/rodzina\/ix-jednorazowe-swiadczenie-z-tytulu-urodzenia-sie-dziecka-u-ktorego-zdiagnozowano111\" target=\"_blank\" rel=\"noopener noreferrer\">Wniosek o ustalenie prawa do jednorazowego \u015bwiadczenia z tytu\u0142u urodzenia si\u0119 dziecka, u kt\u00f3rego zdiagnozowano ci\u0119\u017ckie i nieodwracalne upo\u015bledzenie albo nieuleczaln\u0105 chorob\u0119 zagra\u017caj\u0105c\u0105 \u017cyciu, kt\u00f3re powsta\u0142y w prenatalnym okresie rozwoju dziecka lub w czasie porodu<\/a><\/td><td class=\"column-3\"><img loading=\"lazy\" decoding=\"async\" src=\"http:\/\/ops.radlin.pl\/ops\/wp-content\/uploads\/2017\/06\/link.png\" alt=\"\" width=\"32\" height=\"31\" class=\"aligncenter size-full wp-image-1094\" \/><\/td>\n<\/tr>\n<\/tbody>\n<\/table>\n<!-- #tablepress-21 from cache -->\n\n\n\n<p><\/p>\n","protected":false},"excerpt":{"rendered":"<p>Zgodnie z ustaw\u0105 wsparcie ma by\u0107 realizowane przez: zapewnienie dost\u0119pu do informacji w zakresie rozwi\u0105za\u0144 wspieraj\u0105cych rodziny oraz kobiety w ci\u0105\u017cy, zapewnienie kobietom w ci\u0105\u017cy dost\u0119pu do diagnostyki prenatalnej, zapewnienie odpowiednich \u015bwiadcze\u0144 opieki zdrowotnej dla kobiety w okresie ci\u0105\u017cy, porodu i po\u0142ogu, ze szczeg\u00f3lnym uwzgl\u0119dnieniem kobiet w ci\u0105\u017cy powik\u0142anej oraz w sytuacji niepowodze\u0144 po\u0142o\u017cniczych \u2013&hellip; <a class=\"continue\" href=\"https:\/\/ops.radlin.pl\/ops\/program-za-zyciem\/\"><strong>Czytaj wi\u0119cej:<\/strong><span> Program &#8222;Za \u017cyciem&#8221;<\/span><\/a><\/p>\n","protected":false},"author":1,"featured_media":0,"parent":0,"menu_order":0,"comment_status":"closed","ping_status":"closed","template":"","meta":{"footnotes":""},"class_list":["post-944","page","type-page","status-publish","czr-hentry"],"aioseo_notices":[],"_links":{"self":[{"href":"https:\/\/ops.radlin.pl\/ops\/wp-json\/wp\/v2\/pages\/944","targetHints":{"allow":["GET"]}}],"collection":[{"href":"https:\/\/ops.radlin.pl\/ops\/wp-json\/wp\/v2\/pages"}],"about":[{"href":"https:\/\/ops.radlin.pl\/ops\/wp-json\/wp\/v2\/types\/page"}],"author":[{"embeddable":true,"href":"https:\/\/ops.radlin.pl\/ops\/wp-json\/wp\/v2\/users\/1"}],"replies":[{"embeddable":true,"href":"https:\/\/ops.radlin.pl\/ops\/wp-json\/wp\/v2\/comments?post=944"}],"version-history":[{"count":18,"href":"https:\/\/ops.radlin.pl\/ops\/wp-json\/wp\/v2\/pages\/944\/revisions"}],"predecessor-version":[{"id":3633,"href":"https:\/\/ops.radlin.pl\/ops\/wp-json\/wp\/v2\/pages\/944\/revisions\/3633"}],"wp:attachment":[{"href":"https:\/\/ops.radlin.pl\/ops\/wp-json\/wp\/v2\/media?parent=944"}],"curies":[{"name":"wp","href":"https:\/\/api.w.org\/{rel}","templated":true}]}}